{"id":7149,"date":"2023-03-24T16:21:38","date_gmt":"2023-03-24T15:21:38","guid":{"rendered":"https:\/\/www.creasdecocci.fr\/?page_id=7149"},"modified":"2023-11-05T14:25:56","modified_gmt":"2023-11-05T13:25:56","slug":"bracelet-sur-mesure","status":"publish","type":"page","link":"https:\/\/www.creasdecocci.fr\/index.php\/lithotherapie-pierres-rumilly\/bijoux-lithotherapie\/bracelets\/bracelet-sur-mesure\/","title":{"rendered":"Bracelet sur mesure"},"content":{"rendered":"\t\t<div data-elementor-type=\"wp-page\" data-elementor-id=\"7149\" class=\"elementor elementor-7149\">\n\t\t\t\t\t\t<section class=\"elementor-section elementor-top-section elementor-element elementor-element-cfc9db8 elementor-section-boxed elementor-section-height-default elementor-section-height-default\" data-id=\"cfc9db8\" data-element_type=\"section\" data-e-type=\"section\">\n\t\t\t\t\t\t<div class=\"elementor-container elementor-column-gap-default\">\n\t\t\t\t\t<div class=\"elementor-column elementor-col-100 elementor-top-column elementor-element elementor-element-c8fbc7c\" data-id=\"c8fbc7c\" data-element_type=\"column\" data-e-type=\"column\">\n\t\t\t<div class=\"elementor-widget-wrap elementor-element-populated\">\n\t\t\t\t\t\t<div class=\"elementor-element elementor-element-c6c3a5e elementor-widget elementor-widget-html\" data-id=\"c6c3a5e\" data-element_type=\"widget\" data-e-type=\"widget\" data-widget_type=\"html.default\">\n\t\t\t\t<div class=\"elementor-widget-container\">\n\t\t\t\t\t<ul class=\"products columns-3\">\r\n<li class=\"product type-product post-1641 status-publish first instock product_cat-bijoux product_cat-bracelet product_cat-bracelet-sur-mesure product_tag-bijoux product_tag-lithotherapie has-post-thumbnail shipping-taxable purchasable product-type-variable\">\r\n\t<a href=\"https:\/\/www.creasdecocci.fr\/index.php\/produit\/bracelet-personnalise\/\" class=\"woocommerce-LoopProduct-link woocommerce-loop-product__link\"><img loading=\"lazy\" width=\"300\" height=\"300\" src=\"https:\/\/www.creasdecocci.fr\/wp-content\/uploads\/2022\/01\/IMG_4200-300x300.jpg\" class=\"attachment-woocommerce_thumbnail size-woocommerce_thumbnail\" alt=\"\" decoding=\"async\" loading=\"lazy\" srcset=\"https:\/\/www.creasdecocci.fr\/wp-content\/uploads\/2022\/01\/IMG_4200-300x300.jpg 300w, https:\/\/www.creasdecocci.fr\/wp-content\/uploads\/2022\/01\/IMG_4200-150x150.jpg 150w, https:\/\/www.creasdecocci.fr\/wp-content\/uploads\/2022\/01\/IMG_4200-400x400.jpg 400w, https:\/\/www.creasdecocci.fr\/wp-content\/uploads\/2022\/01\/IMG_4200-75x75.jpg 75w, https:\/\/www.creasdecocci.fr\/wp-content\/uploads\/2022\/01\/IMG_4200-100x100.jpg 100w\" sizes=\"auto, (max-width: 300px) 100vw, 300px\" \/><h2 class=\"woocommerce-loop-product__title\">Bracelet personnalis\u00e9<\/h2>\r\n\t<span class=\"price\"><span class=\"woocommerce-Price-amount amount\"><bdi>33,00&nbsp;<span class=\"woocommerce-Price-currencySymbol\">&euro;<\/span><\/bdi><\/span><\/span>\r\n<\/a><a href=\"https:\/\/www.creasdecocci.fr\/index.php\/produit\/bracelet-personnalise\/\" data-quantity=\"1\" class=\"button wp-element-button product_type_variable add_to_cart_button\" data-product_id=\"1641\" data-product_sku=\"\" aria-label=\"S\u00e9lectionner les options pour &ldquo;Bracelet personnalis\u00e9&rdquo;\" rel=\"nofollow\">Choix des options<\/a><\/li>\r\n<\/ul>\t\t\t\t<\/div>\n\t\t\t\t<\/div>\n\t\t\t\t\t<\/div>\n\t\t<\/div>\n\t\t\t\t\t<\/div>\n\t\t<\/section>\n\t\t\t\t<\/div>\n\t\t","protected":false},"excerpt":{"rendered":"<p>Bracelet personnalis\u00e9 33,00&nbsp;\u20ac Choix des options<\/p>\n","protected":false},"author":1,"featured_media":0,"parent":5660,"menu_order":3,"comment_status":"closed","ping_status":"closed","template":"","meta":{"footnotes":""},"class_list":["post-7149","page","type-page","status-publish","hentry"],"yoast_head":"<!-- This site is optimized with the Yoast SEO plugin v27.2 - https:\/\/yoast.com\/product\/yoast-seo-wordpress\/ -->\n<title>Bracelet sur mesure - bijoux lithoth\u00e9rapie et d\u00e9coration \u00e0 rumilly<\/title>\n<meta name=\"description\" content=\"Faites r\u00e9aliser votre bracelet sur mesure en perles de lithoth\u00e9rapie. Il sera confectionn\u00e9 dans mon atelier entre Annecy et Rumilly.\" \/>\n<meta name=\"robots\" content=\"index, follow, max-snippet:-1, max-image-preview:large, max-video-preview:-1\" \/>\n<link rel=\"canonical\" href=\"https:\/\/www.creasdecocci.fr\/index.php\/lithotherapie-pierres-rumilly\/bijoux-lithotherapie\/bracelets\/bracelet-sur-mesure\/\" \/>\n<meta property=\"og:locale\" content=\"fr_FR\" \/>\n<meta property=\"og:type\" content=\"article\" \/>\n<meta property=\"og:title\" content=\"Bracelet sur mesure - bijoux lithoth\u00e9rapie et d\u00e9coration \u00e0 rumilly\" \/>\n<meta property=\"og:description\" content=\"Faites r\u00e9aliser votre bracelet sur mesure en perles de lithoth\u00e9rapie. Il sera confectionn\u00e9 dans mon atelier entre Annecy et Rumilly.\" \/>\n<meta property=\"og:url\" content=\"https:\/\/www.creasdecocci.fr\/index.php\/lithotherapie-pierres-rumilly\/bijoux-lithotherapie\/bracelets\/bracelet-sur-mesure\/\" \/>\n<meta property=\"og:site_name\" content=\"bijoux lithoth\u00e9rapie et d\u00e9coration \u00e0 rumilly\" \/>\n<meta property=\"article:modified_time\" content=\"2023-11-05T13:25:56+00:00\" \/>\n<meta property=\"og:image\" content=\"https:\/\/www.creasdecocci.fr\/wp-content\/uploads\/2022\/01\/IMG_4200-300x300.jpg\" \/>\n<meta name=\"twitter:card\" content=\"summary_large_image\" \/>\n<script type=\"application\/ld+json\" class=\"yoast-schema-graph\">{\"@context\":\"https:\/\/schema.org\",\"@graph\":[{\"@type\":\"WebPage\",\"@id\":\"https:\/\/www.creasdecocci.fr\/index.php\/lithotherapie-pierres-rumilly\/bijoux-lithotherapie\/bracelets\/bracelet-sur-mesure\/\",\"url\":\"https:\/\/www.creasdecocci.fr\/index.php\/lithotherapie-pierres-rumilly\/bijoux-lithotherapie\/bracelets\/bracelet-sur-mesure\/\",\"name\":\"Bracelet sur mesure - bijoux lithoth\u00e9rapie et d\u00e9coration \u00e0 rumilly\",\"isPartOf\":{\"@id\":\"https:\/\/www.creasdecocci.fr\/#website\"},\"primaryImageOfPage\":{\"@id\":\"https:\/\/www.creasdecocci.fr\/index.php\/lithotherapie-pierres-rumilly\/bijoux-lithotherapie\/bracelets\/bracelet-sur-mesure\/#primaryimage\"},\"image\":{\"@id\":\"https:\/\/www.creasdecocci.fr\/index.php\/lithotherapie-pierres-rumilly\/bijoux-lithotherapie\/bracelets\/bracelet-sur-mesure\/#primaryimage\"},\"thumbnailUrl\":\"https:\/\/www.creasdecocci.fr\/wp-content\/uploads\/2022\/01\/IMG_4200-300x300.jpg\",\"datePublished\":\"2023-03-24T15:21:38+00:00\",\"dateModified\":\"2023-11-05T13:25:56+00:00\",\"description\":\"Faites r\u00e9aliser votre bracelet sur mesure en perles de lithoth\u00e9rapie. Il sera confectionn\u00e9 dans mon atelier entre Annecy et Rumilly.\",\"breadcrumb\":{\"@id\":\"https:\/\/www.creasdecocci.fr\/index.php\/lithotherapie-pierres-rumilly\/bijoux-lithotherapie\/bracelets\/bracelet-sur-mesure\/#breadcrumb\"},\"inLanguage\":\"fr-FR\",\"potentialAction\":[{\"@type\":\"ReadAction\",\"target\":[\"https:\/\/www.creasdecocci.fr\/index.php\/lithotherapie-pierres-rumilly\/bijoux-lithotherapie\/bracelets\/bracelet-sur-mesure\/\"]}]},{\"@type\":\"ImageObject\",\"inLanguage\":\"fr-FR\",\"@id\":\"https:\/\/www.creasdecocci.fr\/index.php\/lithotherapie-pierres-rumilly\/bijoux-lithotherapie\/bracelets\/bracelet-sur-mesure\/#primaryimage\",\"url\":\"https:\/\/www.creasdecocci.fr\/wp-content\/uploads\/2022\/01\/IMG_4200-300x300.jpg\",\"contentUrl\":\"https:\/\/www.creasdecocci.fr\/wp-content\/uploads\/2022\/01\/IMG_4200-300x300.jpg\"},{\"@type\":\"BreadcrumbList\",\"@id\":\"https:\/\/www.creasdecocci.fr\/index.php\/lithotherapie-pierres-rumilly\/bijoux-lithotherapie\/bracelets\/bracelet-sur-mesure\/#breadcrumb\",\"itemListElement\":[{\"@type\":\"ListItem\",\"position\":1,\"name\":\"Accueil\",\"item\":\"https:\/\/www.creasdecocci.fr\/\"},{\"@type\":\"ListItem\",\"position\":2,\"name\":\"Lithoth\u00e9rapie\",\"item\":\"https:\/\/www.creasdecocci.fr\/index.php\/lithotherapie-pierres-rumilly\/\"},{\"@type\":\"ListItem\",\"position\":3,\"name\":\"Bijoux lithoth\u00e9rapie\",\"item\":\"https:\/\/www.creasdecocci.fr\/index.php\/lithotherapie-pierres-rumilly\/bijoux-lithotherapie\/\"},{\"@type\":\"ListItem\",\"position\":4,\"name\":\"Bracelets\",\"item\":\"https:\/\/www.creasdecocci.fr\/index.php\/lithotherapie-pierres-rumilly\/bijoux-lithotherapie\/bracelets\/\"},{\"@type\":\"ListItem\",\"position\":5,\"name\":\"Bracelet sur mesure\"}]},{\"@type\":\"WebSite\",\"@id\":\"https:\/\/www.creasdecocci.fr\/#website\",\"url\":\"https:\/\/www.creasdecocci.fr\/\",\"name\":\"bijoux lithoth\u00e9rapie et d\u00e9coration \u00e0 rumilly\",\"description\":\"\",\"publisher\":{\"@id\":\"https:\/\/www.creasdecocci.fr\/#organization\"},\"potentialAction\":[{\"@type\":\"SearchAction\",\"target\":{\"@type\":\"EntryPoint\",\"urlTemplate\":\"https:\/\/www.creasdecocci.fr\/?s={search_term_string}\"},\"query-input\":{\"@type\":\"PropertyValueSpecification\",\"valueRequired\":true,\"valueName\":\"search_term_string\"}}],\"inLanguage\":\"fr-FR\"},{\"@type\":\"Organization\",\"@id\":\"https:\/\/www.creasdecocci.fr\/#organization\",\"name\":\"bijoux lithoth\u00e9rapie et d\u00e9coration \u00e0 rumilly\",\"url\":\"https:\/\/www.creasdecocci.fr\/\",\"logo\":{\"@type\":\"ImageObject\",\"inLanguage\":\"fr-FR\",\"@id\":\"https:\/\/www.creasdecocci.fr\/#\/schema\/logo\/image\/\",\"url\":\"https:\/\/www.creasdecocci.fr\/wp-content\/uploads\/2021\/12\/logo_creas_cocci.png\",\"contentUrl\":\"https:\/\/www.creasdecocci.fr\/wp-content\/uploads\/2021\/12\/logo_creas_cocci.png\",\"width\":2212,\"height\":1060,\"caption\":\"bijoux lithoth\u00e9rapie et d\u00e9coration \u00e0 rumilly\"},\"image\":{\"@id\":\"https:\/\/www.creasdecocci.fr\/#\/schema\/logo\/image\/\"}}]}<\/script>\n<!-- \/ Yoast SEO plugin. -->","yoast_head_json":{"title":"Bracelet sur mesure - bijoux lithoth\u00e9rapie et d\u00e9coration \u00e0 rumilly","description":"Faites r\u00e9aliser votre bracelet sur mesure en perles de lithoth\u00e9rapie. Il sera confectionn\u00e9 dans mon atelier entre Annecy et Rumilly.","robots":{"index":"index","follow":"follow","max-snippet":"max-snippet:-1","max-image-preview":"max-image-preview:large","max-video-preview":"max-video-preview:-1"},"canonical":"https:\/\/www.creasdecocci.fr\/index.php\/lithotherapie-pierres-rumilly\/bijoux-lithotherapie\/bracelets\/bracelet-sur-mesure\/","og_locale":"fr_FR","og_type":"article","og_title":"Bracelet sur mesure - bijoux lithoth\u00e9rapie et d\u00e9coration \u00e0 rumilly","og_description":"Faites r\u00e9aliser votre bracelet sur mesure en perles de lithoth\u00e9rapie. Il sera confectionn\u00e9 dans mon atelier entre Annecy et Rumilly.","og_url":"https:\/\/www.creasdecocci.fr\/index.php\/lithotherapie-pierres-rumilly\/bijoux-lithotherapie\/bracelets\/bracelet-sur-mesure\/","og_site_name":"bijoux lithoth\u00e9rapie et d\u00e9coration \u00e0 rumilly","article_modified_time":"2023-11-05T13:25:56+00:00","og_image":[{"url":"https:\/\/www.creasdecocci.fr\/wp-content\/uploads\/2022\/01\/IMG_4200-300x300.jpg","type":"","width":"","height":""}],"twitter_card":"summary_large_image","schema":{"@context":"https:\/\/schema.org","@graph":[{"@type":"WebPage","@id":"https:\/\/www.creasdecocci.fr\/index.php\/lithotherapie-pierres-rumilly\/bijoux-lithotherapie\/bracelets\/bracelet-sur-mesure\/","url":"https:\/\/www.creasdecocci.fr\/index.php\/lithotherapie-pierres-rumilly\/bijoux-lithotherapie\/bracelets\/bracelet-sur-mesure\/","name":"Bracelet sur mesure - bijoux lithoth\u00e9rapie et d\u00e9coration \u00e0 rumilly","isPartOf":{"@id":"https:\/\/www.creasdecocci.fr\/#website"},"primaryImageOfPage":{"@id":"https:\/\/www.creasdecocci.fr\/index.php\/lithotherapie-pierres-rumilly\/bijoux-lithotherapie\/bracelets\/bracelet-sur-mesure\/#primaryimage"},"image":{"@id":"https:\/\/www.creasdecocci.fr\/index.php\/lithotherapie-pierres-rumilly\/bijoux-lithotherapie\/bracelets\/bracelet-sur-mesure\/#primaryimage"},"thumbnailUrl":"https:\/\/www.creasdecocci.fr\/wp-content\/uploads\/2022\/01\/IMG_4200-300x300.jpg","datePublished":"2023-03-24T15:21:38+00:00","dateModified":"2023-11-05T13:25:56+00:00","description":"Faites r\u00e9aliser votre bracelet sur mesure en perles de lithoth\u00e9rapie. Il sera confectionn\u00e9 dans mon atelier entre Annecy et Rumilly.","breadcrumb":{"@id":"https:\/\/www.creasdecocci.fr\/index.php\/lithotherapie-pierres-rumilly\/bijoux-lithotherapie\/bracelets\/bracelet-sur-mesure\/#breadcrumb"},"inLanguage":"fr-FR","potentialAction":[{"@type":"ReadAction","target":["https:\/\/www.creasdecocci.fr\/index.php\/lithotherapie-pierres-rumilly\/bijoux-lithotherapie\/bracelets\/bracelet-sur-mesure\/"]}]},{"@type":"ImageObject","inLanguage":"fr-FR","@id":"https:\/\/www.creasdecocci.fr\/index.php\/lithotherapie-pierres-rumilly\/bijoux-lithotherapie\/bracelets\/bracelet-sur-mesure\/#primaryimage","url":"https:\/\/www.creasdecocci.fr\/wp-content\/uploads\/2022\/01\/IMG_4200-300x300.jpg","contentUrl":"https:\/\/www.creasdecocci.fr\/wp-content\/uploads\/2022\/01\/IMG_4200-300x300.jpg"},{"@type":"BreadcrumbList","@id":"https:\/\/www.creasdecocci.fr\/index.php\/lithotherapie-pierres-rumilly\/bijoux-lithotherapie\/bracelets\/bracelet-sur-mesure\/#breadcrumb","itemListElement":[{"@type":"ListItem","position":1,"name":"Accueil","item":"https:\/\/www.creasdecocci.fr\/"},{"@type":"ListItem","position":2,"name":"Lithoth\u00e9rapie","item":"https:\/\/www.creasdecocci.fr\/index.php\/lithotherapie-pierres-rumilly\/"},{"@type":"ListItem","position":3,"name":"Bijoux lithoth\u00e9rapie","item":"https:\/\/www.creasdecocci.fr\/index.php\/lithotherapie-pierres-rumilly\/bijoux-lithotherapie\/"},{"@type":"ListItem","position":4,"name":"Bracelets","item":"https:\/\/www.creasdecocci.fr\/index.php\/lithotherapie-pierres-rumilly\/bijoux-lithotherapie\/bracelets\/"},{"@type":"ListItem","position":5,"name":"Bracelet sur mesure"}]},{"@type":"WebSite","@id":"https:\/\/www.creasdecocci.fr\/#website","url":"https:\/\/www.creasdecocci.fr\/","name":"bijoux lithoth\u00e9rapie et d\u00e9coration \u00e0 rumilly","description":"","publisher":{"@id":"https:\/\/www.creasdecocci.fr\/#organization"},"potentialAction":[{"@type":"SearchAction","target":{"@type":"EntryPoint","urlTemplate":"https:\/\/www.creasdecocci.fr\/?s={search_term_string}"},"query-input":{"@type":"PropertyValueSpecification","valueRequired":true,"valueName":"search_term_string"}}],"inLanguage":"fr-FR"},{"@type":"Organization","@id":"https:\/\/www.creasdecocci.fr\/#organization","name":"bijoux lithoth\u00e9rapie et d\u00e9coration \u00e0 rumilly","url":"https:\/\/www.creasdecocci.fr\/","logo":{"@type":"ImageObject","inLanguage":"fr-FR","@id":"https:\/\/www.creasdecocci.fr\/#\/schema\/logo\/image\/","url":"https:\/\/www.creasdecocci.fr\/wp-content\/uploads\/2021\/12\/logo_creas_cocci.png","contentUrl":"https:\/\/www.creasdecocci.fr\/wp-content\/uploads\/2021\/12\/logo_creas_cocci.png","width":2212,"height":1060,"caption":"bijoux lithoth\u00e9rapie et d\u00e9coration \u00e0 rumilly"},"image":{"@id":"https:\/\/www.creasdecocci.fr\/#\/schema\/logo\/image\/"}}]}},"jetpack_sharing_enabled":true,"_links":{"self":[{"href":"https:\/\/www.creasdecocci.fr\/index.php\/wp-json\/wp\/v2\/pages\/7149","targetHints":{"allow":["GET"]}}],"collection":[{"href":"https:\/\/www.creasdecocci.fr\/index.php\/wp-json\/wp\/v2\/pages"}],"about":[{"href":"https:\/\/www.creasdecocci.fr\/index.php\/wp-json\/wp\/v2\/types\/page"}],"author":[{"embeddable":true,"href":"https:\/\/www.creasdecocci.fr\/index.php\/wp-json\/wp\/v2\/users\/1"}],"replies":[{"embeddable":true,"href":"https:\/\/www.creasdecocci.fr\/index.php\/wp-json\/wp\/v2\/comments?post=7149"}],"version-history":[{"count":5,"href":"https:\/\/www.creasdecocci.fr\/index.php\/wp-json\/wp\/v2\/pages\/7149\/revisions"}],"predecessor-version":[{"id":7295,"href":"https:\/\/www.creasdecocci.fr\/index.php\/wp-json\/wp\/v2\/pages\/7149\/revisions\/7295"}],"up":[{"embeddable":true,"href":"https:\/\/www.creasdecocci.fr\/index.php\/wp-json\/wp\/v2\/pages\/5660"}],"wp:attachment":[{"href":"https:\/\/www.creasdecocci.fr\/index.php\/wp-json\/wp\/v2\/media?parent=7149"}],"curies":[{"name":"wp","href":"https:\/\/api.w.org\/{rel}","templated":true}]}}