{"id":10427,"date":"2026-02-19T18:29:10","date_gmt":"2026-02-19T17:29:10","guid":{"rendered":"https:\/\/www.creasdecocci.fr\/?post_type=product&#038;p=10427"},"modified":"2026-02-19T18:50:34","modified_gmt":"2026-02-19T17:50:34","slug":"calendrier-anniversaires","status":"publish","type":"product","link":"https:\/\/www.creasdecocci.fr\/index.php\/produit\/calendrier-anniversaires\/","title":{"rendered":"Calendrier anniversaires"},"content":{"rendered":"<p data-path-to-node=\"3\">Ne manquez plus aucun \u00e9v\u00e9nement avec ce magnifique calendrier artisanal ! Cet objet \u00e0 la fois d\u00e9coratif et pratique, r\u00e9alis\u00e9 dans mon atelier, vous permet de visualiser tous les anniversaires de l&rsquo;ann\u00e9e en un clin d&rsquo;\u0153il.<\/p>\n<p data-path-to-node=\"4\">Le concept est simple : chaque mois est repr\u00e9sent\u00e9 sur le support en bois. Il vous suffit d&rsquo;y suspendre de petits c\u0153urs en bois personnalis\u00e9s (pr\u00e9nom et jour) qui s\u2019encha\u00eenent les uns sous les autres pour cr\u00e9er une jolie cascade de souvenirs.<\/p>\n<ul data-path-to-node=\"5\">\n<li>\n<p data-path-to-node=\"5,0,0\">Tarif : 40 \u20ac (inclut le support et 20 c\u0153urs de base)<\/p>\n<\/li>\n<li>\n<p data-path-to-node=\"5,1,0\">Option : 1 \u20ac par c\u0153ur suppl\u00e9mentaire<\/p>\n<\/li>\n<\/ul>\n<p data-path-to-node=\"6\">Une id\u00e9e cadeau originale et durable pour garder toute la famille et les amis pr\u00e8s de soi !<\/p>\n","protected":false},"excerpt":{"rendered":"<p>Ne manquez plus aucun \u00e9v\u00e9nement avec ce magnifique calendrier artisanal ! Cet objet \u00e0 la fois d\u00e9coratif et pratique, r\u00e9alis\u00e9 dans mon atelier, vous permet de visualiser tous les anniversaires de l&rsquo;ann\u00e9e en un clin d&rsquo;\u0153il. Le concept est simple : chaque mois est repr\u00e9sent\u00e9 sur le support en bois. Il vous suffit d&rsquo;y suspendre de petits c\u0153urs en bois personnalis\u00e9s (pr\u00e9nom et jour) qui s\u2019encha\u00eenent les uns sous les autres pour cr\u00e9er une jolie cascade de souvenirs. Tarif : 40 \u20ac (inclut le support et 20 c\u0153urs de base) Option : 1 \u20ac par c\u0153ur suppl\u00e9mentaire Une id\u00e9e cadeau originale et durable pour garder toute la famille et les amis pr\u00e8s de soi !<\/p>\n","protected":false},"featured_media":10391,"template":"","meta":[],"product_brand":[],"product_cat":[601,605,602,606],"product_tag":[],"class_list":{"0":"post-10427","1":"product","2":"type-product","3":"status-publish","4":"has-post-thumbnail","6":"product_cat-enfants-naissances","7":"product_cat-fetes-parents-grands-parents","8":"product_cat-mariages","9":"product_cat-saint-valentin","11":"first","12":"instock","13":"shipping-taxable","14":"purchasable","15":"product-type-variable","16":"has-default-attributes"},"yoast_head":"<!-- This site is optimized with the Yoast SEO plugin v27.2 - https:\/\/yoast.com\/product\/yoast-seo-wordpress\/ -->\n<title>Calendrier anniversaires - bijoux lithoth\u00e9rapie et d\u00e9coration \u00e0 rumilly<\/title>\n<meta name=\"robots\" content=\"index, follow, max-snippet:-1, max-image-preview:large, max-video-preview:-1\" \/>\n<link rel=\"canonical\" href=\"https:\/\/www.creasdecocci.fr\/index.php\/produit\/calendrier-anniversaires\/\" \/>\n<meta property=\"og:locale\" content=\"fr_FR\" \/>\n<meta property=\"og:type\" content=\"article\" \/>\n<meta property=\"og:title\" content=\"Calendrier anniversaires - bijoux lithoth\u00e9rapie et d\u00e9coration \u00e0 rumilly\" \/>\n<meta property=\"og:description\" content=\"Ne manquez plus aucun \u00e9v\u00e9nement avec ce magnifique calendrier artisanal ! Cet objet \u00e0 la fois d\u00e9coratif et pratique, r\u00e9alis\u00e9 dans mon atelier, vous permet de visualiser tous les anniversaires de l&rsquo;ann\u00e9e en un clin d&rsquo;\u0153il. Le concept est simple : chaque mois est repr\u00e9sent\u00e9 sur le support en bois. Il vous suffit d&rsquo;y suspendre de petits c\u0153urs en bois personnalis\u00e9s (pr\u00e9nom et jour) qui s\u2019encha\u00eenent les uns sous les autres pour cr\u00e9er une jolie cascade de souvenirs. Tarif : 40 \u20ac (inclut le support et 20 c\u0153urs de base) Option : 1 \u20ac par c\u0153ur suppl\u00e9mentaire Une id\u00e9e cadeau originale et durable pour garder toute la famille et les amis pr\u00e8s de soi !\" \/>\n<meta property=\"og:url\" content=\"https:\/\/www.creasdecocci.fr\/index.php\/produit\/calendrier-anniversaires\/\" \/>\n<meta property=\"og:site_name\" content=\"bijoux lithoth\u00e9rapie et d\u00e9coration \u00e0 rumilly\" \/>\n<meta property=\"article:modified_time\" content=\"2026-02-19T17:50:34+00:00\" \/>\n<meta property=\"og:image\" content=\"https:\/\/www.creasdecocci.fr\/wp-content\/uploads\/2026\/02\/F7C2AB3F-D166-4637-8CDE-3CCB123A94F1.jpg\" \/>\n\t<meta property=\"og:image:width\" content=\"1024\" \/>\n\t<meta property=\"og:image:height\" content=\"1536\" \/>\n\t<meta property=\"og:image:type\" content=\"image\/jpeg\" \/>\n<meta name=\"twitter:card\" content=\"summary_large_image\" \/>\n<meta name=\"twitter:label1\" content=\"Dur\u00e9e de lecture estim\u00e9e\" \/>\n\t<meta name=\"twitter:data1\" content=\"1 minute\" \/>\n<script type=\"application\/ld+json\" class=\"yoast-schema-graph\">{\"@context\":\"https:\/\/schema.org\",\"@graph\":[{\"@type\":\"WebPage\",\"@id\":\"https:\/\/www.creasdecocci.fr\/index.php\/produit\/calendrier-anniversaires\/\",\"url\":\"https:\/\/www.creasdecocci.fr\/index.php\/produit\/calendrier-anniversaires\/\",\"name\":\"Calendrier anniversaires - bijoux lithoth\u00e9rapie et d\u00e9coration \u00e0 rumilly\",\"isPartOf\":{\"@id\":\"https:\/\/www.creasdecocci.fr\/#website\"},\"primaryImageOfPage\":{\"@id\":\"https:\/\/www.creasdecocci.fr\/index.php\/produit\/calendrier-anniversaires\/#primaryimage\"},\"image\":{\"@id\":\"https:\/\/www.creasdecocci.fr\/index.php\/produit\/calendrier-anniversaires\/#primaryimage\"},\"thumbnailUrl\":\"https:\/\/www.creasdecocci.fr\/wp-content\/uploads\/2026\/02\/F7C2AB3F-D166-4637-8CDE-3CCB123A94F1.jpg\",\"datePublished\":\"2026-02-19T17:29:10+00:00\",\"dateModified\":\"2026-02-19T17:50:34+00:00\",\"breadcrumb\":{\"@id\":\"https:\/\/www.creasdecocci.fr\/index.php\/produit\/calendrier-anniversaires\/#breadcrumb\"},\"inLanguage\":\"fr-FR\",\"potentialAction\":[{\"@type\":\"ReadAction\",\"target\":[\"https:\/\/www.creasdecocci.fr\/index.php\/produit\/calendrier-anniversaires\/\"]}]},{\"@type\":\"ImageObject\",\"inLanguage\":\"fr-FR\",\"@id\":\"https:\/\/www.creasdecocci.fr\/index.php\/produit\/calendrier-anniversaires\/#primaryimage\",\"url\":\"https:\/\/www.creasdecocci.fr\/wp-content\/uploads\/2026\/02\/F7C2AB3F-D166-4637-8CDE-3CCB123A94F1.jpg\",\"contentUrl\":\"https:\/\/www.creasdecocci.fr\/wp-content\/uploads\/2026\/02\/F7C2AB3F-D166-4637-8CDE-3CCB123A94F1.jpg\",\"width\":1024,\"height\":1536,\"caption\":\"calendrier anniversaire\"},{\"@type\":\"BreadcrumbList\",\"@id\":\"https:\/\/www.creasdecocci.fr\/index.php\/produit\/calendrier-anniversaires\/#breadcrumb\",\"itemListElement\":[{\"@type\":\"ListItem\",\"position\":1,\"name\":\"Accueil\",\"item\":\"https:\/\/www.creasdecocci.fr\/\"},{\"@type\":\"ListItem\",\"position\":2,\"name\":\"Produits\",\"item\":\"https:\/\/www.creasdecocci.fr\/index.php\/shop\/\"},{\"@type\":\"ListItem\",\"position\":3,\"name\":\"Calendrier anniversaires\"}]},{\"@type\":\"WebSite\",\"@id\":\"https:\/\/www.creasdecocci.fr\/#website\",\"url\":\"https:\/\/www.creasdecocci.fr\/\",\"name\":\"bijoux lithoth\u00e9rapie et d\u00e9coration \u00e0 rumilly\",\"description\":\"\",\"publisher\":{\"@id\":\"https:\/\/www.creasdecocci.fr\/#organization\"},\"potentialAction\":[{\"@type\":\"SearchAction\",\"target\":{\"@type\":\"EntryPoint\",\"urlTemplate\":\"https:\/\/www.creasdecocci.fr\/?s={search_term_string}\"},\"query-input\":{\"@type\":\"PropertyValueSpecification\",\"valueRequired\":true,\"valueName\":\"search_term_string\"}}],\"inLanguage\":\"fr-FR\"},{\"@type\":\"Organization\",\"@id\":\"https:\/\/www.creasdecocci.fr\/#organization\",\"name\":\"bijoux lithoth\u00e9rapie et d\u00e9coration \u00e0 rumilly\",\"url\":\"https:\/\/www.creasdecocci.fr\/\",\"logo\":{\"@type\":\"ImageObject\",\"inLanguage\":\"fr-FR\",\"@id\":\"https:\/\/www.creasdecocci.fr\/#\/schema\/logo\/image\/\",\"url\":\"https:\/\/www.creasdecocci.fr\/wp-content\/uploads\/2021\/12\/logo_creas_cocci.png\",\"contentUrl\":\"https:\/\/www.creasdecocci.fr\/wp-content\/uploads\/2021\/12\/logo_creas_cocci.png\",\"width\":2212,\"height\":1060,\"caption\":\"bijoux lithoth\u00e9rapie et d\u00e9coration \u00e0 rumilly\"},\"image\":{\"@id\":\"https:\/\/www.creasdecocci.fr\/#\/schema\/logo\/image\/\"}}]}<\/script>\n<!-- \/ Yoast SEO plugin. -->","yoast_head_json":{"title":"Calendrier anniversaires - bijoux lithoth\u00e9rapie et d\u00e9coration \u00e0 rumilly","robots":{"index":"index","follow":"follow","max-snippet":"max-snippet:-1","max-image-preview":"max-image-preview:large","max-video-preview":"max-video-preview:-1"},"canonical":"https:\/\/www.creasdecocci.fr\/index.php\/produit\/calendrier-anniversaires\/","og_locale":"fr_FR","og_type":"article","og_title":"Calendrier anniversaires - bijoux lithoth\u00e9rapie et d\u00e9coration \u00e0 rumilly","og_description":"Ne manquez plus aucun \u00e9v\u00e9nement avec ce magnifique calendrier artisanal ! Cet objet \u00e0 la fois d\u00e9coratif et pratique, r\u00e9alis\u00e9 dans mon atelier, vous permet de visualiser tous les anniversaires de l&rsquo;ann\u00e9e en un clin d&rsquo;\u0153il. Le concept est simple : chaque mois est repr\u00e9sent\u00e9 sur le support en bois. Il vous suffit d&rsquo;y suspendre de petits c\u0153urs en bois personnalis\u00e9s (pr\u00e9nom et jour) qui s\u2019encha\u00eenent les uns sous les autres pour cr\u00e9er une jolie cascade de souvenirs. Tarif : 40 \u20ac (inclut le support et 20 c\u0153urs de base) Option : 1 \u20ac par c\u0153ur suppl\u00e9mentaire Une id\u00e9e cadeau originale et durable pour garder toute la famille et les amis pr\u00e8s de soi !","og_url":"https:\/\/www.creasdecocci.fr\/index.php\/produit\/calendrier-anniversaires\/","og_site_name":"bijoux lithoth\u00e9rapie et d\u00e9coration \u00e0 rumilly","article_modified_time":"2026-02-19T17:50:34+00:00","og_image":[{"width":1024,"height":1536,"url":"https:\/\/www.creasdecocci.fr\/wp-content\/uploads\/2026\/02\/F7C2AB3F-D166-4637-8CDE-3CCB123A94F1.jpg","type":"image\/jpeg"}],"twitter_card":"summary_large_image","twitter_misc":{"Dur\u00e9e de lecture estim\u00e9e":"1 minute"},"schema":{"@context":"https:\/\/schema.org","@graph":[{"@type":"WebPage","@id":"https:\/\/www.creasdecocci.fr\/index.php\/produit\/calendrier-anniversaires\/","url":"https:\/\/www.creasdecocci.fr\/index.php\/produit\/calendrier-anniversaires\/","name":"Calendrier anniversaires - bijoux lithoth\u00e9rapie et d\u00e9coration \u00e0 rumilly","isPartOf":{"@id":"https:\/\/www.creasdecocci.fr\/#website"},"primaryImageOfPage":{"@id":"https:\/\/www.creasdecocci.fr\/index.php\/produit\/calendrier-anniversaires\/#primaryimage"},"image":{"@id":"https:\/\/www.creasdecocci.fr\/index.php\/produit\/calendrier-anniversaires\/#primaryimage"},"thumbnailUrl":"https:\/\/www.creasdecocci.fr\/wp-content\/uploads\/2026\/02\/F7C2AB3F-D166-4637-8CDE-3CCB123A94F1.jpg","datePublished":"2026-02-19T17:29:10+00:00","dateModified":"2026-02-19T17:50:34+00:00","breadcrumb":{"@id":"https:\/\/www.creasdecocci.fr\/index.php\/produit\/calendrier-anniversaires\/#breadcrumb"},"inLanguage":"fr-FR","potentialAction":[{"@type":"ReadAction","target":["https:\/\/www.creasdecocci.fr\/index.php\/produit\/calendrier-anniversaires\/"]}]},{"@type":"ImageObject","inLanguage":"fr-FR","@id":"https:\/\/www.creasdecocci.fr\/index.php\/produit\/calendrier-anniversaires\/#primaryimage","url":"https:\/\/www.creasdecocci.fr\/wp-content\/uploads\/2026\/02\/F7C2AB3F-D166-4637-8CDE-3CCB123A94F1.jpg","contentUrl":"https:\/\/www.creasdecocci.fr\/wp-content\/uploads\/2026\/02\/F7C2AB3F-D166-4637-8CDE-3CCB123A94F1.jpg","width":1024,"height":1536,"caption":"calendrier anniversaire"},{"@type":"BreadcrumbList","@id":"https:\/\/www.creasdecocci.fr\/index.php\/produit\/calendrier-anniversaires\/#breadcrumb","itemListElement":[{"@type":"ListItem","position":1,"name":"Accueil","item":"https:\/\/www.creasdecocci.fr\/"},{"@type":"ListItem","position":2,"name":"Produits","item":"https:\/\/www.creasdecocci.fr\/index.php\/shop\/"},{"@type":"ListItem","position":3,"name":"Calendrier anniversaires"}]},{"@type":"WebSite","@id":"https:\/\/www.creasdecocci.fr\/#website","url":"https:\/\/www.creasdecocci.fr\/","name":"bijoux lithoth\u00e9rapie et d\u00e9coration \u00e0 rumilly","description":"","publisher":{"@id":"https:\/\/www.creasdecocci.fr\/#organization"},"potentialAction":[{"@type":"SearchAction","target":{"@type":"EntryPoint","urlTemplate":"https:\/\/www.creasdecocci.fr\/?s={search_term_string}"},"query-input":{"@type":"PropertyValueSpecification","valueRequired":true,"valueName":"search_term_string"}}],"inLanguage":"fr-FR"},{"@type":"Organization","@id":"https:\/\/www.creasdecocci.fr\/#organization","name":"bijoux lithoth\u00e9rapie et d\u00e9coration \u00e0 rumilly","url":"https:\/\/www.creasdecocci.fr\/","logo":{"@type":"ImageObject","inLanguage":"fr-FR","@id":"https:\/\/www.creasdecocci.fr\/#\/schema\/logo\/image\/","url":"https:\/\/www.creasdecocci.fr\/wp-content\/uploads\/2021\/12\/logo_creas_cocci.png","contentUrl":"https:\/\/www.creasdecocci.fr\/wp-content\/uploads\/2021\/12\/logo_creas_cocci.png","width":2212,"height":1060,"caption":"bijoux lithoth\u00e9rapie et d\u00e9coration \u00e0 rumilly"},"image":{"@id":"https:\/\/www.creasdecocci.fr\/#\/schema\/logo\/image\/"}}]}},"jetpack_sharing_enabled":true,"_links":{"self":[{"href":"https:\/\/www.creasdecocci.fr\/index.php\/wp-json\/wp\/v2\/product\/10427","targetHints":{"allow":["GET"]}}],"collection":[{"href":"https:\/\/www.creasdecocci.fr\/index.php\/wp-json\/wp\/v2\/product"}],"about":[{"href":"https:\/\/www.creasdecocci.fr\/index.php\/wp-json\/wp\/v2\/types\/product"}],"version-history":[{"count":2,"href":"https:\/\/www.creasdecocci.fr\/index.php\/wp-json\/wp\/v2\/product\/10427\/revisions"}],"predecessor-version":[{"id":10542,"href":"https:\/\/www.creasdecocci.fr\/index.php\/wp-json\/wp\/v2\/product\/10427\/revisions\/10542"}],"wp:featuredmedia":[{"embeddable":true,"href":"https:\/\/www.creasdecocci.fr\/index.php\/wp-json\/wp\/v2\/media\/10391"}],"wp:attachment":[{"href":"https:\/\/www.creasdecocci.fr\/index.php\/wp-json\/wp\/v2\/media?parent=10427"}],"wp:term":[{"taxonomy":"product_brand","embeddable":true,"href":"https:\/\/www.creasdecocci.fr\/index.php\/wp-json\/wp\/v2\/product_brand?post=10427"},{"taxonomy":"product_cat","embeddable":true,"href":"https:\/\/www.creasdecocci.fr\/index.php\/wp-json\/wp\/v2\/product_cat?post=10427"},{"taxonomy":"product_tag","embeddable":true,"href":"https:\/\/www.creasdecocci.fr\/index.php\/wp-json\/wp\/v2\/product_tag?post=10427"}],"curies":[{"name":"wp","href":"https:\/\/api.w.org\/{rel}","templated":true}]}}