{"id":10480,"date":"2026-02-19T18:32:15","date_gmt":"2026-02-19T17:32:15","guid":{"rendered":"https:\/\/www.creasdecocci.fr\/?post_type=product&#038;p=10480"},"modified":"2026-03-23T13:52:52","modified_gmt":"2026-03-23T12:52:52","slug":"attrape-soleil-papillon","status":"publish","type":"product","link":"https:\/\/www.creasdecocci.fr\/index.php\/produit\/attrape-soleil-papillon\/","title":{"rendered":"Attrape Soleil papillon"},"content":{"rendered":"\t\t<div data-elementor-type=\"wp-post\" data-elementor-id=\"10480\" class=\"elementor elementor-10480\">\n\t\t\t\t\t\t<section class=\"elementor-section elementor-top-section elementor-element elementor-element-1c2ecc2f elementor-section-boxed elementor-section-height-default elementor-section-height-default\" data-id=\"1c2ecc2f\" data-element_type=\"section\" data-e-type=\"section\">\n\t\t\t\t\t\t<div class=\"elementor-container elementor-column-gap-default\">\n\t\t\t\t\t<div class=\"elementor-column elementor-col-100 elementor-top-column elementor-element elementor-element-cb14ee\" data-id=\"cb14ee\" data-element_type=\"column\" data-e-type=\"column\">\n\t\t\t<div class=\"elementor-widget-wrap elementor-element-populated\">\n\t\t\t\t\t\t<div class=\"elementor-element elementor-element-788a4838 elementor-widget elementor-widget-text-editor\" data-id=\"788a4838\" data-element_type=\"widget\" data-e-type=\"widget\" data-widget_type=\"text-editor.default\">\n\t\t\t\t<div class=\"elementor-widget-container\">\n\t\t\t\t\t\t\t\t\t<p style=\"text-align: center;\">Attrape soleil papillon r\u00e9alis\u00e9 \u00e0 la main avec passion et bienveillance, dans mon atelier entre Annecy et Rumilly, avec des perles naturelles.<\/p><p>Laissez entrer la lumi\u00e8re\u2026 et la douceur dans votre int\u00e9rieur avec cet attrape soleil papillon d\u00e9licat et po\u00e9tique.<\/p><p>Compos\u00e9 de perles naturelle, orn\u00e9 de cristaux scintillants et d&rsquo;un magnifique papillon, il capte la lumi\u00e8re pour la diffuser en mille reflets apaisants<\/p><p>Au moindre rayon de soleil, de jolis \u00e9clats dansent sur vos murs, cr\u00e9ant une atmosph\u00e8re chaleureuse et r\u00e9confortante.<\/p><p>Choisissez la pierre naturelle de votre choix pour aller dans votre int\u00e9rieur.<\/p><p>Suspendu pr\u00e8s d\u2019une fen\u00eatre, dans un espace de vie ou un coin cocooning, cet attrape soleil devient un v\u00e9ritable objet de bien-\u00eatre, entre d\u00e9coration et \u00e9nergie subtile.<\/p><p>Chaque pi\u00e8ce est r\u00e9alis\u00e9e \u00e0 la main avec soin, ce qui la rend unique<\/p><p>D\u00e9tails :<br \/>\u2013 Pierre naturelle au choix<br \/>\u2013 Cristaux facett\u00e9s pour capter la lumi\u00e8re<br \/>\u2013 Structure fine et \u00e9l\u00e9gante<br \/>\u2013 Pi\u00e8ce artisanale<\/p><p style=\"text-align: center;\">\u00a0<\/p>\t\t\t\t\t\t\t\t<\/div>\n\t\t\t\t<\/div>\n\t\t\t\t\t<\/div>\n\t\t<\/div>\n\t\t\t\t\t<\/div>\n\t\t<\/section>\n\t\t\t\t<\/div>\n\t\t","protected":false},"excerpt":{"rendered":"<p>Attrape soleil papillon r\u00e9alis\u00e9 \u00e0 la main avec passion et bienveillance, dans mon atelier entre Annecy et Rumilly, avec des perles naturelles. Laissez entrer la lumi\u00e8re\u2026 et la douceur dans votre int\u00e9rieur avec cet attrape soleil papillon d\u00e9licat et po\u00e9tique. Compos\u00e9 de perles naturelle, orn\u00e9 de cristaux scintillants et d&rsquo;un magnifique papillon, il capte la lumi\u00e8re pour la diffuser en mille reflets apaisants Au moindre rayon de soleil, de jolis \u00e9clats dansent sur vos murs, cr\u00e9ant une atmosph\u00e8re chaleureuse et r\u00e9confortante. Choisissez la pierre naturelle de votre choix pour aller dans votre int\u00e9rieur. Suspendu pr\u00e8s d\u2019une fen\u00eatre, dans un espace de vie ou un coin cocooning, cet attrape soleil devient un v\u00e9ritable objet de bien-\u00eatre, entre d\u00e9coration et \u00e9nergie subtile. Chaque pi\u00e8ce est r\u00e9alis\u00e9e \u00e0 la main avec soin, ce qui la rend unique D\u00e9tails :\u2013 Pierre naturelle au choix\u2013 Cristaux facett\u00e9s pour capter la lumi\u00e8re\u2013 Structure fine et \u00e9l\u00e9gante\u2013 Pi\u00e8ce artisanale \u00a0<\/p>\n","protected":false},"featured_media":10390,"template":"","meta":[],"product_brand":[],"product_cat":[600,599],"product_tag":[629,628],"class_list":{"0":"post-10480","1":"product","2":"type-product","3":"status-publish","4":"has-post-thumbnail","6":"product_cat-attrape-soleil","7":"product_cat-decoration","8":"product_tag-attrape-lumiere","9":"product_tag-capteur-soleil","10":"pa_perle-agate-arbre","11":"pa_perle-agate-botswana","12":"pa_perle-agate-de-feu","13":"pa_perle-aigue-marine","14":"pa_perle-amazonite","15":"pa_perle-amethyste","16":"pa_perle-angelite","17":"pa_perle-apatite","18":"pa_perle-aventurine","19":"pa_perle-bois-petrifie","20":"pa_perle-bronzite","21":"pa_perle-calcedoine","22":"pa_perle-chrysocolle","23":"pa_perle-citrine","24":"pa_perle-cornaline","25":"pa_perle-cristal-de-roche","26":"pa_perle-fluorine","27":"pa_perle-grenat","28":"pa_perle-hematite","29":"pa_perle-hessonite","30":"pa_perle-howlite","31":"pa_perle-jade","32":"pa_perle-jade-nephrite","33":"pa_perle-jaspe-dalmatien","34":"pa_perle-jaspe-paysage","35":"pa_perle-jaspe-rouge","36":"pa_perle-jaspe-sanguine","37":"pa_perle-kunzite","38":"pa_perle-labradorite","39":"pa_perle-lapis-lazuli","40":"pa_perle-lepidolite","41":"pa_perle-malachite","42":"pa_perle-mokaite","43":"pa_perle-nacre","44":"pa_perle-obsidienne","45":"pa_perle-obsidienne-neige","46":"pa_perle-oeil-de-faucon","47":"pa_perle-oeil-de-taureau","48":"pa_perle-oeil-de-tigre","49":"pa_perle-onyx","50":"pa_perle-opale-verte","51":"pa_perle-pierre-de-lave","52":"pa_perle-pierre-de-lune","53":"pa_perle-pierre-de-soleil","54":"pa_perle-pyrite","55":"pa_perle-quartz-fraise","56":"pa_perle-quartz-fume","57":"pa_perle-quartz-rose","58":"pa_perle-rhodonite","59":"pa_perle-serpentine","60":"pa_perle-sodalite","61":"pa_perle-turquoise-afrique","62":"pa_perle-unakite","64":"first","65":"instock","66":"shipping-taxable","67":"purchasable","68":"product-type-variable"},"yoast_head":"<!-- This site is optimized with the Yoast SEO plugin v27.2 - https:\/\/yoast.com\/product\/yoast-seo-wordpress\/ -->\n<title>Attrape Soleil papillon - bijoux lithoth\u00e9rapie et d\u00e9coration \u00e0 rumilly<\/title>\n<meta name=\"description\" content=\"Cocci vous pr\u00e9sente ses attrape soleil, orn\u00e9s de perles en pierre naturelle et fabriqu\u00e9 dans son atelier entre Annecy et Rumilly : l&#039;attrape soleil papillon\" \/>\n<meta name=\"robots\" content=\"index, follow, max-snippet:-1, max-image-preview:large, max-video-preview:-1\" \/>\n<link rel=\"canonical\" href=\"https:\/\/www.creasdecocci.fr\/index.php\/produit\/attrape-soleil-papillon\/\" \/>\n<meta property=\"og:locale\" content=\"fr_FR\" \/>\n<meta property=\"og:type\" content=\"article\" \/>\n<meta property=\"og:title\" content=\"Attrape Soleil papillon - bijoux lithoth\u00e9rapie et d\u00e9coration \u00e0 rumilly\" \/>\n<meta property=\"og:description\" content=\"Cocci vous pr\u00e9sente ses attrape soleil, orn\u00e9s de perles en pierre naturelle et fabriqu\u00e9 dans son atelier entre Annecy et Rumilly : l&#039;attrape soleil papillon\" \/>\n<meta property=\"og:url\" content=\"https:\/\/www.creasdecocci.fr\/index.php\/produit\/attrape-soleil-papillon\/\" \/>\n<meta property=\"og:site_name\" content=\"bijoux lithoth\u00e9rapie et d\u00e9coration \u00e0 rumilly\" \/>\n<meta property=\"article:modified_time\" content=\"2026-03-23T12:52:52+00:00\" \/>\n<meta property=\"og:image\" content=\"https:\/\/www.creasdecocci.fr\/wp-content\/uploads\/2026\/02\/DF2314C9-23B3-43E8-92DC-C7D954FA125B-2.jpg\" \/>\n\t<meta property=\"og:image:width\" content=\"1024\" \/>\n\t<meta property=\"og:image:height\" content=\"1536\" \/>\n\t<meta property=\"og:image:type\" content=\"image\/jpeg\" \/>\n<meta name=\"twitter:card\" content=\"summary_large_image\" \/>\n<meta name=\"twitter:label1\" content=\"Dur\u00e9e de lecture estim\u00e9e\" \/>\n\t<meta name=\"twitter:data1\" content=\"1 minute\" \/>\n<script type=\"application\/ld+json\" class=\"yoast-schema-graph\">{\"@context\":\"https:\/\/schema.org\",\"@graph\":[{\"@type\":\"WebPage\",\"@id\":\"https:\/\/www.creasdecocci.fr\/index.php\/produit\/attrape-soleil-papillon\/\",\"url\":\"https:\/\/www.creasdecocci.fr\/index.php\/produit\/attrape-soleil-papillon\/\",\"name\":\"Attrape Soleil papillon - bijoux lithoth\u00e9rapie et d\u00e9coration \u00e0 rumilly\",\"isPartOf\":{\"@id\":\"https:\/\/www.creasdecocci.fr\/#website\"},\"primaryImageOfPage\":{\"@id\":\"https:\/\/www.creasdecocci.fr\/index.php\/produit\/attrape-soleil-papillon\/#primaryimage\"},\"image\":{\"@id\":\"https:\/\/www.creasdecocci.fr\/index.php\/produit\/attrape-soleil-papillon\/#primaryimage\"},\"thumbnailUrl\":\"https:\/\/www.creasdecocci.fr\/wp-content\/uploads\/2026\/02\/DF2314C9-23B3-43E8-92DC-C7D954FA125B-2.jpg\",\"datePublished\":\"2026-02-19T17:32:15+00:00\",\"dateModified\":\"2026-03-23T12:52:52+00:00\",\"description\":\"Cocci vous pr\u00e9sente ses attrape soleil, orn\u00e9s de perles en pierre naturelle et fabriqu\u00e9 dans son atelier entre Annecy et Rumilly : l'attrape soleil papillon\",\"breadcrumb\":{\"@id\":\"https:\/\/www.creasdecocci.fr\/index.php\/produit\/attrape-soleil-papillon\/#breadcrumb\"},\"inLanguage\":\"fr-FR\",\"potentialAction\":[{\"@type\":\"ReadAction\",\"target\":[\"https:\/\/www.creasdecocci.fr\/index.php\/produit\/attrape-soleil-papillon\/\"]}]},{\"@type\":\"ImageObject\",\"inLanguage\":\"fr-FR\",\"@id\":\"https:\/\/www.creasdecocci.fr\/index.php\/produit\/attrape-soleil-papillon\/#primaryimage\",\"url\":\"https:\/\/www.creasdecocci.fr\/wp-content\/uploads\/2026\/02\/DF2314C9-23B3-43E8-92DC-C7D954FA125B-2.jpg\",\"contentUrl\":\"https:\/\/www.creasdecocci.fr\/wp-content\/uploads\/2026\/02\/DF2314C9-23B3-43E8-92DC-C7D954FA125B-2.jpg\",\"width\":1024,\"height\":1536,\"caption\":\"attrape soleil papillon\"},{\"@type\":\"BreadcrumbList\",\"@id\":\"https:\/\/www.creasdecocci.fr\/index.php\/produit\/attrape-soleil-papillon\/#breadcrumb\",\"itemListElement\":[{\"@type\":\"ListItem\",\"position\":1,\"name\":\"Accueil\",\"item\":\"https:\/\/www.creasdecocci.fr\/\"},{\"@type\":\"ListItem\",\"position\":2,\"name\":\"Produits\",\"item\":\"https:\/\/www.creasdecocci.fr\/index.php\/shop\/\"},{\"@type\":\"ListItem\",\"position\":3,\"name\":\"Attrape Soleil papillon\"}]},{\"@type\":\"WebSite\",\"@id\":\"https:\/\/www.creasdecocci.fr\/#website\",\"url\":\"https:\/\/www.creasdecocci.fr\/\",\"name\":\"bijoux lithoth\u00e9rapie et d\u00e9coration \u00e0 rumilly\",\"description\":\"\",\"publisher\":{\"@id\":\"https:\/\/www.creasdecocci.fr\/#organization\"},\"potentialAction\":[{\"@type\":\"SearchAction\",\"target\":{\"@type\":\"EntryPoint\",\"urlTemplate\":\"https:\/\/www.creasdecocci.fr\/?s={search_term_string}\"},\"query-input\":{\"@type\":\"PropertyValueSpecification\",\"valueRequired\":true,\"valueName\":\"search_term_string\"}}],\"inLanguage\":\"fr-FR\"},{\"@type\":\"Organization\",\"@id\":\"https:\/\/www.creasdecocci.fr\/#organization\",\"name\":\"bijoux lithoth\u00e9rapie et d\u00e9coration \u00e0 rumilly\",\"url\":\"https:\/\/www.creasdecocci.fr\/\",\"logo\":{\"@type\":\"ImageObject\",\"inLanguage\":\"fr-FR\",\"@id\":\"https:\/\/www.creasdecocci.fr\/#\/schema\/logo\/image\/\",\"url\":\"https:\/\/www.creasdecocci.fr\/wp-content\/uploads\/2021\/12\/logo_creas_cocci.png\",\"contentUrl\":\"https:\/\/www.creasdecocci.fr\/wp-content\/uploads\/2021\/12\/logo_creas_cocci.png\",\"width\":2212,\"height\":1060,\"caption\":\"bijoux lithoth\u00e9rapie et d\u00e9coration \u00e0 rumilly\"},\"image\":{\"@id\":\"https:\/\/www.creasdecocci.fr\/#\/schema\/logo\/image\/\"}}]}<\/script>\n<!-- \/ Yoast SEO plugin. -->","yoast_head_json":{"title":"Attrape Soleil papillon - bijoux lithoth\u00e9rapie et d\u00e9coration \u00e0 rumilly","description":"Cocci vous pr\u00e9sente ses attrape soleil, orn\u00e9s de perles en pierre naturelle et fabriqu\u00e9 dans son atelier entre Annecy et Rumilly : l'attrape soleil papillon","robots":{"index":"index","follow":"follow","max-snippet":"max-snippet:-1","max-image-preview":"max-image-preview:large","max-video-preview":"max-video-preview:-1"},"canonical":"https:\/\/www.creasdecocci.fr\/index.php\/produit\/attrape-soleil-papillon\/","og_locale":"fr_FR","og_type":"article","og_title":"Attrape Soleil papillon - bijoux lithoth\u00e9rapie et d\u00e9coration \u00e0 rumilly","og_description":"Cocci vous pr\u00e9sente ses attrape soleil, orn\u00e9s de perles en pierre naturelle et fabriqu\u00e9 dans son atelier entre Annecy et Rumilly : l'attrape soleil papillon","og_url":"https:\/\/www.creasdecocci.fr\/index.php\/produit\/attrape-soleil-papillon\/","og_site_name":"bijoux lithoth\u00e9rapie et d\u00e9coration \u00e0 rumilly","article_modified_time":"2026-03-23T12:52:52+00:00","og_image":[{"width":1024,"height":1536,"url":"https:\/\/www.creasdecocci.fr\/wp-content\/uploads\/2026\/02\/DF2314C9-23B3-43E8-92DC-C7D954FA125B-2.jpg","type":"image\/jpeg"}],"twitter_card":"summary_large_image","twitter_misc":{"Dur\u00e9e de lecture estim\u00e9e":"1 minute"},"schema":{"@context":"https:\/\/schema.org","@graph":[{"@type":"WebPage","@id":"https:\/\/www.creasdecocci.fr\/index.php\/produit\/attrape-soleil-papillon\/","url":"https:\/\/www.creasdecocci.fr\/index.php\/produit\/attrape-soleil-papillon\/","name":"Attrape Soleil papillon - bijoux lithoth\u00e9rapie et d\u00e9coration \u00e0 rumilly","isPartOf":{"@id":"https:\/\/www.creasdecocci.fr\/#website"},"primaryImageOfPage":{"@id":"https:\/\/www.creasdecocci.fr\/index.php\/produit\/attrape-soleil-papillon\/#primaryimage"},"image":{"@id":"https:\/\/www.creasdecocci.fr\/index.php\/produit\/attrape-soleil-papillon\/#primaryimage"},"thumbnailUrl":"https:\/\/www.creasdecocci.fr\/wp-content\/uploads\/2026\/02\/DF2314C9-23B3-43E8-92DC-C7D954FA125B-2.jpg","datePublished":"2026-02-19T17:32:15+00:00","dateModified":"2026-03-23T12:52:52+00:00","description":"Cocci vous pr\u00e9sente ses attrape soleil, orn\u00e9s de perles en pierre naturelle et fabriqu\u00e9 dans son atelier entre Annecy et Rumilly : l'attrape soleil papillon","breadcrumb":{"@id":"https:\/\/www.creasdecocci.fr\/index.php\/produit\/attrape-soleil-papillon\/#breadcrumb"},"inLanguage":"fr-FR","potentialAction":[{"@type":"ReadAction","target":["https:\/\/www.creasdecocci.fr\/index.php\/produit\/attrape-soleil-papillon\/"]}]},{"@type":"ImageObject","inLanguage":"fr-FR","@id":"https:\/\/www.creasdecocci.fr\/index.php\/produit\/attrape-soleil-papillon\/#primaryimage","url":"https:\/\/www.creasdecocci.fr\/wp-content\/uploads\/2026\/02\/DF2314C9-23B3-43E8-92DC-C7D954FA125B-2.jpg","contentUrl":"https:\/\/www.creasdecocci.fr\/wp-content\/uploads\/2026\/02\/DF2314C9-23B3-43E8-92DC-C7D954FA125B-2.jpg","width":1024,"height":1536,"caption":"attrape soleil papillon"},{"@type":"BreadcrumbList","@id":"https:\/\/www.creasdecocci.fr\/index.php\/produit\/attrape-soleil-papillon\/#breadcrumb","itemListElement":[{"@type":"ListItem","position":1,"name":"Accueil","item":"https:\/\/www.creasdecocci.fr\/"},{"@type":"ListItem","position":2,"name":"Produits","item":"https:\/\/www.creasdecocci.fr\/index.php\/shop\/"},{"@type":"ListItem","position":3,"name":"Attrape Soleil papillon"}]},{"@type":"WebSite","@id":"https:\/\/www.creasdecocci.fr\/#website","url":"https:\/\/www.creasdecocci.fr\/","name":"bijoux lithoth\u00e9rapie et d\u00e9coration \u00e0 rumilly","description":"","publisher":{"@id":"https:\/\/www.creasdecocci.fr\/#organization"},"potentialAction":[{"@type":"SearchAction","target":{"@type":"EntryPoint","urlTemplate":"https:\/\/www.creasdecocci.fr\/?s={search_term_string}"},"query-input":{"@type":"PropertyValueSpecification","valueRequired":true,"valueName":"search_term_string"}}],"inLanguage":"fr-FR"},{"@type":"Organization","@id":"https:\/\/www.creasdecocci.fr\/#organization","name":"bijoux lithoth\u00e9rapie et d\u00e9coration \u00e0 rumilly","url":"https:\/\/www.creasdecocci.fr\/","logo":{"@type":"ImageObject","inLanguage":"fr-FR","@id":"https:\/\/www.creasdecocci.fr\/#\/schema\/logo\/image\/","url":"https:\/\/www.creasdecocci.fr\/wp-content\/uploads\/2021\/12\/logo_creas_cocci.png","contentUrl":"https:\/\/www.creasdecocci.fr\/wp-content\/uploads\/2021\/12\/logo_creas_cocci.png","width":2212,"height":1060,"caption":"bijoux lithoth\u00e9rapie et d\u00e9coration \u00e0 rumilly"},"image":{"@id":"https:\/\/www.creasdecocci.fr\/#\/schema\/logo\/image\/"}}]}},"jetpack_sharing_enabled":true,"_links":{"self":[{"href":"https:\/\/www.creasdecocci.fr\/index.php\/wp-json\/wp\/v2\/product\/10480","targetHints":{"allow":["GET"]}}],"collection":[{"href":"https:\/\/www.creasdecocci.fr\/index.php\/wp-json\/wp\/v2\/product"}],"about":[{"href":"https:\/\/www.creasdecocci.fr\/index.php\/wp-json\/wp\/v2\/types\/product"}],"version-history":[{"count":6,"href":"https:\/\/www.creasdecocci.fr\/index.php\/wp-json\/wp\/v2\/product\/10480\/revisions"}],"predecessor-version":[{"id":11402,"href":"https:\/\/www.creasdecocci.fr\/index.php\/wp-json\/wp\/v2\/product\/10480\/revisions\/11402"}],"wp:featuredmedia":[{"embeddable":true,"href":"https:\/\/www.creasdecocci.fr\/index.php\/wp-json\/wp\/v2\/media\/10390"}],"wp:attachment":[{"href":"https:\/\/www.creasdecocci.fr\/index.php\/wp-json\/wp\/v2\/media?parent=10480"}],"wp:term":[{"taxonomy":"product_brand","embeddable":true,"href":"https:\/\/www.creasdecocci.fr\/index.php\/wp-json\/wp\/v2\/product_brand?post=10480"},{"taxonomy":"product_cat","embeddable":true,"href":"https:\/\/www.creasdecocci.fr\/index.php\/wp-json\/wp\/v2\/product_cat?post=10480"},{"taxonomy":"product_tag","embeddable":true,"href":"https:\/\/www.creasdecocci.fr\/index.php\/wp-json\/wp\/v2\/product_tag?post=10480"}],"curies":[{"name":"wp","href":"https:\/\/api.w.org\/{rel}","templated":true}]}}