{"id":10569,"date":"2026-02-19T20:00:08","date_gmt":"2026-02-19T19:00:08","guid":{"rendered":"https:\/\/www.creasdecocci.fr\/?post_type=product&#038;p=10569"},"modified":"2026-03-22T14:48:39","modified_gmt":"2026-03-22T13:48:39","slug":"attrape-soleil-sur-pied-avec-pierres-brutes","status":"publish","type":"product","link":"https:\/\/www.creasdecocci.fr\/index.php\/produit\/attrape-soleil-sur-pied-avec-pierres-brutes\/","title":{"rendered":"Attrape Soleil sur pied avec pierres brutes"},"content":{"rendered":"\t\t<div data-elementor-type=\"wp-post\" data-elementor-id=\"10569\" class=\"elementor elementor-10569\">\n\t\t\t\t\t\t<section class=\"elementor-section elementor-top-section elementor-element elementor-element-17f958b6 elementor-section-boxed elementor-section-height-default elementor-section-height-default\" data-id=\"17f958b6\" data-element_type=\"section\" data-e-type=\"section\">\n\t\t\t\t\t\t<div class=\"elementor-container elementor-column-gap-default\">\n\t\t\t\t\t<div class=\"elementor-column elementor-col-100 elementor-top-column elementor-element elementor-element-61738a82\" data-id=\"61738a82\" data-element_type=\"column\" data-e-type=\"column\">\n\t\t\t<div class=\"elementor-widget-wrap elementor-element-populated\">\n\t\t\t\t\t\t<div class=\"elementor-element elementor-element-282dd7f1 elementor-widget elementor-widget-text-editor\" data-id=\"282dd7f1\" data-element_type=\"widget\" data-e-type=\"widget\" data-widget_type=\"text-editor.default\">\n\t\t\t\t<div class=\"elementor-widget-container\">\n\t\t\t\t\t\t\t\t\t<p>Apportez une touche de lumi\u00e8re et de po\u00e9sie \u00e0 votre int\u00e9rieur avec cet attrape soleil sur pied avec pierres brutes, \u00e0 la fois \u00e9l\u00e9gant et apaisant<\/p><p>Suspendu \u00e0 sa structure fine et a\u00e9rienne, ce d\u00e9licat assemblage de cercles dor\u00e9s et de cristaux capte la lumi\u00e8re naturelle pour la transformer en une pluie de reflets scintillants.<\/p><p>Au fil de la journ\u00e9e, il danse avec les rayons du soleil et diffuse une atmosph\u00e8re douce, chaleureuse et r\u00e9confortante dans votre espace.<\/p><p>Contrairement aux mod\u00e8les \u00e0 suspendre, sa version sur pied vous permet de le poser o\u00f9 vous le souhaitez : sur une \u00e9tag\u00e8re, une table, un rebord de fen\u00eatre ou un coin cocooning\u2026<\/p><p>V\u00e9ritable objet d\u00e9coratif, il invite \u00e0 ralentir, \u00e0 contempler et \u00e0 cr\u00e9er un espace de bien-\u00eatre chez soi.<\/p><p>Chaque pi\u00e8ce est r\u00e9alis\u00e9e \u00e0 la main avec soin, ce qui la rend unique.<\/p><p>D\u00e9tails :<br \/>\u2013 Structure m\u00e9tallique sur pied, stable et \u00e9l\u00e9gante<br \/>\u2013 Cercles dor\u00e9s fins et harmonieux<br \/>\u2013 Cristaux facett\u00e9s capteurs de lumi\u00e8re<\/p><p>\u2013 pierre brute naturelle au choix : malachite (vert), moka\u00efte et cristal de roche (blanc et marron) et sodalite (bleu)<\/p><p>\u2013 Pi\u00e8ce artisanale<\/p>\t\t\t\t\t\t\t\t<\/div>\n\t\t\t\t<\/div>\n\t\t\t\t\t<\/div>\n\t\t<\/div>\n\t\t\t\t\t<\/div>\n\t\t<\/section>\n\t\t\t\t<\/div>\n\t\t","protected":false},"excerpt":{"rendered":"<p>Apportez une touche de lumi\u00e8re et de po\u00e9sie \u00e0 votre int\u00e9rieur avec cet attrape soleil sur pied avec pierres brutes, \u00e0 la fois \u00e9l\u00e9gant et apaisant Suspendu \u00e0 sa structure fine et a\u00e9rienne, ce d\u00e9licat assemblage de cercles dor\u00e9s et de cristaux capte la lumi\u00e8re naturelle pour la transformer en une pluie de reflets scintillants. Au fil de la journ\u00e9e, il danse avec les rayons du soleil et diffuse une atmosph\u00e8re douce, chaleureuse et r\u00e9confortante dans votre espace. Contrairement aux mod\u00e8les \u00e0 suspendre, sa version sur pied vous permet de le poser o\u00f9 vous le souhaitez : sur une \u00e9tag\u00e8re, une table, un rebord de fen\u00eatre ou un coin cocooning\u2026 V\u00e9ritable objet d\u00e9coratif, il invite \u00e0 ralentir, \u00e0 contempler et \u00e0 cr\u00e9er un espace de bien-\u00eatre chez soi. Chaque pi\u00e8ce est r\u00e9alis\u00e9e \u00e0 la main avec soin, ce qui la rend unique. D\u00e9tails :\u2013 Structure m\u00e9tallique sur pied, stable et \u00e9l\u00e9gante\u2013 Cercles dor\u00e9s fins et harmonieux\u2013 Cristaux facett\u00e9s capteurs de lumi\u00e8re \u2013 pierre brute naturelle au choix : malachite (vert), moka\u00efte et cristal de roche (blanc et marron) et sodalite (bleu) \u2013 Pi\u00e8ce artisanale<\/p>\n","protected":false},"featured_media":10373,"template":"","meta":[],"product_brand":[],"product_cat":[600,599],"product_tag":[629,628,476],"class_list":{"0":"post-10569","1":"product","2":"type-product","3":"status-publish","4":"has-post-thumbnail","6":"product_cat-attrape-soleil","7":"product_cat-decoration","8":"product_tag-attrape-lumiere","9":"product_tag-capteur-soleil","10":"product_tag-decoration","12":"first","13":"instock","14":"shipping-taxable","15":"purchasable","16":"product-type-variable"},"yoast_head":"<!-- This site is optimized with the Yoast SEO plugin v27.2 - https:\/\/yoast.com\/product\/yoast-seo-wordpress\/ -->\n<title>Attrape Soleil sur pied avec pierres brutes - bijoux lithoth\u00e9rapie et d\u00e9coration \u00e0 rumilly<\/title>\n<meta name=\"description\" content=\"Cocci vous pr\u00e9sente ses attrape soleil, orn\u00e9s de pierre naturelle, fabriqu\u00e9s dans son atelier pr\u00e8s de Rumilly : Attrape Soleil sur pied avec pierres brutes\" \/>\n<meta name=\"robots\" content=\"index, follow, max-snippet:-1, max-image-preview:large, max-video-preview:-1\" \/>\n<link rel=\"canonical\" href=\"https:\/\/www.creasdecocci.fr\/index.php\/produit\/attrape-soleil-sur-pied-avec-pierres-brutes\/\" \/>\n<meta property=\"og:locale\" content=\"fr_FR\" \/>\n<meta property=\"og:type\" content=\"article\" \/>\n<meta property=\"og:title\" content=\"Attrape Soleil sur pied avec pierres brutes - bijoux lithoth\u00e9rapie et d\u00e9coration \u00e0 rumilly\" \/>\n<meta property=\"og:description\" content=\"Cocci vous pr\u00e9sente ses attrape soleil, orn\u00e9s de pierre naturelle, fabriqu\u00e9s dans son atelier pr\u00e8s de Rumilly : Attrape Soleil sur pied avec pierres brutes\" \/>\n<meta property=\"og:url\" content=\"https:\/\/www.creasdecocci.fr\/index.php\/produit\/attrape-soleil-sur-pied-avec-pierres-brutes\/\" \/>\n<meta property=\"og:site_name\" content=\"bijoux lithoth\u00e9rapie et d\u00e9coration \u00e0 rumilly\" \/>\n<meta property=\"article:modified_time\" content=\"2026-03-22T13:48:39+00:00\" \/>\n<meta property=\"og:image\" content=\"https:\/\/www.creasdecocci.fr\/wp-content\/uploads\/2026\/02\/6FB371F1-B4DD-4958-BA37-18E1CBE1E22D.jpg\" \/>\n\t<meta property=\"og:image:width\" content=\"1024\" \/>\n\t<meta property=\"og:image:height\" content=\"1536\" \/>\n\t<meta property=\"og:image:type\" content=\"image\/jpeg\" \/>\n<meta name=\"twitter:card\" content=\"summary_large_image\" \/>\n<meta name=\"twitter:label1\" content=\"Dur\u00e9e de lecture estim\u00e9e\" \/>\n\t<meta name=\"twitter:data1\" content=\"1 minute\" \/>\n<script type=\"application\/ld+json\" class=\"yoast-schema-graph\">{\"@context\":\"https:\/\/schema.org\",\"@graph\":[{\"@type\":\"WebPage\",\"@id\":\"https:\/\/www.creasdecocci.fr\/index.php\/produit\/attrape-soleil-sur-pied-avec-pierres-brutes\/\",\"url\":\"https:\/\/www.creasdecocci.fr\/index.php\/produit\/attrape-soleil-sur-pied-avec-pierres-brutes\/\",\"name\":\"Attrape Soleil sur pied avec pierres brutes - bijoux lithoth\u00e9rapie et d\u00e9coration \u00e0 rumilly\",\"isPartOf\":{\"@id\":\"https:\/\/www.creasdecocci.fr\/#website\"},\"primaryImageOfPage\":{\"@id\":\"https:\/\/www.creasdecocci.fr\/index.php\/produit\/attrape-soleil-sur-pied-avec-pierres-brutes\/#primaryimage\"},\"image\":{\"@id\":\"https:\/\/www.creasdecocci.fr\/index.php\/produit\/attrape-soleil-sur-pied-avec-pierres-brutes\/#primaryimage\"},\"thumbnailUrl\":\"https:\/\/www.creasdecocci.fr\/wp-content\/uploads\/2026\/02\/6FB371F1-B4DD-4958-BA37-18E1CBE1E22D.jpg\",\"datePublished\":\"2026-02-19T19:00:08+00:00\",\"dateModified\":\"2026-03-22T13:48:39+00:00\",\"description\":\"Cocci vous pr\u00e9sente ses attrape soleil, orn\u00e9s de pierre naturelle, fabriqu\u00e9s dans son atelier pr\u00e8s de Rumilly : Attrape Soleil sur pied avec pierres brutes\",\"breadcrumb\":{\"@id\":\"https:\/\/www.creasdecocci.fr\/index.php\/produit\/attrape-soleil-sur-pied-avec-pierres-brutes\/#breadcrumb\"},\"inLanguage\":\"fr-FR\",\"potentialAction\":[{\"@type\":\"ReadAction\",\"target\":[\"https:\/\/www.creasdecocci.fr\/index.php\/produit\/attrape-soleil-sur-pied-avec-pierres-brutes\/\"]}]},{\"@type\":\"ImageObject\",\"inLanguage\":\"fr-FR\",\"@id\":\"https:\/\/www.creasdecocci.fr\/index.php\/produit\/attrape-soleil-sur-pied-avec-pierres-brutes\/#primaryimage\",\"url\":\"https:\/\/www.creasdecocci.fr\/wp-content\/uploads\/2026\/02\/6FB371F1-B4DD-4958-BA37-18E1CBE1E22D.jpg\",\"contentUrl\":\"https:\/\/www.creasdecocci.fr\/wp-content\/uploads\/2026\/02\/6FB371F1-B4DD-4958-BA37-18E1CBE1E22D.jpg\",\"width\":1024,\"height\":1536,\"caption\":\"attrape soleil sur pied pierre\"},{\"@type\":\"BreadcrumbList\",\"@id\":\"https:\/\/www.creasdecocci.fr\/index.php\/produit\/attrape-soleil-sur-pied-avec-pierres-brutes\/#breadcrumb\",\"itemListElement\":[{\"@type\":\"ListItem\",\"position\":1,\"name\":\"Accueil\",\"item\":\"https:\/\/www.creasdecocci.fr\/\"},{\"@type\":\"ListItem\",\"position\":2,\"name\":\"Produits\",\"item\":\"https:\/\/www.creasdecocci.fr\/index.php\/shop\/\"},{\"@type\":\"ListItem\",\"position\":3,\"name\":\"Attrape Soleil sur pied avec pierres brutes\"}]},{\"@type\":\"WebSite\",\"@id\":\"https:\/\/www.creasdecocci.fr\/#website\",\"url\":\"https:\/\/www.creasdecocci.fr\/\",\"name\":\"bijoux lithoth\u00e9rapie et d\u00e9coration \u00e0 rumilly\",\"description\":\"\",\"publisher\":{\"@id\":\"https:\/\/www.creasdecocci.fr\/#organization\"},\"potentialAction\":[{\"@type\":\"SearchAction\",\"target\":{\"@type\":\"EntryPoint\",\"urlTemplate\":\"https:\/\/www.creasdecocci.fr\/?s={search_term_string}\"},\"query-input\":{\"@type\":\"PropertyValueSpecification\",\"valueRequired\":true,\"valueName\":\"search_term_string\"}}],\"inLanguage\":\"fr-FR\"},{\"@type\":\"Organization\",\"@id\":\"https:\/\/www.creasdecocci.fr\/#organization\",\"name\":\"bijoux lithoth\u00e9rapie et d\u00e9coration \u00e0 rumilly\",\"url\":\"https:\/\/www.creasdecocci.fr\/\",\"logo\":{\"@type\":\"ImageObject\",\"inLanguage\":\"fr-FR\",\"@id\":\"https:\/\/www.creasdecocci.fr\/#\/schema\/logo\/image\/\",\"url\":\"https:\/\/www.creasdecocci.fr\/wp-content\/uploads\/2021\/12\/logo_creas_cocci.png\",\"contentUrl\":\"https:\/\/www.creasdecocci.fr\/wp-content\/uploads\/2021\/12\/logo_creas_cocci.png\",\"width\":2212,\"height\":1060,\"caption\":\"bijoux lithoth\u00e9rapie et d\u00e9coration \u00e0 rumilly\"},\"image\":{\"@id\":\"https:\/\/www.creasdecocci.fr\/#\/schema\/logo\/image\/\"}}]}<\/script>\n<!-- \/ Yoast SEO plugin. -->","yoast_head_json":{"title":"Attrape Soleil sur pied avec pierres brutes - bijoux lithoth\u00e9rapie et d\u00e9coration \u00e0 rumilly","description":"Cocci vous pr\u00e9sente ses attrape soleil, orn\u00e9s de pierre naturelle, fabriqu\u00e9s dans son atelier pr\u00e8s de Rumilly : Attrape Soleil sur pied avec pierres brutes","robots":{"index":"index","follow":"follow","max-snippet":"max-snippet:-1","max-image-preview":"max-image-preview:large","max-video-preview":"max-video-preview:-1"},"canonical":"https:\/\/www.creasdecocci.fr\/index.php\/produit\/attrape-soleil-sur-pied-avec-pierres-brutes\/","og_locale":"fr_FR","og_type":"article","og_title":"Attrape Soleil sur pied avec pierres brutes - bijoux lithoth\u00e9rapie et d\u00e9coration \u00e0 rumilly","og_description":"Cocci vous pr\u00e9sente ses attrape soleil, orn\u00e9s de pierre naturelle, fabriqu\u00e9s dans son atelier pr\u00e8s de Rumilly : Attrape Soleil sur pied avec pierres brutes","og_url":"https:\/\/www.creasdecocci.fr\/index.php\/produit\/attrape-soleil-sur-pied-avec-pierres-brutes\/","og_site_name":"bijoux lithoth\u00e9rapie et d\u00e9coration \u00e0 rumilly","article_modified_time":"2026-03-22T13:48:39+00:00","og_image":[{"width":1024,"height":1536,"url":"https:\/\/www.creasdecocci.fr\/wp-content\/uploads\/2026\/02\/6FB371F1-B4DD-4958-BA37-18E1CBE1E22D.jpg","type":"image\/jpeg"}],"twitter_card":"summary_large_image","twitter_misc":{"Dur\u00e9e de lecture estim\u00e9e":"1 minute"},"schema":{"@context":"https:\/\/schema.org","@graph":[{"@type":"WebPage","@id":"https:\/\/www.creasdecocci.fr\/index.php\/produit\/attrape-soleil-sur-pied-avec-pierres-brutes\/","url":"https:\/\/www.creasdecocci.fr\/index.php\/produit\/attrape-soleil-sur-pied-avec-pierres-brutes\/","name":"Attrape Soleil sur pied avec pierres brutes - bijoux lithoth\u00e9rapie et d\u00e9coration \u00e0 rumilly","isPartOf":{"@id":"https:\/\/www.creasdecocci.fr\/#website"},"primaryImageOfPage":{"@id":"https:\/\/www.creasdecocci.fr\/index.php\/produit\/attrape-soleil-sur-pied-avec-pierres-brutes\/#primaryimage"},"image":{"@id":"https:\/\/www.creasdecocci.fr\/index.php\/produit\/attrape-soleil-sur-pied-avec-pierres-brutes\/#primaryimage"},"thumbnailUrl":"https:\/\/www.creasdecocci.fr\/wp-content\/uploads\/2026\/02\/6FB371F1-B4DD-4958-BA37-18E1CBE1E22D.jpg","datePublished":"2026-02-19T19:00:08+00:00","dateModified":"2026-03-22T13:48:39+00:00","description":"Cocci vous pr\u00e9sente ses attrape soleil, orn\u00e9s de pierre naturelle, fabriqu\u00e9s dans son atelier pr\u00e8s de Rumilly : Attrape Soleil sur pied avec pierres brutes","breadcrumb":{"@id":"https:\/\/www.creasdecocci.fr\/index.php\/produit\/attrape-soleil-sur-pied-avec-pierres-brutes\/#breadcrumb"},"inLanguage":"fr-FR","potentialAction":[{"@type":"ReadAction","target":["https:\/\/www.creasdecocci.fr\/index.php\/produit\/attrape-soleil-sur-pied-avec-pierres-brutes\/"]}]},{"@type":"ImageObject","inLanguage":"fr-FR","@id":"https:\/\/www.creasdecocci.fr\/index.php\/produit\/attrape-soleil-sur-pied-avec-pierres-brutes\/#primaryimage","url":"https:\/\/www.creasdecocci.fr\/wp-content\/uploads\/2026\/02\/6FB371F1-B4DD-4958-BA37-18E1CBE1E22D.jpg","contentUrl":"https:\/\/www.creasdecocci.fr\/wp-content\/uploads\/2026\/02\/6FB371F1-B4DD-4958-BA37-18E1CBE1E22D.jpg","width":1024,"height":1536,"caption":"attrape soleil sur pied pierre"},{"@type":"BreadcrumbList","@id":"https:\/\/www.creasdecocci.fr\/index.php\/produit\/attrape-soleil-sur-pied-avec-pierres-brutes\/#breadcrumb","itemListElement":[{"@type":"ListItem","position":1,"name":"Accueil","item":"https:\/\/www.creasdecocci.fr\/"},{"@type":"ListItem","position":2,"name":"Produits","item":"https:\/\/www.creasdecocci.fr\/index.php\/shop\/"},{"@type":"ListItem","position":3,"name":"Attrape Soleil sur pied avec pierres brutes"}]},{"@type":"WebSite","@id":"https:\/\/www.creasdecocci.fr\/#website","url":"https:\/\/www.creasdecocci.fr\/","name":"bijoux lithoth\u00e9rapie et d\u00e9coration \u00e0 rumilly","description":"","publisher":{"@id":"https:\/\/www.creasdecocci.fr\/#organization"},"potentialAction":[{"@type":"SearchAction","target":{"@type":"EntryPoint","urlTemplate":"https:\/\/www.creasdecocci.fr\/?s={search_term_string}"},"query-input":{"@type":"PropertyValueSpecification","valueRequired":true,"valueName":"search_term_string"}}],"inLanguage":"fr-FR"},{"@type":"Organization","@id":"https:\/\/www.creasdecocci.fr\/#organization","name":"bijoux lithoth\u00e9rapie et d\u00e9coration \u00e0 rumilly","url":"https:\/\/www.creasdecocci.fr\/","logo":{"@type":"ImageObject","inLanguage":"fr-FR","@id":"https:\/\/www.creasdecocci.fr\/#\/schema\/logo\/image\/","url":"https:\/\/www.creasdecocci.fr\/wp-content\/uploads\/2021\/12\/logo_creas_cocci.png","contentUrl":"https:\/\/www.creasdecocci.fr\/wp-content\/uploads\/2021\/12\/logo_creas_cocci.png","width":2212,"height":1060,"caption":"bijoux lithoth\u00e9rapie et d\u00e9coration \u00e0 rumilly"},"image":{"@id":"https:\/\/www.creasdecocci.fr\/#\/schema\/logo\/image\/"}}]}},"jetpack_sharing_enabled":true,"_links":{"self":[{"href":"https:\/\/www.creasdecocci.fr\/index.php\/wp-json\/wp\/v2\/product\/10569","targetHints":{"allow":["GET"]}}],"collection":[{"href":"https:\/\/www.creasdecocci.fr\/index.php\/wp-json\/wp\/v2\/product"}],"about":[{"href":"https:\/\/www.creasdecocci.fr\/index.php\/wp-json\/wp\/v2\/types\/product"}],"version-history":[{"count":5,"href":"https:\/\/www.creasdecocci.fr\/index.php\/wp-json\/wp\/v2\/product\/10569\/revisions"}],"predecessor-version":[{"id":11395,"href":"https:\/\/www.creasdecocci.fr\/index.php\/wp-json\/wp\/v2\/product\/10569\/revisions\/11395"}],"wp:featuredmedia":[{"embeddable":true,"href":"https:\/\/www.creasdecocci.fr\/index.php\/wp-json\/wp\/v2\/media\/10373"}],"wp:attachment":[{"href":"https:\/\/www.creasdecocci.fr\/index.php\/wp-json\/wp\/v2\/media?parent=10569"}],"wp:term":[{"taxonomy":"product_brand","embeddable":true,"href":"https:\/\/www.creasdecocci.fr\/index.php\/wp-json\/wp\/v2\/product_brand?post=10569"},{"taxonomy":"product_cat","embeddable":true,"href":"https:\/\/www.creasdecocci.fr\/index.php\/wp-json\/wp\/v2\/product_cat?post=10569"},{"taxonomy":"product_tag","embeddable":true,"href":"https:\/\/www.creasdecocci.fr\/index.php\/wp-json\/wp\/v2\/product_tag?post=10569"}],"curies":[{"name":"wp","href":"https:\/\/api.w.org\/{rel}","templated":true}]}}