{"id":10577,"date":"2026-02-19T20:22:22","date_gmt":"2026-02-19T19:22:22","guid":{"rendered":"https:\/\/www.creasdecocci.fr\/?post_type=product&#038;p=10577"},"modified":"2026-03-23T14:10:48","modified_gmt":"2026-03-23T13:10:48","slug":"attrape-soleil-arbre-de-vie","status":"publish","type":"product","link":"https:\/\/www.creasdecocci.fr\/index.php\/produit\/attrape-soleil-arbre-de-vie\/","title":{"rendered":"Attrape Soleil arbre de vie"},"content":{"rendered":"<p>Attrape soleil arbre de vie r\u00e9alis\u00e9 \u00e0 la main avec passion et bienveillance, dans mon atelier entre Annecy et Rumilly, avec des perles naturelles de cristal de roche.<\/p>\n<p>Laissez entrer la lumi\u00e8re\u2026 et la douceur dans votre int\u00e9rieur avec cet attrape soleil arbre de vie d\u00e9licat et po\u00e9tique.<\/p>\n<p>Compos\u00e9 de perles naturelles, orn\u00e9 de cristaux scintillants et d\u2019un arbre de vie, il capte la lumi\u00e8re pour la diffuser en mille reflets apaisants.<\/p>\n<p>Au moindre rayon de soleil, de jolis \u00e9clats dansent sur vos murs, cr\u00e9ant une atmosph\u00e8re chaleureuse et r\u00e9confortante.<\/p>\n<p>Suspendu pr\u00e8s d\u2019une fen\u00eatre, dans un espace de vie ou un coin cocooning, cet attrape soleil devient un v\u00e9ritable objet de bien-\u00eatre, entre d\u00e9coration et \u00e9nergie subtile.<\/p>\n<p>Chaque pi\u00e8ce est r\u00e9alis\u00e9e \u00e0 la main avec soin, ce qui la rend unique<\/p>\n<p>D\u00e9tails :<br \/>\n\u2013 Pierre naturelle de cristal de roche<br \/>\n\u2013 Cristaux facett\u00e9s pour capter la lumi\u00e8re<br \/>\n\u2013 Structure fine et \u00e9l\u00e9gante<br \/>\n\u2013 Pi\u00e8ce artisanale<\/p>\n","protected":false},"excerpt":{"rendered":"<p>Attrape soleil arbre de vie r\u00e9alis\u00e9 \u00e0 la main avec passion et bienveillance, dans mon atelier entre Annecy et Rumilly, avec des perles naturelles de cristal de roche. Laissez entrer la lumi\u00e8re\u2026 et la douceur dans votre int\u00e9rieur avec cet attrape soleil arbre de vie d\u00e9licat et po\u00e9tique. Compos\u00e9 de perles naturelles, orn\u00e9 de cristaux scintillants et d\u2019un arbre de vie, il capte la lumi\u00e8re pour la diffuser en mille reflets apaisants. Au moindre rayon de soleil, de jolis \u00e9clats dansent sur vos murs, cr\u00e9ant une atmosph\u00e8re chaleureuse et r\u00e9confortante. Suspendu pr\u00e8s d\u2019une fen\u00eatre, dans un espace de vie ou un coin cocooning, cet attrape soleil devient un v\u00e9ritable objet de bien-\u00eatre, entre d\u00e9coration et \u00e9nergie subtile. Chaque pi\u00e8ce est r\u00e9alis\u00e9e \u00e0 la main avec soin, ce qui la rend unique D\u00e9tails : \u2013 Pierre naturelle de cristal de roche \u2013 Cristaux facett\u00e9s pour capter la lumi\u00e8re \u2013 Structure fine et \u00e9l\u00e9gante \u2013 Pi\u00e8ce artisanale<\/p>\n","protected":false},"featured_media":10380,"template":"","meta":[],"product_brand":[],"product_cat":[600,599],"product_tag":[629,628,476],"class_list":{"0":"post-10577","1":"product","2":"type-product","3":"status-publish","4":"has-post-thumbnail","6":"product_cat-attrape-soleil","7":"product_cat-decoration","8":"product_tag-attrape-lumiere","9":"product_tag-capteur-soleil","10":"product_tag-decoration","12":"first","13":"instock","14":"shipping-taxable","15":"purchasable","16":"product-type-simple"},"yoast_head":"<!-- This site is optimized with the Yoast SEO plugin v27.2 - https:\/\/yoast.com\/product\/yoast-seo-wordpress\/ -->\n<title>Attrape Soleil arbre de vie - bijoux lithoth\u00e9rapie et d\u00e9coration \u00e0 rumilly<\/title>\n<meta name=\"description\" content=\"Cocci vous pr\u00e9sente ses attrape soleil, orn\u00e9s de pierre naturelle et fabriqu\u00e9 dans son atelier entre Annecy et Rumilly : l&#039;Attrape Soleil arbre de vie\" \/>\n<meta name=\"robots\" content=\"index, follow, max-snippet:-1, max-image-preview:large, max-video-preview:-1\" \/>\n<link rel=\"canonical\" href=\"https:\/\/www.creasdecocci.fr\/index.php\/produit\/attrape-soleil-arbre-de-vie\/\" \/>\n<meta property=\"og:locale\" content=\"fr_FR\" \/>\n<meta property=\"og:type\" content=\"article\" \/>\n<meta property=\"og:title\" content=\"Attrape Soleil arbre de vie - bijoux lithoth\u00e9rapie et d\u00e9coration \u00e0 rumilly\" \/>\n<meta property=\"og:description\" content=\"Cocci vous pr\u00e9sente ses attrape soleil, orn\u00e9s de pierre naturelle et fabriqu\u00e9 dans son atelier entre Annecy et Rumilly : l&#039;Attrape Soleil arbre de vie\" \/>\n<meta property=\"og:url\" content=\"https:\/\/www.creasdecocci.fr\/index.php\/produit\/attrape-soleil-arbre-de-vie\/\" \/>\n<meta property=\"og:site_name\" content=\"bijoux lithoth\u00e9rapie et d\u00e9coration \u00e0 rumilly\" \/>\n<meta property=\"article:modified_time\" content=\"2026-03-23T13:10:48+00:00\" \/>\n<meta property=\"og:image\" content=\"https:\/\/www.creasdecocci.fr\/wp-content\/uploads\/2026\/02\/0543A2ED-0393-45F1-8FA0-DA231F0E6FFD.jpg\" \/>\n\t<meta property=\"og:image:width\" content=\"1024\" \/>\n\t<meta property=\"og:image:height\" content=\"1536\" \/>\n\t<meta property=\"og:image:type\" content=\"image\/jpeg\" \/>\n<meta name=\"twitter:card\" content=\"summary_large_image\" \/>\n<meta name=\"twitter:label1\" content=\"Dur\u00e9e de lecture estim\u00e9e\" \/>\n\t<meta name=\"twitter:data1\" content=\"1 minute\" \/>\n<script type=\"application\/ld+json\" class=\"yoast-schema-graph\">{\"@context\":\"https:\/\/schema.org\",\"@graph\":[{\"@type\":\"WebPage\",\"@id\":\"https:\/\/www.creasdecocci.fr\/index.php\/produit\/attrape-soleil-arbre-de-vie\/\",\"url\":\"https:\/\/www.creasdecocci.fr\/index.php\/produit\/attrape-soleil-arbre-de-vie\/\",\"name\":\"Attrape Soleil arbre de vie - bijoux lithoth\u00e9rapie et d\u00e9coration \u00e0 rumilly\",\"isPartOf\":{\"@id\":\"https:\/\/www.creasdecocci.fr\/#website\"},\"primaryImageOfPage\":{\"@id\":\"https:\/\/www.creasdecocci.fr\/index.php\/produit\/attrape-soleil-arbre-de-vie\/#primaryimage\"},\"image\":{\"@id\":\"https:\/\/www.creasdecocci.fr\/index.php\/produit\/attrape-soleil-arbre-de-vie\/#primaryimage\"},\"thumbnailUrl\":\"https:\/\/www.creasdecocci.fr\/wp-content\/uploads\/2026\/02\/0543A2ED-0393-45F1-8FA0-DA231F0E6FFD.jpg\",\"datePublished\":\"2026-02-19T19:22:22+00:00\",\"dateModified\":\"2026-03-23T13:10:48+00:00\",\"description\":\"Cocci vous pr\u00e9sente ses attrape soleil, orn\u00e9s de pierre naturelle et fabriqu\u00e9 dans son atelier entre Annecy et Rumilly : l'Attrape Soleil arbre de vie\",\"breadcrumb\":{\"@id\":\"https:\/\/www.creasdecocci.fr\/index.php\/produit\/attrape-soleil-arbre-de-vie\/#breadcrumb\"},\"inLanguage\":\"fr-FR\",\"potentialAction\":[{\"@type\":\"ReadAction\",\"target\":[\"https:\/\/www.creasdecocci.fr\/index.php\/produit\/attrape-soleil-arbre-de-vie\/\"]}]},{\"@type\":\"ImageObject\",\"inLanguage\":\"fr-FR\",\"@id\":\"https:\/\/www.creasdecocci.fr\/index.php\/produit\/attrape-soleil-arbre-de-vie\/#primaryimage\",\"url\":\"https:\/\/www.creasdecocci.fr\/wp-content\/uploads\/2026\/02\/0543A2ED-0393-45F1-8FA0-DA231F0E6FFD.jpg\",\"contentUrl\":\"https:\/\/www.creasdecocci.fr\/wp-content\/uploads\/2026\/02\/0543A2ED-0393-45F1-8FA0-DA231F0E6FFD.jpg\",\"width\":1024,\"height\":1536,\"caption\":\"attrape soleil arbre de vie\"},{\"@type\":\"BreadcrumbList\",\"@id\":\"https:\/\/www.creasdecocci.fr\/index.php\/produit\/attrape-soleil-arbre-de-vie\/#breadcrumb\",\"itemListElement\":[{\"@type\":\"ListItem\",\"position\":1,\"name\":\"Accueil\",\"item\":\"https:\/\/www.creasdecocci.fr\/\"},{\"@type\":\"ListItem\",\"position\":2,\"name\":\"Produits\",\"item\":\"https:\/\/www.creasdecocci.fr\/index.php\/shop\/\"},{\"@type\":\"ListItem\",\"position\":3,\"name\":\"Attrape Soleil arbre de vie\"}]},{\"@type\":\"WebSite\",\"@id\":\"https:\/\/www.creasdecocci.fr\/#website\",\"url\":\"https:\/\/www.creasdecocci.fr\/\",\"name\":\"bijoux lithoth\u00e9rapie et d\u00e9coration \u00e0 rumilly\",\"description\":\"\",\"publisher\":{\"@id\":\"https:\/\/www.creasdecocci.fr\/#organization\"},\"potentialAction\":[{\"@type\":\"SearchAction\",\"target\":{\"@type\":\"EntryPoint\",\"urlTemplate\":\"https:\/\/www.creasdecocci.fr\/?s={search_term_string}\"},\"query-input\":{\"@type\":\"PropertyValueSpecification\",\"valueRequired\":true,\"valueName\":\"search_term_string\"}}],\"inLanguage\":\"fr-FR\"},{\"@type\":\"Organization\",\"@id\":\"https:\/\/www.creasdecocci.fr\/#organization\",\"name\":\"bijoux lithoth\u00e9rapie et d\u00e9coration \u00e0 rumilly\",\"url\":\"https:\/\/www.creasdecocci.fr\/\",\"logo\":{\"@type\":\"ImageObject\",\"inLanguage\":\"fr-FR\",\"@id\":\"https:\/\/www.creasdecocci.fr\/#\/schema\/logo\/image\/\",\"url\":\"https:\/\/www.creasdecocci.fr\/wp-content\/uploads\/2021\/12\/logo_creas_cocci.png\",\"contentUrl\":\"https:\/\/www.creasdecocci.fr\/wp-content\/uploads\/2021\/12\/logo_creas_cocci.png\",\"width\":2212,\"height\":1060,\"caption\":\"bijoux lithoth\u00e9rapie et d\u00e9coration \u00e0 rumilly\"},\"image\":{\"@id\":\"https:\/\/www.creasdecocci.fr\/#\/schema\/logo\/image\/\"}}]}<\/script>\n<!-- \/ Yoast SEO plugin. -->","yoast_head_json":{"title":"Attrape Soleil arbre de vie - bijoux lithoth\u00e9rapie et d\u00e9coration \u00e0 rumilly","description":"Cocci vous pr\u00e9sente ses attrape soleil, orn\u00e9s de pierre naturelle et fabriqu\u00e9 dans son atelier entre Annecy et Rumilly : l'Attrape Soleil arbre de vie","robots":{"index":"index","follow":"follow","max-snippet":"max-snippet:-1","max-image-preview":"max-image-preview:large","max-video-preview":"max-video-preview:-1"},"canonical":"https:\/\/www.creasdecocci.fr\/index.php\/produit\/attrape-soleil-arbre-de-vie\/","og_locale":"fr_FR","og_type":"article","og_title":"Attrape Soleil arbre de vie - bijoux lithoth\u00e9rapie et d\u00e9coration \u00e0 rumilly","og_description":"Cocci vous pr\u00e9sente ses attrape soleil, orn\u00e9s de pierre naturelle et fabriqu\u00e9 dans son atelier entre Annecy et Rumilly : l'Attrape Soleil arbre de vie","og_url":"https:\/\/www.creasdecocci.fr\/index.php\/produit\/attrape-soleil-arbre-de-vie\/","og_site_name":"bijoux lithoth\u00e9rapie et d\u00e9coration \u00e0 rumilly","article_modified_time":"2026-03-23T13:10:48+00:00","og_image":[{"width":1024,"height":1536,"url":"https:\/\/www.creasdecocci.fr\/wp-content\/uploads\/2026\/02\/0543A2ED-0393-45F1-8FA0-DA231F0E6FFD.jpg","type":"image\/jpeg"}],"twitter_card":"summary_large_image","twitter_misc":{"Dur\u00e9e de lecture estim\u00e9e":"1 minute"},"schema":{"@context":"https:\/\/schema.org","@graph":[{"@type":"WebPage","@id":"https:\/\/www.creasdecocci.fr\/index.php\/produit\/attrape-soleil-arbre-de-vie\/","url":"https:\/\/www.creasdecocci.fr\/index.php\/produit\/attrape-soleil-arbre-de-vie\/","name":"Attrape Soleil arbre de vie - bijoux lithoth\u00e9rapie et d\u00e9coration \u00e0 rumilly","isPartOf":{"@id":"https:\/\/www.creasdecocci.fr\/#website"},"primaryImageOfPage":{"@id":"https:\/\/www.creasdecocci.fr\/index.php\/produit\/attrape-soleil-arbre-de-vie\/#primaryimage"},"image":{"@id":"https:\/\/www.creasdecocci.fr\/index.php\/produit\/attrape-soleil-arbre-de-vie\/#primaryimage"},"thumbnailUrl":"https:\/\/www.creasdecocci.fr\/wp-content\/uploads\/2026\/02\/0543A2ED-0393-45F1-8FA0-DA231F0E6FFD.jpg","datePublished":"2026-02-19T19:22:22+00:00","dateModified":"2026-03-23T13:10:48+00:00","description":"Cocci vous pr\u00e9sente ses attrape soleil, orn\u00e9s de pierre naturelle et fabriqu\u00e9 dans son atelier entre Annecy et Rumilly : l'Attrape Soleil arbre de vie","breadcrumb":{"@id":"https:\/\/www.creasdecocci.fr\/index.php\/produit\/attrape-soleil-arbre-de-vie\/#breadcrumb"},"inLanguage":"fr-FR","potentialAction":[{"@type":"ReadAction","target":["https:\/\/www.creasdecocci.fr\/index.php\/produit\/attrape-soleil-arbre-de-vie\/"]}]},{"@type":"ImageObject","inLanguage":"fr-FR","@id":"https:\/\/www.creasdecocci.fr\/index.php\/produit\/attrape-soleil-arbre-de-vie\/#primaryimage","url":"https:\/\/www.creasdecocci.fr\/wp-content\/uploads\/2026\/02\/0543A2ED-0393-45F1-8FA0-DA231F0E6FFD.jpg","contentUrl":"https:\/\/www.creasdecocci.fr\/wp-content\/uploads\/2026\/02\/0543A2ED-0393-45F1-8FA0-DA231F0E6FFD.jpg","width":1024,"height":1536,"caption":"attrape soleil arbre de vie"},{"@type":"BreadcrumbList","@id":"https:\/\/www.creasdecocci.fr\/index.php\/produit\/attrape-soleil-arbre-de-vie\/#breadcrumb","itemListElement":[{"@type":"ListItem","position":1,"name":"Accueil","item":"https:\/\/www.creasdecocci.fr\/"},{"@type":"ListItem","position":2,"name":"Produits","item":"https:\/\/www.creasdecocci.fr\/index.php\/shop\/"},{"@type":"ListItem","position":3,"name":"Attrape Soleil arbre de vie"}]},{"@type":"WebSite","@id":"https:\/\/www.creasdecocci.fr\/#website","url":"https:\/\/www.creasdecocci.fr\/","name":"bijoux lithoth\u00e9rapie et d\u00e9coration \u00e0 rumilly","description":"","publisher":{"@id":"https:\/\/www.creasdecocci.fr\/#organization"},"potentialAction":[{"@type":"SearchAction","target":{"@type":"EntryPoint","urlTemplate":"https:\/\/www.creasdecocci.fr\/?s={search_term_string}"},"query-input":{"@type":"PropertyValueSpecification","valueRequired":true,"valueName":"search_term_string"}}],"inLanguage":"fr-FR"},{"@type":"Organization","@id":"https:\/\/www.creasdecocci.fr\/#organization","name":"bijoux lithoth\u00e9rapie et d\u00e9coration \u00e0 rumilly","url":"https:\/\/www.creasdecocci.fr\/","logo":{"@type":"ImageObject","inLanguage":"fr-FR","@id":"https:\/\/www.creasdecocci.fr\/#\/schema\/logo\/image\/","url":"https:\/\/www.creasdecocci.fr\/wp-content\/uploads\/2021\/12\/logo_creas_cocci.png","contentUrl":"https:\/\/www.creasdecocci.fr\/wp-content\/uploads\/2021\/12\/logo_creas_cocci.png","width":2212,"height":1060,"caption":"bijoux lithoth\u00e9rapie et d\u00e9coration \u00e0 rumilly"},"image":{"@id":"https:\/\/www.creasdecocci.fr\/#\/schema\/logo\/image\/"}}]}},"jetpack_sharing_enabled":true,"_links":{"self":[{"href":"https:\/\/www.creasdecocci.fr\/index.php\/wp-json\/wp\/v2\/product\/10577","targetHints":{"allow":["GET"]}}],"collection":[{"href":"https:\/\/www.creasdecocci.fr\/index.php\/wp-json\/wp\/v2\/product"}],"about":[{"href":"https:\/\/www.creasdecocci.fr\/index.php\/wp-json\/wp\/v2\/types\/product"}],"version-history":[{"count":3,"href":"https:\/\/www.creasdecocci.fr\/index.php\/wp-json\/wp\/v2\/product\/10577\/revisions"}],"predecessor-version":[{"id":11415,"href":"https:\/\/www.creasdecocci.fr\/index.php\/wp-json\/wp\/v2\/product\/10577\/revisions\/11415"}],"wp:featuredmedia":[{"embeddable":true,"href":"https:\/\/www.creasdecocci.fr\/index.php\/wp-json\/wp\/v2\/media\/10380"}],"wp:attachment":[{"href":"https:\/\/www.creasdecocci.fr\/index.php\/wp-json\/wp\/v2\/media?parent=10577"}],"wp:term":[{"taxonomy":"product_brand","embeddable":true,"href":"https:\/\/www.creasdecocci.fr\/index.php\/wp-json\/wp\/v2\/product_brand?post=10577"},{"taxonomy":"product_cat","embeddable":true,"href":"https:\/\/www.creasdecocci.fr\/index.php\/wp-json\/wp\/v2\/product_cat?post=10577"},{"taxonomy":"product_tag","embeddable":true,"href":"https:\/\/www.creasdecocci.fr\/index.php\/wp-json\/wp\/v2\/product_tag?post=10577"}],"curies":[{"name":"wp","href":"https:\/\/api.w.org\/{rel}","templated":true}]}}