{"id":10800,"date":"2026-02-21T18:08:03","date_gmt":"2026-02-21T17:08:03","guid":{"rendered":"https:\/\/www.creasdecocci.fr\/?post_type=product&#038;p=10800"},"modified":"2026-03-19T15:07:02","modified_gmt":"2026-03-19T14:07:02","slug":"boucles-doreilles-orbita","status":"publish","type":"product","link":"https:\/\/www.creasdecocci.fr\/index.php\/produit\/boucles-doreilles-orbita\/","title":{"rendered":"Boucles d&rsquo;oreilles Orbita"},"content":{"rendered":"<p data-start=\"41\" data-end=\"92\"><strong data-start=\"41\" data-end=\"92\">Boucles d\u2019oreilles Orbita \u2013 Cr\u00e9ation artisanale r\u00e9alis\u00e9e \u00e0 la main dans mon atelier \u00e0 Marcellaz-Albanais.<\/strong><\/p>\n<p data-start=\"94\" data-end=\"227\">Laissez-vous s\u00e9duire par les boucles d\u2019oreilles Orbita, une cr\u00e9ation moderne et audacieuse qui joue avec l\u2019asym\u00e9trie et le mouvement.<\/p>\n<p data-start=\"229\" data-end=\"495\">Pens\u00e9es comme deux \u00e9l\u00e9ments en \u00e9quilibre autour d\u2019une m\u00eame id\u00e9e, ces boucles d\u00e9pareill\u00e9es cr\u00e9ent un effet visuel unique et captivant. Leur design \u00e9voque des orbites en mouvement, m\u00ealant formes, volumes et d\u00e9tails d\u00e9licats pour un rendu \u00e0 la fois original et \u00e9l\u00e9gant.<\/p>\n<p data-start=\"497\" data-end=\"633\">Chaque boucle poss\u00e8de sa propre identit\u00e9 tout en restant parfaitement compl\u00e9mentaire, pour un bijou qui attire le regard avec subtilit\u00e9.<\/p>\n<p data-start=\"635\" data-end=\"808\">Leur design associe harmonieusement :<br data-start=\"672\" data-end=\"675\" \/>\u2022 une composition asym\u00e9trique travaill\u00e9e<br data-start=\"715\" data-end=\"718\" \/>\u2022 des \u00e9l\u00e9ments fins et a\u00e9riens<br data-start=\"748\" data-end=\"751\" \/>\u2022 un jeu de formes et de mouvements inspir\u00e9 des orbites<\/p>\n<p data-start=\"810\" data-end=\"910\">Chaque paire est assembl\u00e9e avec soin, pour offrir un bijou l\u00e9ger, confortable et plein de caract\u00e8re.<\/p>\n<p data-start=\"912\" data-end=\"913\">\u2e3b<\/p>\n<p data-start=\"915\" data-end=\"1204\"><strong data-start=\"915\" data-end=\"928\">D\u00e9tails :<\/strong><br data-start=\"928\" data-end=\"931\" \/>\u2022 Mod\u00e8le : Boucles d\u2019oreilles Orbita<br data-start=\"967\" data-end=\"970\" \/>\u2022 Type : Boucles asym\u00e9triques<br data-start=\"1131\" data-end=\"1134\" \/>\u2022 Attaches : argent 925 ou argent dor\u00e9 \u00e0 l&rsquo;or fin<br data-start=\"1163\" data-end=\"1166\" \/>\u2022 Fabrication : Assemblage artisanal \u2013 fait main dans mon atelier<\/p>\n<p data-start=\"1206\" data-end=\"1207\">\u2e3b<\/p>\n<p data-start=\"1209\" data-end=\"1390\"><strong data-start=\"1209\" data-end=\"1235\">Pourquoi on les aime :<\/strong><br data-start=\"1235\" data-end=\"1238\" \/>\u2022 Design original et moderne<br data-start=\"1266\" data-end=\"1269\" \/>\u2022 Effet asym\u00e9trique tendance<br data-start=\"1297\" data-end=\"1300\" \/>\u2022 Bijoux l\u00e9gers et agr\u00e9ables \u00e0 porter<br data-start=\"1337\" data-end=\"1340\" \/>\u2022 Parfait pour affirmer son style avec subtilit\u00e9<\/p>\n<p data-start=\"1392\" data-end=\"1393\">\u2e3b<\/p>\n<p data-start=\"1395\" data-end=\"1535\">Une cr\u00e9ation id\u00e9ale pour celles qui aiment sortir des codes avec \u00e9l\u00e9gance, et apporter une touche artistique et contemporaine \u00e0 leur tenue.<\/p>\n","protected":false},"excerpt":{"rendered":"<p>Boucles d\u2019oreilles Orbita \u2013 Cr\u00e9ation artisanale r\u00e9alis\u00e9e \u00e0 la main dans mon atelier \u00e0 Marcellaz-Albanais. Laissez-vous s\u00e9duire par les boucles d\u2019oreilles Orbita, une cr\u00e9ation moderne et audacieuse qui joue avec l\u2019asym\u00e9trie et le mouvement. Pens\u00e9es comme deux \u00e9l\u00e9ments en \u00e9quilibre autour d\u2019une m\u00eame id\u00e9e, ces boucles d\u00e9pareill\u00e9es cr\u00e9ent un effet visuel unique et captivant. Leur design \u00e9voque des orbites en mouvement, m\u00ealant formes, volumes et d\u00e9tails d\u00e9licats pour un rendu \u00e0 la fois original et \u00e9l\u00e9gant. Chaque boucle poss\u00e8de sa propre identit\u00e9 tout en restant parfaitement compl\u00e9mentaire, pour un bijou qui attire le regard avec subtilit\u00e9. Leur design associe harmonieusement :\u2022 une composition asym\u00e9trique travaill\u00e9e\u2022 des \u00e9l\u00e9ments fins et a\u00e9riens\u2022 un jeu de formes et de mouvements inspir\u00e9 des orbites Chaque paire est assembl\u00e9e avec soin, pour offrir un bijou l\u00e9ger, confortable et plein de caract\u00e8re. \u2e3b D\u00e9tails :\u2022 Mod\u00e8le : Boucles d\u2019oreilles Orbita\u2022 Type : Boucles asym\u00e9triques\u2022 Attaches : argent 925 ou argent dor\u00e9 \u00e0 l&rsquo;or fin\u2022 Fabrication : Assemblage artisanal \u2013 fait main dans mon atelier \u2e3b Pourquoi on les aime :\u2022 Design original et moderne\u2022 Effet asym\u00e9trique tendance\u2022 Bijoux l\u00e9gers et agr\u00e9ables \u00e0 porter\u2022 Parfait pour affirmer son style avec subtilit\u00e9 \u2e3b Une cr\u00e9ation id\u00e9ale pour celles qui aiment sortir des codes avec \u00e9l\u00e9gance, et apporter une touche artistique et contemporaine \u00e0 leur tenue.<\/p>\n","protected":false},"featured_media":10636,"template":"","meta":[],"product_brand":[],"product_cat":[23,360],"product_tag":[622,626],"class_list":{"0":"post-10800","1":"product","2":"type-product","3":"status-publish","4":"has-post-thumbnail","6":"product_cat-bijoux","7":"product_cat-boucles-doreilles","8":"product_tag-boucles","9":"product_tag-pierre","10":"pa_perle-agate-arbre","11":"pa_perle-agate-botswana","12":"pa_perle-agate-de-feu","13":"pa_perle-aigue-marine","14":"pa_perle-amazonite","15":"pa_perle-amethyste","16":"pa_perle-angelite","17":"pa_perle-apatite","18":"pa_perle-aventurine","19":"pa_perle-bois-petrifie","20":"pa_perle-bronzite","21":"pa_perle-calcedoine","22":"pa_perle-chrysocolle","23":"pa_perle-citrine","24":"pa_perle-cornaline","25":"pa_perle-cristal-de-roche","26":"pa_perle-fluorine","27":"pa_perle-grenat","28":"pa_perle-hematite","29":"pa_perle-hessonite","30":"pa_perle-howlite","31":"pa_perle-jade","32":"pa_perle-jade-nephrite","33":"pa_perle-jaspe-dalmatien","34":"pa_perle-jaspe-paysage","35":"pa_perle-jaspe-rouge","36":"pa_perle-jaspe-sanguine","37":"pa_perle-kunzite","38":"pa_perle-labradorite","39":"pa_perle-lapis-lazuli","40":"pa_perle-lepidolite","41":"pa_perle-malachite","42":"pa_perle-mokaite","43":"pa_perle-nacre","44":"pa_perle-obsidienne","45":"pa_perle-obsidienne-neige","46":"pa_perle-oeil-de-faucon","47":"pa_perle-oeil-de-taureau","48":"pa_perle-oeil-de-tigre","49":"pa_perle-onyx","50":"pa_perle-opale-verte","51":"pa_perle-pierre-de-lave","52":"pa_perle-pierre-de-lune","53":"pa_perle-pierre-de-soleil","54":"pa_perle-pyrite","55":"pa_perle-quartz-fraise","56":"pa_perle-quartz-fume","57":"pa_perle-quartz-rose","58":"pa_perle-rhodonite","59":"pa_perle-serpentine","60":"pa_perle-sodalite","61":"pa_perle-tourmaline-rose","62":"pa_perle-turquoise","63":"pa_perle-turquoise-afrique","64":"pa_perle-unakite","66":"first","67":"instock","68":"shipping-taxable","69":"purchasable","70":"product-type-variable"},"yoast_head":"<!-- This site is optimized with the Yoast SEO plugin v27.2 - https:\/\/yoast.com\/product\/yoast-seo-wordpress\/ -->\n<title>Boucles d&#039;oreilles Orbita - bijoux lithoth\u00e9rapie et d\u00e9coration \u00e0 rumilly<\/title>\n<meta name=\"description\" content=\"Cocci vous pr\u00e9sente sa collection de bijoux orn\u00e9s de perles en pierre naturelle fabriqu\u00e9 dans son atelier pr\u00e8s de Rumilly : Boucles d&#039;oreilles Orbita\" \/>\n<meta name=\"robots\" content=\"index, follow, max-snippet:-1, max-image-preview:large, max-video-preview:-1\" \/>\n<link rel=\"canonical\" href=\"https:\/\/www.creasdecocci.fr\/index.php\/produit\/boucles-doreilles-orbita\/\" \/>\n<meta property=\"og:locale\" content=\"fr_FR\" \/>\n<meta property=\"og:type\" content=\"article\" \/>\n<meta property=\"og:title\" content=\"Boucles d&#039;oreilles Orbita - bijoux lithoth\u00e9rapie et d\u00e9coration \u00e0 rumilly\" \/>\n<meta property=\"og:description\" content=\"Cocci vous pr\u00e9sente sa collection de bijoux orn\u00e9s de perles en pierre naturelle fabriqu\u00e9 dans son atelier pr\u00e8s de Rumilly : Boucles d&#039;oreilles Orbita\" \/>\n<meta property=\"og:url\" content=\"https:\/\/www.creasdecocci.fr\/index.php\/produit\/boucles-doreilles-orbita\/\" \/>\n<meta property=\"og:site_name\" content=\"bijoux lithoth\u00e9rapie et d\u00e9coration \u00e0 rumilly\" \/>\n<meta property=\"article:modified_time\" content=\"2026-03-19T14:07:02+00:00\" \/>\n<meta property=\"og:image\" content=\"https:\/\/www.creasdecocci.fr\/wp-content\/uploads\/2026\/02\/B819370C-C490-4C56-8EE4-1A09F20A49E8-1-683x1024.png\" \/>\n\t<meta property=\"og:image:width\" content=\"683\" \/>\n\t<meta property=\"og:image:height\" content=\"1024\" \/>\n\t<meta property=\"og:image:type\" content=\"image\/png\" \/>\n<meta name=\"twitter:card\" content=\"summary_large_image\" \/>\n<meta name=\"twitter:label1\" content=\"Dur\u00e9e de lecture estim\u00e9e\" \/>\n\t<meta name=\"twitter:data1\" content=\"1 minute\" \/>\n<script type=\"application\/ld+json\" class=\"yoast-schema-graph\">{\"@context\":\"https:\/\/schema.org\",\"@graph\":[{\"@type\":\"WebPage\",\"@id\":\"https:\/\/www.creasdecocci.fr\/index.php\/produit\/boucles-doreilles-orbita\/\",\"url\":\"https:\/\/www.creasdecocci.fr\/index.php\/produit\/boucles-doreilles-orbita\/\",\"name\":\"Boucles d'oreilles Orbita - bijoux lithoth\u00e9rapie et d\u00e9coration \u00e0 rumilly\",\"isPartOf\":{\"@id\":\"https:\/\/www.creasdecocci.fr\/#website\"},\"primaryImageOfPage\":{\"@id\":\"https:\/\/www.creasdecocci.fr\/index.php\/produit\/boucles-doreilles-orbita\/#primaryimage\"},\"image\":{\"@id\":\"https:\/\/www.creasdecocci.fr\/index.php\/produit\/boucles-doreilles-orbita\/#primaryimage\"},\"thumbnailUrl\":\"https:\/\/www.creasdecocci.fr\/wp-content\/uploads\/2026\/02\/B819370C-C490-4C56-8EE4-1A09F20A49E8-1.png\",\"datePublished\":\"2026-02-21T17:08:03+00:00\",\"dateModified\":\"2026-03-19T14:07:02+00:00\",\"description\":\"Cocci vous pr\u00e9sente sa collection de bijoux orn\u00e9s de perles en pierre naturelle fabriqu\u00e9 dans son atelier pr\u00e8s de Rumilly : Boucles d'oreilles Orbita\",\"breadcrumb\":{\"@id\":\"https:\/\/www.creasdecocci.fr\/index.php\/produit\/boucles-doreilles-orbita\/#breadcrumb\"},\"inLanguage\":\"fr-FR\",\"potentialAction\":[{\"@type\":\"ReadAction\",\"target\":[\"https:\/\/www.creasdecocci.fr\/index.php\/produit\/boucles-doreilles-orbita\/\"]}]},{\"@type\":\"ImageObject\",\"inLanguage\":\"fr-FR\",\"@id\":\"https:\/\/www.creasdecocci.fr\/index.php\/produit\/boucles-doreilles-orbita\/#primaryimage\",\"url\":\"https:\/\/www.creasdecocci.fr\/wp-content\/uploads\/2026\/02\/B819370C-C490-4C56-8EE4-1A09F20A49E8-1.png\",\"contentUrl\":\"https:\/\/www.creasdecocci.fr\/wp-content\/uploads\/2026\/02\/B819370C-C490-4C56-8EE4-1A09F20A49E8-1.png\",\"width\":1024,\"height\":1536,\"caption\":\"boucles Orbita\"},{\"@type\":\"BreadcrumbList\",\"@id\":\"https:\/\/www.creasdecocci.fr\/index.php\/produit\/boucles-doreilles-orbita\/#breadcrumb\",\"itemListElement\":[{\"@type\":\"ListItem\",\"position\":1,\"name\":\"Accueil\",\"item\":\"https:\/\/www.creasdecocci.fr\/\"},{\"@type\":\"ListItem\",\"position\":2,\"name\":\"Produits\",\"item\":\"https:\/\/www.creasdecocci.fr\/index.php\/shop\/\"},{\"@type\":\"ListItem\",\"position\":3,\"name\":\"Boucles d&rsquo;oreilles Orbita\"}]},{\"@type\":\"WebSite\",\"@id\":\"https:\/\/www.creasdecocci.fr\/#website\",\"url\":\"https:\/\/www.creasdecocci.fr\/\",\"name\":\"bijoux lithoth\u00e9rapie et d\u00e9coration \u00e0 rumilly\",\"description\":\"\",\"publisher\":{\"@id\":\"https:\/\/www.creasdecocci.fr\/#organization\"},\"potentialAction\":[{\"@type\":\"SearchAction\",\"target\":{\"@type\":\"EntryPoint\",\"urlTemplate\":\"https:\/\/www.creasdecocci.fr\/?s={search_term_string}\"},\"query-input\":{\"@type\":\"PropertyValueSpecification\",\"valueRequired\":true,\"valueName\":\"search_term_string\"}}],\"inLanguage\":\"fr-FR\"},{\"@type\":\"Organization\",\"@id\":\"https:\/\/www.creasdecocci.fr\/#organization\",\"name\":\"bijoux lithoth\u00e9rapie et d\u00e9coration \u00e0 rumilly\",\"url\":\"https:\/\/www.creasdecocci.fr\/\",\"logo\":{\"@type\":\"ImageObject\",\"inLanguage\":\"fr-FR\",\"@id\":\"https:\/\/www.creasdecocci.fr\/#\/schema\/logo\/image\/\",\"url\":\"https:\/\/www.creasdecocci.fr\/wp-content\/uploads\/2021\/12\/logo_creas_cocci.png\",\"contentUrl\":\"https:\/\/www.creasdecocci.fr\/wp-content\/uploads\/2021\/12\/logo_creas_cocci.png\",\"width\":2212,\"height\":1060,\"caption\":\"bijoux lithoth\u00e9rapie et d\u00e9coration \u00e0 rumilly\"},\"image\":{\"@id\":\"https:\/\/www.creasdecocci.fr\/#\/schema\/logo\/image\/\"}}]}<\/script>\n<!-- \/ Yoast SEO plugin. -->","yoast_head_json":{"title":"Boucles d'oreilles Orbita - bijoux lithoth\u00e9rapie et d\u00e9coration \u00e0 rumilly","description":"Cocci vous pr\u00e9sente sa collection de bijoux orn\u00e9s de perles en pierre naturelle fabriqu\u00e9 dans son atelier pr\u00e8s de Rumilly : Boucles d'oreilles Orbita","robots":{"index":"index","follow":"follow","max-snippet":"max-snippet:-1","max-image-preview":"max-image-preview:large","max-video-preview":"max-video-preview:-1"},"canonical":"https:\/\/www.creasdecocci.fr\/index.php\/produit\/boucles-doreilles-orbita\/","og_locale":"fr_FR","og_type":"article","og_title":"Boucles d'oreilles Orbita - bijoux lithoth\u00e9rapie et d\u00e9coration \u00e0 rumilly","og_description":"Cocci vous pr\u00e9sente sa collection de bijoux orn\u00e9s de perles en pierre naturelle fabriqu\u00e9 dans son atelier pr\u00e8s de Rumilly : Boucles d'oreilles Orbita","og_url":"https:\/\/www.creasdecocci.fr\/index.php\/produit\/boucles-doreilles-orbita\/","og_site_name":"bijoux lithoth\u00e9rapie et d\u00e9coration \u00e0 rumilly","article_modified_time":"2026-03-19T14:07:02+00:00","og_image":[{"width":683,"height":1024,"url":"https:\/\/www.creasdecocci.fr\/wp-content\/uploads\/2026\/02\/B819370C-C490-4C56-8EE4-1A09F20A49E8-1-683x1024.png","type":"image\/png"}],"twitter_card":"summary_large_image","twitter_misc":{"Dur\u00e9e de lecture estim\u00e9e":"1 minute"},"schema":{"@context":"https:\/\/schema.org","@graph":[{"@type":"WebPage","@id":"https:\/\/www.creasdecocci.fr\/index.php\/produit\/boucles-doreilles-orbita\/","url":"https:\/\/www.creasdecocci.fr\/index.php\/produit\/boucles-doreilles-orbita\/","name":"Boucles d'oreilles Orbita - bijoux lithoth\u00e9rapie et d\u00e9coration \u00e0 rumilly","isPartOf":{"@id":"https:\/\/www.creasdecocci.fr\/#website"},"primaryImageOfPage":{"@id":"https:\/\/www.creasdecocci.fr\/index.php\/produit\/boucles-doreilles-orbita\/#primaryimage"},"image":{"@id":"https:\/\/www.creasdecocci.fr\/index.php\/produit\/boucles-doreilles-orbita\/#primaryimage"},"thumbnailUrl":"https:\/\/www.creasdecocci.fr\/wp-content\/uploads\/2026\/02\/B819370C-C490-4C56-8EE4-1A09F20A49E8-1.png","datePublished":"2026-02-21T17:08:03+00:00","dateModified":"2026-03-19T14:07:02+00:00","description":"Cocci vous pr\u00e9sente sa collection de bijoux orn\u00e9s de perles en pierre naturelle fabriqu\u00e9 dans son atelier pr\u00e8s de Rumilly : Boucles d'oreilles Orbita","breadcrumb":{"@id":"https:\/\/www.creasdecocci.fr\/index.php\/produit\/boucles-doreilles-orbita\/#breadcrumb"},"inLanguage":"fr-FR","potentialAction":[{"@type":"ReadAction","target":["https:\/\/www.creasdecocci.fr\/index.php\/produit\/boucles-doreilles-orbita\/"]}]},{"@type":"ImageObject","inLanguage":"fr-FR","@id":"https:\/\/www.creasdecocci.fr\/index.php\/produit\/boucles-doreilles-orbita\/#primaryimage","url":"https:\/\/www.creasdecocci.fr\/wp-content\/uploads\/2026\/02\/B819370C-C490-4C56-8EE4-1A09F20A49E8-1.png","contentUrl":"https:\/\/www.creasdecocci.fr\/wp-content\/uploads\/2026\/02\/B819370C-C490-4C56-8EE4-1A09F20A49E8-1.png","width":1024,"height":1536,"caption":"boucles Orbita"},{"@type":"BreadcrumbList","@id":"https:\/\/www.creasdecocci.fr\/index.php\/produit\/boucles-doreilles-orbita\/#breadcrumb","itemListElement":[{"@type":"ListItem","position":1,"name":"Accueil","item":"https:\/\/www.creasdecocci.fr\/"},{"@type":"ListItem","position":2,"name":"Produits","item":"https:\/\/www.creasdecocci.fr\/index.php\/shop\/"},{"@type":"ListItem","position":3,"name":"Boucles d&rsquo;oreilles Orbita"}]},{"@type":"WebSite","@id":"https:\/\/www.creasdecocci.fr\/#website","url":"https:\/\/www.creasdecocci.fr\/","name":"bijoux lithoth\u00e9rapie et d\u00e9coration \u00e0 rumilly","description":"","publisher":{"@id":"https:\/\/www.creasdecocci.fr\/#organization"},"potentialAction":[{"@type":"SearchAction","target":{"@type":"EntryPoint","urlTemplate":"https:\/\/www.creasdecocci.fr\/?s={search_term_string}"},"query-input":{"@type":"PropertyValueSpecification","valueRequired":true,"valueName":"search_term_string"}}],"inLanguage":"fr-FR"},{"@type":"Organization","@id":"https:\/\/www.creasdecocci.fr\/#organization","name":"bijoux lithoth\u00e9rapie et d\u00e9coration \u00e0 rumilly","url":"https:\/\/www.creasdecocci.fr\/","logo":{"@type":"ImageObject","inLanguage":"fr-FR","@id":"https:\/\/www.creasdecocci.fr\/#\/schema\/logo\/image\/","url":"https:\/\/www.creasdecocci.fr\/wp-content\/uploads\/2021\/12\/logo_creas_cocci.png","contentUrl":"https:\/\/www.creasdecocci.fr\/wp-content\/uploads\/2021\/12\/logo_creas_cocci.png","width":2212,"height":1060,"caption":"bijoux lithoth\u00e9rapie et d\u00e9coration \u00e0 rumilly"},"image":{"@id":"https:\/\/www.creasdecocci.fr\/#\/schema\/logo\/image\/"}}]}},"jetpack_sharing_enabled":true,"_links":{"self":[{"href":"https:\/\/www.creasdecocci.fr\/index.php\/wp-json\/wp\/v2\/product\/10800","targetHints":{"allow":["GET"]}}],"collection":[{"href":"https:\/\/www.creasdecocci.fr\/index.php\/wp-json\/wp\/v2\/product"}],"about":[{"href":"https:\/\/www.creasdecocci.fr\/index.php\/wp-json\/wp\/v2\/types\/product"}],"version-history":[{"count":3,"href":"https:\/\/www.creasdecocci.fr\/index.php\/wp-json\/wp\/v2\/product\/10800\/revisions"}],"predecessor-version":[{"id":11344,"href":"https:\/\/www.creasdecocci.fr\/index.php\/wp-json\/wp\/v2\/product\/10800\/revisions\/11344"}],"wp:featuredmedia":[{"embeddable":true,"href":"https:\/\/www.creasdecocci.fr\/index.php\/wp-json\/wp\/v2\/media\/10636"}],"wp:attachment":[{"href":"https:\/\/www.creasdecocci.fr\/index.php\/wp-json\/wp\/v2\/media?parent=10800"}],"wp:term":[{"taxonomy":"product_brand","embeddable":true,"href":"https:\/\/www.creasdecocci.fr\/index.php\/wp-json\/wp\/v2\/product_brand?post=10800"},{"taxonomy":"product_cat","embeddable":true,"href":"https:\/\/www.creasdecocci.fr\/index.php\/wp-json\/wp\/v2\/product_cat?post=10800"},{"taxonomy":"product_tag","embeddable":true,"href":"https:\/\/www.creasdecocci.fr\/index.php\/wp-json\/wp\/v2\/product_tag?post=10800"}],"curies":[{"name":"wp","href":"https:\/\/api.w.org\/{rel}","templated":true}]}}