{"id":10803,"date":"2026-02-21T18:09:40","date_gmt":"2026-02-21T17:09:40","guid":{"rendered":"https:\/\/www.creasdecocci.fr\/?post_type=product&#038;p=10803"},"modified":"2026-03-22T08:27:02","modified_gmt":"2026-03-22T07:27:02","slug":"boucles-doreilles-astra","status":"publish","type":"product","link":"https:\/\/www.creasdecocci.fr\/index.php\/produit\/boucles-doreilles-astra\/","title":{"rendered":"Boucles d&rsquo;oreilles Astra"},"content":{"rendered":"<p data-start=\"62\" data-end=\"112\"><strong data-start=\"62\" data-end=\"112\">Boucles d\u2019oreilles Astra \u2013 Cr\u00e9ation artisanale r\u00e9alis\u00e9e \u00e0 la main dans mon atelier \u00e0 Marcellaz-Albanais.<\/strong><\/p>\n<p data-start=\"114\" data-end=\"266\">Laissez-vous s\u00e9duire par les boucles d\u2019oreilles Astra, une cr\u00e9ation au style c\u00e9leste et affirm\u00e9, inspir\u00e9e des cycles lunaires et de l\u2019\u00e9l\u00e9gance cosmique.<\/p>\n<p data-start=\"268\" data-end=\"518\">Leur design graphique et harmonieux associe des formes g\u00e9om\u00e9triques dor\u00e9es \u00e0 de d\u00e9licates perles naturelles aux reflets profonds. Le croissant de lune, symbole de f\u00e9minit\u00e9 et de renouveau, apporte une dimension mystique et po\u00e9tique \u00e0 ce bijou unique.<\/p>\n<p data-start=\"520\" data-end=\"682\">Le jeu de textures entre les \u00e9l\u00e9ments martel\u00e9s, les courbes douces et les cha\u00eenes fines cr\u00e9e un mouvement subtil et capte la lumi\u00e8re avec \u00e9l\u00e9gance \u00e0 chaque geste.<\/p>\n<p data-start=\"684\" data-end=\"899\">Leur design associe harmonieusement :<br data-start=\"763\" data-end=\"766\" \/>\u2022 un croissant de lune d\u00e9licat<br data-start=\"796\" data-end=\"799\" \/>\u2022 une perle naturelle<br \/>\n\u2022 une fine cha\u00eene apportant l\u00e9g\u00e8ret\u00e9 et mouvement<\/p>\n<p data-start=\"901\" data-end=\"1003\">Chaque paire est assembl\u00e9e avec soin, pour un bijou \u00e0 la fois audacieux, raffin\u00e9 et agr\u00e9able \u00e0 porter.<\/p>\n<p data-start=\"1005\" data-end=\"1006\">\u2e3b<\/p>\n<p data-start=\"1008\" data-end=\"1224\"><strong data-start=\"1008\" data-end=\"1021\">D\u00e9tails :<\/strong><br data-start=\"1021\" data-end=\"1024\" \/>\u2022 Mod\u00e8le : Boucles d\u2019oreilles Astra<br data-start=\"1097\" data-end=\"1100\" \/>\u2022 Pierre : Pierre naturelle<br data-start=\"1146\" data-end=\"1149\" \/>\u2022 Attaches : argent 925 ou argent dor\u00e9 \u00e0 l&rsquo;or fin<br data-start=\"1183\" data-end=\"1186\" \/>\u2022 Fabrication : Assemblage artisanal \u2013 fait main dans mon atelier<\/p>\n<p data-start=\"1229\" data-end=\"1411\"><strong data-start=\"1229\" data-end=\"1255\">Pourquoi on les aime :<\/strong><br data-start=\"1255\" data-end=\"1258\" \/>\u2022 Design c\u00e9leste et tendance<br data-start=\"1286\" data-end=\"1289\" \/>\u2022 Bijoux l\u00e9gers malgr\u00e9 leur caract\u00e8re<br data-start=\"1326\" data-end=\"1329\" \/>\u2022 Jeu de textures et de mouvements<br data-start=\"1363\" data-end=\"1366\" \/>\u2022 Id\u00e9al pour un look boh\u00e8me chic ou affirm\u00e9<\/p>\n<p data-start=\"1416\" data-end=\"1602\">Une cr\u00e9ation parfaite pour celles qui aiment les bijoux de caract\u00e8re, inspir\u00e9s par la lune et les \u00e9toiles, et qui souhaitent apporter une touche lumineuse et myst\u00e9rieuse \u00e0 leur tenue<\/p>\n","protected":false},"excerpt":{"rendered":"<p>Boucles d\u2019oreilles Astra \u2013 Cr\u00e9ation artisanale r\u00e9alis\u00e9e \u00e0 la main dans mon atelier \u00e0 Marcellaz-Albanais. Laissez-vous s\u00e9duire par les boucles d\u2019oreilles Astra, une cr\u00e9ation au style c\u00e9leste et affirm\u00e9, inspir\u00e9e des cycles lunaires et de l\u2019\u00e9l\u00e9gance cosmique. Leur design graphique et harmonieux associe des formes g\u00e9om\u00e9triques dor\u00e9es \u00e0 de d\u00e9licates perles naturelles aux reflets profonds. Le croissant de lune, symbole de f\u00e9minit\u00e9 et de renouveau, apporte une dimension mystique et po\u00e9tique \u00e0 ce bijou unique. Le jeu de textures entre les \u00e9l\u00e9ments martel\u00e9s, les courbes douces et les cha\u00eenes fines cr\u00e9e un mouvement subtil et capte la lumi\u00e8re avec \u00e9l\u00e9gance \u00e0 chaque geste. Leur design associe harmonieusement :\u2022 un croissant de lune d\u00e9licat\u2022 une perle naturelle \u2022 une fine cha\u00eene apportant l\u00e9g\u00e8ret\u00e9 et mouvement Chaque paire est assembl\u00e9e avec soin, pour un bijou \u00e0 la fois audacieux, raffin\u00e9 et agr\u00e9able \u00e0 porter. \u2e3b D\u00e9tails :\u2022 Mod\u00e8le : Boucles d\u2019oreilles Astra\u2022 Pierre : Pierre naturelle\u2022 Attaches : argent 925 ou argent dor\u00e9 \u00e0 l&rsquo;or fin\u2022 Fabrication : Assemblage artisanal \u2013 fait main dans mon atelier Pourquoi on les aime :\u2022 Design c\u00e9leste et tendance\u2022 Bijoux l\u00e9gers malgr\u00e9 leur caract\u00e8re\u2022 Jeu de textures et de mouvements\u2022 Id\u00e9al pour un look boh\u00e8me chic ou affirm\u00e9 Une cr\u00e9ation parfaite pour celles qui aiment les bijoux de caract\u00e8re, inspir\u00e9s par la lune et les \u00e9toiles, et qui souhaitent apporter une touche lumineuse et myst\u00e9rieuse \u00e0 leur tenue<\/p>\n","protected":false},"featured_media":11321,"template":"","meta":[],"product_brand":[],"product_cat":[23,360],"product_tag":[622,624],"class_list":{"0":"post-10803","1":"product","2":"type-product","3":"status-publish","4":"has-post-thumbnail","6":"product_cat-bijoux","7":"product_cat-boucles-doreilles","8":"product_tag-boucles","9":"product_tag-perles","10":"pa_perle-agate-arbre","11":"pa_perle-agate-botswana","12":"pa_perle-agate-de-feu","13":"pa_perle-aigue-marine","14":"pa_perle-amazonite","15":"pa_perle-amethyste","16":"pa_perle-angelite","17":"pa_perle-apatite","18":"pa_perle-aventurine","19":"pa_perle-bois-petrifie","20":"pa_perle-bronzite","21":"pa_perle-calcedoine","22":"pa_perle-chrysocolle","23":"pa_perle-citrine","24":"pa_perle-cornaline","25":"pa_perle-cristal-de-roche","26":"pa_perle-fluorine","27":"pa_perle-grenat","28":"pa_perle-hematite","29":"pa_perle-hessonite","30":"pa_perle-howlite","31":"pa_perle-jade","32":"pa_perle-jade-nephrite","33":"pa_perle-jaspe-dalmatien","34":"pa_perle-jaspe-paysage","35":"pa_perle-jaspe-rouge","36":"pa_perle-jaspe-sanguine","37":"pa_perle-kunzite","38":"pa_perle-labradorite","39":"pa_perle-lapis-lazuli","40":"pa_perle-lepidolite","41":"pa_perle-malachite","42":"pa_perle-mokaite","43":"pa_perle-nacre","44":"pa_perle-obsidienne","45":"pa_perle-obsidienne-neige","46":"pa_perle-oeil-de-faucon","47":"pa_perle-oeil-de-sainte-lucie","48":"pa_perle-oeil-de-taureau","49":"pa_perle-oeil-de-tigre","50":"pa_perle-onyx","51":"pa_perle-opale-verte","52":"pa_perle-pierre-de-lave","53":"pa_perle-pierre-de-lune","54":"pa_perle-pierre-de-soleil","55":"pa_perle-pyrite","56":"pa_perle-quartz-fraise","57":"pa_perle-quartz-fume","58":"pa_perle-quartz-rose","59":"pa_perle-rhodonite","60":"pa_perle-serpentine","61":"pa_perle-sodalite","62":"pa_perle-tourmaline-rose","63":"pa_perle-turquoise","64":"pa_perle-turquoise-afrique","65":"pa_perle-unakite","67":"first","68":"instock","69":"shipping-taxable","70":"purchasable","71":"product-type-variable"},"yoast_head":"<!-- This site is optimized with the Yoast SEO plugin v27.2 - https:\/\/yoast.com\/product\/yoast-seo-wordpress\/ -->\n<title>Boucles d&#039;oreilles Astra - bijoux lithoth\u00e9rapie et d\u00e9coration \u00e0 rumilly<\/title>\n<meta name=\"description\" content=\"Cocci vous pr\u00e9sente sa collection de bijoux orn\u00e9s de perles en pierre naturelle fabriqu\u00e9 dans son atelier pr\u00e8s de Rumilly : Boucles d&#039;oreilles Astra\" \/>\n<meta name=\"robots\" content=\"index, follow, max-snippet:-1, max-image-preview:large, max-video-preview:-1\" \/>\n<link rel=\"canonical\" href=\"https:\/\/www.creasdecocci.fr\/index.php\/produit\/boucles-doreilles-astra\/\" \/>\n<meta property=\"og:locale\" content=\"fr_FR\" \/>\n<meta property=\"og:type\" content=\"article\" \/>\n<meta property=\"og:title\" content=\"Boucles d&#039;oreilles Astra - bijoux lithoth\u00e9rapie et d\u00e9coration \u00e0 rumilly\" \/>\n<meta property=\"og:description\" content=\"Cocci vous pr\u00e9sente sa collection de bijoux orn\u00e9s de perles en pierre naturelle fabriqu\u00e9 dans son atelier pr\u00e8s de Rumilly : Boucles d&#039;oreilles Astra\" \/>\n<meta property=\"og:url\" content=\"https:\/\/www.creasdecocci.fr\/index.php\/produit\/boucles-doreilles-astra\/\" \/>\n<meta property=\"og:site_name\" content=\"bijoux lithoth\u00e9rapie et d\u00e9coration \u00e0 rumilly\" \/>\n<meta property=\"article:modified_time\" content=\"2026-03-22T07:27:02+00:00\" \/>\n<meta property=\"og:image\" content=\"https:\/\/www.creasdecocci.fr\/wp-content\/uploads\/2026\/03\/Photoroom_20260318_172150.jpg\" \/>\n\t<meta property=\"og:image:width\" content=\"2400\" \/>\n\t<meta property=\"og:image:height\" content=\"2400\" \/>\n\t<meta property=\"og:image:type\" content=\"image\/jpeg\" \/>\n<meta name=\"twitter:card\" content=\"summary_large_image\" \/>\n<meta name=\"twitter:label1\" content=\"Dur\u00e9e de lecture estim\u00e9e\" \/>\n\t<meta name=\"twitter:data1\" content=\"1 minute\" \/>\n<script type=\"application\/ld+json\" class=\"yoast-schema-graph\">{\"@context\":\"https:\/\/schema.org\",\"@graph\":[{\"@type\":\"WebPage\",\"@id\":\"https:\/\/www.creasdecocci.fr\/index.php\/produit\/boucles-doreilles-astra\/\",\"url\":\"https:\/\/www.creasdecocci.fr\/index.php\/produit\/boucles-doreilles-astra\/\",\"name\":\"Boucles d'oreilles Astra - bijoux lithoth\u00e9rapie et d\u00e9coration \u00e0 rumilly\",\"isPartOf\":{\"@id\":\"https:\/\/www.creasdecocci.fr\/#website\"},\"primaryImageOfPage\":{\"@id\":\"https:\/\/www.creasdecocci.fr\/index.php\/produit\/boucles-doreilles-astra\/#primaryimage\"},\"image\":{\"@id\":\"https:\/\/www.creasdecocci.fr\/index.php\/produit\/boucles-doreilles-astra\/#primaryimage\"},\"thumbnailUrl\":\"https:\/\/www.creasdecocci.fr\/wp-content\/uploads\/2026\/03\/Photoroom_20260318_172150.jpg\",\"datePublished\":\"2026-02-21T17:09:40+00:00\",\"dateModified\":\"2026-03-22T07:27:02+00:00\",\"description\":\"Cocci vous pr\u00e9sente sa collection de bijoux orn\u00e9s de perles en pierre naturelle fabriqu\u00e9 dans son atelier pr\u00e8s de Rumilly : Boucles d'oreilles Astra\",\"breadcrumb\":{\"@id\":\"https:\/\/www.creasdecocci.fr\/index.php\/produit\/boucles-doreilles-astra\/#breadcrumb\"},\"inLanguage\":\"fr-FR\",\"potentialAction\":[{\"@type\":\"ReadAction\",\"target\":[\"https:\/\/www.creasdecocci.fr\/index.php\/produit\/boucles-doreilles-astra\/\"]}]},{\"@type\":\"ImageObject\",\"inLanguage\":\"fr-FR\",\"@id\":\"https:\/\/www.creasdecocci.fr\/index.php\/produit\/boucles-doreilles-astra\/#primaryimage\",\"url\":\"https:\/\/www.creasdecocci.fr\/wp-content\/uploads\/2026\/03\/Photoroom_20260318_172150.jpg\",\"contentUrl\":\"https:\/\/www.creasdecocci.fr\/wp-content\/uploads\/2026\/03\/Photoroom_20260318_172150.jpg\",\"width\":2400,\"height\":2400,\"caption\":\"boucles d'oreilles Astra\"},{\"@type\":\"BreadcrumbList\",\"@id\":\"https:\/\/www.creasdecocci.fr\/index.php\/produit\/boucles-doreilles-astra\/#breadcrumb\",\"itemListElement\":[{\"@type\":\"ListItem\",\"position\":1,\"name\":\"Accueil\",\"item\":\"https:\/\/www.creasdecocci.fr\/\"},{\"@type\":\"ListItem\",\"position\":2,\"name\":\"Produits\",\"item\":\"https:\/\/www.creasdecocci.fr\/index.php\/shop\/\"},{\"@type\":\"ListItem\",\"position\":3,\"name\":\"Boucles d&rsquo;oreilles Astra\"}]},{\"@type\":\"WebSite\",\"@id\":\"https:\/\/www.creasdecocci.fr\/#website\",\"url\":\"https:\/\/www.creasdecocci.fr\/\",\"name\":\"bijoux lithoth\u00e9rapie et d\u00e9coration \u00e0 rumilly\",\"description\":\"\",\"publisher\":{\"@id\":\"https:\/\/www.creasdecocci.fr\/#organization\"},\"potentialAction\":[{\"@type\":\"SearchAction\",\"target\":{\"@type\":\"EntryPoint\",\"urlTemplate\":\"https:\/\/www.creasdecocci.fr\/?s={search_term_string}\"},\"query-input\":{\"@type\":\"PropertyValueSpecification\",\"valueRequired\":true,\"valueName\":\"search_term_string\"}}],\"inLanguage\":\"fr-FR\"},{\"@type\":\"Organization\",\"@id\":\"https:\/\/www.creasdecocci.fr\/#organization\",\"name\":\"bijoux lithoth\u00e9rapie et d\u00e9coration \u00e0 rumilly\",\"url\":\"https:\/\/www.creasdecocci.fr\/\",\"logo\":{\"@type\":\"ImageObject\",\"inLanguage\":\"fr-FR\",\"@id\":\"https:\/\/www.creasdecocci.fr\/#\/schema\/logo\/image\/\",\"url\":\"https:\/\/www.creasdecocci.fr\/wp-content\/uploads\/2021\/12\/logo_creas_cocci.png\",\"contentUrl\":\"https:\/\/www.creasdecocci.fr\/wp-content\/uploads\/2021\/12\/logo_creas_cocci.png\",\"width\":2212,\"height\":1060,\"caption\":\"bijoux lithoth\u00e9rapie et d\u00e9coration \u00e0 rumilly\"},\"image\":{\"@id\":\"https:\/\/www.creasdecocci.fr\/#\/schema\/logo\/image\/\"}}]}<\/script>\n<!-- \/ Yoast SEO plugin. -->","yoast_head_json":{"title":"Boucles d'oreilles Astra - bijoux lithoth\u00e9rapie et d\u00e9coration \u00e0 rumilly","description":"Cocci vous pr\u00e9sente sa collection de bijoux orn\u00e9s de perles en pierre naturelle fabriqu\u00e9 dans son atelier pr\u00e8s de Rumilly : Boucles d'oreilles Astra","robots":{"index":"index","follow":"follow","max-snippet":"max-snippet:-1","max-image-preview":"max-image-preview:large","max-video-preview":"max-video-preview:-1"},"canonical":"https:\/\/www.creasdecocci.fr\/index.php\/produit\/boucles-doreilles-astra\/","og_locale":"fr_FR","og_type":"article","og_title":"Boucles d'oreilles Astra - bijoux lithoth\u00e9rapie et d\u00e9coration \u00e0 rumilly","og_description":"Cocci vous pr\u00e9sente sa collection de bijoux orn\u00e9s de perles en pierre naturelle fabriqu\u00e9 dans son atelier pr\u00e8s de Rumilly : Boucles d'oreilles Astra","og_url":"https:\/\/www.creasdecocci.fr\/index.php\/produit\/boucles-doreilles-astra\/","og_site_name":"bijoux lithoth\u00e9rapie et d\u00e9coration \u00e0 rumilly","article_modified_time":"2026-03-22T07:27:02+00:00","og_image":[{"width":2400,"height":2400,"url":"https:\/\/www.creasdecocci.fr\/wp-content\/uploads\/2026\/03\/Photoroom_20260318_172150.jpg","type":"image\/jpeg"}],"twitter_card":"summary_large_image","twitter_misc":{"Dur\u00e9e de lecture estim\u00e9e":"1 minute"},"schema":{"@context":"https:\/\/schema.org","@graph":[{"@type":"WebPage","@id":"https:\/\/www.creasdecocci.fr\/index.php\/produit\/boucles-doreilles-astra\/","url":"https:\/\/www.creasdecocci.fr\/index.php\/produit\/boucles-doreilles-astra\/","name":"Boucles d'oreilles Astra - bijoux lithoth\u00e9rapie et d\u00e9coration \u00e0 rumilly","isPartOf":{"@id":"https:\/\/www.creasdecocci.fr\/#website"},"primaryImageOfPage":{"@id":"https:\/\/www.creasdecocci.fr\/index.php\/produit\/boucles-doreilles-astra\/#primaryimage"},"image":{"@id":"https:\/\/www.creasdecocci.fr\/index.php\/produit\/boucles-doreilles-astra\/#primaryimage"},"thumbnailUrl":"https:\/\/www.creasdecocci.fr\/wp-content\/uploads\/2026\/03\/Photoroom_20260318_172150.jpg","datePublished":"2026-02-21T17:09:40+00:00","dateModified":"2026-03-22T07:27:02+00:00","description":"Cocci vous pr\u00e9sente sa collection de bijoux orn\u00e9s de perles en pierre naturelle fabriqu\u00e9 dans son atelier pr\u00e8s de Rumilly : Boucles d'oreilles Astra","breadcrumb":{"@id":"https:\/\/www.creasdecocci.fr\/index.php\/produit\/boucles-doreilles-astra\/#breadcrumb"},"inLanguage":"fr-FR","potentialAction":[{"@type":"ReadAction","target":["https:\/\/www.creasdecocci.fr\/index.php\/produit\/boucles-doreilles-astra\/"]}]},{"@type":"ImageObject","inLanguage":"fr-FR","@id":"https:\/\/www.creasdecocci.fr\/index.php\/produit\/boucles-doreilles-astra\/#primaryimage","url":"https:\/\/www.creasdecocci.fr\/wp-content\/uploads\/2026\/03\/Photoroom_20260318_172150.jpg","contentUrl":"https:\/\/www.creasdecocci.fr\/wp-content\/uploads\/2026\/03\/Photoroom_20260318_172150.jpg","width":2400,"height":2400,"caption":"boucles d'oreilles Astra"},{"@type":"BreadcrumbList","@id":"https:\/\/www.creasdecocci.fr\/index.php\/produit\/boucles-doreilles-astra\/#breadcrumb","itemListElement":[{"@type":"ListItem","position":1,"name":"Accueil","item":"https:\/\/www.creasdecocci.fr\/"},{"@type":"ListItem","position":2,"name":"Produits","item":"https:\/\/www.creasdecocci.fr\/index.php\/shop\/"},{"@type":"ListItem","position":3,"name":"Boucles d&rsquo;oreilles Astra"}]},{"@type":"WebSite","@id":"https:\/\/www.creasdecocci.fr\/#website","url":"https:\/\/www.creasdecocci.fr\/","name":"bijoux lithoth\u00e9rapie et d\u00e9coration \u00e0 rumilly","description":"","publisher":{"@id":"https:\/\/www.creasdecocci.fr\/#organization"},"potentialAction":[{"@type":"SearchAction","target":{"@type":"EntryPoint","urlTemplate":"https:\/\/www.creasdecocci.fr\/?s={search_term_string}"},"query-input":{"@type":"PropertyValueSpecification","valueRequired":true,"valueName":"search_term_string"}}],"inLanguage":"fr-FR"},{"@type":"Organization","@id":"https:\/\/www.creasdecocci.fr\/#organization","name":"bijoux lithoth\u00e9rapie et d\u00e9coration \u00e0 rumilly","url":"https:\/\/www.creasdecocci.fr\/","logo":{"@type":"ImageObject","inLanguage":"fr-FR","@id":"https:\/\/www.creasdecocci.fr\/#\/schema\/logo\/image\/","url":"https:\/\/www.creasdecocci.fr\/wp-content\/uploads\/2021\/12\/logo_creas_cocci.png","contentUrl":"https:\/\/www.creasdecocci.fr\/wp-content\/uploads\/2021\/12\/logo_creas_cocci.png","width":2212,"height":1060,"caption":"bijoux lithoth\u00e9rapie et d\u00e9coration \u00e0 rumilly"},"image":{"@id":"https:\/\/www.creasdecocci.fr\/#\/schema\/logo\/image\/"}}]}},"jetpack_sharing_enabled":true,"_links":{"self":[{"href":"https:\/\/www.creasdecocci.fr\/index.php\/wp-json\/wp\/v2\/product\/10803","targetHints":{"allow":["GET"]}}],"collection":[{"href":"https:\/\/www.creasdecocci.fr\/index.php\/wp-json\/wp\/v2\/product"}],"about":[{"href":"https:\/\/www.creasdecocci.fr\/index.php\/wp-json\/wp\/v2\/types\/product"}],"version-history":[{"count":3,"href":"https:\/\/www.creasdecocci.fr\/index.php\/wp-json\/wp\/v2\/product\/10803\/revisions"}],"predecessor-version":[{"id":11335,"href":"https:\/\/www.creasdecocci.fr\/index.php\/wp-json\/wp\/v2\/product\/10803\/revisions\/11335"}],"wp:featuredmedia":[{"embeddable":true,"href":"https:\/\/www.creasdecocci.fr\/index.php\/wp-json\/wp\/v2\/media\/11321"}],"wp:attachment":[{"href":"https:\/\/www.creasdecocci.fr\/index.php\/wp-json\/wp\/v2\/media?parent=10803"}],"wp:term":[{"taxonomy":"product_brand","embeddable":true,"href":"https:\/\/www.creasdecocci.fr\/index.php\/wp-json\/wp\/v2\/product_brand?post=10803"},{"taxonomy":"product_cat","embeddable":true,"href":"https:\/\/www.creasdecocci.fr\/index.php\/wp-json\/wp\/v2\/product_cat?post=10803"},{"taxonomy":"product_tag","embeddable":true,"href":"https:\/\/www.creasdecocci.fr\/index.php\/wp-json\/wp\/v2\/product_tag?post=10803"}],"curies":[{"name":"wp","href":"https:\/\/api.w.org\/{rel}","templated":true}]}}