{"id":10808,"date":"2026-02-21T18:11:47","date_gmt":"2026-02-21T17:11:47","guid":{"rendered":"https:\/\/www.creasdecocci.fr\/?post_type=product&#038;p=10808"},"modified":"2026-03-23T13:56:49","modified_gmt":"2026-03-23T12:56:49","slug":"attrape-soleil-sur-pied-perles","status":"publish","type":"product","link":"https:\/\/www.creasdecocci.fr\/index.php\/produit\/attrape-soleil-sur-pied-perles\/","title":{"rendered":"Attrape Soleil sur pied perles"},"content":{"rendered":"\t\t<div data-elementor-type=\"wp-post\" data-elementor-id=\"10808\" class=\"elementor elementor-10808\">\n\t\t\t\t\t\t<section class=\"elementor-section elementor-top-section elementor-element elementor-element-417776df elementor-section-boxed elementor-section-height-default elementor-section-height-default\" data-id=\"417776df\" data-element_type=\"section\" data-e-type=\"section\">\n\t\t\t\t\t\t<div class=\"elementor-container elementor-column-gap-default\">\n\t\t\t\t\t<div class=\"elementor-column elementor-col-100 elementor-top-column elementor-element elementor-element-20fc8570\" data-id=\"20fc8570\" data-element_type=\"column\" data-e-type=\"column\">\n\t\t\t<div class=\"elementor-widget-wrap elementor-element-populated\">\n\t\t\t\t\t\t<div class=\"elementor-element elementor-element-1b68c1ed elementor-widget elementor-widget-text-editor\" data-id=\"1b68c1ed\" data-element_type=\"widget\" data-e-type=\"widget\" data-widget_type=\"text-editor.default\">\n\t\t\t\t<div class=\"elementor-widget-container\">\n\t\t\t\t\t\t\t\t\t<p>Apportez une touche de lumi\u00e8re et de po\u00e9sie \u00e0 votre int\u00e9rieur avec cet attrape-soleil sur pied perles, \u00e0 la fois \u00e9l\u00e9gant et apaisant<\/p><p>Suspendu \u00e0 sa structure fine et a\u00e9rienne, ce d\u00e9licat assemblage de cercles dor\u00e9s et de cristaux capte la lumi\u00e8re naturelle pour la transformer en une pluie de reflets scintillants.<\/p><p>Au fil de la journ\u00e9e, il danse avec les rayons du soleil et diffuse une atmosph\u00e8re douce, chaleureuse et r\u00e9confortante dans votre espace.<\/p><p>Contrairement aux mod\u00e8les \u00e0 suspendre, sa version sur pied vous permet de le poser o\u00f9 vous le souhaitez : sur une \u00e9tag\u00e8re, une table, un rebord de fen\u00eatre ou un coin cocooning\u2026<\/p><p>V\u00e9ritable objet d\u00e9coratif, il invite \u00e0 ralentir, \u00e0 contempler et \u00e0 cr\u00e9er un espace de bien-\u00eatre chez soi.<\/p><p>Chaque pi\u00e8ce est r\u00e9alis\u00e9e \u00e0 la main avec soin, ce qui la rend unique.<\/p><p>D\u00e9tails :<br \/>\u2013 Structure m\u00e9tallique sur pied, stable et \u00e9l\u00e9gante<br \/>\u2013 Cercles dor\u00e9s fins et harmonieux<br \/>\u2013 Cristaux facett\u00e9s capteurs de lumi\u00e8re<\/p><p>\u2013 pierre naturelle au choix<\/p><p>\u2013 Pi\u00e8ce artisanale<\/p>\t\t\t\t\t\t\t\t<\/div>\n\t\t\t\t<\/div>\n\t\t\t\t\t<\/div>\n\t\t<\/div>\n\t\t\t\t\t<\/div>\n\t\t<\/section>\n\t\t\t\t<\/div>\n\t\t","protected":false},"excerpt":{"rendered":"<p>Apportez une touche de lumi\u00e8re et de po\u00e9sie \u00e0 votre int\u00e9rieur avec cet attrape-soleil sur pied perles, \u00e0 la fois \u00e9l\u00e9gant et apaisant Suspendu \u00e0 sa structure fine et a\u00e9rienne, ce d\u00e9licat assemblage de cercles dor\u00e9s et de cristaux capte la lumi\u00e8re naturelle pour la transformer en une pluie de reflets scintillants. Au fil de la journ\u00e9e, il danse avec les rayons du soleil et diffuse une atmosph\u00e8re douce, chaleureuse et r\u00e9confortante dans votre espace. Contrairement aux mod\u00e8les \u00e0 suspendre, sa version sur pied vous permet de le poser o\u00f9 vous le souhaitez : sur une \u00e9tag\u00e8re, une table, un rebord de fen\u00eatre ou un coin cocooning\u2026 V\u00e9ritable objet d\u00e9coratif, il invite \u00e0 ralentir, \u00e0 contempler et \u00e0 cr\u00e9er un espace de bien-\u00eatre chez soi. Chaque pi\u00e8ce est r\u00e9alis\u00e9e \u00e0 la main avec soin, ce qui la rend unique. D\u00e9tails : \u2013 Structure m\u00e9tallique sur pied, stable et \u00e9l\u00e9gante \u2013 Cercles dor\u00e9s fins et harmonieux \u2013 Cristaux facett\u00e9s capteurs de lumi\u00e8re \u2013 pierre naturelle au choix \u2013 Pi\u00e8ce artisanale<\/p>\n","protected":false},"featured_media":10637,"template":"","meta":[],"product_brand":[],"product_cat":[600,599],"product_tag":[629,628,476],"class_list":{"0":"post-10808","1":"product","2":"type-product","3":"status-publish","4":"has-post-thumbnail","6":"product_cat-attrape-soleil","7":"product_cat-decoration","8":"product_tag-attrape-lumiere","9":"product_tag-capteur-soleil","10":"product_tag-decoration","11":"pa_perle-agate-arbre","12":"pa_perle-agate-botswana","13":"pa_perle-agate-de-feu","14":"pa_perle-aigue-marine","15":"pa_perle-amazonite","16":"pa_perle-amethyste","17":"pa_perle-angelite","18":"pa_perle-apatite","19":"pa_perle-aventurine","20":"pa_perle-bois-petrifie","21":"pa_perle-bronzite","22":"pa_perle-calcedoine","23":"pa_perle-chrysocolle","24":"pa_perle-citrine","25":"pa_perle-cornaline","26":"pa_perle-cristal-de-roche","27":"pa_perle-fluorine","28":"pa_perle-fluorite","29":"pa_perle-grenat","30":"pa_perle-hematite","31":"pa_perle-hessonite","32":"pa_perle-howlite","33":"pa_perle-jade","34":"pa_perle-jade-nephrite","35":"pa_perle-jaspe-dalmatien","36":"pa_perle-jaspe-paysage","37":"pa_perle-jaspe-rouge","38":"pa_perle-jaspe-sanguine","39":"pa_perle-kunzite","40":"pa_perle-labradorite","41":"pa_perle-lapis-lazuli","42":"pa_perle-lepidolite","43":"pa_perle-malachite","44":"pa_perle-mokaite","45":"pa_perle-nacre","46":"pa_perle-obsidienne","47":"pa_perle-obsidienne-neige","48":"pa_perle-oeil-de-faucon","49":"pa_perle-oeil-de-taureau","50":"pa_perle-oeil-de-tigre","51":"pa_perle-onyx","52":"pa_perle-opale-verte","53":"pa_perle-pierre-de-lave","54":"pa_perle-pierre-de-lune","55":"pa_perle-pierre-de-soleil","56":"pa_perle-pyrite","57":"pa_perle-quartz-fraise","58":"pa_perle-quartz-fume","59":"pa_perle-quartz-rose","60":"pa_perle-rhodonite","61":"pa_perle-serpentine","62":"pa_perle-sodalite","63":"pa_perle-tourmaline-rose","64":"pa_perle-turquoise","65":"pa_perle-turquoise-afrique","66":"pa_perle-unakite","68":"first","69":"instock","70":"shipping-taxable","71":"purchasable","72":"product-type-variable"},"yoast_head":"<!-- This site is optimized with the Yoast SEO plugin v27.2 - https:\/\/yoast.com\/product\/yoast-seo-wordpress\/ -->\n<title>Attrape Soleil sur pied perles - bijoux lithoth\u00e9rapie et d\u00e9coration \u00e0 rumilly<\/title>\n<meta name=\"description\" content=\"Cocci vous pr\u00e9sente ses attrape soleil, orn\u00e9s de pierre naturelle et fabriqu\u00e9s dans son atelier entre Annecy et Rumilly : Attrape Soleil sur pied perles\" \/>\n<meta name=\"robots\" content=\"index, follow, max-snippet:-1, max-image-preview:large, max-video-preview:-1\" \/>\n<link rel=\"canonical\" href=\"https:\/\/www.creasdecocci.fr\/index.php\/produit\/attrape-soleil-sur-pied-perles\/\" \/>\n<meta property=\"og:locale\" content=\"fr_FR\" \/>\n<meta property=\"og:type\" content=\"article\" \/>\n<meta property=\"og:title\" content=\"Attrape Soleil sur pied perles - bijoux lithoth\u00e9rapie et d\u00e9coration \u00e0 rumilly\" \/>\n<meta property=\"og:description\" content=\"Cocci vous pr\u00e9sente ses attrape soleil, orn\u00e9s de pierre naturelle et fabriqu\u00e9s dans son atelier entre Annecy et Rumilly : Attrape Soleil sur pied perles\" \/>\n<meta property=\"og:url\" content=\"https:\/\/www.creasdecocci.fr\/index.php\/produit\/attrape-soleil-sur-pied-perles\/\" \/>\n<meta property=\"og:site_name\" content=\"bijoux lithoth\u00e9rapie et d\u00e9coration \u00e0 rumilly\" \/>\n<meta property=\"article:modified_time\" content=\"2026-03-23T12:56:49+00:00\" \/>\n<meta property=\"og:image\" content=\"https:\/\/www.creasdecocci.fr\/wp-content\/uploads\/2026\/02\/B165D18A-58D1-4480-97B7-4C0FB2236DCA-1-683x1024.png\" \/>\n\t<meta property=\"og:image:width\" content=\"683\" \/>\n\t<meta property=\"og:image:height\" content=\"1024\" \/>\n\t<meta property=\"og:image:type\" content=\"image\/png\" \/>\n<meta name=\"twitter:card\" content=\"summary_large_image\" \/>\n<meta name=\"twitter:label1\" content=\"Dur\u00e9e de lecture estim\u00e9e\" \/>\n\t<meta name=\"twitter:data1\" content=\"1 minute\" \/>\n<script type=\"application\/ld+json\" class=\"yoast-schema-graph\">{\"@context\":\"https:\/\/schema.org\",\"@graph\":[{\"@type\":\"WebPage\",\"@id\":\"https:\/\/www.creasdecocci.fr\/index.php\/produit\/attrape-soleil-sur-pied-perles\/\",\"url\":\"https:\/\/www.creasdecocci.fr\/index.php\/produit\/attrape-soleil-sur-pied-perles\/\",\"name\":\"Attrape Soleil sur pied perles - bijoux lithoth\u00e9rapie et d\u00e9coration \u00e0 rumilly\",\"isPartOf\":{\"@id\":\"https:\/\/www.creasdecocci.fr\/#website\"},\"primaryImageOfPage\":{\"@id\":\"https:\/\/www.creasdecocci.fr\/index.php\/produit\/attrape-soleil-sur-pied-perles\/#primaryimage\"},\"image\":{\"@id\":\"https:\/\/www.creasdecocci.fr\/index.php\/produit\/attrape-soleil-sur-pied-perles\/#primaryimage\"},\"thumbnailUrl\":\"https:\/\/www.creasdecocci.fr\/wp-content\/uploads\/2026\/02\/B165D18A-58D1-4480-97B7-4C0FB2236DCA-1.png\",\"datePublished\":\"2026-02-21T17:11:47+00:00\",\"dateModified\":\"2026-03-23T12:56:49+00:00\",\"description\":\"Cocci vous pr\u00e9sente ses attrape soleil, orn\u00e9s de pierre naturelle et fabriqu\u00e9s dans son atelier entre Annecy et Rumilly : Attrape Soleil sur pied perles\",\"breadcrumb\":{\"@id\":\"https:\/\/www.creasdecocci.fr\/index.php\/produit\/attrape-soleil-sur-pied-perles\/#breadcrumb\"},\"inLanguage\":\"fr-FR\",\"potentialAction\":[{\"@type\":\"ReadAction\",\"target\":[\"https:\/\/www.creasdecocci.fr\/index.php\/produit\/attrape-soleil-sur-pied-perles\/\"]}]},{\"@type\":\"ImageObject\",\"inLanguage\":\"fr-FR\",\"@id\":\"https:\/\/www.creasdecocci.fr\/index.php\/produit\/attrape-soleil-sur-pied-perles\/#primaryimage\",\"url\":\"https:\/\/www.creasdecocci.fr\/wp-content\/uploads\/2026\/02\/B165D18A-58D1-4480-97B7-4C0FB2236DCA-1.png\",\"contentUrl\":\"https:\/\/www.creasdecocci.fr\/wp-content\/uploads\/2026\/02\/B165D18A-58D1-4480-97B7-4C0FB2236DCA-1.png\",\"width\":1024,\"height\":1536,\"caption\":\"attrape soleil sur pied perles\"},{\"@type\":\"BreadcrumbList\",\"@id\":\"https:\/\/www.creasdecocci.fr\/index.php\/produit\/attrape-soleil-sur-pied-perles\/#breadcrumb\",\"itemListElement\":[{\"@type\":\"ListItem\",\"position\":1,\"name\":\"Accueil\",\"item\":\"https:\/\/www.creasdecocci.fr\/\"},{\"@type\":\"ListItem\",\"position\":2,\"name\":\"Produits\",\"item\":\"https:\/\/www.creasdecocci.fr\/index.php\/shop\/\"},{\"@type\":\"ListItem\",\"position\":3,\"name\":\"Attrape Soleil sur pied perles\"}]},{\"@type\":\"WebSite\",\"@id\":\"https:\/\/www.creasdecocci.fr\/#website\",\"url\":\"https:\/\/www.creasdecocci.fr\/\",\"name\":\"bijoux lithoth\u00e9rapie et d\u00e9coration \u00e0 rumilly\",\"description\":\"\",\"publisher\":{\"@id\":\"https:\/\/www.creasdecocci.fr\/#organization\"},\"potentialAction\":[{\"@type\":\"SearchAction\",\"target\":{\"@type\":\"EntryPoint\",\"urlTemplate\":\"https:\/\/www.creasdecocci.fr\/?s={search_term_string}\"},\"query-input\":{\"@type\":\"PropertyValueSpecification\",\"valueRequired\":true,\"valueName\":\"search_term_string\"}}],\"inLanguage\":\"fr-FR\"},{\"@type\":\"Organization\",\"@id\":\"https:\/\/www.creasdecocci.fr\/#organization\",\"name\":\"bijoux lithoth\u00e9rapie et d\u00e9coration \u00e0 rumilly\",\"url\":\"https:\/\/www.creasdecocci.fr\/\",\"logo\":{\"@type\":\"ImageObject\",\"inLanguage\":\"fr-FR\",\"@id\":\"https:\/\/www.creasdecocci.fr\/#\/schema\/logo\/image\/\",\"url\":\"https:\/\/www.creasdecocci.fr\/wp-content\/uploads\/2021\/12\/logo_creas_cocci.png\",\"contentUrl\":\"https:\/\/www.creasdecocci.fr\/wp-content\/uploads\/2021\/12\/logo_creas_cocci.png\",\"width\":2212,\"height\":1060,\"caption\":\"bijoux lithoth\u00e9rapie et d\u00e9coration \u00e0 rumilly\"},\"image\":{\"@id\":\"https:\/\/www.creasdecocci.fr\/#\/schema\/logo\/image\/\"}}]}<\/script>\n<!-- \/ Yoast SEO plugin. -->","yoast_head_json":{"title":"Attrape Soleil sur pied perles - bijoux lithoth\u00e9rapie et d\u00e9coration \u00e0 rumilly","description":"Cocci vous pr\u00e9sente ses attrape soleil, orn\u00e9s de pierre naturelle et fabriqu\u00e9s dans son atelier entre Annecy et Rumilly : Attrape Soleil sur pied perles","robots":{"index":"index","follow":"follow","max-snippet":"max-snippet:-1","max-image-preview":"max-image-preview:large","max-video-preview":"max-video-preview:-1"},"canonical":"https:\/\/www.creasdecocci.fr\/index.php\/produit\/attrape-soleil-sur-pied-perles\/","og_locale":"fr_FR","og_type":"article","og_title":"Attrape Soleil sur pied perles - bijoux lithoth\u00e9rapie et d\u00e9coration \u00e0 rumilly","og_description":"Cocci vous pr\u00e9sente ses attrape soleil, orn\u00e9s de pierre naturelle et fabriqu\u00e9s dans son atelier entre Annecy et Rumilly : Attrape Soleil sur pied perles","og_url":"https:\/\/www.creasdecocci.fr\/index.php\/produit\/attrape-soleil-sur-pied-perles\/","og_site_name":"bijoux lithoth\u00e9rapie et d\u00e9coration \u00e0 rumilly","article_modified_time":"2026-03-23T12:56:49+00:00","og_image":[{"width":683,"height":1024,"url":"https:\/\/www.creasdecocci.fr\/wp-content\/uploads\/2026\/02\/B165D18A-58D1-4480-97B7-4C0FB2236DCA-1-683x1024.png","type":"image\/png"}],"twitter_card":"summary_large_image","twitter_misc":{"Dur\u00e9e de lecture estim\u00e9e":"1 minute"},"schema":{"@context":"https:\/\/schema.org","@graph":[{"@type":"WebPage","@id":"https:\/\/www.creasdecocci.fr\/index.php\/produit\/attrape-soleil-sur-pied-perles\/","url":"https:\/\/www.creasdecocci.fr\/index.php\/produit\/attrape-soleil-sur-pied-perles\/","name":"Attrape Soleil sur pied perles - bijoux lithoth\u00e9rapie et d\u00e9coration \u00e0 rumilly","isPartOf":{"@id":"https:\/\/www.creasdecocci.fr\/#website"},"primaryImageOfPage":{"@id":"https:\/\/www.creasdecocci.fr\/index.php\/produit\/attrape-soleil-sur-pied-perles\/#primaryimage"},"image":{"@id":"https:\/\/www.creasdecocci.fr\/index.php\/produit\/attrape-soleil-sur-pied-perles\/#primaryimage"},"thumbnailUrl":"https:\/\/www.creasdecocci.fr\/wp-content\/uploads\/2026\/02\/B165D18A-58D1-4480-97B7-4C0FB2236DCA-1.png","datePublished":"2026-02-21T17:11:47+00:00","dateModified":"2026-03-23T12:56:49+00:00","description":"Cocci vous pr\u00e9sente ses attrape soleil, orn\u00e9s de pierre naturelle et fabriqu\u00e9s dans son atelier entre Annecy et Rumilly : Attrape Soleil sur pied perles","breadcrumb":{"@id":"https:\/\/www.creasdecocci.fr\/index.php\/produit\/attrape-soleil-sur-pied-perles\/#breadcrumb"},"inLanguage":"fr-FR","potentialAction":[{"@type":"ReadAction","target":["https:\/\/www.creasdecocci.fr\/index.php\/produit\/attrape-soleil-sur-pied-perles\/"]}]},{"@type":"ImageObject","inLanguage":"fr-FR","@id":"https:\/\/www.creasdecocci.fr\/index.php\/produit\/attrape-soleil-sur-pied-perles\/#primaryimage","url":"https:\/\/www.creasdecocci.fr\/wp-content\/uploads\/2026\/02\/B165D18A-58D1-4480-97B7-4C0FB2236DCA-1.png","contentUrl":"https:\/\/www.creasdecocci.fr\/wp-content\/uploads\/2026\/02\/B165D18A-58D1-4480-97B7-4C0FB2236DCA-1.png","width":1024,"height":1536,"caption":"attrape soleil sur pied perles"},{"@type":"BreadcrumbList","@id":"https:\/\/www.creasdecocci.fr\/index.php\/produit\/attrape-soleil-sur-pied-perles\/#breadcrumb","itemListElement":[{"@type":"ListItem","position":1,"name":"Accueil","item":"https:\/\/www.creasdecocci.fr\/"},{"@type":"ListItem","position":2,"name":"Produits","item":"https:\/\/www.creasdecocci.fr\/index.php\/shop\/"},{"@type":"ListItem","position":3,"name":"Attrape Soleil sur pied perles"}]},{"@type":"WebSite","@id":"https:\/\/www.creasdecocci.fr\/#website","url":"https:\/\/www.creasdecocci.fr\/","name":"bijoux lithoth\u00e9rapie et d\u00e9coration \u00e0 rumilly","description":"","publisher":{"@id":"https:\/\/www.creasdecocci.fr\/#organization"},"potentialAction":[{"@type":"SearchAction","target":{"@type":"EntryPoint","urlTemplate":"https:\/\/www.creasdecocci.fr\/?s={search_term_string}"},"query-input":{"@type":"PropertyValueSpecification","valueRequired":true,"valueName":"search_term_string"}}],"inLanguage":"fr-FR"},{"@type":"Organization","@id":"https:\/\/www.creasdecocci.fr\/#organization","name":"bijoux lithoth\u00e9rapie et d\u00e9coration \u00e0 rumilly","url":"https:\/\/www.creasdecocci.fr\/","logo":{"@type":"ImageObject","inLanguage":"fr-FR","@id":"https:\/\/www.creasdecocci.fr\/#\/schema\/logo\/image\/","url":"https:\/\/www.creasdecocci.fr\/wp-content\/uploads\/2021\/12\/logo_creas_cocci.png","contentUrl":"https:\/\/www.creasdecocci.fr\/wp-content\/uploads\/2021\/12\/logo_creas_cocci.png","width":2212,"height":1060,"caption":"bijoux lithoth\u00e9rapie et d\u00e9coration \u00e0 rumilly"},"image":{"@id":"https:\/\/www.creasdecocci.fr\/#\/schema\/logo\/image\/"}}]}},"jetpack_sharing_enabled":true,"_links":{"self":[{"href":"https:\/\/www.creasdecocci.fr\/index.php\/wp-json\/wp\/v2\/product\/10808","targetHints":{"allow":["GET"]}}],"collection":[{"href":"https:\/\/www.creasdecocci.fr\/index.php\/wp-json\/wp\/v2\/product"}],"about":[{"href":"https:\/\/www.creasdecocci.fr\/index.php\/wp-json\/wp\/v2\/types\/product"}],"version-history":[{"count":6,"href":"https:\/\/www.creasdecocci.fr\/index.php\/wp-json\/wp\/v2\/product\/10808\/revisions"}],"predecessor-version":[{"id":11403,"href":"https:\/\/www.creasdecocci.fr\/index.php\/wp-json\/wp\/v2\/product\/10808\/revisions\/11403"}],"wp:featuredmedia":[{"embeddable":true,"href":"https:\/\/www.creasdecocci.fr\/index.php\/wp-json\/wp\/v2\/media\/10637"}],"wp:attachment":[{"href":"https:\/\/www.creasdecocci.fr\/index.php\/wp-json\/wp\/v2\/media?parent=10808"}],"wp:term":[{"taxonomy":"product_brand","embeddable":true,"href":"https:\/\/www.creasdecocci.fr\/index.php\/wp-json\/wp\/v2\/product_brand?post=10808"},{"taxonomy":"product_cat","embeddable":true,"href":"https:\/\/www.creasdecocci.fr\/index.php\/wp-json\/wp\/v2\/product_cat?post=10808"},{"taxonomy":"product_tag","embeddable":true,"href":"https:\/\/www.creasdecocci.fr\/index.php\/wp-json\/wp\/v2\/product_tag?post=10808"}],"curies":[{"name":"wp","href":"https:\/\/api.w.org\/{rel}","templated":true}]}}