{"id":10813,"date":"2026-02-21T18:20:10","date_gmt":"2026-02-21T17:20:10","guid":{"rendered":"https:\/\/www.creasdecocci.fr\/?post_type=product&#038;p=10813"},"modified":"2026-03-26T15:35:14","modified_gmt":"2026-03-26T14:35:14","slug":"bijoux-de-telephone","status":"publish","type":"product","link":"https:\/\/www.creasdecocci.fr\/index.php\/produit\/bijoux-de-telephone\/","title":{"rendered":"Bijoux de t\u00e9l\u00e9phone"},"content":{"rendered":"\t\t<div data-elementor-type=\"wp-post\" data-elementor-id=\"10813\" class=\"elementor elementor-10813\">\n\t\t\t\t\t\t<section class=\"elementor-section elementor-top-section elementor-element elementor-element-6fea7db elementor-section-boxed elementor-section-height-default elementor-section-height-default\" data-id=\"6fea7db\" data-element_type=\"section\" data-e-type=\"section\">\n\t\t\t\t\t\t<div class=\"elementor-container elementor-column-gap-default\">\n\t\t\t\t\t<div class=\"elementor-column elementor-col-100 elementor-top-column elementor-element elementor-element-3b29d676\" data-id=\"3b29d676\" data-element_type=\"column\" data-e-type=\"column\">\n\t\t\t<div class=\"elementor-widget-wrap elementor-element-populated\">\n\t\t\t\t\t\t<div class=\"elementor-element elementor-element-6a09ed07 elementor-widget elementor-widget-text-editor\" data-id=\"6a09ed07\" data-element_type=\"widget\" data-e-type=\"widget\" data-widget_type=\"text-editor.default\">\n\t\t\t\t<div class=\"elementor-widget-container\">\n\t\t\t\t\t\t\t\t\t<p>Bijoux de t\u00e9l\u00e9phone r\u00e9alis\u00e9s \u00e0 la main dans mon atelier entre Annecy et Rumilly.<\/p><p>Apportez une touche d\u2019\u00e9l\u00e9gance et de sens \u00e0 votre t\u00e9l\u00e9phone avec ce bijou d\u00e9licat.<\/p><p>Chaque mod\u00e8le est une cr\u00e9ation unique. Compos\u00e9e d\u2019un m\u00e9lange harmonieux de perles naturelles et de rondelle polym\u00e8re, soigneusement s\u00e9lectionn\u00e9es pour leurs couleurs et leurs \u00e9nergies. Mont\u00e9 sur un fil c\u00e2bl\u00e9 solide et l\u00e9ger, il habille votre t\u00e9l\u00e9phone tout en refl\u00e9tant votre personnalit\u00e9.<\/p><p>Un bijou \u00e0 la fois esth\u00e9tique et symbolique<br \/>Chaque association de couleurs est pens\u00e9e pour cr\u00e9er une ambiance particuli\u00e8re. Sublim\u00e9e par des pierres naturelles aux nuances profondes et authentiques.<\/p><p>\u2e3b<\/p><p>Les mod\u00e8les disponibles :<br \/>\u2022 Saumon &amp; noir : quartz rose et onyx \u2013 douceur et protection<br \/>\u2022 Violet &amp; marron : kunzite et quartz fum\u00e9 \u2013 apaisement et ancrage<br \/>\u2022 Bleu &amp; blanc : howlite et lapis-lazuli \u2013 s\u00e9r\u00e9nit\u00e9 et clart\u00e9<br \/>\u2022 Rouge &amp; marron : jaspe sanguine et moka\u00efte \u2013 vitalit\u00e9 et stabilit\u00e9<br \/>\u2022 Bleu &amp; marron : turquoise africaine et bois p\u00e9trifi\u00e9 \u2013 \u00e9volution et enracinement<br \/>\u2022 Kaki &amp; noir : unakite et onyx \u2013 \u00e9quilibre \u00e9motionnel et force int\u00e9rieure<\/p><p>Pourquoi on l\u2019aime ?<br \/>Parce qu\u2019il transforme un objet du quotidien en accessoire \u00e9l\u00e9gant, tout en apportant une petite touche personnelle et symbolique.<\/p>\t\t\t\t\t\t\t\t<\/div>\n\t\t\t\t<\/div>\n\t\t\t\t\t<\/div>\n\t\t<\/div>\n\t\t\t\t\t<\/div>\n\t\t<\/section>\n\t\t\t\t<\/div>\n\t\t","protected":false},"excerpt":{"rendered":"<p>Bijoux de t\u00e9l\u00e9phone r\u00e9alis\u00e9s \u00e0 la main dans mon atelier entre Annecy et Rumilly. Apportez une touche d\u2019\u00e9l\u00e9gance et de sens \u00e0 votre t\u00e9l\u00e9phone avec ce bijou d\u00e9licat. Chaque mod\u00e8le est une cr\u00e9ation unique. Compos\u00e9e d\u2019un m\u00e9lange harmonieux de perles naturelles et de rondelle polym\u00e8re, soigneusement s\u00e9lectionn\u00e9es pour leurs couleurs et leurs \u00e9nergies. Mont\u00e9 sur un fil c\u00e2bl\u00e9 solide et l\u00e9ger, il habille votre t\u00e9l\u00e9phone tout en refl\u00e9tant votre personnalit\u00e9. Un bijou \u00e0 la fois esth\u00e9tique et symboliqueChaque association de couleurs est pens\u00e9e pour cr\u00e9er une ambiance particuli\u00e8re. Sublim\u00e9e par des pierres naturelles aux nuances profondes et authentiques. \u2e3b Les mod\u00e8les disponibles :\u2022 Saumon &amp; noir : quartz rose et onyx \u2013 douceur et protection\u2022 Violet &amp; marron : kunzite et quartz fum\u00e9 \u2013 apaisement et ancrage\u2022 Bleu &amp; blanc : howlite et lapis-lazuli \u2013 s\u00e9r\u00e9nit\u00e9 et clart\u00e9\u2022 Rouge &amp; marron : jaspe sanguine et moka\u00efte \u2013 vitalit\u00e9 et stabilit\u00e9\u2022 Bleu &amp; marron : turquoise africaine et bois p\u00e9trifi\u00e9 \u2013 \u00e9volution et enracinement\u2022 Kaki &amp; noir : unakite et onyx \u2013 \u00e9quilibre \u00e9motionnel et force int\u00e9rieure Pourquoi on l\u2019aime ?Parce qu\u2019il transforme un objet du quotidien en accessoire \u00e9l\u00e9gant, tout en apportant une petite touche personnelle et symbolique.<\/p>\n","protected":false},"featured_media":11510,"template":"","meta":[],"product_brand":[],"product_cat":[23,610],"product_tag":[],"class_list":{"0":"post-10813","1":"product","2":"type-product","3":"status-publish","4":"has-post-thumbnail","6":"product_cat-bijoux","7":"product_cat-bijoux-de-sac-telephpone","9":"first","10":"instock","11":"shipping-taxable","12":"purchasable","13":"product-type-variable"},"yoast_head":"<!-- This site is optimized with the Yoast SEO plugin v27.2 - https:\/\/yoast.com\/product\/yoast-seo-wordpress\/ -->\n<title>Bijoux de t\u00e9l\u00e9phone - bijoux lithoth\u00e9rapie et d\u00e9coration \u00e0 rumilly<\/title>\n<meta name=\"description\" content=\"Cocci vous pr\u00e9sente sa collection de bijoux lithoth\u00e9rapie, en perles fabriqu\u00e9s dans mon atelier entre Annecy Rumilly : les bijoux de t\u00e9l\u00e9phone\" \/>\n<meta name=\"robots\" content=\"index, follow, max-snippet:-1, max-image-preview:large, max-video-preview:-1\" \/>\n<link rel=\"canonical\" href=\"https:\/\/www.creasdecocci.fr\/index.php\/produit\/bijoux-de-telephone\/\" \/>\n<meta property=\"og:locale\" content=\"fr_FR\" \/>\n<meta property=\"og:type\" content=\"article\" \/>\n<meta property=\"og:title\" content=\"Bijoux de t\u00e9l\u00e9phone - bijoux lithoth\u00e9rapie et d\u00e9coration \u00e0 rumilly\" \/>\n<meta property=\"og:description\" content=\"Cocci vous pr\u00e9sente sa collection de bijoux lithoth\u00e9rapie, en perles fabriqu\u00e9s dans mon atelier entre Annecy Rumilly : les bijoux de t\u00e9l\u00e9phone\" \/>\n<meta property=\"og:url\" content=\"https:\/\/www.creasdecocci.fr\/index.php\/produit\/bijoux-de-telephone\/\" \/>\n<meta property=\"og:site_name\" content=\"bijoux lithoth\u00e9rapie et d\u00e9coration \u00e0 rumilly\" \/>\n<meta property=\"article:modified_time\" content=\"2026-03-26T14:35:14+00:00\" \/>\n<meta property=\"og:image\" content=\"https:\/\/www.creasdecocci.fr\/wp-content\/uploads\/2026\/02\/IMG_9128-Photoroom-scaled.jpg\" \/>\n\t<meta property=\"og:image:width\" content=\"1920\" \/>\n\t<meta property=\"og:image:height\" content=\"2560\" \/>\n\t<meta property=\"og:image:type\" content=\"image\/jpeg\" \/>\n<meta name=\"twitter:card\" content=\"summary_large_image\" \/>\n<meta name=\"twitter:label1\" content=\"Dur\u00e9e de lecture estim\u00e9e\" \/>\n\t<meta name=\"twitter:data1\" content=\"1 minute\" \/>\n<script type=\"application\/ld+json\" class=\"yoast-schema-graph\">{\"@context\":\"https:\/\/schema.org\",\"@graph\":[{\"@type\":\"WebPage\",\"@id\":\"https:\/\/www.creasdecocci.fr\/index.php\/produit\/bijoux-de-telephone\/\",\"url\":\"https:\/\/www.creasdecocci.fr\/index.php\/produit\/bijoux-de-telephone\/\",\"name\":\"Bijoux de t\u00e9l\u00e9phone - bijoux lithoth\u00e9rapie et d\u00e9coration \u00e0 rumilly\",\"isPartOf\":{\"@id\":\"https:\/\/www.creasdecocci.fr\/#website\"},\"primaryImageOfPage\":{\"@id\":\"https:\/\/www.creasdecocci.fr\/index.php\/produit\/bijoux-de-telephone\/#primaryimage\"},\"image\":{\"@id\":\"https:\/\/www.creasdecocci.fr\/index.php\/produit\/bijoux-de-telephone\/#primaryimage\"},\"thumbnailUrl\":\"https:\/\/www.creasdecocci.fr\/wp-content\/uploads\/2026\/02\/IMG_9128-Photoroom-scaled.jpg\",\"datePublished\":\"2026-02-21T17:20:10+00:00\",\"dateModified\":\"2026-03-26T14:35:14+00:00\",\"description\":\"Cocci vous pr\u00e9sente sa collection de bijoux lithoth\u00e9rapie, en perles fabriqu\u00e9s dans mon atelier entre Annecy Rumilly : les bijoux de t\u00e9l\u00e9phone\",\"breadcrumb\":{\"@id\":\"https:\/\/www.creasdecocci.fr\/index.php\/produit\/bijoux-de-telephone\/#breadcrumb\"},\"inLanguage\":\"fr-FR\",\"potentialAction\":[{\"@type\":\"ReadAction\",\"target\":[\"https:\/\/www.creasdecocci.fr\/index.php\/produit\/bijoux-de-telephone\/\"]}]},{\"@type\":\"ImageObject\",\"inLanguage\":\"fr-FR\",\"@id\":\"https:\/\/www.creasdecocci.fr\/index.php\/produit\/bijoux-de-telephone\/#primaryimage\",\"url\":\"https:\/\/www.creasdecocci.fr\/wp-content\/uploads\/2026\/02\/IMG_9128-Photoroom-scaled.jpg\",\"contentUrl\":\"https:\/\/www.creasdecocci.fr\/wp-content\/uploads\/2026\/02\/IMG_9128-Photoroom-scaled.jpg\",\"width\":1920,\"height\":2560,\"caption\":\"bijoux de t\u00e9l\u00e9phone\"},{\"@type\":\"BreadcrumbList\",\"@id\":\"https:\/\/www.creasdecocci.fr\/index.php\/produit\/bijoux-de-telephone\/#breadcrumb\",\"itemListElement\":[{\"@type\":\"ListItem\",\"position\":1,\"name\":\"Accueil\",\"item\":\"https:\/\/www.creasdecocci.fr\/\"},{\"@type\":\"ListItem\",\"position\":2,\"name\":\"Produits\",\"item\":\"https:\/\/www.creasdecocci.fr\/index.php\/shop\/\"},{\"@type\":\"ListItem\",\"position\":3,\"name\":\"Bijoux de t\u00e9l\u00e9phone\"}]},{\"@type\":\"WebSite\",\"@id\":\"https:\/\/www.creasdecocci.fr\/#website\",\"url\":\"https:\/\/www.creasdecocci.fr\/\",\"name\":\"bijoux lithoth\u00e9rapie et d\u00e9coration \u00e0 rumilly\",\"description\":\"\",\"publisher\":{\"@id\":\"https:\/\/www.creasdecocci.fr\/#organization\"},\"potentialAction\":[{\"@type\":\"SearchAction\",\"target\":{\"@type\":\"EntryPoint\",\"urlTemplate\":\"https:\/\/www.creasdecocci.fr\/?s={search_term_string}\"},\"query-input\":{\"@type\":\"PropertyValueSpecification\",\"valueRequired\":true,\"valueName\":\"search_term_string\"}}],\"inLanguage\":\"fr-FR\"},{\"@type\":\"Organization\",\"@id\":\"https:\/\/www.creasdecocci.fr\/#organization\",\"name\":\"bijoux lithoth\u00e9rapie et d\u00e9coration \u00e0 rumilly\",\"url\":\"https:\/\/www.creasdecocci.fr\/\",\"logo\":{\"@type\":\"ImageObject\",\"inLanguage\":\"fr-FR\",\"@id\":\"https:\/\/www.creasdecocci.fr\/#\/schema\/logo\/image\/\",\"url\":\"https:\/\/www.creasdecocci.fr\/wp-content\/uploads\/2021\/12\/logo_creas_cocci.png\",\"contentUrl\":\"https:\/\/www.creasdecocci.fr\/wp-content\/uploads\/2021\/12\/logo_creas_cocci.png\",\"width\":2212,\"height\":1060,\"caption\":\"bijoux lithoth\u00e9rapie et d\u00e9coration \u00e0 rumilly\"},\"image\":{\"@id\":\"https:\/\/www.creasdecocci.fr\/#\/schema\/logo\/image\/\"}}]}<\/script>\n<!-- \/ Yoast SEO plugin. -->","yoast_head_json":{"title":"Bijoux de t\u00e9l\u00e9phone - bijoux lithoth\u00e9rapie et d\u00e9coration \u00e0 rumilly","description":"Cocci vous pr\u00e9sente sa collection de bijoux lithoth\u00e9rapie, en perles fabriqu\u00e9s dans mon atelier entre Annecy Rumilly : les bijoux de t\u00e9l\u00e9phone","robots":{"index":"index","follow":"follow","max-snippet":"max-snippet:-1","max-image-preview":"max-image-preview:large","max-video-preview":"max-video-preview:-1"},"canonical":"https:\/\/www.creasdecocci.fr\/index.php\/produit\/bijoux-de-telephone\/","og_locale":"fr_FR","og_type":"article","og_title":"Bijoux de t\u00e9l\u00e9phone - bijoux lithoth\u00e9rapie et d\u00e9coration \u00e0 rumilly","og_description":"Cocci vous pr\u00e9sente sa collection de bijoux lithoth\u00e9rapie, en perles fabriqu\u00e9s dans mon atelier entre Annecy Rumilly : les bijoux de t\u00e9l\u00e9phone","og_url":"https:\/\/www.creasdecocci.fr\/index.php\/produit\/bijoux-de-telephone\/","og_site_name":"bijoux lithoth\u00e9rapie et d\u00e9coration \u00e0 rumilly","article_modified_time":"2026-03-26T14:35:14+00:00","og_image":[{"width":1920,"height":2560,"url":"https:\/\/www.creasdecocci.fr\/wp-content\/uploads\/2026\/02\/IMG_9128-Photoroom-scaled.jpg","type":"image\/jpeg"}],"twitter_card":"summary_large_image","twitter_misc":{"Dur\u00e9e de lecture estim\u00e9e":"1 minute"},"schema":{"@context":"https:\/\/schema.org","@graph":[{"@type":"WebPage","@id":"https:\/\/www.creasdecocci.fr\/index.php\/produit\/bijoux-de-telephone\/","url":"https:\/\/www.creasdecocci.fr\/index.php\/produit\/bijoux-de-telephone\/","name":"Bijoux de t\u00e9l\u00e9phone - bijoux lithoth\u00e9rapie et d\u00e9coration \u00e0 rumilly","isPartOf":{"@id":"https:\/\/www.creasdecocci.fr\/#website"},"primaryImageOfPage":{"@id":"https:\/\/www.creasdecocci.fr\/index.php\/produit\/bijoux-de-telephone\/#primaryimage"},"image":{"@id":"https:\/\/www.creasdecocci.fr\/index.php\/produit\/bijoux-de-telephone\/#primaryimage"},"thumbnailUrl":"https:\/\/www.creasdecocci.fr\/wp-content\/uploads\/2026\/02\/IMG_9128-Photoroom-scaled.jpg","datePublished":"2026-02-21T17:20:10+00:00","dateModified":"2026-03-26T14:35:14+00:00","description":"Cocci vous pr\u00e9sente sa collection de bijoux lithoth\u00e9rapie, en perles fabriqu\u00e9s dans mon atelier entre Annecy Rumilly : les bijoux de t\u00e9l\u00e9phone","breadcrumb":{"@id":"https:\/\/www.creasdecocci.fr\/index.php\/produit\/bijoux-de-telephone\/#breadcrumb"},"inLanguage":"fr-FR","potentialAction":[{"@type":"ReadAction","target":["https:\/\/www.creasdecocci.fr\/index.php\/produit\/bijoux-de-telephone\/"]}]},{"@type":"ImageObject","inLanguage":"fr-FR","@id":"https:\/\/www.creasdecocci.fr\/index.php\/produit\/bijoux-de-telephone\/#primaryimage","url":"https:\/\/www.creasdecocci.fr\/wp-content\/uploads\/2026\/02\/IMG_9128-Photoroom-scaled.jpg","contentUrl":"https:\/\/www.creasdecocci.fr\/wp-content\/uploads\/2026\/02\/IMG_9128-Photoroom-scaled.jpg","width":1920,"height":2560,"caption":"bijoux de t\u00e9l\u00e9phone"},{"@type":"BreadcrumbList","@id":"https:\/\/www.creasdecocci.fr\/index.php\/produit\/bijoux-de-telephone\/#breadcrumb","itemListElement":[{"@type":"ListItem","position":1,"name":"Accueil","item":"https:\/\/www.creasdecocci.fr\/"},{"@type":"ListItem","position":2,"name":"Produits","item":"https:\/\/www.creasdecocci.fr\/index.php\/shop\/"},{"@type":"ListItem","position":3,"name":"Bijoux de t\u00e9l\u00e9phone"}]},{"@type":"WebSite","@id":"https:\/\/www.creasdecocci.fr\/#website","url":"https:\/\/www.creasdecocci.fr\/","name":"bijoux lithoth\u00e9rapie et d\u00e9coration \u00e0 rumilly","description":"","publisher":{"@id":"https:\/\/www.creasdecocci.fr\/#organization"},"potentialAction":[{"@type":"SearchAction","target":{"@type":"EntryPoint","urlTemplate":"https:\/\/www.creasdecocci.fr\/?s={search_term_string}"},"query-input":{"@type":"PropertyValueSpecification","valueRequired":true,"valueName":"search_term_string"}}],"inLanguage":"fr-FR"},{"@type":"Organization","@id":"https:\/\/www.creasdecocci.fr\/#organization","name":"bijoux lithoth\u00e9rapie et d\u00e9coration \u00e0 rumilly","url":"https:\/\/www.creasdecocci.fr\/","logo":{"@type":"ImageObject","inLanguage":"fr-FR","@id":"https:\/\/www.creasdecocci.fr\/#\/schema\/logo\/image\/","url":"https:\/\/www.creasdecocci.fr\/wp-content\/uploads\/2021\/12\/logo_creas_cocci.png","contentUrl":"https:\/\/www.creasdecocci.fr\/wp-content\/uploads\/2021\/12\/logo_creas_cocci.png","width":2212,"height":1060,"caption":"bijoux lithoth\u00e9rapie et d\u00e9coration \u00e0 rumilly"},"image":{"@id":"https:\/\/www.creasdecocci.fr\/#\/schema\/logo\/image\/"}}]}},"jetpack_sharing_enabled":true,"_links":{"self":[{"href":"https:\/\/www.creasdecocci.fr\/index.php\/wp-json\/wp\/v2\/product\/10813","targetHints":{"allow":["GET"]}}],"collection":[{"href":"https:\/\/www.creasdecocci.fr\/index.php\/wp-json\/wp\/v2\/product"}],"about":[{"href":"https:\/\/www.creasdecocci.fr\/index.php\/wp-json\/wp\/v2\/types\/product"}],"version-history":[{"count":5,"href":"https:\/\/www.creasdecocci.fr\/index.php\/wp-json\/wp\/v2\/product\/10813\/revisions"}],"predecessor-version":[{"id":11515,"href":"https:\/\/www.creasdecocci.fr\/index.php\/wp-json\/wp\/v2\/product\/10813\/revisions\/11515"}],"wp:featuredmedia":[{"embeddable":true,"href":"https:\/\/www.creasdecocci.fr\/index.php\/wp-json\/wp\/v2\/media\/11510"}],"wp:attachment":[{"href":"https:\/\/www.creasdecocci.fr\/index.php\/wp-json\/wp\/v2\/media?parent=10813"}],"wp:term":[{"taxonomy":"product_brand","embeddable":true,"href":"https:\/\/www.creasdecocci.fr\/index.php\/wp-json\/wp\/v2\/product_brand?post=10813"},{"taxonomy":"product_cat","embeddable":true,"href":"https:\/\/www.creasdecocci.fr\/index.php\/wp-json\/wp\/v2\/product_cat?post=10813"},{"taxonomy":"product_tag","embeddable":true,"href":"https:\/\/www.creasdecocci.fr\/index.php\/wp-json\/wp\/v2\/product_tag?post=10813"}],"curies":[{"name":"wp","href":"https:\/\/api.w.org\/{rel}","templated":true}]}}