{"id":10815,"date":"2026-02-21T18:21:19","date_gmt":"2026-02-21T17:21:19","guid":{"rendered":"https:\/\/www.creasdecocci.fr\/?post_type=product&#038;p=10815"},"modified":"2026-03-23T13:27:03","modified_gmt":"2026-03-23T12:27:03","slug":"attrape-soleil-cheval","status":"publish","type":"product","link":"https:\/\/www.creasdecocci.fr\/index.php\/produit\/attrape-soleil-cheval\/","title":{"rendered":"Attrape Soleil Cheval"},"content":{"rendered":"\t\t<div data-elementor-type=\"wp-post\" data-elementor-id=\"10815\" class=\"elementor elementor-10815\">\n\t\t\t\t\t\t<section class=\"elementor-section elementor-top-section elementor-element elementor-element-11fa951f elementor-section-boxed elementor-section-height-default elementor-section-height-default\" data-id=\"11fa951f\" data-element_type=\"section\" data-e-type=\"section\">\n\t\t\t\t\t\t<div class=\"elementor-container elementor-column-gap-default\">\n\t\t\t\t\t<div class=\"elementor-column elementor-col-100 elementor-top-column elementor-element elementor-element-54060dda\" data-id=\"54060dda\" data-element_type=\"column\" data-e-type=\"column\">\n\t\t\t<div class=\"elementor-widget-wrap elementor-element-populated\">\n\t\t\t\t\t\t<div class=\"elementor-element elementor-element-3607e8ed elementor-widget elementor-widget-text-editor\" data-id=\"3607e8ed\" data-element_type=\"widget\" data-e-type=\"widget\" data-widget_type=\"text-editor.default\">\n\t\t\t\t<div class=\"elementor-widget-container\">\n\t\t\t\t\t\t\t\t\t<p>Attrape Soleil Cheval r\u00e9alis\u00e9 \u00e0 la main avec passion et bienveillance, dans mon atelier entre Annecy et Rumilly, avec des pierres naturelles de turquoise africaine.<\/p><p>Laissez entrer la lumi\u00e8re\u2026 et la douceur dans votre int\u00e9rieur avec cet attrape soleil cheval d\u00e9licat et po\u00e9tique.<\/p><p>Compos\u00e9 d\u2019un cercle finement tiss\u00e9 fa\u00e7on attrape-r\u00eaves, orn\u00e9 de cristaux scintillants et d\u2019une turquoise africaine en son centre, il capte la lumi\u00e8re pour la diffuser en mille reflets apaisants<\/p><p>Au moindre rayon de soleil, de jolis \u00e9clats dansent sur vos murs, cr\u00e9ant une atmosph\u00e8re chaleureuse et r\u00e9confortante.<\/p><p>La turquoise africaine, pierre d\u2019\u00e9volution et d\u2019\u00e9quilibre, est reconnue pour :<br \/>\u2013 accompagner les changements en douceur<br \/>\u2013 favoriser la confiance et l\u2019ouverture<br \/>\u2013 harmoniser les \u00e9nergies<\/p><p>Suspendu pr\u00e8s d\u2019une fen\u00eatre, dans un espace de vie ou un coin cocooning, cet attrape-soleil cheval devient un v\u00e9ritable objet de bien-\u00eatre, entre d\u00e9coration et \u00e9nergie subtile.<\/p><p>Chaque pi\u00e8ce est r\u00e9alis\u00e9e \u00e0 la main avec soin, ce qui la rend unique<\/p><p>D\u00e9tails :<br \/>\u2013 Pierre : Turquoise africaine<br \/>\u2013 Cristaux facett\u00e9s pour capter la lumi\u00e8re<br \/>\u2013 Structure fine et \u00e9l\u00e9gante, tiss\u00e9 sur un cercle de 10 cm<br \/>\u2013 Pi\u00e8ce artisanale<\/p>\t\t\t\t\t\t\t\t<\/div>\n\t\t\t\t<\/div>\n\t\t\t\t\t<\/div>\n\t\t<\/div>\n\t\t\t\t\t<\/div>\n\t\t<\/section>\n\t\t\t\t<\/div>\n\t\t","protected":false},"excerpt":{"rendered":"<p>Attrape Soleil Cheval r\u00e9alis\u00e9 \u00e0 la main avec passion et bienveillance, dans mon atelier entre Annecy et Rumilly, avec des pierres naturelles de turquoise africaine. Laissez entrer la lumi\u00e8re\u2026 et la douceur dans votre int\u00e9rieur avec cet attrape soleil cheval d\u00e9licat et po\u00e9tique. Compos\u00e9 d\u2019un cercle finement tiss\u00e9 fa\u00e7on attrape-r\u00eaves, orn\u00e9 de cristaux scintillants et d\u2019une turquoise africaine en son centre, il capte la lumi\u00e8re pour la diffuser en mille reflets apaisants Au moindre rayon de soleil, de jolis \u00e9clats dansent sur vos murs, cr\u00e9ant une atmosph\u00e8re chaleureuse et r\u00e9confortante. La turquoise africaine, pierre d\u2019\u00e9volution et d\u2019\u00e9quilibre, est reconnue pour : \u2013 accompagner les changements en douceur \u2013 favoriser la confiance et l\u2019ouverture \u2013 harmoniser les \u00e9nergies Suspendu pr\u00e8s d\u2019une fen\u00eatre, dans un espace de vie ou un coin cocooning, cet attrape-soleil cheval devient un v\u00e9ritable objet de bien-\u00eatre, entre d\u00e9coration et \u00e9nergie subtile. Chaque pi\u00e8ce est r\u00e9alis\u00e9e \u00e0 la main avec soin, ce qui la rend unique D\u00e9tails : \u2013 Pierre : Turquoise africaine \u2013 Cristaux facett\u00e9s pour capter la lumi\u00e8re \u2013 Structure fine et \u00e9l\u00e9gante, tiss\u00e9 sur un cercle de 10 cm \u2013 Pi\u00e8ce artisanale<\/p>\n","protected":false},"featured_media":10643,"template":"","meta":[],"product_brand":[],"product_cat":[600,599],"product_tag":[629,628,476],"class_list":{"0":"post-10815","1":"product","2":"type-product","3":"status-publish","4":"has-post-thumbnail","6":"product_cat-attrape-soleil","7":"product_cat-decoration","8":"product_tag-attrape-lumiere","9":"product_tag-capteur-soleil","10":"product_tag-decoration","12":"first","13":"instock","14":"shipping-taxable","15":"purchasable","16":"product-type-simple"},"yoast_head":"<!-- This site is optimized with the Yoast SEO plugin v27.2 - https:\/\/yoast.com\/product\/yoast-seo-wordpress\/ -->\n<title>Attrape Soleil Cheval - bijoux lithoth\u00e9rapie et d\u00e9coration \u00e0 rumilly<\/title>\n<meta name=\"description\" content=\"Cocci vous pr\u00e9sente sa collection d&#039;accessoires, orn\u00e9s de pierre naturelle et fabriqu\u00e9s dans son atelier entre Annecy et Rumilly : l&#039;attrape soleil cheval\" \/>\n<meta name=\"robots\" content=\"index, follow, max-snippet:-1, max-image-preview:large, max-video-preview:-1\" \/>\n<link rel=\"canonical\" href=\"https:\/\/www.creasdecocci.fr\/index.php\/produit\/attrape-soleil-cheval\/\" \/>\n<meta property=\"og:locale\" content=\"fr_FR\" \/>\n<meta property=\"og:type\" content=\"article\" \/>\n<meta property=\"og:title\" content=\"Attrape Soleil Cheval - bijoux lithoth\u00e9rapie et d\u00e9coration \u00e0 rumilly\" \/>\n<meta property=\"og:description\" content=\"Cocci vous pr\u00e9sente sa collection d&#039;accessoires, orn\u00e9s de pierre naturelle et fabriqu\u00e9s dans son atelier entre Annecy et Rumilly : l&#039;attrape soleil cheval\" \/>\n<meta property=\"og:url\" content=\"https:\/\/www.creasdecocci.fr\/index.php\/produit\/attrape-soleil-cheval\/\" \/>\n<meta property=\"og:site_name\" content=\"bijoux lithoth\u00e9rapie et d\u00e9coration \u00e0 rumilly\" \/>\n<meta property=\"article:modified_time\" content=\"2026-03-23T12:27:03+00:00\" \/>\n<meta property=\"og:image\" content=\"https:\/\/www.creasdecocci.fr\/wp-content\/uploads\/2026\/02\/25060B5D-F531-436B-8307-4EF921842A90-Copie-Copie.jpg\" \/>\n\t<meta property=\"og:image:width\" content=\"1024\" \/>\n\t<meta property=\"og:image:height\" content=\"1159\" \/>\n\t<meta property=\"og:image:type\" content=\"image\/jpeg\" \/>\n<meta name=\"twitter:card\" content=\"summary_large_image\" \/>\n<meta name=\"twitter:label1\" content=\"Dur\u00e9e de lecture estim\u00e9e\" \/>\n\t<meta name=\"twitter:data1\" content=\"1 minute\" \/>\n<script type=\"application\/ld+json\" class=\"yoast-schema-graph\">{\"@context\":\"https:\/\/schema.org\",\"@graph\":[{\"@type\":\"WebPage\",\"@id\":\"https:\/\/www.creasdecocci.fr\/index.php\/produit\/attrape-soleil-cheval\/\",\"url\":\"https:\/\/www.creasdecocci.fr\/index.php\/produit\/attrape-soleil-cheval\/\",\"name\":\"Attrape Soleil Cheval - bijoux lithoth\u00e9rapie et d\u00e9coration \u00e0 rumilly\",\"isPartOf\":{\"@id\":\"https:\/\/www.creasdecocci.fr\/#website\"},\"primaryImageOfPage\":{\"@id\":\"https:\/\/www.creasdecocci.fr\/index.php\/produit\/attrape-soleil-cheval\/#primaryimage\"},\"image\":{\"@id\":\"https:\/\/www.creasdecocci.fr\/index.php\/produit\/attrape-soleil-cheval\/#primaryimage\"},\"thumbnailUrl\":\"https:\/\/www.creasdecocci.fr\/wp-content\/uploads\/2026\/02\/25060B5D-F531-436B-8307-4EF921842A90-Copie-Copie.jpg\",\"datePublished\":\"2026-02-21T17:21:19+00:00\",\"dateModified\":\"2026-03-23T12:27:03+00:00\",\"description\":\"Cocci vous pr\u00e9sente sa collection d'accessoires, orn\u00e9s de pierre naturelle et fabriqu\u00e9s dans son atelier entre Annecy et Rumilly : l'attrape soleil cheval\",\"breadcrumb\":{\"@id\":\"https:\/\/www.creasdecocci.fr\/index.php\/produit\/attrape-soleil-cheval\/#breadcrumb\"},\"inLanguage\":\"fr-FR\",\"potentialAction\":[{\"@type\":\"ReadAction\",\"target\":[\"https:\/\/www.creasdecocci.fr\/index.php\/produit\/attrape-soleil-cheval\/\"]}]},{\"@type\":\"ImageObject\",\"inLanguage\":\"fr-FR\",\"@id\":\"https:\/\/www.creasdecocci.fr\/index.php\/produit\/attrape-soleil-cheval\/#primaryimage\",\"url\":\"https:\/\/www.creasdecocci.fr\/wp-content\/uploads\/2026\/02\/25060B5D-F531-436B-8307-4EF921842A90-Copie-Copie.jpg\",\"contentUrl\":\"https:\/\/www.creasdecocci.fr\/wp-content\/uploads\/2026\/02\/25060B5D-F531-436B-8307-4EF921842A90-Copie-Copie.jpg\",\"width\":1024,\"height\":1159,\"caption\":\"Attrape soleil cheval\"},{\"@type\":\"BreadcrumbList\",\"@id\":\"https:\/\/www.creasdecocci.fr\/index.php\/produit\/attrape-soleil-cheval\/#breadcrumb\",\"itemListElement\":[{\"@type\":\"ListItem\",\"position\":1,\"name\":\"Accueil\",\"item\":\"https:\/\/www.creasdecocci.fr\/\"},{\"@type\":\"ListItem\",\"position\":2,\"name\":\"Produits\",\"item\":\"https:\/\/www.creasdecocci.fr\/index.php\/shop\/\"},{\"@type\":\"ListItem\",\"position\":3,\"name\":\"Attrape Soleil Cheval\"}]},{\"@type\":\"WebSite\",\"@id\":\"https:\/\/www.creasdecocci.fr\/#website\",\"url\":\"https:\/\/www.creasdecocci.fr\/\",\"name\":\"bijoux lithoth\u00e9rapie et d\u00e9coration \u00e0 rumilly\",\"description\":\"\",\"publisher\":{\"@id\":\"https:\/\/www.creasdecocci.fr\/#organization\"},\"potentialAction\":[{\"@type\":\"SearchAction\",\"target\":{\"@type\":\"EntryPoint\",\"urlTemplate\":\"https:\/\/www.creasdecocci.fr\/?s={search_term_string}\"},\"query-input\":{\"@type\":\"PropertyValueSpecification\",\"valueRequired\":true,\"valueName\":\"search_term_string\"}}],\"inLanguage\":\"fr-FR\"},{\"@type\":\"Organization\",\"@id\":\"https:\/\/www.creasdecocci.fr\/#organization\",\"name\":\"bijoux lithoth\u00e9rapie et d\u00e9coration \u00e0 rumilly\",\"url\":\"https:\/\/www.creasdecocci.fr\/\",\"logo\":{\"@type\":\"ImageObject\",\"inLanguage\":\"fr-FR\",\"@id\":\"https:\/\/www.creasdecocci.fr\/#\/schema\/logo\/image\/\",\"url\":\"https:\/\/www.creasdecocci.fr\/wp-content\/uploads\/2021\/12\/logo_creas_cocci.png\",\"contentUrl\":\"https:\/\/www.creasdecocci.fr\/wp-content\/uploads\/2021\/12\/logo_creas_cocci.png\",\"width\":2212,\"height\":1060,\"caption\":\"bijoux lithoth\u00e9rapie et d\u00e9coration \u00e0 rumilly\"},\"image\":{\"@id\":\"https:\/\/www.creasdecocci.fr\/#\/schema\/logo\/image\/\"}}]}<\/script>\n<!-- \/ Yoast SEO plugin. -->","yoast_head_json":{"title":"Attrape Soleil Cheval - bijoux lithoth\u00e9rapie et d\u00e9coration \u00e0 rumilly","description":"Cocci vous pr\u00e9sente sa collection d'accessoires, orn\u00e9s de pierre naturelle et fabriqu\u00e9s dans son atelier entre Annecy et Rumilly : l'attrape soleil cheval","robots":{"index":"index","follow":"follow","max-snippet":"max-snippet:-1","max-image-preview":"max-image-preview:large","max-video-preview":"max-video-preview:-1"},"canonical":"https:\/\/www.creasdecocci.fr\/index.php\/produit\/attrape-soleil-cheval\/","og_locale":"fr_FR","og_type":"article","og_title":"Attrape Soleil Cheval - bijoux lithoth\u00e9rapie et d\u00e9coration \u00e0 rumilly","og_description":"Cocci vous pr\u00e9sente sa collection d'accessoires, orn\u00e9s de pierre naturelle et fabriqu\u00e9s dans son atelier entre Annecy et Rumilly : l'attrape soleil cheval","og_url":"https:\/\/www.creasdecocci.fr\/index.php\/produit\/attrape-soleil-cheval\/","og_site_name":"bijoux lithoth\u00e9rapie et d\u00e9coration \u00e0 rumilly","article_modified_time":"2026-03-23T12:27:03+00:00","og_image":[{"width":1024,"height":1159,"url":"https:\/\/www.creasdecocci.fr\/wp-content\/uploads\/2026\/02\/25060B5D-F531-436B-8307-4EF921842A90-Copie-Copie.jpg","type":"image\/jpeg"}],"twitter_card":"summary_large_image","twitter_misc":{"Dur\u00e9e de lecture estim\u00e9e":"1 minute"},"schema":{"@context":"https:\/\/schema.org","@graph":[{"@type":"WebPage","@id":"https:\/\/www.creasdecocci.fr\/index.php\/produit\/attrape-soleil-cheval\/","url":"https:\/\/www.creasdecocci.fr\/index.php\/produit\/attrape-soleil-cheval\/","name":"Attrape Soleil Cheval - bijoux lithoth\u00e9rapie et d\u00e9coration \u00e0 rumilly","isPartOf":{"@id":"https:\/\/www.creasdecocci.fr\/#website"},"primaryImageOfPage":{"@id":"https:\/\/www.creasdecocci.fr\/index.php\/produit\/attrape-soleil-cheval\/#primaryimage"},"image":{"@id":"https:\/\/www.creasdecocci.fr\/index.php\/produit\/attrape-soleil-cheval\/#primaryimage"},"thumbnailUrl":"https:\/\/www.creasdecocci.fr\/wp-content\/uploads\/2026\/02\/25060B5D-F531-436B-8307-4EF921842A90-Copie-Copie.jpg","datePublished":"2026-02-21T17:21:19+00:00","dateModified":"2026-03-23T12:27:03+00:00","description":"Cocci vous pr\u00e9sente sa collection d'accessoires, orn\u00e9s de pierre naturelle et fabriqu\u00e9s dans son atelier entre Annecy et Rumilly : l'attrape soleil cheval","breadcrumb":{"@id":"https:\/\/www.creasdecocci.fr\/index.php\/produit\/attrape-soleil-cheval\/#breadcrumb"},"inLanguage":"fr-FR","potentialAction":[{"@type":"ReadAction","target":["https:\/\/www.creasdecocci.fr\/index.php\/produit\/attrape-soleil-cheval\/"]}]},{"@type":"ImageObject","inLanguage":"fr-FR","@id":"https:\/\/www.creasdecocci.fr\/index.php\/produit\/attrape-soleil-cheval\/#primaryimage","url":"https:\/\/www.creasdecocci.fr\/wp-content\/uploads\/2026\/02\/25060B5D-F531-436B-8307-4EF921842A90-Copie-Copie.jpg","contentUrl":"https:\/\/www.creasdecocci.fr\/wp-content\/uploads\/2026\/02\/25060B5D-F531-436B-8307-4EF921842A90-Copie-Copie.jpg","width":1024,"height":1159,"caption":"Attrape soleil cheval"},{"@type":"BreadcrumbList","@id":"https:\/\/www.creasdecocci.fr\/index.php\/produit\/attrape-soleil-cheval\/#breadcrumb","itemListElement":[{"@type":"ListItem","position":1,"name":"Accueil","item":"https:\/\/www.creasdecocci.fr\/"},{"@type":"ListItem","position":2,"name":"Produits","item":"https:\/\/www.creasdecocci.fr\/index.php\/shop\/"},{"@type":"ListItem","position":3,"name":"Attrape Soleil Cheval"}]},{"@type":"WebSite","@id":"https:\/\/www.creasdecocci.fr\/#website","url":"https:\/\/www.creasdecocci.fr\/","name":"bijoux lithoth\u00e9rapie et d\u00e9coration \u00e0 rumilly","description":"","publisher":{"@id":"https:\/\/www.creasdecocci.fr\/#organization"},"potentialAction":[{"@type":"SearchAction","target":{"@type":"EntryPoint","urlTemplate":"https:\/\/www.creasdecocci.fr\/?s={search_term_string}"},"query-input":{"@type":"PropertyValueSpecification","valueRequired":true,"valueName":"search_term_string"}}],"inLanguage":"fr-FR"},{"@type":"Organization","@id":"https:\/\/www.creasdecocci.fr\/#organization","name":"bijoux lithoth\u00e9rapie et d\u00e9coration \u00e0 rumilly","url":"https:\/\/www.creasdecocci.fr\/","logo":{"@type":"ImageObject","inLanguage":"fr-FR","@id":"https:\/\/www.creasdecocci.fr\/#\/schema\/logo\/image\/","url":"https:\/\/www.creasdecocci.fr\/wp-content\/uploads\/2021\/12\/logo_creas_cocci.png","contentUrl":"https:\/\/www.creasdecocci.fr\/wp-content\/uploads\/2021\/12\/logo_creas_cocci.png","width":2212,"height":1060,"caption":"bijoux lithoth\u00e9rapie et d\u00e9coration \u00e0 rumilly"},"image":{"@id":"https:\/\/www.creasdecocci.fr\/#\/schema\/logo\/image\/"}}]}},"jetpack_sharing_enabled":true,"_links":{"self":[{"href":"https:\/\/www.creasdecocci.fr\/index.php\/wp-json\/wp\/v2\/product\/10815","targetHints":{"allow":["GET"]}}],"collection":[{"href":"https:\/\/www.creasdecocci.fr\/index.php\/wp-json\/wp\/v2\/product"}],"about":[{"href":"https:\/\/www.creasdecocci.fr\/index.php\/wp-json\/wp\/v2\/types\/product"}],"version-history":[{"count":6,"href":"https:\/\/www.creasdecocci.fr\/index.php\/wp-json\/wp\/v2\/product\/10815\/revisions"}],"predecessor-version":[{"id":11396,"href":"https:\/\/www.creasdecocci.fr\/index.php\/wp-json\/wp\/v2\/product\/10815\/revisions\/11396"}],"wp:featuredmedia":[{"embeddable":true,"href":"https:\/\/www.creasdecocci.fr\/index.php\/wp-json\/wp\/v2\/media\/10643"}],"wp:attachment":[{"href":"https:\/\/www.creasdecocci.fr\/index.php\/wp-json\/wp\/v2\/media?parent=10815"}],"wp:term":[{"taxonomy":"product_brand","embeddable":true,"href":"https:\/\/www.creasdecocci.fr\/index.php\/wp-json\/wp\/v2\/product_brand?post=10815"},{"taxonomy":"product_cat","embeddable":true,"href":"https:\/\/www.creasdecocci.fr\/index.php\/wp-json\/wp\/v2\/product_cat?post=10815"},{"taxonomy":"product_tag","embeddable":true,"href":"https:\/\/www.creasdecocci.fr\/index.php\/wp-json\/wp\/v2\/product_tag?post=10815"}],"curies":[{"name":"wp","href":"https:\/\/api.w.org\/{rel}","templated":true}]}}