{"id":10817,"date":"2026-02-21T18:23:11","date_gmt":"2026-02-21T17:23:11","guid":{"rendered":"https:\/\/www.creasdecocci.fr\/?post_type=product&#038;p=10817"},"modified":"2026-03-21T15:33:51","modified_gmt":"2026-03-21T14:33:51","slug":"boucles-doreilles-papillons","status":"publish","type":"product","link":"https:\/\/www.creasdecocci.fr\/index.php\/produit\/boucles-doreilles-papillons\/","title":{"rendered":"Boucles d&rsquo;oreilles Papillons"},"content":{"rendered":"<p data-start=\"61\" data-end=\"115\"><strong data-start=\"61\" data-end=\"115\">Boucles d\u2019oreilles Papillons \u2013 Cr\u00e9ation artisanale r\u00e9alis\u00e9e \u00e0 la main dans mon atelier \u00e0 Marcellaz-Albanais.<\/strong><\/p>\n<p data-start=\"117\" data-end=\"261\">Laissez-vous s\u00e9duire par les boucles d\u2019oreilles Papillons, une cr\u00e9ation d\u00e9licate et po\u00e9tique inspir\u00e9e par la l\u00e9g\u00e8ret\u00e9 et la beaut\u00e9 de la nature.<\/p>\n<p data-start=\"263\" data-end=\"530\">Leur design raffin\u00e9 associe de jolis motifs de papillons \u00e0 des formes lunaires et des perles naturelles aux teintes profondes. L\u2019ensemble cr\u00e9e une composition harmonieuse, \u00e0 la fois a\u00e9rienne et pleine de caract\u00e8re, qui capte subtilement la lumi\u00e8re \u00e0 chaque mouvement.<\/p>\n<p data-start=\"532\" data-end=\"656\">La fine cha\u00eene apporte une touche de fluidit\u00e9 et d\u2019\u00e9l\u00e9gance, prolongeant la silhouette pour un rendu f\u00e9minin et sophistiqu\u00e9.<\/p>\n<p data-start=\"658\" data-end=\"864\">Leur design associe harmonieusement :<br data-start=\"695\" data-end=\"698\" \/>\u2022 un motif papillon finement travaill\u00e9<br data-start=\"736\" data-end=\"739\" \/>\u2022 un croissant de lune \u00e9l\u00e9gant<br data-start=\"769\" data-end=\"772\" \/>\u2022 une perle naturelle aux nuances profondes<br data-start=\"815\" data-end=\"818\" \/>\u2022 une cha\u00eene d\u00e9licate pour un joli mouvement<\/p>\n<p data-start=\"866\" data-end=\"960\">Chaque paire est assembl\u00e9e avec soin, pour offrir un bijou unique, l\u00e9ger et agr\u00e9able \u00e0 porter.<\/p>\n<p data-start=\"962\" data-end=\"963\">\u2e3b<\/p>\n<p data-start=\"965\" data-end=\"1209\"><strong data-start=\"965\" data-end=\"978\">D\u00e9tails :<\/strong><br data-start=\"978\" data-end=\"981\" \/>\u2022 Mod\u00e8le : Boucles d\u2019oreilles Papillons<br data-start=\"1084\" data-end=\"1087\" \/>\u2022 Pierre : Pierre naturelle au choix<br data-start=\"1136\" data-end=\"1139\" \/>\u2022 Attaches : Argent 925<br data-start=\"1168\" data-end=\"1171\" \/>\u2022 Fabrication : Assemblage artisanal<\/p>\n<p data-start=\"1214\" data-end=\"1398\"><strong data-start=\"1214\" data-end=\"1240\">Pourquoi on les aime :<\/strong><br data-start=\"1240\" data-end=\"1243\" \/>\u2022 Design po\u00e9tique et f\u00e9minin<br data-start=\"1271\" data-end=\"1274\" \/>\u2022 Association originale papillon &amp; lune<br data-start=\"1313\" data-end=\"1316\" \/>\u2022 Bijoux l\u00e9gers avec un joli mouvement<br data-start=\"1354\" data-end=\"1357\" \/>\u2022 Id\u00e9al pour un look \u00e9l\u00e9gant et naturel<\/p>\n<p data-start=\"1403\" data-end=\"1571\" data-is-last-node=\"\" data-is-only-node=\"\">Une cr\u00e9ation id\u00e9ale pour apporter une touche de douceur et de po\u00e9sie \u00e0 votre tenue, ou pour offrir un bijou symbolique inspir\u00e9 par la libert\u00e9 et la transformation.<\/p>\n","protected":false},"excerpt":{"rendered":"<p>Boucles d\u2019oreilles Papillons \u2013 Cr\u00e9ation artisanale r\u00e9alis\u00e9e \u00e0 la main dans mon atelier \u00e0 Marcellaz-Albanais. Laissez-vous s\u00e9duire par les boucles d\u2019oreilles Papillons, une cr\u00e9ation d\u00e9licate et po\u00e9tique inspir\u00e9e par la l\u00e9g\u00e8ret\u00e9 et la beaut\u00e9 de la nature. Leur design raffin\u00e9 associe de jolis motifs de papillons \u00e0 des formes lunaires et des perles naturelles aux teintes profondes. L\u2019ensemble cr\u00e9e une composition harmonieuse, \u00e0 la fois a\u00e9rienne et pleine de caract\u00e8re, qui capte subtilement la lumi\u00e8re \u00e0 chaque mouvement. La fine cha\u00eene apporte une touche de fluidit\u00e9 et d\u2019\u00e9l\u00e9gance, prolongeant la silhouette pour un rendu f\u00e9minin et sophistiqu\u00e9. Leur design associe harmonieusement :\u2022 un motif papillon finement travaill\u00e9\u2022 un croissant de lune \u00e9l\u00e9gant\u2022 une perle naturelle aux nuances profondes\u2022 une cha\u00eene d\u00e9licate pour un joli mouvement Chaque paire est assembl\u00e9e avec soin, pour offrir un bijou unique, l\u00e9ger et agr\u00e9able \u00e0 porter. \u2e3b D\u00e9tails :\u2022 Mod\u00e8le : Boucles d\u2019oreilles Papillons\u2022 Pierre : Pierre naturelle au choix\u2022 Attaches : Argent 925\u2022 Fabrication : Assemblage artisanal Pourquoi on les aime :\u2022 Design po\u00e9tique et f\u00e9minin\u2022 Association originale papillon &amp; lune\u2022 Bijoux l\u00e9gers avec un joli mouvement\u2022 Id\u00e9al pour un look \u00e9l\u00e9gant et naturel Une cr\u00e9ation id\u00e9ale pour apporter une touche de douceur et de po\u00e9sie \u00e0 votre tenue, ou pour offrir un bijou symbolique inspir\u00e9 par la libert\u00e9 et la transformation.<\/p>\n","protected":false},"featured_media":10645,"template":"","meta":[],"product_brand":[],"product_cat":[23,360],"product_tag":[536,622,423],"class_list":{"0":"post-10817","1":"product","2":"type-product","3":"status-publish","4":"has-post-thumbnail","6":"product_cat-bijoux","7":"product_cat-boucles-doreilles","8":"product_tag-argent","9":"product_tag-boucles","10":"product_tag-perle-naturelle","11":"pa_perle-agate-arbre","12":"pa_perle-agate-botswana","13":"pa_perle-agate-de-feu","14":"pa_perle-aigue-marine","15":"pa_perle-amazonite","16":"pa_perle-amethyste","17":"pa_perle-angelite","18":"pa_perle-apatite","19":"pa_perle-aventurine","20":"pa_perle-bois-petrifie","21":"pa_perle-bronzite","22":"pa_perle-calcedoine","23":"pa_perle-chrysocolle","24":"pa_perle-citrine","25":"pa_perle-cornaline","26":"pa_perle-cristal-de-roche","27":"pa_perle-fluorine","28":"pa_perle-grenat","29":"pa_perle-hematite","30":"pa_perle-hessonite","31":"pa_perle-howlite","32":"pa_perle-jade","33":"pa_perle-jade-nephrite","34":"pa_perle-jaspe-dalmatien","35":"pa_perle-jaspe-paysage","36":"pa_perle-jaspe-rouge","37":"pa_perle-jaspe-sanguine","38":"pa_perle-kunzite","39":"pa_perle-labradorite","40":"pa_perle-lapis-lazuli","41":"pa_perle-lepidolite","42":"pa_perle-malachite","43":"pa_perle-mokaite","44":"pa_perle-nacre","45":"pa_perle-obsidienne","46":"pa_perle-obsidienne-neige","47":"pa_perle-oeil-de-faucon","48":"pa_perle-oeil-de-taureau","49":"pa_perle-oeil-de-tigre","50":"pa_perle-onyx","51":"pa_perle-opale-verte","52":"pa_perle-pierre-de-lave","53":"pa_perle-pierre-de-lune","54":"pa_perle-pierre-de-soleil","55":"pa_perle-pyrite","56":"pa_perle-quartz-fraise","57":"pa_perle-quartz-fume","58":"pa_perle-quartz-rose","59":"pa_perle-rhodonite","60":"pa_perle-serpentine","61":"pa_perle-sodalite","62":"pa_perle-tourmaline-rose","63":"pa_perle-turquoise","64":"pa_perle-turquoise-afrique","65":"pa_perle-unakite","67":"first","68":"instock","69":"shipping-taxable","70":"purchasable","71":"product-type-variable"},"yoast_head":"<!-- This site is optimized with the Yoast SEO plugin v27.2 - https:\/\/yoast.com\/product\/yoast-seo-wordpress\/ -->\n<title>Boucles d&#039;oreilles Papillons - bijoux lithoth\u00e9rapie et d\u00e9coration \u00e0 rumilly<\/title>\n<meta name=\"description\" content=\"Cocci vous pr\u00e9sente sa collection de bijoux orn\u00e9s de perles en pierre naturelle fabriqu\u00e9 dans son atelier pr\u00e8s de Rumilly : Boucles d&#039;oreilles Papillons\" \/>\n<meta name=\"robots\" content=\"index, follow, max-snippet:-1, max-image-preview:large, max-video-preview:-1\" \/>\n<link rel=\"canonical\" href=\"https:\/\/www.creasdecocci.fr\/index.php\/produit\/boucles-doreilles-papillons\/\" \/>\n<meta property=\"og:locale\" content=\"fr_FR\" \/>\n<meta property=\"og:type\" content=\"article\" \/>\n<meta property=\"og:title\" content=\"Boucles d&#039;oreilles Papillons - bijoux lithoth\u00e9rapie et d\u00e9coration \u00e0 rumilly\" \/>\n<meta property=\"og:description\" content=\"Cocci vous pr\u00e9sente sa collection de bijoux orn\u00e9s de perles en pierre naturelle fabriqu\u00e9 dans son atelier pr\u00e8s de Rumilly : Boucles d&#039;oreilles Papillons\" \/>\n<meta property=\"og:url\" content=\"https:\/\/www.creasdecocci.fr\/index.php\/produit\/boucles-doreilles-papillons\/\" \/>\n<meta property=\"og:site_name\" content=\"bijoux lithoth\u00e9rapie et d\u00e9coration \u00e0 rumilly\" \/>\n<meta property=\"article:modified_time\" content=\"2026-03-21T14:33:51+00:00\" \/>\n<meta property=\"og:image\" content=\"https:\/\/www.creasdecocci.fr\/wp-content\/uploads\/2026\/02\/06062AB1-8ACF-4E6F-854E-969A72F26E1B-1-Copie-Copie.png\" \/>\n\t<meta property=\"og:image:width\" content=\"1024\" \/>\n\t<meta property=\"og:image:height\" content=\"1536\" \/>\n\t<meta property=\"og:image:type\" content=\"image\/png\" \/>\n<meta name=\"twitter:card\" content=\"summary_large_image\" \/>\n<meta name=\"twitter:label1\" content=\"Dur\u00e9e de lecture estim\u00e9e\" \/>\n\t<meta name=\"twitter:data1\" content=\"1 minute\" \/>\n<script type=\"application\/ld+json\" class=\"yoast-schema-graph\">{\"@context\":\"https:\/\/schema.org\",\"@graph\":[{\"@type\":\"WebPage\",\"@id\":\"https:\/\/www.creasdecocci.fr\/index.php\/produit\/boucles-doreilles-papillons\/\",\"url\":\"https:\/\/www.creasdecocci.fr\/index.php\/produit\/boucles-doreilles-papillons\/\",\"name\":\"Boucles d'oreilles Papillons - bijoux lithoth\u00e9rapie et d\u00e9coration \u00e0 rumilly\",\"isPartOf\":{\"@id\":\"https:\/\/www.creasdecocci.fr\/#website\"},\"primaryImageOfPage\":{\"@id\":\"https:\/\/www.creasdecocci.fr\/index.php\/produit\/boucles-doreilles-papillons\/#primaryimage\"},\"image\":{\"@id\":\"https:\/\/www.creasdecocci.fr\/index.php\/produit\/boucles-doreilles-papillons\/#primaryimage\"},\"thumbnailUrl\":\"https:\/\/www.creasdecocci.fr\/wp-content\/uploads\/2026\/02\/06062AB1-8ACF-4E6F-854E-969A72F26E1B-1-Copie-Copie.png\",\"datePublished\":\"2026-02-21T17:23:11+00:00\",\"dateModified\":\"2026-03-21T14:33:51+00:00\",\"description\":\"Cocci vous pr\u00e9sente sa collection de bijoux orn\u00e9s de perles en pierre naturelle fabriqu\u00e9 dans son atelier pr\u00e8s de Rumilly : Boucles d'oreilles Papillons\",\"breadcrumb\":{\"@id\":\"https:\/\/www.creasdecocci.fr\/index.php\/produit\/boucles-doreilles-papillons\/#breadcrumb\"},\"inLanguage\":\"fr-FR\",\"potentialAction\":[{\"@type\":\"ReadAction\",\"target\":[\"https:\/\/www.creasdecocci.fr\/index.php\/produit\/boucles-doreilles-papillons\/\"]}]},{\"@type\":\"ImageObject\",\"inLanguage\":\"fr-FR\",\"@id\":\"https:\/\/www.creasdecocci.fr\/index.php\/produit\/boucles-doreilles-papillons\/#primaryimage\",\"url\":\"https:\/\/www.creasdecocci.fr\/wp-content\/uploads\/2026\/02\/06062AB1-8ACF-4E6F-854E-969A72F26E1B-1-Copie-Copie.png\",\"contentUrl\":\"https:\/\/www.creasdecocci.fr\/wp-content\/uploads\/2026\/02\/06062AB1-8ACF-4E6F-854E-969A72F26E1B-1-Copie-Copie.png\",\"width\":1024,\"height\":1536,\"caption\":\"Boucles papillons\"},{\"@type\":\"BreadcrumbList\",\"@id\":\"https:\/\/www.creasdecocci.fr\/index.php\/produit\/boucles-doreilles-papillons\/#breadcrumb\",\"itemListElement\":[{\"@type\":\"ListItem\",\"position\":1,\"name\":\"Accueil\",\"item\":\"https:\/\/www.creasdecocci.fr\/\"},{\"@type\":\"ListItem\",\"position\":2,\"name\":\"Produits\",\"item\":\"https:\/\/www.creasdecocci.fr\/index.php\/shop\/\"},{\"@type\":\"ListItem\",\"position\":3,\"name\":\"Boucles d&rsquo;oreilles Papillons\"}]},{\"@type\":\"WebSite\",\"@id\":\"https:\/\/www.creasdecocci.fr\/#website\",\"url\":\"https:\/\/www.creasdecocci.fr\/\",\"name\":\"bijoux lithoth\u00e9rapie et d\u00e9coration \u00e0 rumilly\",\"description\":\"\",\"publisher\":{\"@id\":\"https:\/\/www.creasdecocci.fr\/#organization\"},\"potentialAction\":[{\"@type\":\"SearchAction\",\"target\":{\"@type\":\"EntryPoint\",\"urlTemplate\":\"https:\/\/www.creasdecocci.fr\/?s={search_term_string}\"},\"query-input\":{\"@type\":\"PropertyValueSpecification\",\"valueRequired\":true,\"valueName\":\"search_term_string\"}}],\"inLanguage\":\"fr-FR\"},{\"@type\":\"Organization\",\"@id\":\"https:\/\/www.creasdecocci.fr\/#organization\",\"name\":\"bijoux lithoth\u00e9rapie et d\u00e9coration \u00e0 rumilly\",\"url\":\"https:\/\/www.creasdecocci.fr\/\",\"logo\":{\"@type\":\"ImageObject\",\"inLanguage\":\"fr-FR\",\"@id\":\"https:\/\/www.creasdecocci.fr\/#\/schema\/logo\/image\/\",\"url\":\"https:\/\/www.creasdecocci.fr\/wp-content\/uploads\/2021\/12\/logo_creas_cocci.png\",\"contentUrl\":\"https:\/\/www.creasdecocci.fr\/wp-content\/uploads\/2021\/12\/logo_creas_cocci.png\",\"width\":2212,\"height\":1060,\"caption\":\"bijoux lithoth\u00e9rapie et d\u00e9coration \u00e0 rumilly\"},\"image\":{\"@id\":\"https:\/\/www.creasdecocci.fr\/#\/schema\/logo\/image\/\"}}]}<\/script>\n<!-- \/ Yoast SEO plugin. -->","yoast_head_json":{"title":"Boucles d'oreilles Papillons - bijoux lithoth\u00e9rapie et d\u00e9coration \u00e0 rumilly","description":"Cocci vous pr\u00e9sente sa collection de bijoux orn\u00e9s de perles en pierre naturelle fabriqu\u00e9 dans son atelier pr\u00e8s de Rumilly : Boucles d'oreilles Papillons","robots":{"index":"index","follow":"follow","max-snippet":"max-snippet:-1","max-image-preview":"max-image-preview:large","max-video-preview":"max-video-preview:-1"},"canonical":"https:\/\/www.creasdecocci.fr\/index.php\/produit\/boucles-doreilles-papillons\/","og_locale":"fr_FR","og_type":"article","og_title":"Boucles d'oreilles Papillons - bijoux lithoth\u00e9rapie et d\u00e9coration \u00e0 rumilly","og_description":"Cocci vous pr\u00e9sente sa collection de bijoux orn\u00e9s de perles en pierre naturelle fabriqu\u00e9 dans son atelier pr\u00e8s de Rumilly : Boucles d'oreilles Papillons","og_url":"https:\/\/www.creasdecocci.fr\/index.php\/produit\/boucles-doreilles-papillons\/","og_site_name":"bijoux lithoth\u00e9rapie et d\u00e9coration \u00e0 rumilly","article_modified_time":"2026-03-21T14:33:51+00:00","og_image":[{"width":1024,"height":1536,"url":"https:\/\/www.creasdecocci.fr\/wp-content\/uploads\/2026\/02\/06062AB1-8ACF-4E6F-854E-969A72F26E1B-1-Copie-Copie.png","type":"image\/png"}],"twitter_card":"summary_large_image","twitter_misc":{"Dur\u00e9e de lecture estim\u00e9e":"1 minute"},"schema":{"@context":"https:\/\/schema.org","@graph":[{"@type":"WebPage","@id":"https:\/\/www.creasdecocci.fr\/index.php\/produit\/boucles-doreilles-papillons\/","url":"https:\/\/www.creasdecocci.fr\/index.php\/produit\/boucles-doreilles-papillons\/","name":"Boucles d'oreilles Papillons - bijoux lithoth\u00e9rapie et d\u00e9coration \u00e0 rumilly","isPartOf":{"@id":"https:\/\/www.creasdecocci.fr\/#website"},"primaryImageOfPage":{"@id":"https:\/\/www.creasdecocci.fr\/index.php\/produit\/boucles-doreilles-papillons\/#primaryimage"},"image":{"@id":"https:\/\/www.creasdecocci.fr\/index.php\/produit\/boucles-doreilles-papillons\/#primaryimage"},"thumbnailUrl":"https:\/\/www.creasdecocci.fr\/wp-content\/uploads\/2026\/02\/06062AB1-8ACF-4E6F-854E-969A72F26E1B-1-Copie-Copie.png","datePublished":"2026-02-21T17:23:11+00:00","dateModified":"2026-03-21T14:33:51+00:00","description":"Cocci vous pr\u00e9sente sa collection de bijoux orn\u00e9s de perles en pierre naturelle fabriqu\u00e9 dans son atelier pr\u00e8s de Rumilly : Boucles d'oreilles Papillons","breadcrumb":{"@id":"https:\/\/www.creasdecocci.fr\/index.php\/produit\/boucles-doreilles-papillons\/#breadcrumb"},"inLanguage":"fr-FR","potentialAction":[{"@type":"ReadAction","target":["https:\/\/www.creasdecocci.fr\/index.php\/produit\/boucles-doreilles-papillons\/"]}]},{"@type":"ImageObject","inLanguage":"fr-FR","@id":"https:\/\/www.creasdecocci.fr\/index.php\/produit\/boucles-doreilles-papillons\/#primaryimage","url":"https:\/\/www.creasdecocci.fr\/wp-content\/uploads\/2026\/02\/06062AB1-8ACF-4E6F-854E-969A72F26E1B-1-Copie-Copie.png","contentUrl":"https:\/\/www.creasdecocci.fr\/wp-content\/uploads\/2026\/02\/06062AB1-8ACF-4E6F-854E-969A72F26E1B-1-Copie-Copie.png","width":1024,"height":1536,"caption":"Boucles papillons"},{"@type":"BreadcrumbList","@id":"https:\/\/www.creasdecocci.fr\/index.php\/produit\/boucles-doreilles-papillons\/#breadcrumb","itemListElement":[{"@type":"ListItem","position":1,"name":"Accueil","item":"https:\/\/www.creasdecocci.fr\/"},{"@type":"ListItem","position":2,"name":"Produits","item":"https:\/\/www.creasdecocci.fr\/index.php\/shop\/"},{"@type":"ListItem","position":3,"name":"Boucles d&rsquo;oreilles Papillons"}]},{"@type":"WebSite","@id":"https:\/\/www.creasdecocci.fr\/#website","url":"https:\/\/www.creasdecocci.fr\/","name":"bijoux lithoth\u00e9rapie et d\u00e9coration \u00e0 rumilly","description":"","publisher":{"@id":"https:\/\/www.creasdecocci.fr\/#organization"},"potentialAction":[{"@type":"SearchAction","target":{"@type":"EntryPoint","urlTemplate":"https:\/\/www.creasdecocci.fr\/?s={search_term_string}"},"query-input":{"@type":"PropertyValueSpecification","valueRequired":true,"valueName":"search_term_string"}}],"inLanguage":"fr-FR"},{"@type":"Organization","@id":"https:\/\/www.creasdecocci.fr\/#organization","name":"bijoux lithoth\u00e9rapie et d\u00e9coration \u00e0 rumilly","url":"https:\/\/www.creasdecocci.fr\/","logo":{"@type":"ImageObject","inLanguage":"fr-FR","@id":"https:\/\/www.creasdecocci.fr\/#\/schema\/logo\/image\/","url":"https:\/\/www.creasdecocci.fr\/wp-content\/uploads\/2021\/12\/logo_creas_cocci.png","contentUrl":"https:\/\/www.creasdecocci.fr\/wp-content\/uploads\/2021\/12\/logo_creas_cocci.png","width":2212,"height":1060,"caption":"bijoux lithoth\u00e9rapie et d\u00e9coration \u00e0 rumilly"},"image":{"@id":"https:\/\/www.creasdecocci.fr\/#\/schema\/logo\/image\/"}}]}},"jetpack_sharing_enabled":true,"_links":{"self":[{"href":"https:\/\/www.creasdecocci.fr\/index.php\/wp-json\/wp\/v2\/product\/10817","targetHints":{"allow":["GET"]}}],"collection":[{"href":"https:\/\/www.creasdecocci.fr\/index.php\/wp-json\/wp\/v2\/product"}],"about":[{"href":"https:\/\/www.creasdecocci.fr\/index.php\/wp-json\/wp\/v2\/types\/product"}],"version-history":[{"count":3,"href":"https:\/\/www.creasdecocci.fr\/index.php\/wp-json\/wp\/v2\/product\/10817\/revisions"}],"predecessor-version":[{"id":11347,"href":"https:\/\/www.creasdecocci.fr\/index.php\/wp-json\/wp\/v2\/product\/10817\/revisions\/11347"}],"wp:featuredmedia":[{"embeddable":true,"href":"https:\/\/www.creasdecocci.fr\/index.php\/wp-json\/wp\/v2\/media\/10645"}],"wp:attachment":[{"href":"https:\/\/www.creasdecocci.fr\/index.php\/wp-json\/wp\/v2\/media?parent=10817"}],"wp:term":[{"taxonomy":"product_brand","embeddable":true,"href":"https:\/\/www.creasdecocci.fr\/index.php\/wp-json\/wp\/v2\/product_brand?post=10817"},{"taxonomy":"product_cat","embeddable":true,"href":"https:\/\/www.creasdecocci.fr\/index.php\/wp-json\/wp\/v2\/product_cat?post=10817"},{"taxonomy":"product_tag","embeddable":true,"href":"https:\/\/www.creasdecocci.fr\/index.php\/wp-json\/wp\/v2\/product_tag?post=10817"}],"curies":[{"name":"wp","href":"https:\/\/api.w.org\/{rel}","templated":true}]}}