{"id":10831,"date":"2026-02-21T18:33:38","date_gmt":"2026-02-21T17:33:38","guid":{"rendered":"https:\/\/www.creasdecocci.fr\/?post_type=product&#038;p=10831"},"modified":"2026-03-21T15:53:04","modified_gmt":"2026-03-21T14:53:04","slug":"boucles-doreilles-isae","status":"publish","type":"product","link":"https:\/\/www.creasdecocci.fr\/index.php\/produit\/boucles-doreilles-isae\/","title":{"rendered":"Boucles d&rsquo;oreilles Isae"},"content":{"rendered":"<p>Boucles d\u2019oreilles Isa\u00e9 en micro-macram\u00e9 \u2013 Cr\u00e9ation artisanale r\u00e9alis\u00e9e \u00e0 la main dans mon atelier \u00e0 Marcellaz-Albanais.<\/p>\n<p>Laissez-vous s\u00e9duire par les boucles d\u2019oreilles Isa\u00e9, une cr\u00e9ation d\u00e9licate et pleine de caract\u00e8re, enti\u00e8rement tiss\u00e9e \u00e0 la main en micro-macram\u00e9 dans mon atelier.<\/p>\n<p>R\u00e9alis\u00e9es avec un fil fin de 0,8 mm, ces boucles d\u2019oreilles offrent un rendu \u00e0 la fois \u00e9l\u00e9gant, l\u00e9ger et raffin\u00e9. Leur tissage minutieux met en valeur de jolies perles naturelles, comme ici avec l\u2019am\u00e9thyste, mais vous pouvez \u00e9galement personnaliser votre paire avec la pierre de votre choix selon vos envies ou vos besoins.<\/p>\n<p>Leur design associe harmonieusement :<br \/>\n\u2022 un anneau d\u00e9licat en acier inoxydable (disponible en dor\u00e9 ou argent\u00e9)<br \/>\n\u2022 un tissage fin et structur\u00e9<br \/>\n\u2022 des perles naturelles de 4 mm aux \u00e9nergies uniques<\/p>\n<p>Chaque paire est une pi\u00e8ce unique, r\u00e9alis\u00e9e avec soin et intention.<\/p>\n<p>\u2e3b<\/p>\n<p>D\u00e9tails :<br \/>\n\u2022 Mod\u00e8le : Boucles d\u2019oreilles Isa\u00e9<br \/>\n\u2022 Technique : Micro-macram\u00e9 tiss\u00e9 \u00e0 la main<br \/>\n\u2022 Fil : Polyester 0,8 mm<br \/>\n\u2022 Attaches : Argent 925 ou argent dor\u00e9 \u00e0 l&rsquo;or fin<br \/>\n\u2022 Pierres : Am\u00e9thyste (ou autre pierre naturelle sur demande)<br \/>\n\u2022 Fabrication : Artisanale \u2013 fait main dans mon atelier<\/p>\n<p>Pourquoi on les aime :<br \/>\n\u2022 Bijoux l\u00e9gers et agr\u00e9ables \u00e0 porter<br \/>\n\u2022 Personnalisables selon vos go\u00fbts<br \/>\n\u2022 Chaque pi\u00e8ce est unique<br \/>\n\u2022 Alliance parfaite entre \u00e9l\u00e9gance et \u00e9nergie des pierres naturelles<\/p>\n<p>Une cr\u00e9ation id\u00e9ale pour apporter une touche boh\u00e8me et lumineuse \u00e0 votre tenue, ou pour offrir un cadeau unique et plein de sens.<\/p>\n","protected":false},"excerpt":{"rendered":"<p>Boucles d\u2019oreilles Isa\u00e9 en micro-macram\u00e9 \u2013 Cr\u00e9ation artisanale r\u00e9alis\u00e9e \u00e0 la main dans mon atelier \u00e0 Marcellaz-Albanais. Laissez-vous s\u00e9duire par les boucles d\u2019oreilles Isa\u00e9, une cr\u00e9ation d\u00e9licate et pleine de caract\u00e8re, enti\u00e8rement tiss\u00e9e \u00e0 la main en micro-macram\u00e9 dans mon atelier. R\u00e9alis\u00e9es avec un fil fin de 0,8 mm, ces boucles d\u2019oreilles offrent un rendu \u00e0 la fois \u00e9l\u00e9gant, l\u00e9ger et raffin\u00e9. Leur tissage minutieux met en valeur de jolies perles naturelles, comme ici avec l\u2019am\u00e9thyste, mais vous pouvez \u00e9galement personnaliser votre paire avec la pierre de votre choix selon vos envies ou vos besoins. Leur design associe harmonieusement : \u2022 un anneau d\u00e9licat en acier inoxydable (disponible en dor\u00e9 ou argent\u00e9) \u2022 un tissage fin et structur\u00e9 \u2022 des perles naturelles de 4 mm aux \u00e9nergies uniques Chaque paire est une pi\u00e8ce unique, r\u00e9alis\u00e9e avec soin et intention. \u2e3b D\u00e9tails : \u2022 Mod\u00e8le : Boucles d\u2019oreilles Isa\u00e9 \u2022 Technique : Micro-macram\u00e9 tiss\u00e9 \u00e0 la main \u2022 Fil : Polyester 0,8 mm \u2022 Attaches : Argent 925 ou argent dor\u00e9 \u00e0 l&rsquo;or fin \u2022 Pierres : Am\u00e9thyste (ou autre pierre naturelle sur demande) \u2022 Fabrication : Artisanale \u2013 fait main dans mon atelier Pourquoi on les aime : \u2022 Bijoux l\u00e9gers et agr\u00e9ables \u00e0 porter \u2022 Personnalisables selon vos go\u00fbts \u2022 Chaque pi\u00e8ce est unique \u2022 Alliance parfaite entre \u00e9l\u00e9gance et \u00e9nergie des pierres naturelles Une cr\u00e9ation id\u00e9ale pour apporter une touche boh\u00e8me et lumineuse \u00e0 votre tenue, ou pour offrir un cadeau unique et plein de sens.<\/p>\n","protected":false},"featured_media":10663,"template":"","meta":[],"product_brand":[],"product_cat":[23,360],"product_tag":[364,622,623],"class_list":{"0":"post-10831","1":"product","2":"type-product","3":"status-publish","4":"has-post-thumbnail","6":"product_cat-bijoux","7":"product_cat-boucles-doreilles","8":"product_tag-amethyste","9":"product_tag-boucles","10":"product_tag-tisses","11":"pa_perle-agate-arbre","12":"pa_perle-agate-botswana","13":"pa_perle-agate-de-feu","14":"pa_perle-aigue-marine","15":"pa_perle-amazonite","16":"pa_perle-amethyste","17":"pa_perle-angelite","18":"pa_perle-apatite","19":"pa_perle-aventurine","20":"pa_perle-bois-petrifie","21":"pa_perle-bronzite","22":"pa_perle-calcedoine","23":"pa_perle-chrysocolle","24":"pa_perle-citrine","25":"pa_perle-cornaline","26":"pa_perle-cristal-de-roche","27":"pa_perle-fluorine","28":"pa_perle-grenat","29":"pa_perle-hematite","30":"pa_perle-hessonite","31":"pa_perle-howlite","32":"pa_perle-jade","33":"pa_perle-jade-nephrite","34":"pa_perle-jaspe-dalmatien","35":"pa_perle-jaspe-paysage","36":"pa_perle-jaspe-rouge","37":"pa_perle-jaspe-sanguine","38":"pa_perle-kunzite","39":"pa_perle-labradorite","40":"pa_perle-lapis-lazuli","41":"pa_perle-lepidolite","42":"pa_perle-malachite","43":"pa_perle-mokaite","44":"pa_perle-nacre","45":"pa_perle-obsidienne","46":"pa_perle-obsidienne-neige","47":"pa_perle-oeil-de-faucon","48":"pa_perle-oeil-de-taureau","49":"pa_perle-oeil-de-tigre","50":"pa_perle-onyx","51":"pa_perle-opale-verte","52":"pa_perle-pierre-de-lave","53":"pa_perle-pierre-de-lune","54":"pa_perle-pierre-de-soleil","55":"pa_perle-pyrite","56":"pa_perle-quartz-fraise","57":"pa_perle-quartz-fume","58":"pa_perle-quartz-rose","59":"pa_perle-rhodonite","60":"pa_perle-serpentine","61":"pa_perle-sodalite","62":"pa_perle-tourmaline-rose","63":"pa_perle-turquoise","64":"pa_perle-turquoise-afrique","65":"pa_perle-unakite","67":"first","68":"instock","69":"shipping-taxable","70":"purchasable","71":"product-type-variable"},"yoast_head":"<!-- This site is optimized with the Yoast SEO plugin v27.2 - https:\/\/yoast.com\/product\/yoast-seo-wordpress\/ -->\n<title>Boucles d&#039;oreilles Isae - bijoux lithoth\u00e9rapie et d\u00e9coration \u00e0 rumilly<\/title>\n<meta name=\"description\" content=\"Cocci vous pr\u00e9sente sa collection de bijoux orn\u00e9s de perles en pierre naturelle fabriqu\u00e9 dans son atelier pr\u00e8s de Rumilly : Boucles d&#039;oreilles Isae\" \/>\n<meta name=\"robots\" content=\"index, follow, max-snippet:-1, max-image-preview:large, max-video-preview:-1\" \/>\n<link rel=\"canonical\" href=\"https:\/\/www.creasdecocci.fr\/index.php\/produit\/boucles-doreilles-isae\/\" \/>\n<meta property=\"og:locale\" content=\"fr_FR\" \/>\n<meta property=\"og:type\" content=\"article\" \/>\n<meta property=\"og:title\" content=\"Boucles d&#039;oreilles Isae - bijoux lithoth\u00e9rapie et d\u00e9coration \u00e0 rumilly\" \/>\n<meta property=\"og:description\" content=\"Cocci vous pr\u00e9sente sa collection de bijoux orn\u00e9s de perles en pierre naturelle fabriqu\u00e9 dans son atelier pr\u00e8s de Rumilly : Boucles d&#039;oreilles Isae\" \/>\n<meta property=\"og:url\" content=\"https:\/\/www.creasdecocci.fr\/index.php\/produit\/boucles-doreilles-isae\/\" \/>\n<meta property=\"og:site_name\" content=\"bijoux lithoth\u00e9rapie et d\u00e9coration \u00e0 rumilly\" \/>\n<meta property=\"article:modified_time\" content=\"2026-03-21T14:53:04+00:00\" \/>\n<meta property=\"og:image\" content=\"https:\/\/www.creasdecocci.fr\/wp-content\/uploads\/2026\/02\/8A9603EB-D281-4004-96B9-2CFC721AE3F6-1-683x1024.png\" \/>\n\t<meta property=\"og:image:width\" content=\"683\" \/>\n\t<meta property=\"og:image:height\" content=\"1024\" \/>\n\t<meta property=\"og:image:type\" content=\"image\/png\" \/>\n<meta name=\"twitter:card\" content=\"summary_large_image\" \/>\n<meta name=\"twitter:label1\" content=\"Dur\u00e9e de lecture estim\u00e9e\" \/>\n\t<meta name=\"twitter:data1\" content=\"1 minute\" \/>\n<script type=\"application\/ld+json\" class=\"yoast-schema-graph\">{\"@context\":\"https:\/\/schema.org\",\"@graph\":[{\"@type\":\"WebPage\",\"@id\":\"https:\/\/www.creasdecocci.fr\/index.php\/produit\/boucles-doreilles-isae\/\",\"url\":\"https:\/\/www.creasdecocci.fr\/index.php\/produit\/boucles-doreilles-isae\/\",\"name\":\"Boucles d'oreilles Isae - bijoux lithoth\u00e9rapie et d\u00e9coration \u00e0 rumilly\",\"isPartOf\":{\"@id\":\"https:\/\/www.creasdecocci.fr\/#website\"},\"primaryImageOfPage\":{\"@id\":\"https:\/\/www.creasdecocci.fr\/index.php\/produit\/boucles-doreilles-isae\/#primaryimage\"},\"image\":{\"@id\":\"https:\/\/www.creasdecocci.fr\/index.php\/produit\/boucles-doreilles-isae\/#primaryimage\"},\"thumbnailUrl\":\"https:\/\/www.creasdecocci.fr\/wp-content\/uploads\/2026\/02\/8A9603EB-D281-4004-96B9-2CFC721AE3F6-1.png\",\"datePublished\":\"2026-02-21T17:33:38+00:00\",\"dateModified\":\"2026-03-21T14:53:04+00:00\",\"description\":\"Cocci vous pr\u00e9sente sa collection de bijoux orn\u00e9s de perles en pierre naturelle fabriqu\u00e9 dans son atelier pr\u00e8s de Rumilly : Boucles d'oreilles Isae\",\"breadcrumb\":{\"@id\":\"https:\/\/www.creasdecocci.fr\/index.php\/produit\/boucles-doreilles-isae\/#breadcrumb\"},\"inLanguage\":\"fr-FR\",\"potentialAction\":[{\"@type\":\"ReadAction\",\"target\":[\"https:\/\/www.creasdecocci.fr\/index.php\/produit\/boucles-doreilles-isae\/\"]}]},{\"@type\":\"ImageObject\",\"inLanguage\":\"fr-FR\",\"@id\":\"https:\/\/www.creasdecocci.fr\/index.php\/produit\/boucles-doreilles-isae\/#primaryimage\",\"url\":\"https:\/\/www.creasdecocci.fr\/wp-content\/uploads\/2026\/02\/8A9603EB-D281-4004-96B9-2CFC721AE3F6-1.png\",\"contentUrl\":\"https:\/\/www.creasdecocci.fr\/wp-content\/uploads\/2026\/02\/8A9603EB-D281-4004-96B9-2CFC721AE3F6-1.png\",\"width\":1024,\"height\":1536,\"caption\":\"Boucles Isae\"},{\"@type\":\"BreadcrumbList\",\"@id\":\"https:\/\/www.creasdecocci.fr\/index.php\/produit\/boucles-doreilles-isae\/#breadcrumb\",\"itemListElement\":[{\"@type\":\"ListItem\",\"position\":1,\"name\":\"Accueil\",\"item\":\"https:\/\/www.creasdecocci.fr\/\"},{\"@type\":\"ListItem\",\"position\":2,\"name\":\"Produits\",\"item\":\"https:\/\/www.creasdecocci.fr\/index.php\/shop\/\"},{\"@type\":\"ListItem\",\"position\":3,\"name\":\"Boucles d&rsquo;oreilles Isae\"}]},{\"@type\":\"WebSite\",\"@id\":\"https:\/\/www.creasdecocci.fr\/#website\",\"url\":\"https:\/\/www.creasdecocci.fr\/\",\"name\":\"bijoux lithoth\u00e9rapie et d\u00e9coration \u00e0 rumilly\",\"description\":\"\",\"publisher\":{\"@id\":\"https:\/\/www.creasdecocci.fr\/#organization\"},\"potentialAction\":[{\"@type\":\"SearchAction\",\"target\":{\"@type\":\"EntryPoint\",\"urlTemplate\":\"https:\/\/www.creasdecocci.fr\/?s={search_term_string}\"},\"query-input\":{\"@type\":\"PropertyValueSpecification\",\"valueRequired\":true,\"valueName\":\"search_term_string\"}}],\"inLanguage\":\"fr-FR\"},{\"@type\":\"Organization\",\"@id\":\"https:\/\/www.creasdecocci.fr\/#organization\",\"name\":\"bijoux lithoth\u00e9rapie et d\u00e9coration \u00e0 rumilly\",\"url\":\"https:\/\/www.creasdecocci.fr\/\",\"logo\":{\"@type\":\"ImageObject\",\"inLanguage\":\"fr-FR\",\"@id\":\"https:\/\/www.creasdecocci.fr\/#\/schema\/logo\/image\/\",\"url\":\"https:\/\/www.creasdecocci.fr\/wp-content\/uploads\/2021\/12\/logo_creas_cocci.png\",\"contentUrl\":\"https:\/\/www.creasdecocci.fr\/wp-content\/uploads\/2021\/12\/logo_creas_cocci.png\",\"width\":2212,\"height\":1060,\"caption\":\"bijoux lithoth\u00e9rapie et d\u00e9coration \u00e0 rumilly\"},\"image\":{\"@id\":\"https:\/\/www.creasdecocci.fr\/#\/schema\/logo\/image\/\"}}]}<\/script>\n<!-- \/ Yoast SEO plugin. -->","yoast_head_json":{"title":"Boucles d'oreilles Isae - bijoux lithoth\u00e9rapie et d\u00e9coration \u00e0 rumilly","description":"Cocci vous pr\u00e9sente sa collection de bijoux orn\u00e9s de perles en pierre naturelle fabriqu\u00e9 dans son atelier pr\u00e8s de Rumilly : Boucles d'oreilles Isae","robots":{"index":"index","follow":"follow","max-snippet":"max-snippet:-1","max-image-preview":"max-image-preview:large","max-video-preview":"max-video-preview:-1"},"canonical":"https:\/\/www.creasdecocci.fr\/index.php\/produit\/boucles-doreilles-isae\/","og_locale":"fr_FR","og_type":"article","og_title":"Boucles d'oreilles Isae - bijoux lithoth\u00e9rapie et d\u00e9coration \u00e0 rumilly","og_description":"Cocci vous pr\u00e9sente sa collection de bijoux orn\u00e9s de perles en pierre naturelle fabriqu\u00e9 dans son atelier pr\u00e8s de Rumilly : Boucles d'oreilles Isae","og_url":"https:\/\/www.creasdecocci.fr\/index.php\/produit\/boucles-doreilles-isae\/","og_site_name":"bijoux lithoth\u00e9rapie et d\u00e9coration \u00e0 rumilly","article_modified_time":"2026-03-21T14:53:04+00:00","og_image":[{"width":683,"height":1024,"url":"https:\/\/www.creasdecocci.fr\/wp-content\/uploads\/2026\/02\/8A9603EB-D281-4004-96B9-2CFC721AE3F6-1-683x1024.png","type":"image\/png"}],"twitter_card":"summary_large_image","twitter_misc":{"Dur\u00e9e de lecture estim\u00e9e":"1 minute"},"schema":{"@context":"https:\/\/schema.org","@graph":[{"@type":"WebPage","@id":"https:\/\/www.creasdecocci.fr\/index.php\/produit\/boucles-doreilles-isae\/","url":"https:\/\/www.creasdecocci.fr\/index.php\/produit\/boucles-doreilles-isae\/","name":"Boucles d'oreilles Isae - bijoux lithoth\u00e9rapie et d\u00e9coration \u00e0 rumilly","isPartOf":{"@id":"https:\/\/www.creasdecocci.fr\/#website"},"primaryImageOfPage":{"@id":"https:\/\/www.creasdecocci.fr\/index.php\/produit\/boucles-doreilles-isae\/#primaryimage"},"image":{"@id":"https:\/\/www.creasdecocci.fr\/index.php\/produit\/boucles-doreilles-isae\/#primaryimage"},"thumbnailUrl":"https:\/\/www.creasdecocci.fr\/wp-content\/uploads\/2026\/02\/8A9603EB-D281-4004-96B9-2CFC721AE3F6-1.png","datePublished":"2026-02-21T17:33:38+00:00","dateModified":"2026-03-21T14:53:04+00:00","description":"Cocci vous pr\u00e9sente sa collection de bijoux orn\u00e9s de perles en pierre naturelle fabriqu\u00e9 dans son atelier pr\u00e8s de Rumilly : Boucles d'oreilles Isae","breadcrumb":{"@id":"https:\/\/www.creasdecocci.fr\/index.php\/produit\/boucles-doreilles-isae\/#breadcrumb"},"inLanguage":"fr-FR","potentialAction":[{"@type":"ReadAction","target":["https:\/\/www.creasdecocci.fr\/index.php\/produit\/boucles-doreilles-isae\/"]}]},{"@type":"ImageObject","inLanguage":"fr-FR","@id":"https:\/\/www.creasdecocci.fr\/index.php\/produit\/boucles-doreilles-isae\/#primaryimage","url":"https:\/\/www.creasdecocci.fr\/wp-content\/uploads\/2026\/02\/8A9603EB-D281-4004-96B9-2CFC721AE3F6-1.png","contentUrl":"https:\/\/www.creasdecocci.fr\/wp-content\/uploads\/2026\/02\/8A9603EB-D281-4004-96B9-2CFC721AE3F6-1.png","width":1024,"height":1536,"caption":"Boucles Isae"},{"@type":"BreadcrumbList","@id":"https:\/\/www.creasdecocci.fr\/index.php\/produit\/boucles-doreilles-isae\/#breadcrumb","itemListElement":[{"@type":"ListItem","position":1,"name":"Accueil","item":"https:\/\/www.creasdecocci.fr\/"},{"@type":"ListItem","position":2,"name":"Produits","item":"https:\/\/www.creasdecocci.fr\/index.php\/shop\/"},{"@type":"ListItem","position":3,"name":"Boucles d&rsquo;oreilles Isae"}]},{"@type":"WebSite","@id":"https:\/\/www.creasdecocci.fr\/#website","url":"https:\/\/www.creasdecocci.fr\/","name":"bijoux lithoth\u00e9rapie et d\u00e9coration \u00e0 rumilly","description":"","publisher":{"@id":"https:\/\/www.creasdecocci.fr\/#organization"},"potentialAction":[{"@type":"SearchAction","target":{"@type":"EntryPoint","urlTemplate":"https:\/\/www.creasdecocci.fr\/?s={search_term_string}"},"query-input":{"@type":"PropertyValueSpecification","valueRequired":true,"valueName":"search_term_string"}}],"inLanguage":"fr-FR"},{"@type":"Organization","@id":"https:\/\/www.creasdecocci.fr\/#organization","name":"bijoux lithoth\u00e9rapie et d\u00e9coration \u00e0 rumilly","url":"https:\/\/www.creasdecocci.fr\/","logo":{"@type":"ImageObject","inLanguage":"fr-FR","@id":"https:\/\/www.creasdecocci.fr\/#\/schema\/logo\/image\/","url":"https:\/\/www.creasdecocci.fr\/wp-content\/uploads\/2021\/12\/logo_creas_cocci.png","contentUrl":"https:\/\/www.creasdecocci.fr\/wp-content\/uploads\/2021\/12\/logo_creas_cocci.png","width":2212,"height":1060,"caption":"bijoux lithoth\u00e9rapie et d\u00e9coration \u00e0 rumilly"},"image":{"@id":"https:\/\/www.creasdecocci.fr\/#\/schema\/logo\/image\/"}}]}},"jetpack_sharing_enabled":true,"_links":{"self":[{"href":"https:\/\/www.creasdecocci.fr\/index.php\/wp-json\/wp\/v2\/product\/10831","targetHints":{"allow":["GET"]}}],"collection":[{"href":"https:\/\/www.creasdecocci.fr\/index.php\/wp-json\/wp\/v2\/product"}],"about":[{"href":"https:\/\/www.creasdecocci.fr\/index.php\/wp-json\/wp\/v2\/types\/product"}],"version-history":[{"count":6,"href":"https:\/\/www.creasdecocci.fr\/index.php\/wp-json\/wp\/v2\/product\/10831\/revisions"}],"predecessor-version":[{"id":11350,"href":"https:\/\/www.creasdecocci.fr\/index.php\/wp-json\/wp\/v2\/product\/10831\/revisions\/11350"}],"wp:featuredmedia":[{"embeddable":true,"href":"https:\/\/www.creasdecocci.fr\/index.php\/wp-json\/wp\/v2\/media\/10663"}],"wp:attachment":[{"href":"https:\/\/www.creasdecocci.fr\/index.php\/wp-json\/wp\/v2\/media?parent=10831"}],"wp:term":[{"taxonomy":"product_brand","embeddable":true,"href":"https:\/\/www.creasdecocci.fr\/index.php\/wp-json\/wp\/v2\/product_brand?post=10831"},{"taxonomy":"product_cat","embeddable":true,"href":"https:\/\/www.creasdecocci.fr\/index.php\/wp-json\/wp\/v2\/product_cat?post=10831"},{"taxonomy":"product_tag","embeddable":true,"href":"https:\/\/www.creasdecocci.fr\/index.php\/wp-json\/wp\/v2\/product_tag?post=10831"}],"curies":[{"name":"wp","href":"https:\/\/api.w.org\/{rel}","templated":true}]}}