{"id":10836,"date":"2026-02-21T18:38:42","date_gmt":"2026-02-21T17:38:42","guid":{"rendered":"https:\/\/www.creasdecocci.fr\/?post_type=product&#038;p=10836"},"modified":"2026-02-26T07:03:03","modified_gmt":"2026-02-26T06:03:03","slug":"bracelet-culpabilite","status":"publish","type":"product","link":"https:\/\/www.creasdecocci.fr\/index.php\/produit\/bracelet-culpabilite\/","title":{"rendered":"Bracelet Culpabilit\u00e9"},"content":{"rendered":"<p>Le Bracelet Culpabilit\u00e9 est r\u00e9alis\u00e9 \u00e0 la main avec passion et bienveillance dans mon atelier entre Annecy et Rumilly. Le Bracelet Culpabilit\u00e9 est mont\u00e9 sur un cordon \u00e9lastique.<\/p>\n<p>Ce bracelet a \u00e9t\u00e9 con\u00e7u pour accompagner les personnes qui ressentent une culpabilit\u00e9 \u00e9motionnelle persistante, une surcharge mentale ou une difficult\u00e9 \u00e0 poser des limites.<\/p>\n<p>Il est compos\u00e9 des pierres naturelles suivantes :<\/p>\n<ul>\n<li>chrysocolle : favorise l&rsquo;apaisement int\u00e9rieur et la lib\u00e9ration des tensions \u00e9motionnelles,<\/li>\n<li>labradorite : prot\u00e8ge des charges \u00e9motionnelles ext\u00e9rieures et aide \u00e0 stabiliser l&rsquo;\u00e9tat int\u00e9rieur,<\/li>\n<li>l&rsquo;obsidienne neige : soutient l&rsquo;ancrage, la prise de recul et la clart\u00e9 \u00e9motionnelle.<\/li>\n<\/ul>\n<p>Ce bracelet accompagne un travail personnel autour de la lib\u00e9ration de la culpabilit\u00e9, de la protection \u00e9motionnelle.<\/p>\n<p>Perles pierre naturelle 8 mm, perle cache n\u0153ud en acier inoxydable.<\/p>\n<p>La taille correspond \u00e0 votre tour de poignet, Cocci rajoute ensuite 1cm de marge.<\/p>\n","protected":false},"excerpt":{"rendered":"<p>Le Bracelet Culpabilit\u00e9 est r\u00e9alis\u00e9 \u00e0 la main avec passion et bienveillance dans mon atelier entre Annecy et Rumilly. Le Bracelet Culpabilit\u00e9 est mont\u00e9 sur un cordon \u00e9lastique. Ce bracelet a \u00e9t\u00e9 con\u00e7u pour accompagner les personnes qui ressentent une culpabilit\u00e9 \u00e9motionnelle persistante, une surcharge mentale ou une difficult\u00e9 \u00e0 poser des limites. Il est compos\u00e9 des pierres naturelles suivantes : chrysocolle : favorise l&rsquo;apaisement int\u00e9rieur et la lib\u00e9ration des tensions \u00e9motionnelles, labradorite : prot\u00e8ge des charges \u00e9motionnelles ext\u00e9rieures et aide \u00e0 stabiliser l&rsquo;\u00e9tat int\u00e9rieur, l&rsquo;obsidienne neige : soutient l&rsquo;ancrage, la prise de recul et la clart\u00e9 \u00e9motionnelle. Ce bracelet accompagne un travail personnel autour de la lib\u00e9ration de la culpabilit\u00e9, de la protection \u00e9motionnelle. Perles pierre naturelle 8 mm, perle cache n\u0153ud en acier inoxydable. La taille correspond \u00e0 votre tour de poignet, Cocci rajoute ensuite 1cm de marge.<\/p>\n","protected":false},"featured_media":10675,"template":"","meta":[],"product_brand":[],"product_cat":[23,359,487],"product_tag":[63,621,74],"class_list":{"0":"post-10836","1":"product","2":"type-product","3":"status-publish","4":"has-post-thumbnail","6":"product_cat-bijoux","7":"product_cat-bracelet","8":"product_cat-bracelets-avec-intention","9":"product_tag-ancrage","10":"product_tag-culpabilite","11":"product_tag-emotion","12":"pa_taille-poignet-14-cm","13":"pa_taille-poignet-15-cm","14":"pa_taille-poignet-16-cm","15":"pa_taille-poignet-17-cm","16":"pa_taille-poignet-18-cm","17":"pa_taille-poignet-19-cm","18":"pa_taille-poignet-20-cm","19":"pa_taille-poignet-21-cm","21":"first","22":"instock","23":"shipping-taxable","24":"purchasable","25":"product-type-variable"},"yoast_head":"<!-- This site is optimized with the Yoast SEO plugin v27.2 - https:\/\/yoast.com\/product\/yoast-seo-wordpress\/ -->\n<title>Bracelet Culpabilit\u00e9 - bijoux lithoth\u00e9rapie et d\u00e9coration \u00e0 rumilly<\/title>\n<meta name=\"description\" content=\"Cocci vous pr\u00e9sente sa collection de bijoux lithoth\u00e9rapie, en perles naturelles fabriqu\u00e9s dans mon atelier entre Annecy et Rumilly : Bracelet Culpabilit\u00e9\" \/>\n<meta name=\"robots\" content=\"index, follow, max-snippet:-1, max-image-preview:large, max-video-preview:-1\" \/>\n<link rel=\"canonical\" href=\"https:\/\/www.creasdecocci.fr\/index.php\/produit\/bracelet-culpabilite\/\" \/>\n<meta property=\"og:locale\" content=\"fr_FR\" \/>\n<meta property=\"og:type\" content=\"article\" \/>\n<meta property=\"og:title\" content=\"Bracelet Culpabilit\u00e9 - bijoux lithoth\u00e9rapie et d\u00e9coration \u00e0 rumilly\" \/>\n<meta property=\"og:description\" content=\"Cocci vous pr\u00e9sente sa collection de bijoux lithoth\u00e9rapie, en perles naturelles fabriqu\u00e9s dans mon atelier entre Annecy et Rumilly : Bracelet Culpabilit\u00e9\" \/>\n<meta property=\"og:url\" content=\"https:\/\/www.creasdecocci.fr\/index.php\/produit\/bracelet-culpabilite\/\" \/>\n<meta property=\"og:site_name\" content=\"bijoux lithoth\u00e9rapie et d\u00e9coration \u00e0 rumilly\" \/>\n<meta property=\"article:modified_time\" content=\"2026-02-26T06:03:03+00:00\" \/>\n<meta property=\"og:image\" content=\"https:\/\/www.creasdecocci.fr\/wp-content\/uploads\/2026\/02\/IMG_8215-Photoroom-scaled.jpg\" \/>\n\t<meta property=\"og:image:width\" content=\"1920\" \/>\n\t<meta property=\"og:image:height\" content=\"2560\" \/>\n\t<meta property=\"og:image:type\" content=\"image\/jpeg\" \/>\n<meta name=\"twitter:card\" content=\"summary_large_image\" \/>\n<meta name=\"twitter:label1\" content=\"Dur\u00e9e de lecture estim\u00e9e\" \/>\n\t<meta name=\"twitter:data1\" content=\"1 minute\" \/>\n<script type=\"application\/ld+json\" class=\"yoast-schema-graph\">{\"@context\":\"https:\/\/schema.org\",\"@graph\":[{\"@type\":\"WebPage\",\"@id\":\"https:\/\/www.creasdecocci.fr\/index.php\/produit\/bracelet-culpabilite\/\",\"url\":\"https:\/\/www.creasdecocci.fr\/index.php\/produit\/bracelet-culpabilite\/\",\"name\":\"Bracelet Culpabilit\u00e9 - bijoux lithoth\u00e9rapie et d\u00e9coration \u00e0 rumilly\",\"isPartOf\":{\"@id\":\"https:\/\/www.creasdecocci.fr\/#website\"},\"primaryImageOfPage\":{\"@id\":\"https:\/\/www.creasdecocci.fr\/index.php\/produit\/bracelet-culpabilite\/#primaryimage\"},\"image\":{\"@id\":\"https:\/\/www.creasdecocci.fr\/index.php\/produit\/bracelet-culpabilite\/#primaryimage\"},\"thumbnailUrl\":\"https:\/\/www.creasdecocci.fr\/wp-content\/uploads\/2026\/02\/IMG_8215-Photoroom-scaled.jpg\",\"datePublished\":\"2026-02-21T17:38:42+00:00\",\"dateModified\":\"2026-02-26T06:03:03+00:00\",\"description\":\"Cocci vous pr\u00e9sente sa collection de bijoux lithoth\u00e9rapie, en perles naturelles fabriqu\u00e9s dans mon atelier entre Annecy et Rumilly : Bracelet Culpabilit\u00e9\",\"breadcrumb\":{\"@id\":\"https:\/\/www.creasdecocci.fr\/index.php\/produit\/bracelet-culpabilite\/#breadcrumb\"},\"inLanguage\":\"fr-FR\",\"potentialAction\":[{\"@type\":\"ReadAction\",\"target\":[\"https:\/\/www.creasdecocci.fr\/index.php\/produit\/bracelet-culpabilite\/\"]}]},{\"@type\":\"ImageObject\",\"inLanguage\":\"fr-FR\",\"@id\":\"https:\/\/www.creasdecocci.fr\/index.php\/produit\/bracelet-culpabilite\/#primaryimage\",\"url\":\"https:\/\/www.creasdecocci.fr\/wp-content\/uploads\/2026\/02\/IMG_8215-Photoroom-scaled.jpg\",\"contentUrl\":\"https:\/\/www.creasdecocci.fr\/wp-content\/uploads\/2026\/02\/IMG_8215-Photoroom-scaled.jpg\",\"width\":1920,\"height\":2560,\"caption\":\"culpabilit\u00e9\"},{\"@type\":\"BreadcrumbList\",\"@id\":\"https:\/\/www.creasdecocci.fr\/index.php\/produit\/bracelet-culpabilite\/#breadcrumb\",\"itemListElement\":[{\"@type\":\"ListItem\",\"position\":1,\"name\":\"Accueil\",\"item\":\"https:\/\/www.creasdecocci.fr\/\"},{\"@type\":\"ListItem\",\"position\":2,\"name\":\"Produits\",\"item\":\"https:\/\/www.creasdecocci.fr\/index.php\/shop\/\"},{\"@type\":\"ListItem\",\"position\":3,\"name\":\"Bracelet Culpabilit\u00e9\"}]},{\"@type\":\"WebSite\",\"@id\":\"https:\/\/www.creasdecocci.fr\/#website\",\"url\":\"https:\/\/www.creasdecocci.fr\/\",\"name\":\"bijoux lithoth\u00e9rapie et d\u00e9coration \u00e0 rumilly\",\"description\":\"\",\"publisher\":{\"@id\":\"https:\/\/www.creasdecocci.fr\/#organization\"},\"potentialAction\":[{\"@type\":\"SearchAction\",\"target\":{\"@type\":\"EntryPoint\",\"urlTemplate\":\"https:\/\/www.creasdecocci.fr\/?s={search_term_string}\"},\"query-input\":{\"@type\":\"PropertyValueSpecification\",\"valueRequired\":true,\"valueName\":\"search_term_string\"}}],\"inLanguage\":\"fr-FR\"},{\"@type\":\"Organization\",\"@id\":\"https:\/\/www.creasdecocci.fr\/#organization\",\"name\":\"bijoux lithoth\u00e9rapie et d\u00e9coration \u00e0 rumilly\",\"url\":\"https:\/\/www.creasdecocci.fr\/\",\"logo\":{\"@type\":\"ImageObject\",\"inLanguage\":\"fr-FR\",\"@id\":\"https:\/\/www.creasdecocci.fr\/#\/schema\/logo\/image\/\",\"url\":\"https:\/\/www.creasdecocci.fr\/wp-content\/uploads\/2021\/12\/logo_creas_cocci.png\",\"contentUrl\":\"https:\/\/www.creasdecocci.fr\/wp-content\/uploads\/2021\/12\/logo_creas_cocci.png\",\"width\":2212,\"height\":1060,\"caption\":\"bijoux lithoth\u00e9rapie et d\u00e9coration \u00e0 rumilly\"},\"image\":{\"@id\":\"https:\/\/www.creasdecocci.fr\/#\/schema\/logo\/image\/\"}}]}<\/script>\n<!-- \/ Yoast SEO plugin. -->","yoast_head_json":{"title":"Bracelet Culpabilit\u00e9 - bijoux lithoth\u00e9rapie et d\u00e9coration \u00e0 rumilly","description":"Cocci vous pr\u00e9sente sa collection de bijoux lithoth\u00e9rapie, en perles naturelles fabriqu\u00e9s dans mon atelier entre Annecy et Rumilly : Bracelet Culpabilit\u00e9","robots":{"index":"index","follow":"follow","max-snippet":"max-snippet:-1","max-image-preview":"max-image-preview:large","max-video-preview":"max-video-preview:-1"},"canonical":"https:\/\/www.creasdecocci.fr\/index.php\/produit\/bracelet-culpabilite\/","og_locale":"fr_FR","og_type":"article","og_title":"Bracelet Culpabilit\u00e9 - bijoux lithoth\u00e9rapie et d\u00e9coration \u00e0 rumilly","og_description":"Cocci vous pr\u00e9sente sa collection de bijoux lithoth\u00e9rapie, en perles naturelles fabriqu\u00e9s dans mon atelier entre Annecy et Rumilly : Bracelet Culpabilit\u00e9","og_url":"https:\/\/www.creasdecocci.fr\/index.php\/produit\/bracelet-culpabilite\/","og_site_name":"bijoux lithoth\u00e9rapie et d\u00e9coration \u00e0 rumilly","article_modified_time":"2026-02-26T06:03:03+00:00","og_image":[{"width":1920,"height":2560,"url":"https:\/\/www.creasdecocci.fr\/wp-content\/uploads\/2026\/02\/IMG_8215-Photoroom-scaled.jpg","type":"image\/jpeg"}],"twitter_card":"summary_large_image","twitter_misc":{"Dur\u00e9e de lecture estim\u00e9e":"1 minute"},"schema":{"@context":"https:\/\/schema.org","@graph":[{"@type":"WebPage","@id":"https:\/\/www.creasdecocci.fr\/index.php\/produit\/bracelet-culpabilite\/","url":"https:\/\/www.creasdecocci.fr\/index.php\/produit\/bracelet-culpabilite\/","name":"Bracelet Culpabilit\u00e9 - bijoux lithoth\u00e9rapie et d\u00e9coration \u00e0 rumilly","isPartOf":{"@id":"https:\/\/www.creasdecocci.fr\/#website"},"primaryImageOfPage":{"@id":"https:\/\/www.creasdecocci.fr\/index.php\/produit\/bracelet-culpabilite\/#primaryimage"},"image":{"@id":"https:\/\/www.creasdecocci.fr\/index.php\/produit\/bracelet-culpabilite\/#primaryimage"},"thumbnailUrl":"https:\/\/www.creasdecocci.fr\/wp-content\/uploads\/2026\/02\/IMG_8215-Photoroom-scaled.jpg","datePublished":"2026-02-21T17:38:42+00:00","dateModified":"2026-02-26T06:03:03+00:00","description":"Cocci vous pr\u00e9sente sa collection de bijoux lithoth\u00e9rapie, en perles naturelles fabriqu\u00e9s dans mon atelier entre Annecy et Rumilly : Bracelet Culpabilit\u00e9","breadcrumb":{"@id":"https:\/\/www.creasdecocci.fr\/index.php\/produit\/bracelet-culpabilite\/#breadcrumb"},"inLanguage":"fr-FR","potentialAction":[{"@type":"ReadAction","target":["https:\/\/www.creasdecocci.fr\/index.php\/produit\/bracelet-culpabilite\/"]}]},{"@type":"ImageObject","inLanguage":"fr-FR","@id":"https:\/\/www.creasdecocci.fr\/index.php\/produit\/bracelet-culpabilite\/#primaryimage","url":"https:\/\/www.creasdecocci.fr\/wp-content\/uploads\/2026\/02\/IMG_8215-Photoroom-scaled.jpg","contentUrl":"https:\/\/www.creasdecocci.fr\/wp-content\/uploads\/2026\/02\/IMG_8215-Photoroom-scaled.jpg","width":1920,"height":2560,"caption":"culpabilit\u00e9"},{"@type":"BreadcrumbList","@id":"https:\/\/www.creasdecocci.fr\/index.php\/produit\/bracelet-culpabilite\/#breadcrumb","itemListElement":[{"@type":"ListItem","position":1,"name":"Accueil","item":"https:\/\/www.creasdecocci.fr\/"},{"@type":"ListItem","position":2,"name":"Produits","item":"https:\/\/www.creasdecocci.fr\/index.php\/shop\/"},{"@type":"ListItem","position":3,"name":"Bracelet Culpabilit\u00e9"}]},{"@type":"WebSite","@id":"https:\/\/www.creasdecocci.fr\/#website","url":"https:\/\/www.creasdecocci.fr\/","name":"bijoux lithoth\u00e9rapie et d\u00e9coration \u00e0 rumilly","description":"","publisher":{"@id":"https:\/\/www.creasdecocci.fr\/#organization"},"potentialAction":[{"@type":"SearchAction","target":{"@type":"EntryPoint","urlTemplate":"https:\/\/www.creasdecocci.fr\/?s={search_term_string}"},"query-input":{"@type":"PropertyValueSpecification","valueRequired":true,"valueName":"search_term_string"}}],"inLanguage":"fr-FR"},{"@type":"Organization","@id":"https:\/\/www.creasdecocci.fr\/#organization","name":"bijoux lithoth\u00e9rapie et d\u00e9coration \u00e0 rumilly","url":"https:\/\/www.creasdecocci.fr\/","logo":{"@type":"ImageObject","inLanguage":"fr-FR","@id":"https:\/\/www.creasdecocci.fr\/#\/schema\/logo\/image\/","url":"https:\/\/www.creasdecocci.fr\/wp-content\/uploads\/2021\/12\/logo_creas_cocci.png","contentUrl":"https:\/\/www.creasdecocci.fr\/wp-content\/uploads\/2021\/12\/logo_creas_cocci.png","width":2212,"height":1060,"caption":"bijoux lithoth\u00e9rapie et d\u00e9coration \u00e0 rumilly"},"image":{"@id":"https:\/\/www.creasdecocci.fr\/#\/schema\/logo\/image\/"}}]}},"jetpack_sharing_enabled":true,"_links":{"self":[{"href":"https:\/\/www.creasdecocci.fr\/index.php\/wp-json\/wp\/v2\/product\/10836","targetHints":{"allow":["GET"]}}],"collection":[{"href":"https:\/\/www.creasdecocci.fr\/index.php\/wp-json\/wp\/v2\/product"}],"about":[{"href":"https:\/\/www.creasdecocci.fr\/index.php\/wp-json\/wp\/v2\/types\/product"}],"version-history":[{"count":4,"href":"https:\/\/www.creasdecocci.fr\/index.php\/wp-json\/wp\/v2\/product\/10836\/revisions"}],"predecessor-version":[{"id":11119,"href":"https:\/\/www.creasdecocci.fr\/index.php\/wp-json\/wp\/v2\/product\/10836\/revisions\/11119"}],"wp:featuredmedia":[{"embeddable":true,"href":"https:\/\/www.creasdecocci.fr\/index.php\/wp-json\/wp\/v2\/media\/10675"}],"wp:attachment":[{"href":"https:\/\/www.creasdecocci.fr\/index.php\/wp-json\/wp\/v2\/media?parent=10836"}],"wp:term":[{"taxonomy":"product_brand","embeddable":true,"href":"https:\/\/www.creasdecocci.fr\/index.php\/wp-json\/wp\/v2\/product_brand?post=10836"},{"taxonomy":"product_cat","embeddable":true,"href":"https:\/\/www.creasdecocci.fr\/index.php\/wp-json\/wp\/v2\/product_cat?post=10836"},{"taxonomy":"product_tag","embeddable":true,"href":"https:\/\/www.creasdecocci.fr\/index.php\/wp-json\/wp\/v2\/product_tag?post=10836"}],"curies":[{"name":"wp","href":"https:\/\/api.w.org\/{rel}","templated":true}]}}