{"id":10841,"date":"2026-02-21T18:42:10","date_gmt":"2026-02-21T17:42:10","guid":{"rendered":"https:\/\/www.creasdecocci.fr\/?post_type=product&#038;p=10841"},"modified":"2026-02-25T13:47:04","modified_gmt":"2026-02-25T12:47:04","slug":"bracelet-la-magnetique","status":"publish","type":"product","link":"https:\/\/www.creasdecocci.fr\/index.php\/produit\/bracelet-la-magnetique\/","title":{"rendered":"Bracelet La Magn\u00e9tique"},"content":{"rendered":"<p>Le bracelet La Magn\u00e9tique est r\u00e9alis\u00e9 \u00e0 la main avec passion et bienveillance dans mon atelier entre Annecy et Rumilly. Le bracelet La Magn\u00e9tique est mont\u00e9 sur un cordon \u00e9lastique.<\/p>\n<p><strong>\u00ab La Magn\u00e9tique \u00bb<\/strong><\/p>\n<p>Pour celles qui cultivent leur puissance f\u00e9minine, l\u2019amour de soi, et l\u2019attraction naturelle. Elle \u00e9veille le magn\u00e9tisme du c\u0153ur et l\u2019assurance sensuelle.<\/p>\n<p>Je vibre avec intensit\u00e9. J\u2019attire ce qui est juste pour moi. Ce bracelet est compos\u00e9 de pierres naturelles de :<\/p>\n<p>\u2022 Grenat : Active la force vitale, soutient l\u2019ancrage et la passion profonde.<br \/>\n\u2022 Quartz Rose : Rayonne l\u2019amour doux, la tendresse et la r\u00e9conciliation avec soi.<br \/>\n\u2022 Rhodonite : Aide \u00e0 gu\u00e9rir les blessures \u00e9motionnelles, renforce l\u2019estime et l\u2019ouverture du c\u0153ur.<\/p>\n<p>&nbsp;<\/p>\n<p>Perles pierre naturelle 8 mm, perle cache n\u0153ud en acier inoxydable.<\/p>\n<p>le bracelet est livr\u00e9 dans un pochon avec une carte expliquant l\u2019intention du bracelet.<\/p>\n<p>La taille correspond \u00e0 votre tour de poignet, Cocci rajoute ensuite 1cm de marge.<\/p>\n","protected":false},"excerpt":{"rendered":"<p>Le bracelet La Magn\u00e9tique est r\u00e9alis\u00e9 \u00e0 la main avec passion et bienveillance dans mon atelier entre Annecy et Rumilly. Le bracelet La Magn\u00e9tique est mont\u00e9 sur un cordon \u00e9lastique. \u00ab La Magn\u00e9tique \u00bb Pour celles qui cultivent leur puissance f\u00e9minine, l\u2019amour de soi, et l\u2019attraction naturelle. Elle \u00e9veille le magn\u00e9tisme du c\u0153ur et l\u2019assurance sensuelle. Je vibre avec intensit\u00e9. J\u2019attire ce qui est juste pour moi. Ce bracelet est compos\u00e9 de pierres naturelles de : \u2022 Grenat : Active la force vitale, soutient l\u2019ancrage et la passion profonde. \u2022 Quartz Rose : Rayonne l\u2019amour doux, la tendresse et la r\u00e9conciliation avec soi. \u2022 Rhodonite : Aide \u00e0 gu\u00e9rir les blessures \u00e9motionnelles, renforce l\u2019estime et l\u2019ouverture du c\u0153ur. &nbsp; Perles pierre naturelle 8 mm, perle cache n\u0153ud en acier inoxydable. le bracelet est livr\u00e9 dans un pochon avec une carte expliquant l\u2019intention du bracelet. La taille correspond \u00e0 votre tour de poignet, Cocci rajoute ensuite 1cm de marge.<\/p>\n","protected":false},"featured_media":10685,"template":"","meta":[],"product_brand":[],"product_cat":[23,359,487],"product_tag":[306,556,502],"class_list":{"0":"post-10841","1":"product","2":"type-product","3":"status-publish","4":"has-post-thumbnail","6":"product_cat-bijoux","7":"product_cat-bracelet","8":"product_cat-bracelets-avec-intention","9":"product_tag-assurance","10":"product_tag-coeur","11":"product_tag-estime-de-soi","12":"pa_taille-poignet-14-cm","13":"pa_taille-poignet-15-cm","14":"pa_taille-poignet-16-cm","15":"pa_taille-poignet-17-cm","16":"pa_taille-poignet-18-cm","17":"pa_taille-poignet-19-cm","18":"pa_taille-poignet-20-cm","20":"first","21":"instock","22":"shipping-taxable","23":"purchasable","24":"product-type-variable"},"yoast_head":"<!-- This site is optimized with the Yoast SEO plugin v27.2 - https:\/\/yoast.com\/product\/yoast-seo-wordpress\/ -->\n<title>Bracelet La Magn\u00e9tique - bijoux lithoth\u00e9rapie et d\u00e9coration \u00e0 rumilly<\/title>\n<meta name=\"description\" content=\"Cocci vous pr\u00e9sente sa collection de bijoux lithoth\u00e9rapie, en perles naturelles fabriqu\u00e9s dans mon atelier entre Annecy et Rumilly : bracelet La Magn\u00e9tique\" \/>\n<meta name=\"robots\" content=\"index, follow, max-snippet:-1, max-image-preview:large, max-video-preview:-1\" \/>\n<link rel=\"canonical\" href=\"https:\/\/www.creasdecocci.fr\/index.php\/produit\/bracelet-la-magnetique\/\" \/>\n<meta property=\"og:locale\" content=\"fr_FR\" \/>\n<meta property=\"og:type\" content=\"article\" \/>\n<meta property=\"og:title\" content=\"Bracelet La Magn\u00e9tique - bijoux lithoth\u00e9rapie et d\u00e9coration \u00e0 rumilly\" \/>\n<meta property=\"og:description\" content=\"Cocci vous pr\u00e9sente sa collection de bijoux lithoth\u00e9rapie, en perles naturelles fabriqu\u00e9s dans mon atelier entre Annecy et Rumilly : bracelet La Magn\u00e9tique\" \/>\n<meta property=\"og:url\" content=\"https:\/\/www.creasdecocci.fr\/index.php\/produit\/bracelet-la-magnetique\/\" \/>\n<meta property=\"og:site_name\" content=\"bijoux lithoth\u00e9rapie et d\u00e9coration \u00e0 rumilly\" \/>\n<meta property=\"article:modified_time\" content=\"2026-02-25T12:47:04+00:00\" \/>\n<meta property=\"og:image\" content=\"https:\/\/www.creasdecocci.fr\/wp-content\/uploads\/2026\/02\/IMG_8225-Photoroom-scaled.jpg\" \/>\n\t<meta property=\"og:image:width\" content=\"1920\" \/>\n\t<meta property=\"og:image:height\" content=\"2560\" \/>\n\t<meta property=\"og:image:type\" content=\"image\/jpeg\" \/>\n<meta name=\"twitter:card\" content=\"summary_large_image\" \/>\n<meta name=\"twitter:label1\" content=\"Dur\u00e9e de lecture estim\u00e9e\" \/>\n\t<meta name=\"twitter:data1\" content=\"1 minute\" \/>\n<script type=\"application\/ld+json\" class=\"yoast-schema-graph\">{\"@context\":\"https:\/\/schema.org\",\"@graph\":[{\"@type\":\"WebPage\",\"@id\":\"https:\/\/www.creasdecocci.fr\/index.php\/produit\/bracelet-la-magnetique\/\",\"url\":\"https:\/\/www.creasdecocci.fr\/index.php\/produit\/bracelet-la-magnetique\/\",\"name\":\"Bracelet La Magn\u00e9tique - bijoux lithoth\u00e9rapie et d\u00e9coration \u00e0 rumilly\",\"isPartOf\":{\"@id\":\"https:\/\/www.creasdecocci.fr\/#website\"},\"primaryImageOfPage\":{\"@id\":\"https:\/\/www.creasdecocci.fr\/index.php\/produit\/bracelet-la-magnetique\/#primaryimage\"},\"image\":{\"@id\":\"https:\/\/www.creasdecocci.fr\/index.php\/produit\/bracelet-la-magnetique\/#primaryimage\"},\"thumbnailUrl\":\"https:\/\/www.creasdecocci.fr\/wp-content\/uploads\/2026\/02\/IMG_8225-Photoroom-scaled.jpg\",\"datePublished\":\"2026-02-21T17:42:10+00:00\",\"dateModified\":\"2026-02-25T12:47:04+00:00\",\"description\":\"Cocci vous pr\u00e9sente sa collection de bijoux lithoth\u00e9rapie, en perles naturelles fabriqu\u00e9s dans mon atelier entre Annecy et Rumilly : bracelet La Magn\u00e9tique\",\"breadcrumb\":{\"@id\":\"https:\/\/www.creasdecocci.fr\/index.php\/produit\/bracelet-la-magnetique\/#breadcrumb\"},\"inLanguage\":\"fr-FR\",\"potentialAction\":[{\"@type\":\"ReadAction\",\"target\":[\"https:\/\/www.creasdecocci.fr\/index.php\/produit\/bracelet-la-magnetique\/\"]}]},{\"@type\":\"ImageObject\",\"inLanguage\":\"fr-FR\",\"@id\":\"https:\/\/www.creasdecocci.fr\/index.php\/produit\/bracelet-la-magnetique\/#primaryimage\",\"url\":\"https:\/\/www.creasdecocci.fr\/wp-content\/uploads\/2026\/02\/IMG_8225-Photoroom-scaled.jpg\",\"contentUrl\":\"https:\/\/www.creasdecocci.fr\/wp-content\/uploads\/2026\/02\/IMG_8225-Photoroom-scaled.jpg\",\"width\":1920,\"height\":2560,\"caption\":\"la magn\u00e9tique\"},{\"@type\":\"BreadcrumbList\",\"@id\":\"https:\/\/www.creasdecocci.fr\/index.php\/produit\/bracelet-la-magnetique\/#breadcrumb\",\"itemListElement\":[{\"@type\":\"ListItem\",\"position\":1,\"name\":\"Accueil\",\"item\":\"https:\/\/www.creasdecocci.fr\/\"},{\"@type\":\"ListItem\",\"position\":2,\"name\":\"Produits\",\"item\":\"https:\/\/www.creasdecocci.fr\/index.php\/shop\/\"},{\"@type\":\"ListItem\",\"position\":3,\"name\":\"Bracelet La Magn\u00e9tique\"}]},{\"@type\":\"WebSite\",\"@id\":\"https:\/\/www.creasdecocci.fr\/#website\",\"url\":\"https:\/\/www.creasdecocci.fr\/\",\"name\":\"bijoux lithoth\u00e9rapie et d\u00e9coration \u00e0 rumilly\",\"description\":\"\",\"publisher\":{\"@id\":\"https:\/\/www.creasdecocci.fr\/#organization\"},\"potentialAction\":[{\"@type\":\"SearchAction\",\"target\":{\"@type\":\"EntryPoint\",\"urlTemplate\":\"https:\/\/www.creasdecocci.fr\/?s={search_term_string}\"},\"query-input\":{\"@type\":\"PropertyValueSpecification\",\"valueRequired\":true,\"valueName\":\"search_term_string\"}}],\"inLanguage\":\"fr-FR\"},{\"@type\":\"Organization\",\"@id\":\"https:\/\/www.creasdecocci.fr\/#organization\",\"name\":\"bijoux lithoth\u00e9rapie et d\u00e9coration \u00e0 rumilly\",\"url\":\"https:\/\/www.creasdecocci.fr\/\",\"logo\":{\"@type\":\"ImageObject\",\"inLanguage\":\"fr-FR\",\"@id\":\"https:\/\/www.creasdecocci.fr\/#\/schema\/logo\/image\/\",\"url\":\"https:\/\/www.creasdecocci.fr\/wp-content\/uploads\/2021\/12\/logo_creas_cocci.png\",\"contentUrl\":\"https:\/\/www.creasdecocci.fr\/wp-content\/uploads\/2021\/12\/logo_creas_cocci.png\",\"width\":2212,\"height\":1060,\"caption\":\"bijoux lithoth\u00e9rapie et d\u00e9coration \u00e0 rumilly\"},\"image\":{\"@id\":\"https:\/\/www.creasdecocci.fr\/#\/schema\/logo\/image\/\"}}]}<\/script>\n<!-- \/ Yoast SEO plugin. -->","yoast_head_json":{"title":"Bracelet La Magn\u00e9tique - bijoux lithoth\u00e9rapie et d\u00e9coration \u00e0 rumilly","description":"Cocci vous pr\u00e9sente sa collection de bijoux lithoth\u00e9rapie, en perles naturelles fabriqu\u00e9s dans mon atelier entre Annecy et Rumilly : bracelet La Magn\u00e9tique","robots":{"index":"index","follow":"follow","max-snippet":"max-snippet:-1","max-image-preview":"max-image-preview:large","max-video-preview":"max-video-preview:-1"},"canonical":"https:\/\/www.creasdecocci.fr\/index.php\/produit\/bracelet-la-magnetique\/","og_locale":"fr_FR","og_type":"article","og_title":"Bracelet La Magn\u00e9tique - bijoux lithoth\u00e9rapie et d\u00e9coration \u00e0 rumilly","og_description":"Cocci vous pr\u00e9sente sa collection de bijoux lithoth\u00e9rapie, en perles naturelles fabriqu\u00e9s dans mon atelier entre Annecy et Rumilly : bracelet La Magn\u00e9tique","og_url":"https:\/\/www.creasdecocci.fr\/index.php\/produit\/bracelet-la-magnetique\/","og_site_name":"bijoux lithoth\u00e9rapie et d\u00e9coration \u00e0 rumilly","article_modified_time":"2026-02-25T12:47:04+00:00","og_image":[{"width":1920,"height":2560,"url":"https:\/\/www.creasdecocci.fr\/wp-content\/uploads\/2026\/02\/IMG_8225-Photoroom-scaled.jpg","type":"image\/jpeg"}],"twitter_card":"summary_large_image","twitter_misc":{"Dur\u00e9e de lecture estim\u00e9e":"1 minute"},"schema":{"@context":"https:\/\/schema.org","@graph":[{"@type":"WebPage","@id":"https:\/\/www.creasdecocci.fr\/index.php\/produit\/bracelet-la-magnetique\/","url":"https:\/\/www.creasdecocci.fr\/index.php\/produit\/bracelet-la-magnetique\/","name":"Bracelet La Magn\u00e9tique - bijoux lithoth\u00e9rapie et d\u00e9coration \u00e0 rumilly","isPartOf":{"@id":"https:\/\/www.creasdecocci.fr\/#website"},"primaryImageOfPage":{"@id":"https:\/\/www.creasdecocci.fr\/index.php\/produit\/bracelet-la-magnetique\/#primaryimage"},"image":{"@id":"https:\/\/www.creasdecocci.fr\/index.php\/produit\/bracelet-la-magnetique\/#primaryimage"},"thumbnailUrl":"https:\/\/www.creasdecocci.fr\/wp-content\/uploads\/2026\/02\/IMG_8225-Photoroom-scaled.jpg","datePublished":"2026-02-21T17:42:10+00:00","dateModified":"2026-02-25T12:47:04+00:00","description":"Cocci vous pr\u00e9sente sa collection de bijoux lithoth\u00e9rapie, en perles naturelles fabriqu\u00e9s dans mon atelier entre Annecy et Rumilly : bracelet La Magn\u00e9tique","breadcrumb":{"@id":"https:\/\/www.creasdecocci.fr\/index.php\/produit\/bracelet-la-magnetique\/#breadcrumb"},"inLanguage":"fr-FR","potentialAction":[{"@type":"ReadAction","target":["https:\/\/www.creasdecocci.fr\/index.php\/produit\/bracelet-la-magnetique\/"]}]},{"@type":"ImageObject","inLanguage":"fr-FR","@id":"https:\/\/www.creasdecocci.fr\/index.php\/produit\/bracelet-la-magnetique\/#primaryimage","url":"https:\/\/www.creasdecocci.fr\/wp-content\/uploads\/2026\/02\/IMG_8225-Photoroom-scaled.jpg","contentUrl":"https:\/\/www.creasdecocci.fr\/wp-content\/uploads\/2026\/02\/IMG_8225-Photoroom-scaled.jpg","width":1920,"height":2560,"caption":"la magn\u00e9tique"},{"@type":"BreadcrumbList","@id":"https:\/\/www.creasdecocci.fr\/index.php\/produit\/bracelet-la-magnetique\/#breadcrumb","itemListElement":[{"@type":"ListItem","position":1,"name":"Accueil","item":"https:\/\/www.creasdecocci.fr\/"},{"@type":"ListItem","position":2,"name":"Produits","item":"https:\/\/www.creasdecocci.fr\/index.php\/shop\/"},{"@type":"ListItem","position":3,"name":"Bracelet La Magn\u00e9tique"}]},{"@type":"WebSite","@id":"https:\/\/www.creasdecocci.fr\/#website","url":"https:\/\/www.creasdecocci.fr\/","name":"bijoux lithoth\u00e9rapie et d\u00e9coration \u00e0 rumilly","description":"","publisher":{"@id":"https:\/\/www.creasdecocci.fr\/#organization"},"potentialAction":[{"@type":"SearchAction","target":{"@type":"EntryPoint","urlTemplate":"https:\/\/www.creasdecocci.fr\/?s={search_term_string}"},"query-input":{"@type":"PropertyValueSpecification","valueRequired":true,"valueName":"search_term_string"}}],"inLanguage":"fr-FR"},{"@type":"Organization","@id":"https:\/\/www.creasdecocci.fr\/#organization","name":"bijoux lithoth\u00e9rapie et d\u00e9coration \u00e0 rumilly","url":"https:\/\/www.creasdecocci.fr\/","logo":{"@type":"ImageObject","inLanguage":"fr-FR","@id":"https:\/\/www.creasdecocci.fr\/#\/schema\/logo\/image\/","url":"https:\/\/www.creasdecocci.fr\/wp-content\/uploads\/2021\/12\/logo_creas_cocci.png","contentUrl":"https:\/\/www.creasdecocci.fr\/wp-content\/uploads\/2021\/12\/logo_creas_cocci.png","width":2212,"height":1060,"caption":"bijoux lithoth\u00e9rapie et d\u00e9coration \u00e0 rumilly"},"image":{"@id":"https:\/\/www.creasdecocci.fr\/#\/schema\/logo\/image\/"}}]}},"jetpack_sharing_enabled":true,"_links":{"self":[{"href":"https:\/\/www.creasdecocci.fr\/index.php\/wp-json\/wp\/v2\/product\/10841","targetHints":{"allow":["GET"]}}],"collection":[{"href":"https:\/\/www.creasdecocci.fr\/index.php\/wp-json\/wp\/v2\/product"}],"about":[{"href":"https:\/\/www.creasdecocci.fr\/index.php\/wp-json\/wp\/v2\/types\/product"}],"version-history":[{"count":4,"href":"https:\/\/www.creasdecocci.fr\/index.php\/wp-json\/wp\/v2\/product\/10841\/revisions"}],"predecessor-version":[{"id":11113,"href":"https:\/\/www.creasdecocci.fr\/index.php\/wp-json\/wp\/v2\/product\/10841\/revisions\/11113"}],"wp:featuredmedia":[{"embeddable":true,"href":"https:\/\/www.creasdecocci.fr\/index.php\/wp-json\/wp\/v2\/media\/10685"}],"wp:attachment":[{"href":"https:\/\/www.creasdecocci.fr\/index.php\/wp-json\/wp\/v2\/media?parent=10841"}],"wp:term":[{"taxonomy":"product_brand","embeddable":true,"href":"https:\/\/www.creasdecocci.fr\/index.php\/wp-json\/wp\/v2\/product_brand?post=10841"},{"taxonomy":"product_cat","embeddable":true,"href":"https:\/\/www.creasdecocci.fr\/index.php\/wp-json\/wp\/v2\/product_cat?post=10841"},{"taxonomy":"product_tag","embeddable":true,"href":"https:\/\/www.creasdecocci.fr\/index.php\/wp-json\/wp\/v2\/product_tag?post=10841"}],"curies":[{"name":"wp","href":"https:\/\/api.w.org\/{rel}","templated":true}]}}