{"id":10845,"date":"2026-02-21T18:43:21","date_gmt":"2026-02-21T17:43:21","guid":{"rendered":"https:\/\/www.creasdecocci.fr\/?post_type=product&#038;p=10845"},"modified":"2026-02-25T13:40:54","modified_gmt":"2026-02-25T12:40:54","slug":"bracelet-laventuriere","status":"publish","type":"product","link":"https:\/\/www.creasdecocci.fr\/index.php\/produit\/bracelet-laventuriere\/","title":{"rendered":"Bracelet L&rsquo;aventuri\u00e8re"},"content":{"rendered":"<p>Le bracelet l&rsquo;aventuri\u00e8re est r\u00e9alis\u00e9 \u00e0 la main avec passion et bienveillance dans mon atelier entre Annecy et Rumilly. Le bracelet L&rsquo;aventuri\u00e8re est mont\u00e9 sur un cordon \u00e9lastique.<\/p>\n<p>Un bracelet pour celles qui avancent avec curiosit\u00e9, force int\u00e9rieure et libert\u00e9.<\/p>\n<p>\u201cL\u2019Aventuri\u00e8re\u201d marie l\u2019ancrage \u00e0 l\u2019\u00e9lan de d\u00e9couverte. Il est compos\u00e9 de pierres naturelles de :<\/p>\n<p>\u2022 Jaspe Dalmatien : Apporte l\u00e9g\u00e8ret\u00e9, spontan\u00e9it\u00e9 et protection douce.<br \/>\n\u2022 Serpentine : Ouvre \u00e0 la transformation int\u00e9rieure, favorise la souplesse \u00e9motionnelle.<br \/>\n\u2022 Quartz Fum\u00e9 : Stabilise, prot\u00e8ge et soutient l\u2019alignement personnel.<\/p>\n<p>\u00ab Je d\u00e9couvre le monde avec ancrage et confiance.\u201d<\/p>\n<p>Perles pierre naturelle 8 mm, perle cache n\u0153ud en acier inoxydable.<\/p>\n<p>le bracelet est livr\u00e9 dans un pochon avec une carte expliquant l\u2019intention du bracelet.<\/p>\n<p>La taille correspond \u00e0 votre tour de poignet, Cocci rajoute ensuite 1cm de marge.<\/p>\n","protected":false},"excerpt":{"rendered":"<p>Le bracelet l&rsquo;aventuri\u00e8re est r\u00e9alis\u00e9 \u00e0 la main avec passion et bienveillance dans mon atelier entre Annecy et Rumilly. Le bracelet L&rsquo;aventuri\u00e8re est mont\u00e9 sur un cordon \u00e9lastique. Un bracelet pour celles qui avancent avec curiosit\u00e9, force int\u00e9rieure et libert\u00e9. \u201cL\u2019Aventuri\u00e8re\u201d marie l\u2019ancrage \u00e0 l\u2019\u00e9lan de d\u00e9couverte. Il est compos\u00e9 de pierres naturelles de : \u2022 Jaspe Dalmatien : Apporte l\u00e9g\u00e8ret\u00e9, spontan\u00e9it\u00e9 et protection douce. \u2022 Serpentine : Ouvre \u00e0 la transformation int\u00e9rieure, favorise la souplesse \u00e9motionnelle. \u2022 Quartz Fum\u00e9 : Stabilise, prot\u00e8ge et soutient l\u2019alignement personnel. \u00ab Je d\u00e9couvre le monde avec ancrage et confiance.\u201d Perles pierre naturelle 8 mm, perle cache n\u0153ud en acier inoxydable. le bracelet est livr\u00e9 dans un pochon avec une carte expliquant l\u2019intention du bracelet. La taille correspond \u00e0 votre tour de poignet, Cocci rajoute ensuite 1cm de marge.<\/p>\n","protected":false},"featured_media":10686,"template":"","meta":[],"product_brand":[],"product_cat":[23,359,487],"product_tag":[63,619,546],"class_list":{"0":"post-10845","1":"product","2":"type-product","3":"status-publish","4":"has-post-thumbnail","6":"product_cat-bijoux","7":"product_cat-bracelet","8":"product_cat-bracelets-avec-intention","9":"product_tag-ancrage","10":"product_tag-curiosite","11":"product_tag-voyage","12":"pa_taille-poignet-14-cm","13":"pa_taille-poignet-15-cm","14":"pa_taille-poignet-16-cm","15":"pa_taille-poignet-17-cm","16":"pa_taille-poignet-18-cm","17":"pa_taille-poignet-19-cm","18":"pa_taille-poignet-20-cm","20":"first","21":"instock","22":"shipping-taxable","23":"purchasable","24":"product-type-variable"},"yoast_head":"<!-- This site is optimized with the Yoast SEO plugin v27.2 - https:\/\/yoast.com\/product\/yoast-seo-wordpress\/ -->\n<title>Bracelet L&#039;aventuri\u00e8re - bijoux lithoth\u00e9rapie et d\u00e9coration \u00e0 rumilly<\/title>\n<meta name=\"description\" content=\"Cocci vous pr\u00e9sente sa collection de bijoux lithoth\u00e9rapie, en perles naturelles fabriqu\u00e9s dans mon atelier entre Annecy et Rumilly : Bracelet L&#039;aventuri\u00e8re\" \/>\n<meta name=\"robots\" content=\"index, follow, max-snippet:-1, max-image-preview:large, max-video-preview:-1\" \/>\n<link rel=\"canonical\" href=\"https:\/\/www.creasdecocci.fr\/index.php\/produit\/bracelet-laventuriere\/\" \/>\n<meta property=\"og:locale\" content=\"fr_FR\" \/>\n<meta property=\"og:type\" content=\"article\" \/>\n<meta property=\"og:title\" content=\"Bracelet L&#039;aventuri\u00e8re - bijoux lithoth\u00e9rapie et d\u00e9coration \u00e0 rumilly\" \/>\n<meta property=\"og:description\" content=\"Cocci vous pr\u00e9sente sa collection de bijoux lithoth\u00e9rapie, en perles naturelles fabriqu\u00e9s dans mon atelier entre Annecy et Rumilly : Bracelet L&#039;aventuri\u00e8re\" \/>\n<meta property=\"og:url\" content=\"https:\/\/www.creasdecocci.fr\/index.php\/produit\/bracelet-laventuriere\/\" \/>\n<meta property=\"og:site_name\" content=\"bijoux lithoth\u00e9rapie et d\u00e9coration \u00e0 rumilly\" \/>\n<meta property=\"article:modified_time\" content=\"2026-02-25T12:40:54+00:00\" \/>\n<meta property=\"og:image\" content=\"https:\/\/www.creasdecocci.fr\/wp-content\/uploads\/2026\/02\/IMG_8226-Photoroom-scaled.jpg\" \/>\n\t<meta property=\"og:image:width\" content=\"1920\" \/>\n\t<meta property=\"og:image:height\" content=\"2560\" \/>\n\t<meta property=\"og:image:type\" content=\"image\/jpeg\" \/>\n<meta name=\"twitter:card\" content=\"summary_large_image\" \/>\n<meta name=\"twitter:label1\" content=\"Dur\u00e9e de lecture estim\u00e9e\" \/>\n\t<meta name=\"twitter:data1\" content=\"1 minute\" \/>\n<script type=\"application\/ld+json\" class=\"yoast-schema-graph\">{\"@context\":\"https:\/\/schema.org\",\"@graph\":[{\"@type\":\"WebPage\",\"@id\":\"https:\/\/www.creasdecocci.fr\/index.php\/produit\/bracelet-laventuriere\/\",\"url\":\"https:\/\/www.creasdecocci.fr\/index.php\/produit\/bracelet-laventuriere\/\",\"name\":\"Bracelet L'aventuri\u00e8re - bijoux lithoth\u00e9rapie et d\u00e9coration \u00e0 rumilly\",\"isPartOf\":{\"@id\":\"https:\/\/www.creasdecocci.fr\/#website\"},\"primaryImageOfPage\":{\"@id\":\"https:\/\/www.creasdecocci.fr\/index.php\/produit\/bracelet-laventuriere\/#primaryimage\"},\"image\":{\"@id\":\"https:\/\/www.creasdecocci.fr\/index.php\/produit\/bracelet-laventuriere\/#primaryimage\"},\"thumbnailUrl\":\"https:\/\/www.creasdecocci.fr\/wp-content\/uploads\/2026\/02\/IMG_8226-Photoroom-scaled.jpg\",\"datePublished\":\"2026-02-21T17:43:21+00:00\",\"dateModified\":\"2026-02-25T12:40:54+00:00\",\"description\":\"Cocci vous pr\u00e9sente sa collection de bijoux lithoth\u00e9rapie, en perles naturelles fabriqu\u00e9s dans mon atelier entre Annecy et Rumilly : Bracelet L'aventuri\u00e8re\",\"breadcrumb\":{\"@id\":\"https:\/\/www.creasdecocci.fr\/index.php\/produit\/bracelet-laventuriere\/#breadcrumb\"},\"inLanguage\":\"fr-FR\",\"potentialAction\":[{\"@type\":\"ReadAction\",\"target\":[\"https:\/\/www.creasdecocci.fr\/index.php\/produit\/bracelet-laventuriere\/\"]}]},{\"@type\":\"ImageObject\",\"inLanguage\":\"fr-FR\",\"@id\":\"https:\/\/www.creasdecocci.fr\/index.php\/produit\/bracelet-laventuriere\/#primaryimage\",\"url\":\"https:\/\/www.creasdecocci.fr\/wp-content\/uploads\/2026\/02\/IMG_8226-Photoroom-scaled.jpg\",\"contentUrl\":\"https:\/\/www.creasdecocci.fr\/wp-content\/uploads\/2026\/02\/IMG_8226-Photoroom-scaled.jpg\",\"width\":1920,\"height\":2560,\"caption\":\"l'aventuri\u00e8re\"},{\"@type\":\"BreadcrumbList\",\"@id\":\"https:\/\/www.creasdecocci.fr\/index.php\/produit\/bracelet-laventuriere\/#breadcrumb\",\"itemListElement\":[{\"@type\":\"ListItem\",\"position\":1,\"name\":\"Accueil\",\"item\":\"https:\/\/www.creasdecocci.fr\/\"},{\"@type\":\"ListItem\",\"position\":2,\"name\":\"Produits\",\"item\":\"https:\/\/www.creasdecocci.fr\/index.php\/shop\/\"},{\"@type\":\"ListItem\",\"position\":3,\"name\":\"Bracelet L&rsquo;aventuri\u00e8re\"}]},{\"@type\":\"WebSite\",\"@id\":\"https:\/\/www.creasdecocci.fr\/#website\",\"url\":\"https:\/\/www.creasdecocci.fr\/\",\"name\":\"bijoux lithoth\u00e9rapie et d\u00e9coration \u00e0 rumilly\",\"description\":\"\",\"publisher\":{\"@id\":\"https:\/\/www.creasdecocci.fr\/#organization\"},\"potentialAction\":[{\"@type\":\"SearchAction\",\"target\":{\"@type\":\"EntryPoint\",\"urlTemplate\":\"https:\/\/www.creasdecocci.fr\/?s={search_term_string}\"},\"query-input\":{\"@type\":\"PropertyValueSpecification\",\"valueRequired\":true,\"valueName\":\"search_term_string\"}}],\"inLanguage\":\"fr-FR\"},{\"@type\":\"Organization\",\"@id\":\"https:\/\/www.creasdecocci.fr\/#organization\",\"name\":\"bijoux lithoth\u00e9rapie et d\u00e9coration \u00e0 rumilly\",\"url\":\"https:\/\/www.creasdecocci.fr\/\",\"logo\":{\"@type\":\"ImageObject\",\"inLanguage\":\"fr-FR\",\"@id\":\"https:\/\/www.creasdecocci.fr\/#\/schema\/logo\/image\/\",\"url\":\"https:\/\/www.creasdecocci.fr\/wp-content\/uploads\/2021\/12\/logo_creas_cocci.png\",\"contentUrl\":\"https:\/\/www.creasdecocci.fr\/wp-content\/uploads\/2021\/12\/logo_creas_cocci.png\",\"width\":2212,\"height\":1060,\"caption\":\"bijoux lithoth\u00e9rapie et d\u00e9coration \u00e0 rumilly\"},\"image\":{\"@id\":\"https:\/\/www.creasdecocci.fr\/#\/schema\/logo\/image\/\"}}]}<\/script>\n<!-- \/ Yoast SEO plugin. -->","yoast_head_json":{"title":"Bracelet L'aventuri\u00e8re - bijoux lithoth\u00e9rapie et d\u00e9coration \u00e0 rumilly","description":"Cocci vous pr\u00e9sente sa collection de bijoux lithoth\u00e9rapie, en perles naturelles fabriqu\u00e9s dans mon atelier entre Annecy et Rumilly : Bracelet L'aventuri\u00e8re","robots":{"index":"index","follow":"follow","max-snippet":"max-snippet:-1","max-image-preview":"max-image-preview:large","max-video-preview":"max-video-preview:-1"},"canonical":"https:\/\/www.creasdecocci.fr\/index.php\/produit\/bracelet-laventuriere\/","og_locale":"fr_FR","og_type":"article","og_title":"Bracelet L'aventuri\u00e8re - bijoux lithoth\u00e9rapie et d\u00e9coration \u00e0 rumilly","og_description":"Cocci vous pr\u00e9sente sa collection de bijoux lithoth\u00e9rapie, en perles naturelles fabriqu\u00e9s dans mon atelier entre Annecy et Rumilly : Bracelet L'aventuri\u00e8re","og_url":"https:\/\/www.creasdecocci.fr\/index.php\/produit\/bracelet-laventuriere\/","og_site_name":"bijoux lithoth\u00e9rapie et d\u00e9coration \u00e0 rumilly","article_modified_time":"2026-02-25T12:40:54+00:00","og_image":[{"width":1920,"height":2560,"url":"https:\/\/www.creasdecocci.fr\/wp-content\/uploads\/2026\/02\/IMG_8226-Photoroom-scaled.jpg","type":"image\/jpeg"}],"twitter_card":"summary_large_image","twitter_misc":{"Dur\u00e9e de lecture estim\u00e9e":"1 minute"},"schema":{"@context":"https:\/\/schema.org","@graph":[{"@type":"WebPage","@id":"https:\/\/www.creasdecocci.fr\/index.php\/produit\/bracelet-laventuriere\/","url":"https:\/\/www.creasdecocci.fr\/index.php\/produit\/bracelet-laventuriere\/","name":"Bracelet L'aventuri\u00e8re - bijoux lithoth\u00e9rapie et d\u00e9coration \u00e0 rumilly","isPartOf":{"@id":"https:\/\/www.creasdecocci.fr\/#website"},"primaryImageOfPage":{"@id":"https:\/\/www.creasdecocci.fr\/index.php\/produit\/bracelet-laventuriere\/#primaryimage"},"image":{"@id":"https:\/\/www.creasdecocci.fr\/index.php\/produit\/bracelet-laventuriere\/#primaryimage"},"thumbnailUrl":"https:\/\/www.creasdecocci.fr\/wp-content\/uploads\/2026\/02\/IMG_8226-Photoroom-scaled.jpg","datePublished":"2026-02-21T17:43:21+00:00","dateModified":"2026-02-25T12:40:54+00:00","description":"Cocci vous pr\u00e9sente sa collection de bijoux lithoth\u00e9rapie, en perles naturelles fabriqu\u00e9s dans mon atelier entre Annecy et Rumilly : Bracelet L'aventuri\u00e8re","breadcrumb":{"@id":"https:\/\/www.creasdecocci.fr\/index.php\/produit\/bracelet-laventuriere\/#breadcrumb"},"inLanguage":"fr-FR","potentialAction":[{"@type":"ReadAction","target":["https:\/\/www.creasdecocci.fr\/index.php\/produit\/bracelet-laventuriere\/"]}]},{"@type":"ImageObject","inLanguage":"fr-FR","@id":"https:\/\/www.creasdecocci.fr\/index.php\/produit\/bracelet-laventuriere\/#primaryimage","url":"https:\/\/www.creasdecocci.fr\/wp-content\/uploads\/2026\/02\/IMG_8226-Photoroom-scaled.jpg","contentUrl":"https:\/\/www.creasdecocci.fr\/wp-content\/uploads\/2026\/02\/IMG_8226-Photoroom-scaled.jpg","width":1920,"height":2560,"caption":"l'aventuri\u00e8re"},{"@type":"BreadcrumbList","@id":"https:\/\/www.creasdecocci.fr\/index.php\/produit\/bracelet-laventuriere\/#breadcrumb","itemListElement":[{"@type":"ListItem","position":1,"name":"Accueil","item":"https:\/\/www.creasdecocci.fr\/"},{"@type":"ListItem","position":2,"name":"Produits","item":"https:\/\/www.creasdecocci.fr\/index.php\/shop\/"},{"@type":"ListItem","position":3,"name":"Bracelet L&rsquo;aventuri\u00e8re"}]},{"@type":"WebSite","@id":"https:\/\/www.creasdecocci.fr\/#website","url":"https:\/\/www.creasdecocci.fr\/","name":"bijoux lithoth\u00e9rapie et d\u00e9coration \u00e0 rumilly","description":"","publisher":{"@id":"https:\/\/www.creasdecocci.fr\/#organization"},"potentialAction":[{"@type":"SearchAction","target":{"@type":"EntryPoint","urlTemplate":"https:\/\/www.creasdecocci.fr\/?s={search_term_string}"},"query-input":{"@type":"PropertyValueSpecification","valueRequired":true,"valueName":"search_term_string"}}],"inLanguage":"fr-FR"},{"@type":"Organization","@id":"https:\/\/www.creasdecocci.fr\/#organization","name":"bijoux lithoth\u00e9rapie et d\u00e9coration \u00e0 rumilly","url":"https:\/\/www.creasdecocci.fr\/","logo":{"@type":"ImageObject","inLanguage":"fr-FR","@id":"https:\/\/www.creasdecocci.fr\/#\/schema\/logo\/image\/","url":"https:\/\/www.creasdecocci.fr\/wp-content\/uploads\/2021\/12\/logo_creas_cocci.png","contentUrl":"https:\/\/www.creasdecocci.fr\/wp-content\/uploads\/2021\/12\/logo_creas_cocci.png","width":2212,"height":1060,"caption":"bijoux lithoth\u00e9rapie et d\u00e9coration \u00e0 rumilly"},"image":{"@id":"https:\/\/www.creasdecocci.fr\/#\/schema\/logo\/image\/"}}]}},"jetpack_sharing_enabled":true,"_links":{"self":[{"href":"https:\/\/www.creasdecocci.fr\/index.php\/wp-json\/wp\/v2\/product\/10845","targetHints":{"allow":["GET"]}}],"collection":[{"href":"https:\/\/www.creasdecocci.fr\/index.php\/wp-json\/wp\/v2\/product"}],"about":[{"href":"https:\/\/www.creasdecocci.fr\/index.php\/wp-json\/wp\/v2\/types\/product"}],"version-history":[{"count":3,"href":"https:\/\/www.creasdecocci.fr\/index.php\/wp-json\/wp\/v2\/product\/10845\/revisions"}],"predecessor-version":[{"id":11110,"href":"https:\/\/www.creasdecocci.fr\/index.php\/wp-json\/wp\/v2\/product\/10845\/revisions\/11110"}],"wp:featuredmedia":[{"embeddable":true,"href":"https:\/\/www.creasdecocci.fr\/index.php\/wp-json\/wp\/v2\/media\/10686"}],"wp:attachment":[{"href":"https:\/\/www.creasdecocci.fr\/index.php\/wp-json\/wp\/v2\/media?parent=10845"}],"wp:term":[{"taxonomy":"product_brand","embeddable":true,"href":"https:\/\/www.creasdecocci.fr\/index.php\/wp-json\/wp\/v2\/product_brand?post=10845"},{"taxonomy":"product_cat","embeddable":true,"href":"https:\/\/www.creasdecocci.fr\/index.php\/wp-json\/wp\/v2\/product_cat?post=10845"},{"taxonomy":"product_tag","embeddable":true,"href":"https:\/\/www.creasdecocci.fr\/index.php\/wp-json\/wp\/v2\/product_tag?post=10845"}],"curies":[{"name":"wp","href":"https:\/\/api.w.org\/{rel}","templated":true}]}}