{"id":10848,"date":"2026-02-21T18:44:15","date_gmt":"2026-02-21T17:44:15","guid":{"rendered":"https:\/\/www.creasdecocci.fr\/?post_type=product&#038;p=10848"},"modified":"2026-02-25T13:26:35","modified_gmt":"2026-02-25T12:26:35","slug":"bracelet-l-enchanteresse","status":"publish","type":"product","link":"https:\/\/www.creasdecocci.fr\/index.php\/produit\/bracelet-l-enchanteresse\/","title":{"rendered":"Bracelet L&rsquo;Enchanteresse"},"content":{"rendered":"<p>Le bracelet l&rsquo;enchanteresse est r\u00e9alis\u00e9 \u00e0 la main avec passion et bienveillance dans mon atelier entre Annecy et Rumilly. Le Bracelet l&rsquo;enchanteresse est mont\u00e9 sur un cordon \u00e9lastique.<\/p>\n<p>C&rsquo;est un bracelet pour incarner l\u2019amour, l\u2019intuition et la magie int\u00e9rieure.<\/p>\n<p>\u201cL\u2019Enchanteresse\u201d inspire \u00e0 \u00e9couter ses ressentis profonds et \u00e0 rayonner naturellement. Il est compos\u00e9 de perles naturelles de :<\/p>\n<p>\u2022 Quartz Fraise : Rayonne douceur, amour de soi et ouverture du c\u0153ur.<br \/>\n\u2022 Am\u00e9thyste : Apaise l\u2019esprit, \u00e9l\u00e8ve la conscience et favorise la clart\u00e9 int\u00e9rieure.<br \/>\n\u2022 Pierre de Lune : Amplifie l\u2019intuition, la f\u00e9minit\u00e9 et l\u2019harmonie \u00e9motionnelle.<\/p>\n<p>\u201cJe suis magn\u00e9tique et lumineuse.\u201d<\/p>\n<p>Perles pierre naturelle 8 mm, perle cache n\u0153ud en acier inoxydable.<\/p>\n<p>le bracelet est livr\u00e9 dans un pochon avec une carte expliquant l\u2019intention du bracelet.<\/p>\n<p>La taille correspond \u00e0 votre tour de poignet, Cocci rajoute ensuite 1cm de marge.<\/p>\n","protected":false},"excerpt":{"rendered":"<p>Le bracelet l&rsquo;enchanteresse est r\u00e9alis\u00e9 \u00e0 la main avec passion et bienveillance dans mon atelier entre Annecy et Rumilly. Le Bracelet l&rsquo;enchanteresse est mont\u00e9 sur un cordon \u00e9lastique. C&rsquo;est un bracelet pour incarner l\u2019amour, l\u2019intuition et la magie int\u00e9rieure. \u201cL\u2019Enchanteresse\u201d inspire \u00e0 \u00e9couter ses ressentis profonds et \u00e0 rayonner naturellement. Il est compos\u00e9 de perles naturelles de : \u2022 Quartz Fraise : Rayonne douceur, amour de soi et ouverture du c\u0153ur. \u2022 Am\u00e9thyste : Apaise l\u2019esprit, \u00e9l\u00e8ve la conscience et favorise la clart\u00e9 int\u00e9rieure. \u2022 Pierre de Lune : Amplifie l\u2019intuition, la f\u00e9minit\u00e9 et l\u2019harmonie \u00e9motionnelle. \u201cJe suis magn\u00e9tique et lumineuse.\u201d Perles pierre naturelle 8 mm, perle cache n\u0153ud en acier inoxydable. le bracelet est livr\u00e9 dans un pochon avec une carte expliquant l\u2019intention du bracelet. La taille correspond \u00e0 votre tour de poignet, Cocci rajoute ensuite 1cm de marge.<\/p>\n","protected":false},"featured_media":10688,"template":"","meta":[],"product_brand":[],"product_cat":[23,359,487],"product_tag":[64,556,521],"class_list":{"0":"post-10848","1":"product","2":"type-product","3":"status-publish","4":"has-post-thumbnail","6":"product_cat-bijoux","7":"product_cat-bracelet","8":"product_cat-bracelets-avec-intention","9":"product_tag-amour","10":"product_tag-coeur","11":"product_tag-intuition","12":"pa_taille-poignet-14-cm","13":"pa_taille-poignet-15-cm","14":"pa_taille-poignet-16-cm","15":"pa_taille-poignet-17-cm","16":"pa_taille-poignet-18-cm","17":"pa_taille-poignet-19-cm","18":"pa_taille-poignet-20-cm","20":"first","21":"instock","22":"shipping-taxable","23":"purchasable","24":"product-type-variable"},"yoast_head":"<!-- This site is optimized with the Yoast SEO plugin v27.2 - https:\/\/yoast.com\/product\/yoast-seo-wordpress\/ -->\n<title>Bracelet L&#039;Enchanteresse - bijoux lithoth\u00e9rapie et d\u00e9coration \u00e0 rumilly<\/title>\n<meta name=\"description\" content=\"Cocci vous pr\u00e9sente sa collection de bijoux, en perles naturelles fabriqu\u00e9s dans mon atelier entre Annecy et Rumilly : Bracelet L&#039;Enchanteresse\" \/>\n<meta name=\"robots\" content=\"index, follow, max-snippet:-1, max-image-preview:large, max-video-preview:-1\" \/>\n<link rel=\"canonical\" href=\"https:\/\/www.creasdecocci.fr\/index.php\/produit\/bracelet-l-enchanteresse\/\" \/>\n<meta property=\"og:locale\" content=\"fr_FR\" \/>\n<meta property=\"og:type\" content=\"article\" \/>\n<meta property=\"og:title\" content=\"Bracelet L&#039;Enchanteresse - bijoux lithoth\u00e9rapie et d\u00e9coration \u00e0 rumilly\" \/>\n<meta property=\"og:description\" content=\"Cocci vous pr\u00e9sente sa collection de bijoux, en perles naturelles fabriqu\u00e9s dans mon atelier entre Annecy et Rumilly : Bracelet L&#039;Enchanteresse\" \/>\n<meta property=\"og:url\" content=\"https:\/\/www.creasdecocci.fr\/index.php\/produit\/bracelet-l-enchanteresse\/\" \/>\n<meta property=\"og:site_name\" content=\"bijoux lithoth\u00e9rapie et d\u00e9coration \u00e0 rumilly\" \/>\n<meta property=\"article:modified_time\" content=\"2026-02-25T12:26:35+00:00\" \/>\n<meta property=\"og:image\" content=\"https:\/\/www.creasdecocci.fr\/wp-content\/uploads\/2026\/02\/IMG_8228-Photoroom-scaled.jpg\" \/>\n\t<meta property=\"og:image:width\" content=\"1920\" \/>\n\t<meta property=\"og:image:height\" content=\"2560\" \/>\n\t<meta property=\"og:image:type\" content=\"image\/jpeg\" \/>\n<meta name=\"twitter:card\" content=\"summary_large_image\" \/>\n<meta name=\"twitter:label1\" content=\"Dur\u00e9e de lecture estim\u00e9e\" \/>\n\t<meta name=\"twitter:data1\" content=\"1 minute\" \/>\n<script type=\"application\/ld+json\" class=\"yoast-schema-graph\">{\"@context\":\"https:\/\/schema.org\",\"@graph\":[{\"@type\":\"WebPage\",\"@id\":\"https:\/\/www.creasdecocci.fr\/index.php\/produit\/bracelet-l-enchanteresse\/\",\"url\":\"https:\/\/www.creasdecocci.fr\/index.php\/produit\/bracelet-l-enchanteresse\/\",\"name\":\"Bracelet L'Enchanteresse - bijoux lithoth\u00e9rapie et d\u00e9coration \u00e0 rumilly\",\"isPartOf\":{\"@id\":\"https:\/\/www.creasdecocci.fr\/#website\"},\"primaryImageOfPage\":{\"@id\":\"https:\/\/www.creasdecocci.fr\/index.php\/produit\/bracelet-l-enchanteresse\/#primaryimage\"},\"image\":{\"@id\":\"https:\/\/www.creasdecocci.fr\/index.php\/produit\/bracelet-l-enchanteresse\/#primaryimage\"},\"thumbnailUrl\":\"https:\/\/www.creasdecocci.fr\/wp-content\/uploads\/2026\/02\/IMG_8228-Photoroom-scaled.jpg\",\"datePublished\":\"2026-02-21T17:44:15+00:00\",\"dateModified\":\"2026-02-25T12:26:35+00:00\",\"description\":\"Cocci vous pr\u00e9sente sa collection de bijoux, en perles naturelles fabriqu\u00e9s dans mon atelier entre Annecy et Rumilly : Bracelet L'Enchanteresse\",\"breadcrumb\":{\"@id\":\"https:\/\/www.creasdecocci.fr\/index.php\/produit\/bracelet-l-enchanteresse\/#breadcrumb\"},\"inLanguage\":\"fr-FR\",\"potentialAction\":[{\"@type\":\"ReadAction\",\"target\":[\"https:\/\/www.creasdecocci.fr\/index.php\/produit\/bracelet-l-enchanteresse\/\"]}]},{\"@type\":\"ImageObject\",\"inLanguage\":\"fr-FR\",\"@id\":\"https:\/\/www.creasdecocci.fr\/index.php\/produit\/bracelet-l-enchanteresse\/#primaryimage\",\"url\":\"https:\/\/www.creasdecocci.fr\/wp-content\/uploads\/2026\/02\/IMG_8228-Photoroom-scaled.jpg\",\"contentUrl\":\"https:\/\/www.creasdecocci.fr\/wp-content\/uploads\/2026\/02\/IMG_8228-Photoroom-scaled.jpg\",\"width\":1920,\"height\":2560,\"caption\":\"l'enchanteresse\"},{\"@type\":\"BreadcrumbList\",\"@id\":\"https:\/\/www.creasdecocci.fr\/index.php\/produit\/bracelet-l-enchanteresse\/#breadcrumb\",\"itemListElement\":[{\"@type\":\"ListItem\",\"position\":1,\"name\":\"Accueil\",\"item\":\"https:\/\/www.creasdecocci.fr\/\"},{\"@type\":\"ListItem\",\"position\":2,\"name\":\"Produits\",\"item\":\"https:\/\/www.creasdecocci.fr\/index.php\/shop\/\"},{\"@type\":\"ListItem\",\"position\":3,\"name\":\"Bracelet L&rsquo;Enchanteresse\"}]},{\"@type\":\"WebSite\",\"@id\":\"https:\/\/www.creasdecocci.fr\/#website\",\"url\":\"https:\/\/www.creasdecocci.fr\/\",\"name\":\"bijoux lithoth\u00e9rapie et d\u00e9coration \u00e0 rumilly\",\"description\":\"\",\"publisher\":{\"@id\":\"https:\/\/www.creasdecocci.fr\/#organization\"},\"potentialAction\":[{\"@type\":\"SearchAction\",\"target\":{\"@type\":\"EntryPoint\",\"urlTemplate\":\"https:\/\/www.creasdecocci.fr\/?s={search_term_string}\"},\"query-input\":{\"@type\":\"PropertyValueSpecification\",\"valueRequired\":true,\"valueName\":\"search_term_string\"}}],\"inLanguage\":\"fr-FR\"},{\"@type\":\"Organization\",\"@id\":\"https:\/\/www.creasdecocci.fr\/#organization\",\"name\":\"bijoux lithoth\u00e9rapie et d\u00e9coration \u00e0 rumilly\",\"url\":\"https:\/\/www.creasdecocci.fr\/\",\"logo\":{\"@type\":\"ImageObject\",\"inLanguage\":\"fr-FR\",\"@id\":\"https:\/\/www.creasdecocci.fr\/#\/schema\/logo\/image\/\",\"url\":\"https:\/\/www.creasdecocci.fr\/wp-content\/uploads\/2021\/12\/logo_creas_cocci.png\",\"contentUrl\":\"https:\/\/www.creasdecocci.fr\/wp-content\/uploads\/2021\/12\/logo_creas_cocci.png\",\"width\":2212,\"height\":1060,\"caption\":\"bijoux lithoth\u00e9rapie et d\u00e9coration \u00e0 rumilly\"},\"image\":{\"@id\":\"https:\/\/www.creasdecocci.fr\/#\/schema\/logo\/image\/\"}}]}<\/script>\n<!-- \/ Yoast SEO plugin. -->","yoast_head_json":{"title":"Bracelet L'Enchanteresse - bijoux lithoth\u00e9rapie et d\u00e9coration \u00e0 rumilly","description":"Cocci vous pr\u00e9sente sa collection de bijoux, en perles naturelles fabriqu\u00e9s dans mon atelier entre Annecy et Rumilly : Bracelet L'Enchanteresse","robots":{"index":"index","follow":"follow","max-snippet":"max-snippet:-1","max-image-preview":"max-image-preview:large","max-video-preview":"max-video-preview:-1"},"canonical":"https:\/\/www.creasdecocci.fr\/index.php\/produit\/bracelet-l-enchanteresse\/","og_locale":"fr_FR","og_type":"article","og_title":"Bracelet L'Enchanteresse - bijoux lithoth\u00e9rapie et d\u00e9coration \u00e0 rumilly","og_description":"Cocci vous pr\u00e9sente sa collection de bijoux, en perles naturelles fabriqu\u00e9s dans mon atelier entre Annecy et Rumilly : Bracelet L'Enchanteresse","og_url":"https:\/\/www.creasdecocci.fr\/index.php\/produit\/bracelet-l-enchanteresse\/","og_site_name":"bijoux lithoth\u00e9rapie et d\u00e9coration \u00e0 rumilly","article_modified_time":"2026-02-25T12:26:35+00:00","og_image":[{"width":1920,"height":2560,"url":"https:\/\/www.creasdecocci.fr\/wp-content\/uploads\/2026\/02\/IMG_8228-Photoroom-scaled.jpg","type":"image\/jpeg"}],"twitter_card":"summary_large_image","twitter_misc":{"Dur\u00e9e de lecture estim\u00e9e":"1 minute"},"schema":{"@context":"https:\/\/schema.org","@graph":[{"@type":"WebPage","@id":"https:\/\/www.creasdecocci.fr\/index.php\/produit\/bracelet-l-enchanteresse\/","url":"https:\/\/www.creasdecocci.fr\/index.php\/produit\/bracelet-l-enchanteresse\/","name":"Bracelet L'Enchanteresse - bijoux lithoth\u00e9rapie et d\u00e9coration \u00e0 rumilly","isPartOf":{"@id":"https:\/\/www.creasdecocci.fr\/#website"},"primaryImageOfPage":{"@id":"https:\/\/www.creasdecocci.fr\/index.php\/produit\/bracelet-l-enchanteresse\/#primaryimage"},"image":{"@id":"https:\/\/www.creasdecocci.fr\/index.php\/produit\/bracelet-l-enchanteresse\/#primaryimage"},"thumbnailUrl":"https:\/\/www.creasdecocci.fr\/wp-content\/uploads\/2026\/02\/IMG_8228-Photoroom-scaled.jpg","datePublished":"2026-02-21T17:44:15+00:00","dateModified":"2026-02-25T12:26:35+00:00","description":"Cocci vous pr\u00e9sente sa collection de bijoux, en perles naturelles fabriqu\u00e9s dans mon atelier entre Annecy et Rumilly : Bracelet L'Enchanteresse","breadcrumb":{"@id":"https:\/\/www.creasdecocci.fr\/index.php\/produit\/bracelet-l-enchanteresse\/#breadcrumb"},"inLanguage":"fr-FR","potentialAction":[{"@type":"ReadAction","target":["https:\/\/www.creasdecocci.fr\/index.php\/produit\/bracelet-l-enchanteresse\/"]}]},{"@type":"ImageObject","inLanguage":"fr-FR","@id":"https:\/\/www.creasdecocci.fr\/index.php\/produit\/bracelet-l-enchanteresse\/#primaryimage","url":"https:\/\/www.creasdecocci.fr\/wp-content\/uploads\/2026\/02\/IMG_8228-Photoroom-scaled.jpg","contentUrl":"https:\/\/www.creasdecocci.fr\/wp-content\/uploads\/2026\/02\/IMG_8228-Photoroom-scaled.jpg","width":1920,"height":2560,"caption":"l'enchanteresse"},{"@type":"BreadcrumbList","@id":"https:\/\/www.creasdecocci.fr\/index.php\/produit\/bracelet-l-enchanteresse\/#breadcrumb","itemListElement":[{"@type":"ListItem","position":1,"name":"Accueil","item":"https:\/\/www.creasdecocci.fr\/"},{"@type":"ListItem","position":2,"name":"Produits","item":"https:\/\/www.creasdecocci.fr\/index.php\/shop\/"},{"@type":"ListItem","position":3,"name":"Bracelet L&rsquo;Enchanteresse"}]},{"@type":"WebSite","@id":"https:\/\/www.creasdecocci.fr\/#website","url":"https:\/\/www.creasdecocci.fr\/","name":"bijoux lithoth\u00e9rapie et d\u00e9coration \u00e0 rumilly","description":"","publisher":{"@id":"https:\/\/www.creasdecocci.fr\/#organization"},"potentialAction":[{"@type":"SearchAction","target":{"@type":"EntryPoint","urlTemplate":"https:\/\/www.creasdecocci.fr\/?s={search_term_string}"},"query-input":{"@type":"PropertyValueSpecification","valueRequired":true,"valueName":"search_term_string"}}],"inLanguage":"fr-FR"},{"@type":"Organization","@id":"https:\/\/www.creasdecocci.fr\/#organization","name":"bijoux lithoth\u00e9rapie et d\u00e9coration \u00e0 rumilly","url":"https:\/\/www.creasdecocci.fr\/","logo":{"@type":"ImageObject","inLanguage":"fr-FR","@id":"https:\/\/www.creasdecocci.fr\/#\/schema\/logo\/image\/","url":"https:\/\/www.creasdecocci.fr\/wp-content\/uploads\/2021\/12\/logo_creas_cocci.png","contentUrl":"https:\/\/www.creasdecocci.fr\/wp-content\/uploads\/2021\/12\/logo_creas_cocci.png","width":2212,"height":1060,"caption":"bijoux lithoth\u00e9rapie et d\u00e9coration \u00e0 rumilly"},"image":{"@id":"https:\/\/www.creasdecocci.fr\/#\/schema\/logo\/image\/"}}]}},"jetpack_sharing_enabled":true,"_links":{"self":[{"href":"https:\/\/www.creasdecocci.fr\/index.php\/wp-json\/wp\/v2\/product\/10848","targetHints":{"allow":["GET"]}}],"collection":[{"href":"https:\/\/www.creasdecocci.fr\/index.php\/wp-json\/wp\/v2\/product"}],"about":[{"href":"https:\/\/www.creasdecocci.fr\/index.php\/wp-json\/wp\/v2\/types\/product"}],"version-history":[{"count":3,"href":"https:\/\/www.creasdecocci.fr\/index.php\/wp-json\/wp\/v2\/product\/10848\/revisions"}],"predecessor-version":[{"id":11107,"href":"https:\/\/www.creasdecocci.fr\/index.php\/wp-json\/wp\/v2\/product\/10848\/revisions\/11107"}],"wp:featuredmedia":[{"embeddable":true,"href":"https:\/\/www.creasdecocci.fr\/index.php\/wp-json\/wp\/v2\/media\/10688"}],"wp:attachment":[{"href":"https:\/\/www.creasdecocci.fr\/index.php\/wp-json\/wp\/v2\/media?parent=10848"}],"wp:term":[{"taxonomy":"product_brand","embeddable":true,"href":"https:\/\/www.creasdecocci.fr\/index.php\/wp-json\/wp\/v2\/product_brand?post=10848"},{"taxonomy":"product_cat","embeddable":true,"href":"https:\/\/www.creasdecocci.fr\/index.php\/wp-json\/wp\/v2\/product_cat?post=10848"},{"taxonomy":"product_tag","embeddable":true,"href":"https:\/\/www.creasdecocci.fr\/index.php\/wp-json\/wp\/v2\/product_tag?post=10848"}],"curies":[{"name":"wp","href":"https:\/\/api.w.org\/{rel}","templated":true}]}}