{"id":10850,"date":"2026-02-21T18:45:05","date_gmt":"2026-02-21T17:45:05","guid":{"rendered":"https:\/\/www.creasdecocci.fr\/?post_type=product&#038;p=10850"},"modified":"2026-02-25T12:57:03","modified_gmt":"2026-02-25T11:57:03","slug":"bracelet-l-audacieuse","status":"publish","type":"product","link":"https:\/\/www.creasdecocci.fr\/index.php\/produit\/bracelet-l-audacieuse\/","title":{"rendered":"Bracelet L&rsquo;Audacieuse"},"content":{"rendered":"<p>Le Bracelet l&rsquo;audacieuse est r\u00e9alis\u00e9 \u00e0 la main avec passion et bienveillance et mont\u00e9 sur un cordon \u00e9lastique.<\/p>\n<p>Un bracelet pour oser \u00eatre soi, affirmer ses choix et marcher avec courage.<\/p>\n<p>Le bracelet l&rsquo;audacieuse est une invitation \u00e0 d\u00e9passer les barri\u00e8res int\u00e9rieures.<\/p>\n<p>Il est compos\u00e9 de :<\/p>\n<ul>\n<li>jaspe dalmatien : encourage la joie, la spontan\u00e9it\u00e9 et chasse les \u00e9nergies pesantes,<\/li>\n<li>oeil de faucon : D\u00e9veloppe l&rsquo;observation, la lucidit\u00e9 et la souplesse mentale,<\/li>\n<li>Cornaline : R\u00e9veille la confiance en soi, la vitalit\u00e9 et la capacit\u00e9 d&rsquo;initiative<\/li>\n<\/ul>\n<p>\u00ab\u00a0J&rsquo;ose pleinement \u00eatre moi \u00a0\u00bb<\/p>\n<p>Perles pierres naturelles 8 mm et perle 6mm acier inoxydable.<\/p>\n<p>La taille correspond \u00e0 votre tour de poignet, Cocci rajoute ensuite 1cm de marge.<\/p>\n","protected":false},"excerpt":{"rendered":"<p>Le Bracelet l&rsquo;audacieuse est r\u00e9alis\u00e9 \u00e0 la main avec passion et bienveillance et mont\u00e9 sur un cordon \u00e9lastique. Un bracelet pour oser \u00eatre soi, affirmer ses choix et marcher avec courage. Le bracelet l&rsquo;audacieuse est une invitation \u00e0 d\u00e9passer les barri\u00e8res int\u00e9rieures. Il est compos\u00e9 de : jaspe dalmatien : encourage la joie, la spontan\u00e9it\u00e9 et chasse les \u00e9nergies pesantes, oeil de faucon : D\u00e9veloppe l&rsquo;observation, la lucidit\u00e9 et la souplesse mentale, Cornaline : R\u00e9veille la confiance en soi, la vitalit\u00e9 et la capacit\u00e9 d&rsquo;initiative \u00ab\u00a0J&rsquo;ose pleinement \u00eatre moi \u00a0\u00bb Perles pierres naturelles 8 mm et perle 6mm acier inoxydable. La taille correspond \u00e0 votre tour de poignet, Cocci rajoute ensuite 1cm de marge.<\/p>\n","protected":false},"featured_media":10689,"template":"","meta":[],"product_brand":[],"product_cat":[23,359,487],"product_tag":[],"class_list":{"0":"post-10850","1":"product","2":"type-product","3":"status-publish","4":"has-post-thumbnail","6":"product_cat-bijoux","7":"product_cat-bracelet","8":"product_cat-bracelets-avec-intention","9":"pa_taille-poignet-14-cm","10":"pa_taille-poignet-15-cm","11":"pa_taille-poignet-16-cm","12":"pa_taille-poignet-17-cm","13":"pa_taille-poignet-18-cm","14":"pa_taille-poignet-19-cm","15":"pa_taille-poignet-20-cm","17":"first","18":"instock","19":"shipping-taxable","20":"purchasable","21":"product-type-variable"},"yoast_head":"<!-- This site is optimized with the Yoast SEO plugin v27.2 - https:\/\/yoast.com\/product\/yoast-seo-wordpress\/ -->\n<title>Bracelet L&#039;Audacieuse - bijoux lithoth\u00e9rapie et d\u00e9coration \u00e0 rumilly<\/title>\n<meta name=\"description\" content=\"Cocci vous pr\u00e9sente sa collection de bijoux lithoth\u00e9rapie, en perles naturelles fabriqu\u00e9s dans mon atelier entre Annecy et Rumilly : Bracelet l&#039;audacieuse\" \/>\n<meta name=\"robots\" content=\"index, follow, max-snippet:-1, max-image-preview:large, max-video-preview:-1\" \/>\n<link rel=\"canonical\" href=\"https:\/\/www.creasdecocci.fr\/index.php\/produit\/bracelet-l-audacieuse\/\" \/>\n<meta property=\"og:locale\" content=\"fr_FR\" \/>\n<meta property=\"og:type\" content=\"article\" \/>\n<meta property=\"og:title\" content=\"Bracelet L&#039;Audacieuse - bijoux lithoth\u00e9rapie et d\u00e9coration \u00e0 rumilly\" \/>\n<meta property=\"og:description\" content=\"Cocci vous pr\u00e9sente sa collection de bijoux lithoth\u00e9rapie, en perles naturelles fabriqu\u00e9s dans mon atelier entre Annecy et Rumilly : Bracelet l&#039;audacieuse\" \/>\n<meta property=\"og:url\" content=\"https:\/\/www.creasdecocci.fr\/index.php\/produit\/bracelet-l-audacieuse\/\" \/>\n<meta property=\"og:site_name\" content=\"bijoux lithoth\u00e9rapie et d\u00e9coration \u00e0 rumilly\" \/>\n<meta property=\"article:modified_time\" content=\"2026-02-25T11:57:03+00:00\" \/>\n<meta property=\"og:image\" content=\"https:\/\/www.creasdecocci.fr\/wp-content\/uploads\/2026\/02\/IMG_8229-Photoroom-scaled.jpg\" \/>\n\t<meta property=\"og:image:width\" content=\"1920\" \/>\n\t<meta property=\"og:image:height\" content=\"2560\" \/>\n\t<meta property=\"og:image:type\" content=\"image\/jpeg\" \/>\n<meta name=\"twitter:card\" content=\"summary_large_image\" \/>\n<meta name=\"twitter:label1\" content=\"Dur\u00e9e de lecture estim\u00e9e\" \/>\n\t<meta name=\"twitter:data1\" content=\"1 minute\" \/>\n<script type=\"application\/ld+json\" class=\"yoast-schema-graph\">{\"@context\":\"https:\/\/schema.org\",\"@graph\":[{\"@type\":\"WebPage\",\"@id\":\"https:\/\/www.creasdecocci.fr\/index.php\/produit\/bracelet-l-audacieuse\/\",\"url\":\"https:\/\/www.creasdecocci.fr\/index.php\/produit\/bracelet-l-audacieuse\/\",\"name\":\"Bracelet L'Audacieuse - bijoux lithoth\u00e9rapie et d\u00e9coration \u00e0 rumilly\",\"isPartOf\":{\"@id\":\"https:\/\/www.creasdecocci.fr\/#website\"},\"primaryImageOfPage\":{\"@id\":\"https:\/\/www.creasdecocci.fr\/index.php\/produit\/bracelet-l-audacieuse\/#primaryimage\"},\"image\":{\"@id\":\"https:\/\/www.creasdecocci.fr\/index.php\/produit\/bracelet-l-audacieuse\/#primaryimage\"},\"thumbnailUrl\":\"https:\/\/www.creasdecocci.fr\/wp-content\/uploads\/2026\/02\/IMG_8229-Photoroom-scaled.jpg\",\"datePublished\":\"2026-02-21T17:45:05+00:00\",\"dateModified\":\"2026-02-25T11:57:03+00:00\",\"description\":\"Cocci vous pr\u00e9sente sa collection de bijoux lithoth\u00e9rapie, en perles naturelles fabriqu\u00e9s dans mon atelier entre Annecy et Rumilly : Bracelet l'audacieuse\",\"breadcrumb\":{\"@id\":\"https:\/\/www.creasdecocci.fr\/index.php\/produit\/bracelet-l-audacieuse\/#breadcrumb\"},\"inLanguage\":\"fr-FR\",\"potentialAction\":[{\"@type\":\"ReadAction\",\"target\":[\"https:\/\/www.creasdecocci.fr\/index.php\/produit\/bracelet-l-audacieuse\/\"]}]},{\"@type\":\"ImageObject\",\"inLanguage\":\"fr-FR\",\"@id\":\"https:\/\/www.creasdecocci.fr\/index.php\/produit\/bracelet-l-audacieuse\/#primaryimage\",\"url\":\"https:\/\/www.creasdecocci.fr\/wp-content\/uploads\/2026\/02\/IMG_8229-Photoroom-scaled.jpg\",\"contentUrl\":\"https:\/\/www.creasdecocci.fr\/wp-content\/uploads\/2026\/02\/IMG_8229-Photoroom-scaled.jpg\",\"width\":1920,\"height\":2560,\"caption\":\"l'audacieuse\"},{\"@type\":\"BreadcrumbList\",\"@id\":\"https:\/\/www.creasdecocci.fr\/index.php\/produit\/bracelet-l-audacieuse\/#breadcrumb\",\"itemListElement\":[{\"@type\":\"ListItem\",\"position\":1,\"name\":\"Accueil\",\"item\":\"https:\/\/www.creasdecocci.fr\/\"},{\"@type\":\"ListItem\",\"position\":2,\"name\":\"Produits\",\"item\":\"https:\/\/www.creasdecocci.fr\/index.php\/shop\/\"},{\"@type\":\"ListItem\",\"position\":3,\"name\":\"Bracelet L&rsquo;Audacieuse\"}]},{\"@type\":\"WebSite\",\"@id\":\"https:\/\/www.creasdecocci.fr\/#website\",\"url\":\"https:\/\/www.creasdecocci.fr\/\",\"name\":\"bijoux lithoth\u00e9rapie et d\u00e9coration \u00e0 rumilly\",\"description\":\"\",\"publisher\":{\"@id\":\"https:\/\/www.creasdecocci.fr\/#organization\"},\"potentialAction\":[{\"@type\":\"SearchAction\",\"target\":{\"@type\":\"EntryPoint\",\"urlTemplate\":\"https:\/\/www.creasdecocci.fr\/?s={search_term_string}\"},\"query-input\":{\"@type\":\"PropertyValueSpecification\",\"valueRequired\":true,\"valueName\":\"search_term_string\"}}],\"inLanguage\":\"fr-FR\"},{\"@type\":\"Organization\",\"@id\":\"https:\/\/www.creasdecocci.fr\/#organization\",\"name\":\"bijoux lithoth\u00e9rapie et d\u00e9coration \u00e0 rumilly\",\"url\":\"https:\/\/www.creasdecocci.fr\/\",\"logo\":{\"@type\":\"ImageObject\",\"inLanguage\":\"fr-FR\",\"@id\":\"https:\/\/www.creasdecocci.fr\/#\/schema\/logo\/image\/\",\"url\":\"https:\/\/www.creasdecocci.fr\/wp-content\/uploads\/2021\/12\/logo_creas_cocci.png\",\"contentUrl\":\"https:\/\/www.creasdecocci.fr\/wp-content\/uploads\/2021\/12\/logo_creas_cocci.png\",\"width\":2212,\"height\":1060,\"caption\":\"bijoux lithoth\u00e9rapie et d\u00e9coration \u00e0 rumilly\"},\"image\":{\"@id\":\"https:\/\/www.creasdecocci.fr\/#\/schema\/logo\/image\/\"}}]}<\/script>\n<!-- \/ Yoast SEO plugin. -->","yoast_head_json":{"title":"Bracelet L'Audacieuse - bijoux lithoth\u00e9rapie et d\u00e9coration \u00e0 rumilly","description":"Cocci vous pr\u00e9sente sa collection de bijoux lithoth\u00e9rapie, en perles naturelles fabriqu\u00e9s dans mon atelier entre Annecy et Rumilly : Bracelet l'audacieuse","robots":{"index":"index","follow":"follow","max-snippet":"max-snippet:-1","max-image-preview":"max-image-preview:large","max-video-preview":"max-video-preview:-1"},"canonical":"https:\/\/www.creasdecocci.fr\/index.php\/produit\/bracelet-l-audacieuse\/","og_locale":"fr_FR","og_type":"article","og_title":"Bracelet L'Audacieuse - bijoux lithoth\u00e9rapie et d\u00e9coration \u00e0 rumilly","og_description":"Cocci vous pr\u00e9sente sa collection de bijoux lithoth\u00e9rapie, en perles naturelles fabriqu\u00e9s dans mon atelier entre Annecy et Rumilly : Bracelet l'audacieuse","og_url":"https:\/\/www.creasdecocci.fr\/index.php\/produit\/bracelet-l-audacieuse\/","og_site_name":"bijoux lithoth\u00e9rapie et d\u00e9coration \u00e0 rumilly","article_modified_time":"2026-02-25T11:57:03+00:00","og_image":[{"width":1920,"height":2560,"url":"https:\/\/www.creasdecocci.fr\/wp-content\/uploads\/2026\/02\/IMG_8229-Photoroom-scaled.jpg","type":"image\/jpeg"}],"twitter_card":"summary_large_image","twitter_misc":{"Dur\u00e9e de lecture estim\u00e9e":"1 minute"},"schema":{"@context":"https:\/\/schema.org","@graph":[{"@type":"WebPage","@id":"https:\/\/www.creasdecocci.fr\/index.php\/produit\/bracelet-l-audacieuse\/","url":"https:\/\/www.creasdecocci.fr\/index.php\/produit\/bracelet-l-audacieuse\/","name":"Bracelet L'Audacieuse - bijoux lithoth\u00e9rapie et d\u00e9coration \u00e0 rumilly","isPartOf":{"@id":"https:\/\/www.creasdecocci.fr\/#website"},"primaryImageOfPage":{"@id":"https:\/\/www.creasdecocci.fr\/index.php\/produit\/bracelet-l-audacieuse\/#primaryimage"},"image":{"@id":"https:\/\/www.creasdecocci.fr\/index.php\/produit\/bracelet-l-audacieuse\/#primaryimage"},"thumbnailUrl":"https:\/\/www.creasdecocci.fr\/wp-content\/uploads\/2026\/02\/IMG_8229-Photoroom-scaled.jpg","datePublished":"2026-02-21T17:45:05+00:00","dateModified":"2026-02-25T11:57:03+00:00","description":"Cocci vous pr\u00e9sente sa collection de bijoux lithoth\u00e9rapie, en perles naturelles fabriqu\u00e9s dans mon atelier entre Annecy et Rumilly : Bracelet l'audacieuse","breadcrumb":{"@id":"https:\/\/www.creasdecocci.fr\/index.php\/produit\/bracelet-l-audacieuse\/#breadcrumb"},"inLanguage":"fr-FR","potentialAction":[{"@type":"ReadAction","target":["https:\/\/www.creasdecocci.fr\/index.php\/produit\/bracelet-l-audacieuse\/"]}]},{"@type":"ImageObject","inLanguage":"fr-FR","@id":"https:\/\/www.creasdecocci.fr\/index.php\/produit\/bracelet-l-audacieuse\/#primaryimage","url":"https:\/\/www.creasdecocci.fr\/wp-content\/uploads\/2026\/02\/IMG_8229-Photoroom-scaled.jpg","contentUrl":"https:\/\/www.creasdecocci.fr\/wp-content\/uploads\/2026\/02\/IMG_8229-Photoroom-scaled.jpg","width":1920,"height":2560,"caption":"l'audacieuse"},{"@type":"BreadcrumbList","@id":"https:\/\/www.creasdecocci.fr\/index.php\/produit\/bracelet-l-audacieuse\/#breadcrumb","itemListElement":[{"@type":"ListItem","position":1,"name":"Accueil","item":"https:\/\/www.creasdecocci.fr\/"},{"@type":"ListItem","position":2,"name":"Produits","item":"https:\/\/www.creasdecocci.fr\/index.php\/shop\/"},{"@type":"ListItem","position":3,"name":"Bracelet L&rsquo;Audacieuse"}]},{"@type":"WebSite","@id":"https:\/\/www.creasdecocci.fr\/#website","url":"https:\/\/www.creasdecocci.fr\/","name":"bijoux lithoth\u00e9rapie et d\u00e9coration \u00e0 rumilly","description":"","publisher":{"@id":"https:\/\/www.creasdecocci.fr\/#organization"},"potentialAction":[{"@type":"SearchAction","target":{"@type":"EntryPoint","urlTemplate":"https:\/\/www.creasdecocci.fr\/?s={search_term_string}"},"query-input":{"@type":"PropertyValueSpecification","valueRequired":true,"valueName":"search_term_string"}}],"inLanguage":"fr-FR"},{"@type":"Organization","@id":"https:\/\/www.creasdecocci.fr\/#organization","name":"bijoux lithoth\u00e9rapie et d\u00e9coration \u00e0 rumilly","url":"https:\/\/www.creasdecocci.fr\/","logo":{"@type":"ImageObject","inLanguage":"fr-FR","@id":"https:\/\/www.creasdecocci.fr\/#\/schema\/logo\/image\/","url":"https:\/\/www.creasdecocci.fr\/wp-content\/uploads\/2021\/12\/logo_creas_cocci.png","contentUrl":"https:\/\/www.creasdecocci.fr\/wp-content\/uploads\/2021\/12\/logo_creas_cocci.png","width":2212,"height":1060,"caption":"bijoux lithoth\u00e9rapie et d\u00e9coration \u00e0 rumilly"},"image":{"@id":"https:\/\/www.creasdecocci.fr\/#\/schema\/logo\/image\/"}}]}},"jetpack_sharing_enabled":true,"_links":{"self":[{"href":"https:\/\/www.creasdecocci.fr\/index.php\/wp-json\/wp\/v2\/product\/10850","targetHints":{"allow":["GET"]}}],"collection":[{"href":"https:\/\/www.creasdecocci.fr\/index.php\/wp-json\/wp\/v2\/product"}],"about":[{"href":"https:\/\/www.creasdecocci.fr\/index.php\/wp-json\/wp\/v2\/types\/product"}],"version-history":[{"count":3,"href":"https:\/\/www.creasdecocci.fr\/index.php\/wp-json\/wp\/v2\/product\/10850\/revisions"}],"predecessor-version":[{"id":11105,"href":"https:\/\/www.creasdecocci.fr\/index.php\/wp-json\/wp\/v2\/product\/10850\/revisions\/11105"}],"wp:featuredmedia":[{"embeddable":true,"href":"https:\/\/www.creasdecocci.fr\/index.php\/wp-json\/wp\/v2\/media\/10689"}],"wp:attachment":[{"href":"https:\/\/www.creasdecocci.fr\/index.php\/wp-json\/wp\/v2\/media?parent=10850"}],"wp:term":[{"taxonomy":"product_brand","embeddable":true,"href":"https:\/\/www.creasdecocci.fr\/index.php\/wp-json\/wp\/v2\/product_brand?post=10850"},{"taxonomy":"product_cat","embeddable":true,"href":"https:\/\/www.creasdecocci.fr\/index.php\/wp-json\/wp\/v2\/product_cat?post=10850"},{"taxonomy":"product_tag","embeddable":true,"href":"https:\/\/www.creasdecocci.fr\/index.php\/wp-json\/wp\/v2\/product_tag?post=10850"}],"curies":[{"name":"wp","href":"https:\/\/api.w.org\/{rel}","templated":true}]}}