{"id":10909,"date":"2026-02-21T19:16:34","date_gmt":"2026-02-21T18:16:34","guid":{"rendered":"https:\/\/www.creasdecocci.fr\/?post_type=product&#038;p=10909"},"modified":"2026-02-24T09:42:52","modified_gmt":"2026-02-24T08:42:52","slug":"sphere-bois-petrifie","status":"publish","type":"product","link":"https:\/\/www.creasdecocci.fr\/index.php\/produit\/sphere-bois-petrifie\/","title":{"rendered":"Sph\u00e8re Bois p\u00e9trifi\u00e9"},"content":{"rendered":"\t\t<div data-elementor-type=\"wp-post\" data-elementor-id=\"10909\" class=\"elementor elementor-10909\">\n\t\t\t\t\t\t<section class=\"elementor-section elementor-top-section elementor-element elementor-element-51d96115 elementor-section-boxed elementor-section-height-default elementor-section-height-default\" data-id=\"51d96115\" data-element_type=\"section\" data-e-type=\"section\">\n\t\t\t\t\t\t<div class=\"elementor-container elementor-column-gap-default\">\n\t\t\t\t\t<div class=\"elementor-column elementor-col-100 elementor-top-column elementor-element elementor-element-708c434e\" data-id=\"708c434e\" data-element_type=\"column\" data-e-type=\"column\">\n\t\t\t<div class=\"elementor-widget-wrap elementor-element-populated\">\n\t\t\t\t\t\t<div class=\"elementor-element elementor-element-3884d149 elementor-widget elementor-widget-text-editor\" data-id=\"3884d149\" data-element_type=\"widget\" data-e-type=\"widget\" data-widget_type=\"text-editor.default\">\n\t\t\t\t<div class=\"elementor-widget-container\">\n\t\t\t\t\t\t\t\t\t<p><strong>La sph\u00e8re bois p\u00e9trifi\u00e9 : harmonie, \u00e9quilibre et \u00e9nergie douce<\/strong><\/p><div class=\"flex flex-col text-sm pb-25\"><article class=\"text-token-text-primary w-full focus:outline-none [--shadow-height:45px] has-data-writing-block:pointer-events-none has-data-writing-block:-mt-(--shadow-height) has-data-writing-block:pt-(--shadow-height) [&amp;:has([data-writing-block])&gt;*]:pointer-events-auto scroll-mt-[calc(var(--header-height)+min(200px,max(70px,20svh)))]\" dir=\"auto\" tabindex=\"-1\" data-turn-id=\"request-WEB:3a0030a1-c4ed-47be-96af-4d9358f0669b-0\" data-testid=\"conversation-turn-2\" data-scroll-anchor=\"true\" data-turn=\"assistant\"><div class=\"text-base my-auto mx-auto pb-10 [--thread-content-margin:--spacing(4)] @w-sm\/main:[--thread-content-margin:--spacing(6)] @w-lg\/main:[--thread-content-margin:--spacing(16)] px-(--thread-content-margin)\"><div class=\"[--thread-content-max-width:40rem] @w-lg\/main:[--thread-content-max-width:48rem] mx-auto max-w-(--thread-content-max-width) flex-1 group\/turn-messages focus-visible:outline-hidden relative flex w-full min-w-0 flex-col agent-turn\" tabindex=\"-1\"><div class=\"flex max-w-full flex-col grow\"><div class=\"min-h-8 text-message relative flex w-full flex-col items-end gap-2 text-start break-words whitespace-normal [.text-message+&amp;]:mt-1\" dir=\"auto\" data-message-author-role=\"assistant\" data-message-id=\"80a1ab23-716e-4e6e-ad31-02d389d9f424\" data-message-model-slug=\"gpt-5-2\"><div class=\"flex w-full flex-col gap-1 empty:hidden first:pt-[1px]\"><div class=\"markdown prose dark:prose-invert w-full wrap-break-word light markdown-new-styling\"><p data-start=\"365\" data-end=\"600\">La sph\u00e8re est une forme parfaite, sans angle, sans rupture, sans direction impos\u00e9e. Elle symbolise l\u2019unit\u00e9, l\u2019harmonie et l\u2019\u00e9quilibre. Dans un int\u00e9rieur, une sph\u00e8re en pierre naturelle diffuse une \u00e9nergie douce, stable et enveloppante.<\/p><p data-start=\"602\" data-end=\"868\">Contrairement aux formes anguleuses qui projettent l\u2019\u00e9nergie dans une direction pr\u00e9cise, la sph\u00e8re rayonne de fa\u00e7on uniforme dans toutes les directions. Elle cr\u00e9e une atmosph\u00e8re apaisante, fluide, rassurante \u2014 id\u00e9ale pour les lieux de vie, de repos ou de recentrage.<\/p><p data-start=\"870\" data-end=\"1111\">Chaque sph\u00e8re est unique, fa\u00e7onn\u00e9e dans une pierre naturelle, avec ses nuances, ses veines, ses vibrations propres. Elle devient \u00e0 la fois un objet d\u00e9coratif fort, un \u00e9l\u00e9ment \u00e9nerg\u00e9tique subtil et une pr\u00e9sence min\u00e9rale vivante dans l\u2019espace.<\/p><p data-start=\"1113\" data-end=\"1350\">Pos\u00e9e dans un salon, une chambre, un bureau ou un espace de soin, la sph\u00e8re invite naturellement au calme, \u00e0 l\u2019ancrage et \u00e0 l\u2019\u00e9quilibre int\u00e9rieur.<br data-start=\"1259\" data-end=\"1262\" \/>Elle ne capte pas le regard de fa\u00e7on agressive : elle attire, elle rassure, elle apaise.<\/p><p data-start=\"1352\" data-end=\"1387\">Choisir une sph\u00e8re, c\u2019est choisir :<\/p><ul data-start=\"1388\" data-end=\"1562\"><li data-start=\"1388\" data-end=\"1429\"><p data-start=\"1390\" data-end=\"1429\">une forme universelle et intemporelle<\/p><\/li><li data-start=\"1430\" data-end=\"1467\"><p data-start=\"1432\" data-end=\"1467\">une \u00e9nergie douce et harmonisante<\/p><\/li><li data-start=\"1468\" data-end=\"1509\"><p data-start=\"1470\" data-end=\"1509\">un objet d\u00e9coratif naturel et \u00e9l\u00e9gant<\/p><\/li><li data-start=\"1510\" data-end=\"1562\"><p data-start=\"1512\" data-end=\"1562\">un symbole d\u2019unit\u00e9, de compl\u00e9tude et de s\u00e9r\u00e9nit\u00e9<\/p><\/li><\/ul><\/div><\/div><\/div><\/div><div class=\"mt-3 w-full empty:hidden\"><div class=\"text-center\">\u00a0<\/div><\/div><\/div><\/div><\/article><\/div><div class=\"pointer-events-none h-px w-px absolute bottom-0\" aria-hidden=\"true\" data-edge=\"true\"><div class=\"pointer-events-none h-px w-px absolute bottom-0\" aria-hidden=\"true\" data-edge=\"true\"><p>Bienfaits sph\u00e8re bois p\u00e9trifi\u00e9 :<\/p><p>d&rsquo;un point de vue \u00e9motionnel\u00a0:<\/p><p>le bois p\u00e9trifi\u00e9 est conseill\u00e9 pour les enfants agit\u00e9s car il les ram\u00e8ne \u00e0 plus de stabilit\u00e9 et contr\u00f4le.\u00a0il est indiqu\u00e9 pour vous guider et vous apprendre la patience et le l\u00e2cher-prise. Il permet de vous stabiliser. Vous pouvez ainsi aborder les \u00e9v\u00e9nements avec une distance suffisante. En vous donnant cette force de recul, ce courage, il vous permet d\u2019acc\u00e9der \u00e0 une s\u00e9r\u00e9nit\u00e9 profonde, tout en vous restituant votre spontan\u00e9it\u00e9. Avec cette sph\u00e8re en\u00a0bois p\u00e9trifi\u00e9, vous allez atteindre un haut niveau de sagesse et de courage, et vous rayonnerez naturellement au quotidien. En favorisant l\u2019ancrage, l\u2019enracinement, la connaissance, votre corps va r\u00e9int\u00e9grer sa place dans la nature, loin des r\u00eaveries ou d\u2019un mental trop pesant. Vous allez revenir aux fondamentaux, vous d\u00e9tachant de chaque chose mat\u00e9rielle.<\/p><p>d&rsquo;un point de vue physique :<\/p><p>Le\u00a0bois p\u00e9trifi\u00e9\u00a0soulage votre corps gr\u00e2ce \u00e0 son action de renforcement sur l\u2019ossature, les tendons, et les articulations. C\u2019est un soutien id\u00e9al pour les troubles d\u00e9g\u00e9n\u00e9ratifs. C&rsquo;\u2019est une excellente protection contre les fractures osseuses. Mais il est aussi id\u00e9al pour les plus petits, car il favorise la croissance physique et intellectuelle. Il agit aussi en cas de fatigue chronique ou de trouble profond. Il donne de plus \u00e9nergie et vitalit\u00e9, favorise la croissance des os.<\/p><p>Sph\u00e8re d&rsquo;environ 6 cm de diam\u00e8tre<\/p><p>photos non contractuelles<\/p><p>Vous avez la possibilit\u00e9 de rajouter un support en bois pour prot\u00e9ger votre sph\u00e8re des chutes et les mettre en valeur. Sur la photo c&rsquo;est un petit support.<\/p><\/div><\/div>\t\t\t\t\t\t\t\t<\/div>\n\t\t\t\t<\/div>\n\t\t\t\t\t<\/div>\n\t\t<\/div>\n\t\t\t\t\t<\/div>\n\t\t<\/section>\n\t\t\t\t<\/div>\n\t\t","protected":false},"excerpt":{"rendered":"<p>La sph\u00e8re bois p\u00e9trifi\u00e9 : harmonie, \u00e9quilibre et \u00e9nergie douce La sph\u00e8re est une forme parfaite, sans angle, sans rupture, sans direction impos\u00e9e. Elle symbolise l\u2019unit\u00e9, l\u2019harmonie et l\u2019\u00e9quilibre. Dans un int\u00e9rieur, une sph\u00e8re en pierre naturelle diffuse une \u00e9nergie douce, stable et enveloppante. Contrairement aux formes anguleuses qui projettent l\u2019\u00e9nergie dans une direction pr\u00e9cise, la sph\u00e8re rayonne de fa\u00e7on uniforme dans toutes les directions. Elle cr\u00e9e une atmosph\u00e8re apaisante, fluide, rassurante \u2014 id\u00e9ale pour les lieux de vie, de repos ou de recentrage. Chaque sph\u00e8re est unique, fa\u00e7onn\u00e9e dans une pierre naturelle, avec ses nuances, ses veines, ses vibrations propres. Elle devient \u00e0 la fois un objet d\u00e9coratif fort, un \u00e9l\u00e9ment \u00e9nerg\u00e9tique subtil et une pr\u00e9sence min\u00e9rale vivante dans l\u2019espace. Pos\u00e9e dans un salon, une chambre, un bureau ou un espace de soin, la sph\u00e8re invite naturellement au calme, \u00e0 l\u2019ancrage et \u00e0 l\u2019\u00e9quilibre int\u00e9rieur.Elle ne capte pas le regard de fa\u00e7on agressive : elle attire, elle rassure, elle apaise. Choisir une sph\u00e8re, c\u2019est choisir : une forme universelle et intemporelle une \u00e9nergie douce et harmonisante un objet d\u00e9coratif naturel et \u00e9l\u00e9gant un symbole d\u2019unit\u00e9, de compl\u00e9tude et de s\u00e9r\u00e9nit\u00e9 Bienfaits sph\u00e8re bois p\u00e9trifi\u00e9 : d&rsquo;un point de vue \u00e9motionnel\u00a0: le bois p\u00e9trifi\u00e9 est conseill\u00e9 pour les enfants agit\u00e9s car il les ram\u00e8ne \u00e0 plus de stabilit\u00e9 et contr\u00f4le.\u00a0il est indiqu\u00e9 pour vous guider et vous apprendre la patience et le l\u00e2cher-prise. Il permet de vous stabiliser. Vous pouvez ainsi aborder les \u00e9v\u00e9nements avec une distance suffisante. En vous donnant cette force de recul, ce courage, il vous permet d\u2019acc\u00e9der \u00e0 une s\u00e9r\u00e9nit\u00e9 profonde, tout en vous restituant votre spontan\u00e9it\u00e9. Avec cette sph\u00e8re en\u00a0bois p\u00e9trifi\u00e9, vous allez atteindre un haut niveau de sagesse et de courage, et vous rayonnerez naturellement au quotidien. En favorisant l\u2019ancrage, l\u2019enracinement, la connaissance, votre corps va r\u00e9int\u00e9grer sa place dans la nature, loin des r\u00eaveries ou d\u2019un mental trop pesant. Vous allez revenir aux fondamentaux, vous d\u00e9tachant de chaque chose mat\u00e9rielle. d&rsquo;un point de vue physique : Le\u00a0bois p\u00e9trifi\u00e9\u00a0soulage votre corps gr\u00e2ce \u00e0 son action de renforcement sur l\u2019ossature, les tendons, et les articulations. C\u2019est un soutien id\u00e9al pour les troubles d\u00e9g\u00e9n\u00e9ratifs. C&rsquo;\u2019est une excellente protection contre les fractures osseuses. Mais il est aussi id\u00e9al pour les plus petits, car il favorise la croissance physique et intellectuelle. Il agit aussi en cas de fatigue chronique ou de trouble profond. Il donne de plus \u00e9nergie et vitalit\u00e9, favorise la croissance des os. Sph\u00e8re d&rsquo;environ 6 cm de diam\u00e8tre photos non contractuelles Vous avez la possibilit\u00e9 de rajouter un support en bois pour prot\u00e9ger votre sph\u00e8re des chutes et les mettre en valeur. Sur la photo c&rsquo;est un petit support.<\/p>\n","protected":false},"featured_media":10740,"template":"","meta":[],"product_brand":[],"product_cat":[607,489],"product_tag":[424,389,615],"class_list":{"0":"post-10909","1":"product","2":"type-product","3":"status-publish","4":"has-post-thumbnail","6":"product_cat-lithotherapie","7":"product_cat-pierres-brutes","8":"product_tag-bois-petrifie","9":"product_tag-energie","10":"product_tag-sphere","12":"first","13":"instock","14":"shipping-taxable","15":"purchasable","16":"product-type-variable"},"yoast_head":"<!-- This site is optimized with the Yoast SEO plugin v27.2 - https:\/\/yoast.com\/product\/yoast-seo-wordpress\/ -->\n<title>Sph\u00e8re Bois p\u00e9trifi\u00e9 - bijoux lithoth\u00e9rapie et d\u00e9coration \u00e0 rumilly<\/title>\n<meta name=\"description\" content=\"d\u00e9couvrez la collection de min\u00e9raux s\u00e9lectionn\u00e9s minutieusement dans mon atelier \u00e0 Marcellaz albanais entre Rumilly et Annecy : Sph\u00e8re en bois p\u00e9trifi\u00e9\" \/>\n<meta name=\"robots\" content=\"index, follow, max-snippet:-1, max-image-preview:large, max-video-preview:-1\" \/>\n<link rel=\"canonical\" href=\"https:\/\/www.creasdecocci.fr\/index.php\/produit\/sphere-bois-petrifie\/\" \/>\n<meta property=\"og:locale\" content=\"fr_FR\" \/>\n<meta property=\"og:type\" content=\"article\" \/>\n<meta property=\"og:title\" content=\"Sph\u00e8re Bois p\u00e9trifi\u00e9 - bijoux lithoth\u00e9rapie et d\u00e9coration \u00e0 rumilly\" \/>\n<meta property=\"og:description\" content=\"d\u00e9couvrez la collection de min\u00e9raux s\u00e9lectionn\u00e9s minutieusement dans mon atelier \u00e0 Marcellaz albanais entre Rumilly et Annecy : Sph\u00e8re en bois p\u00e9trifi\u00e9\" \/>\n<meta property=\"og:url\" content=\"https:\/\/www.creasdecocci.fr\/index.php\/produit\/sphere-bois-petrifie\/\" \/>\n<meta property=\"og:site_name\" content=\"bijoux lithoth\u00e9rapie et d\u00e9coration \u00e0 rumilly\" \/>\n<meta property=\"article:modified_time\" content=\"2026-02-24T08:42:52+00:00\" \/>\n<meta property=\"og:image\" content=\"https:\/\/www.creasdecocci.fr\/wp-content\/uploads\/2026\/02\/IMG_8282-Photoroom-scaled.jpg\" \/>\n\t<meta property=\"og:image:width\" content=\"1920\" \/>\n\t<meta property=\"og:image:height\" content=\"2560\" \/>\n\t<meta property=\"og:image:type\" content=\"image\/jpeg\" \/>\n<meta name=\"twitter:card\" content=\"summary_large_image\" \/>\n<meta name=\"twitter:label1\" content=\"Dur\u00e9e de lecture estim\u00e9e\" \/>\n\t<meta name=\"twitter:data1\" content=\"3 minutes\" \/>\n<script type=\"application\/ld+json\" class=\"yoast-schema-graph\">{\"@context\":\"https:\/\/schema.org\",\"@graph\":[{\"@type\":\"WebPage\",\"@id\":\"https:\/\/www.creasdecocci.fr\/index.php\/produit\/sphere-bois-petrifie\/\",\"url\":\"https:\/\/www.creasdecocci.fr\/index.php\/produit\/sphere-bois-petrifie\/\",\"name\":\"Sph\u00e8re Bois p\u00e9trifi\u00e9 - bijoux lithoth\u00e9rapie et d\u00e9coration \u00e0 rumilly\",\"isPartOf\":{\"@id\":\"https:\/\/www.creasdecocci.fr\/#website\"},\"primaryImageOfPage\":{\"@id\":\"https:\/\/www.creasdecocci.fr\/index.php\/produit\/sphere-bois-petrifie\/#primaryimage\"},\"image\":{\"@id\":\"https:\/\/www.creasdecocci.fr\/index.php\/produit\/sphere-bois-petrifie\/#primaryimage\"},\"thumbnailUrl\":\"https:\/\/www.creasdecocci.fr\/wp-content\/uploads\/2026\/02\/IMG_8282-Photoroom-scaled.jpg\",\"datePublished\":\"2026-02-21T18:16:34+00:00\",\"dateModified\":\"2026-02-24T08:42:52+00:00\",\"description\":\"d\u00e9couvrez la collection de min\u00e9raux s\u00e9lectionn\u00e9s minutieusement dans mon atelier \u00e0 Marcellaz albanais entre Rumilly et Annecy : Sph\u00e8re en bois p\u00e9trifi\u00e9\",\"breadcrumb\":{\"@id\":\"https:\/\/www.creasdecocci.fr\/index.php\/produit\/sphere-bois-petrifie\/#breadcrumb\"},\"inLanguage\":\"fr-FR\",\"potentialAction\":[{\"@type\":\"ReadAction\",\"target\":[\"https:\/\/www.creasdecocci.fr\/index.php\/produit\/sphere-bois-petrifie\/\"]}]},{\"@type\":\"ImageObject\",\"inLanguage\":\"fr-FR\",\"@id\":\"https:\/\/www.creasdecocci.fr\/index.php\/produit\/sphere-bois-petrifie\/#primaryimage\",\"url\":\"https:\/\/www.creasdecocci.fr\/wp-content\/uploads\/2026\/02\/IMG_8282-Photoroom-scaled.jpg\",\"contentUrl\":\"https:\/\/www.creasdecocci.fr\/wp-content\/uploads\/2026\/02\/IMG_8282-Photoroom-scaled.jpg\",\"width\":1920,\"height\":2560,\"caption\":\"sph\u00e8re bois p\u00e9trifi\u00e9\"},{\"@type\":\"BreadcrumbList\",\"@id\":\"https:\/\/www.creasdecocci.fr\/index.php\/produit\/sphere-bois-petrifie\/#breadcrumb\",\"itemListElement\":[{\"@type\":\"ListItem\",\"position\":1,\"name\":\"Accueil\",\"item\":\"https:\/\/www.creasdecocci.fr\/\"},{\"@type\":\"ListItem\",\"position\":2,\"name\":\"Produits\",\"item\":\"https:\/\/www.creasdecocci.fr\/index.php\/shop\/\"},{\"@type\":\"ListItem\",\"position\":3,\"name\":\"Sph\u00e8re Bois p\u00e9trifi\u00e9\"}]},{\"@type\":\"WebSite\",\"@id\":\"https:\/\/www.creasdecocci.fr\/#website\",\"url\":\"https:\/\/www.creasdecocci.fr\/\",\"name\":\"bijoux lithoth\u00e9rapie et d\u00e9coration \u00e0 rumilly\",\"description\":\"\",\"publisher\":{\"@id\":\"https:\/\/www.creasdecocci.fr\/#organization\"},\"potentialAction\":[{\"@type\":\"SearchAction\",\"target\":{\"@type\":\"EntryPoint\",\"urlTemplate\":\"https:\/\/www.creasdecocci.fr\/?s={search_term_string}\"},\"query-input\":{\"@type\":\"PropertyValueSpecification\",\"valueRequired\":true,\"valueName\":\"search_term_string\"}}],\"inLanguage\":\"fr-FR\"},{\"@type\":\"Organization\",\"@id\":\"https:\/\/www.creasdecocci.fr\/#organization\",\"name\":\"bijoux lithoth\u00e9rapie et d\u00e9coration \u00e0 rumilly\",\"url\":\"https:\/\/www.creasdecocci.fr\/\",\"logo\":{\"@type\":\"ImageObject\",\"inLanguage\":\"fr-FR\",\"@id\":\"https:\/\/www.creasdecocci.fr\/#\/schema\/logo\/image\/\",\"url\":\"https:\/\/www.creasdecocci.fr\/wp-content\/uploads\/2021\/12\/logo_creas_cocci.png\",\"contentUrl\":\"https:\/\/www.creasdecocci.fr\/wp-content\/uploads\/2021\/12\/logo_creas_cocci.png\",\"width\":2212,\"height\":1060,\"caption\":\"bijoux lithoth\u00e9rapie et d\u00e9coration \u00e0 rumilly\"},\"image\":{\"@id\":\"https:\/\/www.creasdecocci.fr\/#\/schema\/logo\/image\/\"}}]}<\/script>\n<!-- \/ Yoast SEO plugin. -->","yoast_head_json":{"title":"Sph\u00e8re Bois p\u00e9trifi\u00e9 - bijoux lithoth\u00e9rapie et d\u00e9coration \u00e0 rumilly","description":"d\u00e9couvrez la collection de min\u00e9raux s\u00e9lectionn\u00e9s minutieusement dans mon atelier \u00e0 Marcellaz albanais entre Rumilly et Annecy : Sph\u00e8re en bois p\u00e9trifi\u00e9","robots":{"index":"index","follow":"follow","max-snippet":"max-snippet:-1","max-image-preview":"max-image-preview:large","max-video-preview":"max-video-preview:-1"},"canonical":"https:\/\/www.creasdecocci.fr\/index.php\/produit\/sphere-bois-petrifie\/","og_locale":"fr_FR","og_type":"article","og_title":"Sph\u00e8re Bois p\u00e9trifi\u00e9 - bijoux lithoth\u00e9rapie et d\u00e9coration \u00e0 rumilly","og_description":"d\u00e9couvrez la collection de min\u00e9raux s\u00e9lectionn\u00e9s minutieusement dans mon atelier \u00e0 Marcellaz albanais entre Rumilly et Annecy : Sph\u00e8re en bois p\u00e9trifi\u00e9","og_url":"https:\/\/www.creasdecocci.fr\/index.php\/produit\/sphere-bois-petrifie\/","og_site_name":"bijoux lithoth\u00e9rapie et d\u00e9coration \u00e0 rumilly","article_modified_time":"2026-02-24T08:42:52+00:00","og_image":[{"width":1920,"height":2560,"url":"https:\/\/www.creasdecocci.fr\/wp-content\/uploads\/2026\/02\/IMG_8282-Photoroom-scaled.jpg","type":"image\/jpeg"}],"twitter_card":"summary_large_image","twitter_misc":{"Dur\u00e9e de lecture estim\u00e9e":"3 minutes"},"schema":{"@context":"https:\/\/schema.org","@graph":[{"@type":"WebPage","@id":"https:\/\/www.creasdecocci.fr\/index.php\/produit\/sphere-bois-petrifie\/","url":"https:\/\/www.creasdecocci.fr\/index.php\/produit\/sphere-bois-petrifie\/","name":"Sph\u00e8re Bois p\u00e9trifi\u00e9 - bijoux lithoth\u00e9rapie et d\u00e9coration \u00e0 rumilly","isPartOf":{"@id":"https:\/\/www.creasdecocci.fr\/#website"},"primaryImageOfPage":{"@id":"https:\/\/www.creasdecocci.fr\/index.php\/produit\/sphere-bois-petrifie\/#primaryimage"},"image":{"@id":"https:\/\/www.creasdecocci.fr\/index.php\/produit\/sphere-bois-petrifie\/#primaryimage"},"thumbnailUrl":"https:\/\/www.creasdecocci.fr\/wp-content\/uploads\/2026\/02\/IMG_8282-Photoroom-scaled.jpg","datePublished":"2026-02-21T18:16:34+00:00","dateModified":"2026-02-24T08:42:52+00:00","description":"d\u00e9couvrez la collection de min\u00e9raux s\u00e9lectionn\u00e9s minutieusement dans mon atelier \u00e0 Marcellaz albanais entre Rumilly et Annecy : Sph\u00e8re en bois p\u00e9trifi\u00e9","breadcrumb":{"@id":"https:\/\/www.creasdecocci.fr\/index.php\/produit\/sphere-bois-petrifie\/#breadcrumb"},"inLanguage":"fr-FR","potentialAction":[{"@type":"ReadAction","target":["https:\/\/www.creasdecocci.fr\/index.php\/produit\/sphere-bois-petrifie\/"]}]},{"@type":"ImageObject","inLanguage":"fr-FR","@id":"https:\/\/www.creasdecocci.fr\/index.php\/produit\/sphere-bois-petrifie\/#primaryimage","url":"https:\/\/www.creasdecocci.fr\/wp-content\/uploads\/2026\/02\/IMG_8282-Photoroom-scaled.jpg","contentUrl":"https:\/\/www.creasdecocci.fr\/wp-content\/uploads\/2026\/02\/IMG_8282-Photoroom-scaled.jpg","width":1920,"height":2560,"caption":"sph\u00e8re bois p\u00e9trifi\u00e9"},{"@type":"BreadcrumbList","@id":"https:\/\/www.creasdecocci.fr\/index.php\/produit\/sphere-bois-petrifie\/#breadcrumb","itemListElement":[{"@type":"ListItem","position":1,"name":"Accueil","item":"https:\/\/www.creasdecocci.fr\/"},{"@type":"ListItem","position":2,"name":"Produits","item":"https:\/\/www.creasdecocci.fr\/index.php\/shop\/"},{"@type":"ListItem","position":3,"name":"Sph\u00e8re Bois p\u00e9trifi\u00e9"}]},{"@type":"WebSite","@id":"https:\/\/www.creasdecocci.fr\/#website","url":"https:\/\/www.creasdecocci.fr\/","name":"bijoux lithoth\u00e9rapie et d\u00e9coration \u00e0 rumilly","description":"","publisher":{"@id":"https:\/\/www.creasdecocci.fr\/#organization"},"potentialAction":[{"@type":"SearchAction","target":{"@type":"EntryPoint","urlTemplate":"https:\/\/www.creasdecocci.fr\/?s={search_term_string}"},"query-input":{"@type":"PropertyValueSpecification","valueRequired":true,"valueName":"search_term_string"}}],"inLanguage":"fr-FR"},{"@type":"Organization","@id":"https:\/\/www.creasdecocci.fr\/#organization","name":"bijoux lithoth\u00e9rapie et d\u00e9coration \u00e0 rumilly","url":"https:\/\/www.creasdecocci.fr\/","logo":{"@type":"ImageObject","inLanguage":"fr-FR","@id":"https:\/\/www.creasdecocci.fr\/#\/schema\/logo\/image\/","url":"https:\/\/www.creasdecocci.fr\/wp-content\/uploads\/2021\/12\/logo_creas_cocci.png","contentUrl":"https:\/\/www.creasdecocci.fr\/wp-content\/uploads\/2021\/12\/logo_creas_cocci.png","width":2212,"height":1060,"caption":"bijoux lithoth\u00e9rapie et d\u00e9coration \u00e0 rumilly"},"image":{"@id":"https:\/\/www.creasdecocci.fr\/#\/schema\/logo\/image\/"}}]}},"jetpack_sharing_enabled":true,"_links":{"self":[{"href":"https:\/\/www.creasdecocci.fr\/index.php\/wp-json\/wp\/v2\/product\/10909","targetHints":{"allow":["GET"]}}],"collection":[{"href":"https:\/\/www.creasdecocci.fr\/index.php\/wp-json\/wp\/v2\/product"}],"about":[{"href":"https:\/\/www.creasdecocci.fr\/index.php\/wp-json\/wp\/v2\/types\/product"}],"version-history":[{"count":10,"href":"https:\/\/www.creasdecocci.fr\/index.php\/wp-json\/wp\/v2\/product\/10909\/revisions"}],"predecessor-version":[{"id":11024,"href":"https:\/\/www.creasdecocci.fr\/index.php\/wp-json\/wp\/v2\/product\/10909\/revisions\/11024"}],"wp:featuredmedia":[{"embeddable":true,"href":"https:\/\/www.creasdecocci.fr\/index.php\/wp-json\/wp\/v2\/media\/10740"}],"wp:attachment":[{"href":"https:\/\/www.creasdecocci.fr\/index.php\/wp-json\/wp\/v2\/media?parent=10909"}],"wp:term":[{"taxonomy":"product_brand","embeddable":true,"href":"https:\/\/www.creasdecocci.fr\/index.php\/wp-json\/wp\/v2\/product_brand?post=10909"},{"taxonomy":"product_cat","embeddable":true,"href":"https:\/\/www.creasdecocci.fr\/index.php\/wp-json\/wp\/v2\/product_cat?post=10909"},{"taxonomy":"product_tag","embeddable":true,"href":"https:\/\/www.creasdecocci.fr\/index.php\/wp-json\/wp\/v2\/product_tag?post=10909"}],"curies":[{"name":"wp","href":"https:\/\/api.w.org\/{rel}","templated":true}]}}