{"id":10912,"date":"2026-02-21T19:17:14","date_gmt":"2026-02-21T18:17:14","guid":{"rendered":"https:\/\/www.creasdecocci.fr\/?post_type=product&#038;p=10912"},"modified":"2026-02-23T09:56:21","modified_gmt":"2026-02-23T08:56:21","slug":"amas-de-cristal-de-roche","status":"publish","type":"product","link":"https:\/\/www.creasdecocci.fr\/index.php\/produit\/amas-de-cristal-de-roche\/","title":{"rendered":"Amas de cristal de roche"},"content":{"rendered":"<p>Amas Cristal de Roche<\/p>\n<p>Incontournable en Lithoth\u00e9rapie ! Pierre de pleine conscience, elle ouvre \u00e0 merveille le chakra couronne. Pierre de Lumi\u00e8re, elle est id\u00e9ale pour purifier et optimiser les flux \u00e9nerg\u00e9tiques des espaces de vie et des occupants, comme pour recharger les pierres et bijoux utilis\u00e9s en lithoth\u00e9rapie.<\/p>\n<p><strong>Description :<\/strong><\/p>\n<ul>\n<li>taille environ 6 cm de hauteur<\/li>\n<li>Cristaux naturels : Quartz blanc AA brut<\/li>\n<\/ul>\n<p>Le Cristal de roche ou quartz blanc est un indispensable quand on travaille sur les \u00e9nergies, ses applications sont infinies, il peut tout faire ! C\u2019est le Roi des cristaux de soins \u00e9nerg\u00e9tiques, dont la Reine est l\u2019Am\u00e9thyste.<\/p>\n<p>&nbsp;<\/p>\n","protected":false},"excerpt":{"rendered":"<p>Amas Cristal de Roche Incontournable en Lithoth\u00e9rapie ! Pierre de pleine conscience, elle ouvre \u00e0 merveille le chakra couronne. Pierre de Lumi\u00e8re, elle est id\u00e9ale pour purifier et optimiser les flux \u00e9nerg\u00e9tiques des espaces de vie et des occupants, comme pour recharger les pierres et bijoux utilis\u00e9s en lithoth\u00e9rapie. Description : taille environ 6 cm de hauteur Cristaux naturels : Quartz blanc AA brut Le Cristal de roche ou quartz blanc est un indispensable quand on travaille sur les \u00e9nergies, ses applications sont infinies, il peut tout faire ! C\u2019est le Roi des cristaux de soins \u00e9nerg\u00e9tiques, dont la Reine est l\u2019Am\u00e9thyste. &nbsp;<\/p>\n","protected":false},"featured_media":10742,"template":"","meta":[],"product_brand":[],"product_cat":[607,489,612],"product_tag":[],"class_list":{"0":"post-10912","1":"product","2":"type-product","3":"status-publish","4":"has-post-thumbnail","6":"product_cat-lithotherapie","7":"product_cat-pierres-brutes","8":"product_cat-rechargement-purification","10":"first","11":"instock","12":"shipping-taxable","13":"purchasable","14":"product-type-simple"},"yoast_head":"<!-- This site is optimized with the Yoast SEO plugin v27.2 - https:\/\/yoast.com\/product\/yoast-seo-wordpress\/ -->\n<title>Amas de cristal de roche - bijoux lithoth\u00e9rapie et d\u00e9coration \u00e0 rumilly<\/title>\n<meta name=\"description\" content=\"d\u00e9couvrez les \u00e9l\u00e9ments permettant de recharger et purifier vos bijoux et min\u00e9raux soigneusement s\u00e9lectionn\u00e9s : amas de cristal de roche\" \/>\n<meta name=\"robots\" content=\"index, follow, max-snippet:-1, max-image-preview:large, max-video-preview:-1\" \/>\n<link rel=\"canonical\" href=\"https:\/\/www.creasdecocci.fr\/index.php\/produit\/amas-de-cristal-de-roche\/\" \/>\n<meta property=\"og:locale\" content=\"fr_FR\" \/>\n<meta property=\"og:type\" content=\"article\" \/>\n<meta property=\"og:title\" content=\"Amas de cristal de roche - bijoux lithoth\u00e9rapie et d\u00e9coration \u00e0 rumilly\" \/>\n<meta property=\"og:description\" content=\"d\u00e9couvrez les \u00e9l\u00e9ments permettant de recharger et purifier vos bijoux et min\u00e9raux soigneusement s\u00e9lectionn\u00e9s : amas de cristal de roche\" \/>\n<meta property=\"og:url\" content=\"https:\/\/www.creasdecocci.fr\/index.php\/produit\/amas-de-cristal-de-roche\/\" \/>\n<meta property=\"og:site_name\" content=\"bijoux lithoth\u00e9rapie et d\u00e9coration \u00e0 rumilly\" \/>\n<meta property=\"article:modified_time\" content=\"2026-02-23T08:56:21+00:00\" \/>\n<meta property=\"og:image\" content=\"https:\/\/www.creasdecocci.fr\/wp-content\/uploads\/2026\/02\/IMG_8285-Photoroom-scaled.jpg\" \/>\n\t<meta property=\"og:image:width\" content=\"1920\" \/>\n\t<meta property=\"og:image:height\" content=\"2560\" \/>\n\t<meta property=\"og:image:type\" content=\"image\/jpeg\" \/>\n<meta name=\"twitter:card\" content=\"summary_large_image\" \/>\n<meta name=\"twitter:label1\" content=\"Dur\u00e9e de lecture estim\u00e9e\" \/>\n\t<meta name=\"twitter:data1\" content=\"1 minute\" \/>\n<script type=\"application\/ld+json\" class=\"yoast-schema-graph\">{\"@context\":\"https:\/\/schema.org\",\"@graph\":[{\"@type\":\"WebPage\",\"@id\":\"https:\/\/www.creasdecocci.fr\/index.php\/produit\/amas-de-cristal-de-roche\/\",\"url\":\"https:\/\/www.creasdecocci.fr\/index.php\/produit\/amas-de-cristal-de-roche\/\",\"name\":\"Amas de cristal de roche - bijoux lithoth\u00e9rapie et d\u00e9coration \u00e0 rumilly\",\"isPartOf\":{\"@id\":\"https:\/\/www.creasdecocci.fr\/#website\"},\"primaryImageOfPage\":{\"@id\":\"https:\/\/www.creasdecocci.fr\/index.php\/produit\/amas-de-cristal-de-roche\/#primaryimage\"},\"image\":{\"@id\":\"https:\/\/www.creasdecocci.fr\/index.php\/produit\/amas-de-cristal-de-roche\/#primaryimage\"},\"thumbnailUrl\":\"https:\/\/www.creasdecocci.fr\/wp-content\/uploads\/2026\/02\/IMG_8285-Photoroom-scaled.jpg\",\"datePublished\":\"2026-02-21T18:17:14+00:00\",\"dateModified\":\"2026-02-23T08:56:21+00:00\",\"description\":\"d\u00e9couvrez les \u00e9l\u00e9ments permettant de recharger et purifier vos bijoux et min\u00e9raux soigneusement s\u00e9lectionn\u00e9s : amas de cristal de roche\",\"breadcrumb\":{\"@id\":\"https:\/\/www.creasdecocci.fr\/index.php\/produit\/amas-de-cristal-de-roche\/#breadcrumb\"},\"inLanguage\":\"fr-FR\",\"potentialAction\":[{\"@type\":\"ReadAction\",\"target\":[\"https:\/\/www.creasdecocci.fr\/index.php\/produit\/amas-de-cristal-de-roche\/\"]}]},{\"@type\":\"ImageObject\",\"inLanguage\":\"fr-FR\",\"@id\":\"https:\/\/www.creasdecocci.fr\/index.php\/produit\/amas-de-cristal-de-roche\/#primaryimage\",\"url\":\"https:\/\/www.creasdecocci.fr\/wp-content\/uploads\/2026\/02\/IMG_8285-Photoroom-scaled.jpg\",\"contentUrl\":\"https:\/\/www.creasdecocci.fr\/wp-content\/uploads\/2026\/02\/IMG_8285-Photoroom-scaled.jpg\",\"width\":1920,\"height\":2560,\"caption\":\"amas de cristal de roche\"},{\"@type\":\"BreadcrumbList\",\"@id\":\"https:\/\/www.creasdecocci.fr\/index.php\/produit\/amas-de-cristal-de-roche\/#breadcrumb\",\"itemListElement\":[{\"@type\":\"ListItem\",\"position\":1,\"name\":\"Accueil\",\"item\":\"https:\/\/www.creasdecocci.fr\/\"},{\"@type\":\"ListItem\",\"position\":2,\"name\":\"Produits\",\"item\":\"https:\/\/www.creasdecocci.fr\/index.php\/shop\/\"},{\"@type\":\"ListItem\",\"position\":3,\"name\":\"Amas de cristal de roche\"}]},{\"@type\":\"WebSite\",\"@id\":\"https:\/\/www.creasdecocci.fr\/#website\",\"url\":\"https:\/\/www.creasdecocci.fr\/\",\"name\":\"bijoux lithoth\u00e9rapie et d\u00e9coration \u00e0 rumilly\",\"description\":\"\",\"publisher\":{\"@id\":\"https:\/\/www.creasdecocci.fr\/#organization\"},\"potentialAction\":[{\"@type\":\"SearchAction\",\"target\":{\"@type\":\"EntryPoint\",\"urlTemplate\":\"https:\/\/www.creasdecocci.fr\/?s={search_term_string}\"},\"query-input\":{\"@type\":\"PropertyValueSpecification\",\"valueRequired\":true,\"valueName\":\"search_term_string\"}}],\"inLanguage\":\"fr-FR\"},{\"@type\":\"Organization\",\"@id\":\"https:\/\/www.creasdecocci.fr\/#organization\",\"name\":\"bijoux lithoth\u00e9rapie et d\u00e9coration \u00e0 rumilly\",\"url\":\"https:\/\/www.creasdecocci.fr\/\",\"logo\":{\"@type\":\"ImageObject\",\"inLanguage\":\"fr-FR\",\"@id\":\"https:\/\/www.creasdecocci.fr\/#\/schema\/logo\/image\/\",\"url\":\"https:\/\/www.creasdecocci.fr\/wp-content\/uploads\/2021\/12\/logo_creas_cocci.png\",\"contentUrl\":\"https:\/\/www.creasdecocci.fr\/wp-content\/uploads\/2021\/12\/logo_creas_cocci.png\",\"width\":2212,\"height\":1060,\"caption\":\"bijoux lithoth\u00e9rapie et d\u00e9coration \u00e0 rumilly\"},\"image\":{\"@id\":\"https:\/\/www.creasdecocci.fr\/#\/schema\/logo\/image\/\"}}]}<\/script>\n<!-- \/ Yoast SEO plugin. -->","yoast_head_json":{"title":"Amas de cristal de roche - bijoux lithoth\u00e9rapie et d\u00e9coration \u00e0 rumilly","description":"d\u00e9couvrez les \u00e9l\u00e9ments permettant de recharger et purifier vos bijoux et min\u00e9raux soigneusement s\u00e9lectionn\u00e9s : amas de cristal de roche","robots":{"index":"index","follow":"follow","max-snippet":"max-snippet:-1","max-image-preview":"max-image-preview:large","max-video-preview":"max-video-preview:-1"},"canonical":"https:\/\/www.creasdecocci.fr\/index.php\/produit\/amas-de-cristal-de-roche\/","og_locale":"fr_FR","og_type":"article","og_title":"Amas de cristal de roche - bijoux lithoth\u00e9rapie et d\u00e9coration \u00e0 rumilly","og_description":"d\u00e9couvrez les \u00e9l\u00e9ments permettant de recharger et purifier vos bijoux et min\u00e9raux soigneusement s\u00e9lectionn\u00e9s : amas de cristal de roche","og_url":"https:\/\/www.creasdecocci.fr\/index.php\/produit\/amas-de-cristal-de-roche\/","og_site_name":"bijoux lithoth\u00e9rapie et d\u00e9coration \u00e0 rumilly","article_modified_time":"2026-02-23T08:56:21+00:00","og_image":[{"width":1920,"height":2560,"url":"https:\/\/www.creasdecocci.fr\/wp-content\/uploads\/2026\/02\/IMG_8285-Photoroom-scaled.jpg","type":"image\/jpeg"}],"twitter_card":"summary_large_image","twitter_misc":{"Dur\u00e9e de lecture estim\u00e9e":"1 minute"},"schema":{"@context":"https:\/\/schema.org","@graph":[{"@type":"WebPage","@id":"https:\/\/www.creasdecocci.fr\/index.php\/produit\/amas-de-cristal-de-roche\/","url":"https:\/\/www.creasdecocci.fr\/index.php\/produit\/amas-de-cristal-de-roche\/","name":"Amas de cristal de roche - bijoux lithoth\u00e9rapie et d\u00e9coration \u00e0 rumilly","isPartOf":{"@id":"https:\/\/www.creasdecocci.fr\/#website"},"primaryImageOfPage":{"@id":"https:\/\/www.creasdecocci.fr\/index.php\/produit\/amas-de-cristal-de-roche\/#primaryimage"},"image":{"@id":"https:\/\/www.creasdecocci.fr\/index.php\/produit\/amas-de-cristal-de-roche\/#primaryimage"},"thumbnailUrl":"https:\/\/www.creasdecocci.fr\/wp-content\/uploads\/2026\/02\/IMG_8285-Photoroom-scaled.jpg","datePublished":"2026-02-21T18:17:14+00:00","dateModified":"2026-02-23T08:56:21+00:00","description":"d\u00e9couvrez les \u00e9l\u00e9ments permettant de recharger et purifier vos bijoux et min\u00e9raux soigneusement s\u00e9lectionn\u00e9s : amas de cristal de roche","breadcrumb":{"@id":"https:\/\/www.creasdecocci.fr\/index.php\/produit\/amas-de-cristal-de-roche\/#breadcrumb"},"inLanguage":"fr-FR","potentialAction":[{"@type":"ReadAction","target":["https:\/\/www.creasdecocci.fr\/index.php\/produit\/amas-de-cristal-de-roche\/"]}]},{"@type":"ImageObject","inLanguage":"fr-FR","@id":"https:\/\/www.creasdecocci.fr\/index.php\/produit\/amas-de-cristal-de-roche\/#primaryimage","url":"https:\/\/www.creasdecocci.fr\/wp-content\/uploads\/2026\/02\/IMG_8285-Photoroom-scaled.jpg","contentUrl":"https:\/\/www.creasdecocci.fr\/wp-content\/uploads\/2026\/02\/IMG_8285-Photoroom-scaled.jpg","width":1920,"height":2560,"caption":"amas de cristal de roche"},{"@type":"BreadcrumbList","@id":"https:\/\/www.creasdecocci.fr\/index.php\/produit\/amas-de-cristal-de-roche\/#breadcrumb","itemListElement":[{"@type":"ListItem","position":1,"name":"Accueil","item":"https:\/\/www.creasdecocci.fr\/"},{"@type":"ListItem","position":2,"name":"Produits","item":"https:\/\/www.creasdecocci.fr\/index.php\/shop\/"},{"@type":"ListItem","position":3,"name":"Amas de cristal de roche"}]},{"@type":"WebSite","@id":"https:\/\/www.creasdecocci.fr\/#website","url":"https:\/\/www.creasdecocci.fr\/","name":"bijoux lithoth\u00e9rapie et d\u00e9coration \u00e0 rumilly","description":"","publisher":{"@id":"https:\/\/www.creasdecocci.fr\/#organization"},"potentialAction":[{"@type":"SearchAction","target":{"@type":"EntryPoint","urlTemplate":"https:\/\/www.creasdecocci.fr\/?s={search_term_string}"},"query-input":{"@type":"PropertyValueSpecification","valueRequired":true,"valueName":"search_term_string"}}],"inLanguage":"fr-FR"},{"@type":"Organization","@id":"https:\/\/www.creasdecocci.fr\/#organization","name":"bijoux lithoth\u00e9rapie et d\u00e9coration \u00e0 rumilly","url":"https:\/\/www.creasdecocci.fr\/","logo":{"@type":"ImageObject","inLanguage":"fr-FR","@id":"https:\/\/www.creasdecocci.fr\/#\/schema\/logo\/image\/","url":"https:\/\/www.creasdecocci.fr\/wp-content\/uploads\/2021\/12\/logo_creas_cocci.png","contentUrl":"https:\/\/www.creasdecocci.fr\/wp-content\/uploads\/2021\/12\/logo_creas_cocci.png","width":2212,"height":1060,"caption":"bijoux lithoth\u00e9rapie et d\u00e9coration \u00e0 rumilly"},"image":{"@id":"https:\/\/www.creasdecocci.fr\/#\/schema\/logo\/image\/"}}]}},"jetpack_sharing_enabled":true,"_links":{"self":[{"href":"https:\/\/www.creasdecocci.fr\/index.php\/wp-json\/wp\/v2\/product\/10912","targetHints":{"allow":["GET"]}}],"collection":[{"href":"https:\/\/www.creasdecocci.fr\/index.php\/wp-json\/wp\/v2\/product"}],"about":[{"href":"https:\/\/www.creasdecocci.fr\/index.php\/wp-json\/wp\/v2\/types\/product"}],"version-history":[{"count":3,"href":"https:\/\/www.creasdecocci.fr\/index.php\/wp-json\/wp\/v2\/product\/10912\/revisions"}],"predecessor-version":[{"id":10973,"href":"https:\/\/www.creasdecocci.fr\/index.php\/wp-json\/wp\/v2\/product\/10912\/revisions\/10973"}],"wp:featuredmedia":[{"embeddable":true,"href":"https:\/\/www.creasdecocci.fr\/index.php\/wp-json\/wp\/v2\/media\/10742"}],"wp:attachment":[{"href":"https:\/\/www.creasdecocci.fr\/index.php\/wp-json\/wp\/v2\/media?parent=10912"}],"wp:term":[{"taxonomy":"product_brand","embeddable":true,"href":"https:\/\/www.creasdecocci.fr\/index.php\/wp-json\/wp\/v2\/product_brand?post=10912"},{"taxonomy":"product_cat","embeddable":true,"href":"https:\/\/www.creasdecocci.fr\/index.php\/wp-json\/wp\/v2\/product_cat?post=10912"},{"taxonomy":"product_tag","embeddable":true,"href":"https:\/\/www.creasdecocci.fr\/index.php\/wp-json\/wp\/v2\/product_tag?post=10912"}],"curies":[{"name":"wp","href":"https:\/\/api.w.org\/{rel}","templated":true}]}}