{"id":10921,"date":"2026-02-22T18:05:22","date_gmt":"2026-02-22T17:05:22","guid":{"rendered":"https:\/\/www.creasdecocci.fr\/?post_type=product&#038;p=10921"},"modified":"2026-02-23T07:19:31","modified_gmt":"2026-02-23T06:19:31","slug":"bol-selenite","status":"publish","type":"product","link":"https:\/\/www.creasdecocci.fr\/index.php\/produit\/bol-selenite\/","title":{"rendered":"Bol S\u00e9l\u00e9nite"},"content":{"rendered":"<p>Bol s\u00e9l\u00e9nite en forme d\u2019\u00e9toile, parfait pour pr\u00e9senter des bijoux ou des petites pierres roul\u00e9es.<\/p>\n<p>Augmentez la vibration de votre espace de vie.<br \/>\nLa s\u00e9l\u00e9nite, nomm\u00e9e d\u2019apr\u00e8s la d\u00e9esse grecque de la lune S\u00e9l\u00e9n\u00e9, repr\u00e9sente la lumi\u00e8re lunaire et symbolise la clart\u00e9, la puret\u00e9, la paix et la conscience.<\/p>\n<p><strong>Harmonie Feng Shui<\/strong>\u00a0: Placez des objets en s\u00e9l\u00e9nite dans les coins de la maison. C\u2019est la meilleure pierre pour lib\u00e9rer les blocages \u00e9nerg\u00e9tiques et augmenter l\u2019harmonie Feng Shui dans les espaces de vie.<\/p>\n<p><strong>Propri\u00e9t\u00e9s curatives<\/strong> : On utilise ce cristal pour nettoyer d\u2019autres cristaux<\/p>\n<p><strong>Entretien<\/strong>\u00a0: La s\u00e9l\u00e9nite est un cristal doux et d\u00e9licat qui doit \u00eatre gard\u00e9 au sec et nettoy\u00e9 \u00e9nerg\u00e9tiquement plut\u00f4t qu\u2019avec de l\u2019eau, afin de pr\u00e9server son int\u00e9grit\u00e9 et ses propri\u00e9t\u00e9s vibratoires.<\/p>\n<p>&nbsp;<\/p>\n<p>dimension : environ 10 par 10 cm<\/p>\n","protected":false},"excerpt":{"rendered":"<p>Bol s\u00e9l\u00e9nite en forme d\u2019\u00e9toile, parfait pour pr\u00e9senter des bijoux ou des petites pierres roul\u00e9es. Augmentez la vibration de votre espace de vie. La s\u00e9l\u00e9nite, nomm\u00e9e d\u2019apr\u00e8s la d\u00e9esse grecque de la lune S\u00e9l\u00e9n\u00e9, repr\u00e9sente la lumi\u00e8re lunaire et symbolise la clart\u00e9, la puret\u00e9, la paix et la conscience. Harmonie Feng Shui\u00a0: Placez des objets en s\u00e9l\u00e9nite dans les coins de la maison. C\u2019est la meilleure pierre pour lib\u00e9rer les blocages \u00e9nerg\u00e9tiques et augmenter l\u2019harmonie Feng Shui dans les espaces de vie. Propri\u00e9t\u00e9s curatives : On utilise ce cristal pour nettoyer d\u2019autres cristaux Entretien\u00a0: La s\u00e9l\u00e9nite est un cristal doux et d\u00e9licat qui doit \u00eatre gard\u00e9 au sec et nettoy\u00e9 \u00e9nerg\u00e9tiquement plut\u00f4t qu\u2019avec de l\u2019eau, afin de pr\u00e9server son int\u00e9grit\u00e9 et ses propri\u00e9t\u00e9s vibratoires. &nbsp; dimension : environ 10 par 10 cm<\/p>\n","protected":false},"featured_media":10755,"template":"","meta":[],"product_brand":[],"product_cat":[607,612],"product_tag":[583,60],"class_list":{"0":"post-10921","1":"product","2":"type-product","3":"status-publish","4":"has-post-thumbnail","6":"product_cat-lithotherapie","7":"product_cat-rechargement-purification","8":"product_tag-etoile","9":"product_tag-purification","11":"first","12":"instock","13":"shipping-taxable","14":"purchasable","15":"product-type-simple"},"yoast_head":"<!-- This site is optimized with the Yoast SEO plugin v27.2 - https:\/\/yoast.com\/product\/yoast-seo-wordpress\/ -->\n<title>Bol S\u00e9l\u00e9nite - bijoux lithoth\u00e9rapie et d\u00e9coration \u00e0 rumilly<\/title>\n<meta name=\"description\" content=\"D\u00e9couvrez les \u00e9l\u00e9ments permettant de purifier et recharger vos min\u00e9raux : le bol s\u00e9l\u00e9nite minutieusement s\u00e9lectionn\u00e9 par Cocci\" \/>\n<meta name=\"robots\" content=\"index, follow, max-snippet:-1, max-image-preview:large, max-video-preview:-1\" \/>\n<link rel=\"canonical\" href=\"https:\/\/www.creasdecocci.fr\/index.php\/produit\/bol-selenite\/\" \/>\n<meta property=\"og:locale\" content=\"fr_FR\" \/>\n<meta property=\"og:type\" content=\"article\" \/>\n<meta property=\"og:title\" content=\"Bol S\u00e9l\u00e9nite - bijoux lithoth\u00e9rapie et d\u00e9coration \u00e0 rumilly\" \/>\n<meta property=\"og:description\" content=\"D\u00e9couvrez les \u00e9l\u00e9ments permettant de purifier et recharger vos min\u00e9raux : le bol s\u00e9l\u00e9nite minutieusement s\u00e9lectionn\u00e9 par Cocci\" \/>\n<meta property=\"og:url\" content=\"https:\/\/www.creasdecocci.fr\/index.php\/produit\/bol-selenite\/\" \/>\n<meta property=\"og:site_name\" content=\"bijoux lithoth\u00e9rapie et d\u00e9coration \u00e0 rumilly\" \/>\n<meta property=\"article:modified_time\" content=\"2026-02-23T06:19:31+00:00\" \/>\n<meta property=\"og:image\" content=\"https:\/\/www.creasdecocci.fr\/wp-content\/uploads\/2026\/02\/Photoroom_20260220_182500-scaled.jpg\" \/>\n\t<meta property=\"og:image:width\" content=\"1920\" \/>\n\t<meta property=\"og:image:height\" content=\"2560\" \/>\n\t<meta property=\"og:image:type\" content=\"image\/jpeg\" \/>\n<meta name=\"twitter:card\" content=\"summary_large_image\" \/>\n<meta name=\"twitter:label1\" content=\"Dur\u00e9e de lecture estim\u00e9e\" \/>\n\t<meta name=\"twitter:data1\" content=\"1 minute\" \/>\n<script type=\"application\/ld+json\" class=\"yoast-schema-graph\">{\"@context\":\"https:\/\/schema.org\",\"@graph\":[{\"@type\":\"WebPage\",\"@id\":\"https:\/\/www.creasdecocci.fr\/index.php\/produit\/bol-selenite\/\",\"url\":\"https:\/\/www.creasdecocci.fr\/index.php\/produit\/bol-selenite\/\",\"name\":\"Bol S\u00e9l\u00e9nite - bijoux lithoth\u00e9rapie et d\u00e9coration \u00e0 rumilly\",\"isPartOf\":{\"@id\":\"https:\/\/www.creasdecocci.fr\/#website\"},\"primaryImageOfPage\":{\"@id\":\"https:\/\/www.creasdecocci.fr\/index.php\/produit\/bol-selenite\/#primaryimage\"},\"image\":{\"@id\":\"https:\/\/www.creasdecocci.fr\/index.php\/produit\/bol-selenite\/#primaryimage\"},\"thumbnailUrl\":\"https:\/\/www.creasdecocci.fr\/wp-content\/uploads\/2026\/02\/Photoroom_20260220_182500-scaled.jpg\",\"datePublished\":\"2026-02-22T17:05:22+00:00\",\"dateModified\":\"2026-02-23T06:19:31+00:00\",\"description\":\"D\u00e9couvrez les \u00e9l\u00e9ments permettant de purifier et recharger vos min\u00e9raux : le bol s\u00e9l\u00e9nite minutieusement s\u00e9lectionn\u00e9 par Cocci\",\"breadcrumb\":{\"@id\":\"https:\/\/www.creasdecocci.fr\/index.php\/produit\/bol-selenite\/#breadcrumb\"},\"inLanguage\":\"fr-FR\",\"potentialAction\":[{\"@type\":\"ReadAction\",\"target\":[\"https:\/\/www.creasdecocci.fr\/index.php\/produit\/bol-selenite\/\"]}]},{\"@type\":\"ImageObject\",\"inLanguage\":\"fr-FR\",\"@id\":\"https:\/\/www.creasdecocci.fr\/index.php\/produit\/bol-selenite\/#primaryimage\",\"url\":\"https:\/\/www.creasdecocci.fr\/wp-content\/uploads\/2026\/02\/Photoroom_20260220_182500-scaled.jpg\",\"contentUrl\":\"https:\/\/www.creasdecocci.fr\/wp-content\/uploads\/2026\/02\/Photoroom_20260220_182500-scaled.jpg\",\"width\":1920,\"height\":2560,\"caption\":\"Bol s\u00e9l\u00e9nite\"},{\"@type\":\"BreadcrumbList\",\"@id\":\"https:\/\/www.creasdecocci.fr\/index.php\/produit\/bol-selenite\/#breadcrumb\",\"itemListElement\":[{\"@type\":\"ListItem\",\"position\":1,\"name\":\"Accueil\",\"item\":\"https:\/\/www.creasdecocci.fr\/\"},{\"@type\":\"ListItem\",\"position\":2,\"name\":\"Produits\",\"item\":\"https:\/\/www.creasdecocci.fr\/index.php\/shop\/\"},{\"@type\":\"ListItem\",\"position\":3,\"name\":\"Bol S\u00e9l\u00e9nite\"}]},{\"@type\":\"WebSite\",\"@id\":\"https:\/\/www.creasdecocci.fr\/#website\",\"url\":\"https:\/\/www.creasdecocci.fr\/\",\"name\":\"bijoux lithoth\u00e9rapie et d\u00e9coration \u00e0 rumilly\",\"description\":\"\",\"publisher\":{\"@id\":\"https:\/\/www.creasdecocci.fr\/#organization\"},\"potentialAction\":[{\"@type\":\"SearchAction\",\"target\":{\"@type\":\"EntryPoint\",\"urlTemplate\":\"https:\/\/www.creasdecocci.fr\/?s={search_term_string}\"},\"query-input\":{\"@type\":\"PropertyValueSpecification\",\"valueRequired\":true,\"valueName\":\"search_term_string\"}}],\"inLanguage\":\"fr-FR\"},{\"@type\":\"Organization\",\"@id\":\"https:\/\/www.creasdecocci.fr\/#organization\",\"name\":\"bijoux lithoth\u00e9rapie et d\u00e9coration \u00e0 rumilly\",\"url\":\"https:\/\/www.creasdecocci.fr\/\",\"logo\":{\"@type\":\"ImageObject\",\"inLanguage\":\"fr-FR\",\"@id\":\"https:\/\/www.creasdecocci.fr\/#\/schema\/logo\/image\/\",\"url\":\"https:\/\/www.creasdecocci.fr\/wp-content\/uploads\/2021\/12\/logo_creas_cocci.png\",\"contentUrl\":\"https:\/\/www.creasdecocci.fr\/wp-content\/uploads\/2021\/12\/logo_creas_cocci.png\",\"width\":2212,\"height\":1060,\"caption\":\"bijoux lithoth\u00e9rapie et d\u00e9coration \u00e0 rumilly\"},\"image\":{\"@id\":\"https:\/\/www.creasdecocci.fr\/#\/schema\/logo\/image\/\"}}]}<\/script>\n<!-- \/ Yoast SEO plugin. -->","yoast_head_json":{"title":"Bol S\u00e9l\u00e9nite - bijoux lithoth\u00e9rapie et d\u00e9coration \u00e0 rumilly","description":"D\u00e9couvrez les \u00e9l\u00e9ments permettant de purifier et recharger vos min\u00e9raux : le bol s\u00e9l\u00e9nite minutieusement s\u00e9lectionn\u00e9 par Cocci","robots":{"index":"index","follow":"follow","max-snippet":"max-snippet:-1","max-image-preview":"max-image-preview:large","max-video-preview":"max-video-preview:-1"},"canonical":"https:\/\/www.creasdecocci.fr\/index.php\/produit\/bol-selenite\/","og_locale":"fr_FR","og_type":"article","og_title":"Bol S\u00e9l\u00e9nite - bijoux lithoth\u00e9rapie et d\u00e9coration \u00e0 rumilly","og_description":"D\u00e9couvrez les \u00e9l\u00e9ments permettant de purifier et recharger vos min\u00e9raux : le bol s\u00e9l\u00e9nite minutieusement s\u00e9lectionn\u00e9 par Cocci","og_url":"https:\/\/www.creasdecocci.fr\/index.php\/produit\/bol-selenite\/","og_site_name":"bijoux lithoth\u00e9rapie et d\u00e9coration \u00e0 rumilly","article_modified_time":"2026-02-23T06:19:31+00:00","og_image":[{"width":1920,"height":2560,"url":"https:\/\/www.creasdecocci.fr\/wp-content\/uploads\/2026\/02\/Photoroom_20260220_182500-scaled.jpg","type":"image\/jpeg"}],"twitter_card":"summary_large_image","twitter_misc":{"Dur\u00e9e de lecture estim\u00e9e":"1 minute"},"schema":{"@context":"https:\/\/schema.org","@graph":[{"@type":"WebPage","@id":"https:\/\/www.creasdecocci.fr\/index.php\/produit\/bol-selenite\/","url":"https:\/\/www.creasdecocci.fr\/index.php\/produit\/bol-selenite\/","name":"Bol S\u00e9l\u00e9nite - bijoux lithoth\u00e9rapie et d\u00e9coration \u00e0 rumilly","isPartOf":{"@id":"https:\/\/www.creasdecocci.fr\/#website"},"primaryImageOfPage":{"@id":"https:\/\/www.creasdecocci.fr\/index.php\/produit\/bol-selenite\/#primaryimage"},"image":{"@id":"https:\/\/www.creasdecocci.fr\/index.php\/produit\/bol-selenite\/#primaryimage"},"thumbnailUrl":"https:\/\/www.creasdecocci.fr\/wp-content\/uploads\/2026\/02\/Photoroom_20260220_182500-scaled.jpg","datePublished":"2026-02-22T17:05:22+00:00","dateModified":"2026-02-23T06:19:31+00:00","description":"D\u00e9couvrez les \u00e9l\u00e9ments permettant de purifier et recharger vos min\u00e9raux : le bol s\u00e9l\u00e9nite minutieusement s\u00e9lectionn\u00e9 par Cocci","breadcrumb":{"@id":"https:\/\/www.creasdecocci.fr\/index.php\/produit\/bol-selenite\/#breadcrumb"},"inLanguage":"fr-FR","potentialAction":[{"@type":"ReadAction","target":["https:\/\/www.creasdecocci.fr\/index.php\/produit\/bol-selenite\/"]}]},{"@type":"ImageObject","inLanguage":"fr-FR","@id":"https:\/\/www.creasdecocci.fr\/index.php\/produit\/bol-selenite\/#primaryimage","url":"https:\/\/www.creasdecocci.fr\/wp-content\/uploads\/2026\/02\/Photoroom_20260220_182500-scaled.jpg","contentUrl":"https:\/\/www.creasdecocci.fr\/wp-content\/uploads\/2026\/02\/Photoroom_20260220_182500-scaled.jpg","width":1920,"height":2560,"caption":"Bol s\u00e9l\u00e9nite"},{"@type":"BreadcrumbList","@id":"https:\/\/www.creasdecocci.fr\/index.php\/produit\/bol-selenite\/#breadcrumb","itemListElement":[{"@type":"ListItem","position":1,"name":"Accueil","item":"https:\/\/www.creasdecocci.fr\/"},{"@type":"ListItem","position":2,"name":"Produits","item":"https:\/\/www.creasdecocci.fr\/index.php\/shop\/"},{"@type":"ListItem","position":3,"name":"Bol S\u00e9l\u00e9nite"}]},{"@type":"WebSite","@id":"https:\/\/www.creasdecocci.fr\/#website","url":"https:\/\/www.creasdecocci.fr\/","name":"bijoux lithoth\u00e9rapie et d\u00e9coration \u00e0 rumilly","description":"","publisher":{"@id":"https:\/\/www.creasdecocci.fr\/#organization"},"potentialAction":[{"@type":"SearchAction","target":{"@type":"EntryPoint","urlTemplate":"https:\/\/www.creasdecocci.fr\/?s={search_term_string}"},"query-input":{"@type":"PropertyValueSpecification","valueRequired":true,"valueName":"search_term_string"}}],"inLanguage":"fr-FR"},{"@type":"Organization","@id":"https:\/\/www.creasdecocci.fr\/#organization","name":"bijoux lithoth\u00e9rapie et d\u00e9coration \u00e0 rumilly","url":"https:\/\/www.creasdecocci.fr\/","logo":{"@type":"ImageObject","inLanguage":"fr-FR","@id":"https:\/\/www.creasdecocci.fr\/#\/schema\/logo\/image\/","url":"https:\/\/www.creasdecocci.fr\/wp-content\/uploads\/2021\/12\/logo_creas_cocci.png","contentUrl":"https:\/\/www.creasdecocci.fr\/wp-content\/uploads\/2021\/12\/logo_creas_cocci.png","width":2212,"height":1060,"caption":"bijoux lithoth\u00e9rapie et d\u00e9coration \u00e0 rumilly"},"image":{"@id":"https:\/\/www.creasdecocci.fr\/#\/schema\/logo\/image\/"}}]}},"jetpack_sharing_enabled":true,"_links":{"self":[{"href":"https:\/\/www.creasdecocci.fr\/index.php\/wp-json\/wp\/v2\/product\/10921","targetHints":{"allow":["GET"]}}],"collection":[{"href":"https:\/\/www.creasdecocci.fr\/index.php\/wp-json\/wp\/v2\/product"}],"about":[{"href":"https:\/\/www.creasdecocci.fr\/index.php\/wp-json\/wp\/v2\/types\/product"}],"version-history":[{"count":3,"href":"https:\/\/www.creasdecocci.fr\/index.php\/wp-json\/wp\/v2\/product\/10921\/revisions"}],"predecessor-version":[{"id":10965,"href":"https:\/\/www.creasdecocci.fr\/index.php\/wp-json\/wp\/v2\/product\/10921\/revisions\/10965"}],"wp:featuredmedia":[{"embeddable":true,"href":"https:\/\/www.creasdecocci.fr\/index.php\/wp-json\/wp\/v2\/media\/10755"}],"wp:attachment":[{"href":"https:\/\/www.creasdecocci.fr\/index.php\/wp-json\/wp\/v2\/media?parent=10921"}],"wp:term":[{"taxonomy":"product_brand","embeddable":true,"href":"https:\/\/www.creasdecocci.fr\/index.php\/wp-json\/wp\/v2\/product_brand?post=10921"},{"taxonomy":"product_cat","embeddable":true,"href":"https:\/\/www.creasdecocci.fr\/index.php\/wp-json\/wp\/v2\/product_cat?post=10921"},{"taxonomy":"product_tag","embeddable":true,"href":"https:\/\/www.creasdecocci.fr\/index.php\/wp-json\/wp\/v2\/product_tag?post=10921"}],"curies":[{"name":"wp","href":"https:\/\/api.w.org\/{rel}","templated":true}]}}