{"id":10923,"date":"2026-02-22T18:06:41","date_gmt":"2026-02-22T17:06:41","guid":{"rendered":"https:\/\/www.creasdecocci.fr\/?post_type=product&#038;p=10923"},"modified":"2026-02-22T20:02:30","modified_gmt":"2026-02-22T19:02:30","slug":"baton-palo-santo","status":"publish","type":"product","link":"https:\/\/www.creasdecocci.fr\/index.php\/produit\/baton-palo-santo\/","title":{"rendered":"B\u00e2ton Palo santo"},"content":{"rendered":"<p><em><u>Palo Santo : Origines, Bienfaits et Usages du Bois Sacr\u00e9 Sud-Am\u00e9ricain<\/u><\/em><\/p>\n<p>Depuis des si\u00e8cles, le Palo Santo, litt\u00e9ralement \u00ab bois sacr\u00e9 \u00bb en espagnol, est utilis\u00e9 \u00e0 des fins spirituelles, m\u00e9dicinales et aromatiques. Originaire d\u2019Am\u00e9rique du Sud et plus particuli\u00e8rement du P\u00e9rou, ce bois mystique est aujourd\u2019hui choisi dans le monde entier pour ses vertus de purification, de relaxation et de connexion \u00e0 soi.<\/p>\n<p>Le Palo Santo est un arbre aromatique tropical appartenant \u00e0 la famille des zygophyllac\u00e9es. Il pousse \u00e0 l\u2019\u00e9tat sauvage dans les for\u00eats s\u00e8ches d\u2019Am\u00e9rique du Sud, principalement celles du P\u00e9rou et de l\u2019\u00c9quateur.\u00a0Le Palo Santo, dont le nom signifie \u00ab bois sacr\u00e9 \u00bb, est un arbre dont la hauteur peut aller jusqu&rsquo;\u00e0 18 m\u00e8tres. Il poss\u00e8de de petites feuilles en forme de capsule et des fruits couleur vert fonc\u00e9. Il produit une essence de bois qui donne de l\u2019huile essentielle ou un encens aux notes d\u2019agrume.<\/p>\n<p>Afin de permettre que le Palo Santo puisse d\u00e9velopper ses huiles essentielles et son parfum bois\u00e9 intense, il se r\u00e9colte traditionnellement coup\u00e9 \u00e0 la machette. Seuls les arbres morts naturellement depuis plusieurs ann\u00e9es sont utilis\u00e9s et d\u00e9coup\u00e9s en petits morceaux d\u2019environ 10 cm. Apr\u00e8s la r\u00e9colte, ce bois sacr\u00e9 est stock\u00e9 pendant une p\u00e9riode de 4 ans au minimum. Cette m\u00e9thode artisanale garantit un encens naturel, durable et respectueux de l\u2019environnement.<\/p>\n<h2><em><u>Les bienfaits du b\u00e2ton de Palo Santo\u00a0<\/u><\/em><\/h2>\n<p>Le bois de Palo Santo, lorsqu&rsquo;il est br\u00fbl\u00e9, d\u00e9gage une fum\u00e9e aux propri\u00e9t\u00e9s purifiantes, id\u00e9ale pour les lieux et les personnes. Voici une liste non exhaustive de ses nombreux bienfaits :<\/p>\n<ul>\n<li>Il purifie et nettoie les \u00e9nergies. Traditionnellement, quand le Palo Santo est br\u00fbl\u00e9, il \u00e9limine toutes les \u00e9nergies n\u00e9gatives. Il est donc id\u00e9al pour le nettoyage \u00e9nerg\u00e9tique des lieux et des personnes. Il favorise l\u2019harmonie int\u00e9rieure et ext\u00e9rieure.<\/li>\n<\/ul>\n<ul>\n<li>Il est source d\u2019inspiration et d\u00e9veloppe la cr\u00e9ativit\u00e9. Le parfum qu\u2019il d\u00e9gage am\u00e9liore la clart\u00e9 et la concentration. En effet, il permet de r\u00e9duire le stress, les angoisses, l\u2019anxi\u00e9t\u00e9. De plus, il d\u00e9gage une ambiance propice \u00e0 l\u2019imagination.<\/li>\n<\/ul>\n<ul>\n<li>Il aide \u00e0 la m\u00e9ditation : rien de tel qu\u2019une odeur de Palo Santo pour clarifier l\u2019esprit avant une s\u00e9ance de m\u00e9ditation, de relaxation ou de yoga. Cela facilite l&rsquo;ouverture des chakras, la connexion \u00e0 soi et la clart\u00e9 mentale.<\/li>\n<li>Il attire la chance et la protection. Quand vous le br\u00fblez, vous vous lib\u00e9rez des \u00e9nergies n\u00e9gatives et vous vous ouvrez \u00e0 la chance. D\u00e9finissez votre intention en visualisant ce dont vous voulez vous d\u00e9barrasser. Puis, d\u00e9placez-vous dans chacune des pi\u00e8ces de la maison.<\/li>\n<li>Gr\u00e2ce \u00e0 ce parfum si particulier, il \u00e9limine les odeurs d\u00e9sagr\u00e9ables. D\u2019ailleurs, il est \u00e0 souligner que ce parfum n\u2019est pas appr\u00e9ci\u00e9 par les moustiques et autres insectes volants.<\/li>\n<\/ul>\n<p>Utilisation du b\u00e2ton de palo santo :<\/p>\n<p>&nbsp;<\/p>\n<p>L\u2019allumage : prenez un b\u00e2ton de Palo Santo, allumez-le. D\u00e8s l\u2019apparition des premi\u00e8res flammes, \u00e9teignez-le en douceur en soufflant dessus.<\/p>\n<p>D\u00e8s cet instant, le bois de Palo Santo d\u00e9gage une fum\u00e9e odorante. Veillez bien que le bois ne soit pas carbonis\u00e9. En effet, ce bois br\u00fble en combustion lente par la braise et non par la flamme. Alors, la fumigation au Palo Santo agit \u00e0 la fois sur l&rsquo;atmosph\u00e8re, l\u2019\u00e9tat d\u2019esprit des occupants et la qualit\u00e9 vibratoire de la pi\u00e8ce.<\/p>\n<p>Vous pouvez traverser toutes les pi\u00e8ces de votre maison avec votre Palo Santo et insistez sur les zones o\u00f9 vous ressentez une \u00e9nergie stagnante. L&rsquo;ambiance se transforme et procure une sensation de nouveau et de l\u00e9g\u00e8ret\u00e9. Ce rituel est vivement conseill\u00e9 lors de changements de saison, voire apr\u00e8s une dispute.<\/p>\n<p>Pour une purification efficace de votre lieu de vie ciblez les entr\u00e9es et les sorties (portes et fen\u00eatres) et certains objets en particulier. Dirigez la fum\u00e9e \u00e0 l\u2019aide de la main.<\/p>\n<p>Puis d\u00e9posez le b\u00e2tonnet dans un r\u00e9cipient ignifug\u00e9 et laissez-le s\u2019\u00e9teindre doucement. Ensuite, ouvrez une fen\u00eatre afin d\u2019\u00e9vacuer les \u00e9nergies n\u00e9gatives et la fum\u00e9e.<\/p>\n<p>La fumigation au Palo Santo peut favoriser le sommeil. En l\u2019utilisant dans une chambre, elle diffuse une atmosph\u00e8re apaisante pour la nuit (veillez \u00e0 a\u00e9rer la chambre apr\u00e8s et \u00e0 ne pas laisser consumer le b\u00e2tonnet de Palo Santo sans surveillance.).<\/p>\n<p>Prix pour un b\u00e2ton d&rsquo;environ 8 cm<\/p>\n","protected":false},"excerpt":{"rendered":"<p>Palo Santo : Origines, Bienfaits et Usages du Bois Sacr\u00e9 Sud-Am\u00e9ricain Depuis des si\u00e8cles, le Palo Santo, litt\u00e9ralement \u00ab bois sacr\u00e9 \u00bb en espagnol, est utilis\u00e9 \u00e0 des fins spirituelles, m\u00e9dicinales et aromatiques. Originaire d\u2019Am\u00e9rique du Sud et plus particuli\u00e8rement du P\u00e9rou, ce bois mystique est aujourd\u2019hui choisi dans le monde entier pour ses vertus de purification, de relaxation et de connexion \u00e0 soi. Le Palo Santo est un arbre aromatique tropical appartenant \u00e0 la famille des zygophyllac\u00e9es. Il pousse \u00e0 l\u2019\u00e9tat sauvage dans les for\u00eats s\u00e8ches d\u2019Am\u00e9rique du Sud, principalement celles du P\u00e9rou et de l\u2019\u00c9quateur.\u00a0Le Palo Santo, dont le nom signifie \u00ab bois sacr\u00e9 \u00bb, est un arbre dont la hauteur peut aller jusqu&rsquo;\u00e0 18 m\u00e8tres. Il poss\u00e8de de petites feuilles en forme de capsule et des fruits couleur vert fonc\u00e9. Il produit une essence de bois qui donne de l\u2019huile essentielle ou un encens aux notes d\u2019agrume. Afin de permettre que le Palo Santo puisse d\u00e9velopper ses huiles essentielles et son parfum bois\u00e9 intense, il se r\u00e9colte traditionnellement coup\u00e9 \u00e0 la machette. Seuls les arbres morts naturellement depuis plusieurs ann\u00e9es sont utilis\u00e9s et d\u00e9coup\u00e9s en petits morceaux d\u2019environ 10 cm. Apr\u00e8s la r\u00e9colte, ce bois sacr\u00e9 est stock\u00e9 pendant une p\u00e9riode de 4 ans au minimum. Cette m\u00e9thode artisanale garantit un encens naturel, durable et respectueux de l\u2019environnement. Les bienfaits du b\u00e2ton de Palo Santo\u00a0 Le bois de Palo Santo, lorsqu&rsquo;il est br\u00fbl\u00e9, d\u00e9gage une fum\u00e9e aux propri\u00e9t\u00e9s purifiantes, id\u00e9ale pour les lieux et les personnes. Voici une liste non exhaustive de ses nombreux bienfaits : Il purifie et nettoie les \u00e9nergies. Traditionnellement, quand le Palo Santo est br\u00fbl\u00e9, il \u00e9limine toutes les \u00e9nergies n\u00e9gatives. Il est donc id\u00e9al pour le nettoyage \u00e9nerg\u00e9tique des lieux et des personnes. Il favorise l\u2019harmonie int\u00e9rieure et ext\u00e9rieure. Il est source d\u2019inspiration et d\u00e9veloppe la cr\u00e9ativit\u00e9. Le parfum qu\u2019il d\u00e9gage am\u00e9liore la clart\u00e9 et la concentration. En effet, il permet de r\u00e9duire le stress, les angoisses, l\u2019anxi\u00e9t\u00e9. De plus, il d\u00e9gage une ambiance propice \u00e0 l\u2019imagination. Il aide \u00e0 la m\u00e9ditation : rien de tel qu\u2019une odeur de Palo Santo pour clarifier l\u2019esprit avant une s\u00e9ance de m\u00e9ditation, de relaxation ou de yoga. Cela facilite l&rsquo;ouverture des chakras, la connexion \u00e0 soi et la clart\u00e9 mentale. Il attire la chance et la protection. Quand vous le br\u00fblez, vous vous lib\u00e9rez des \u00e9nergies n\u00e9gatives et vous vous ouvrez \u00e0 la chance. D\u00e9finissez votre intention en visualisant ce dont vous voulez vous d\u00e9barrasser. Puis, d\u00e9placez-vous dans chacune des pi\u00e8ces de la maison. Gr\u00e2ce \u00e0 ce parfum si particulier, il \u00e9limine les odeurs d\u00e9sagr\u00e9ables. D\u2019ailleurs, il est \u00e0 souligner que ce parfum n\u2019est pas appr\u00e9ci\u00e9 par les moustiques et autres insectes volants. Utilisation du b\u00e2ton de palo santo : &nbsp; L\u2019allumage : prenez un b\u00e2ton de Palo Santo, allumez-le. D\u00e8s l\u2019apparition des premi\u00e8res flammes, \u00e9teignez-le en douceur en soufflant dessus. D\u00e8s cet instant, le bois de Palo Santo d\u00e9gage une fum\u00e9e odorante. Veillez bien que le bois ne soit pas carbonis\u00e9. En effet, ce bois br\u00fble en combustion lente par la braise et non par la flamme. Alors, la fumigation au Palo Santo agit \u00e0 la fois sur l&rsquo;atmosph\u00e8re, l\u2019\u00e9tat d\u2019esprit des occupants et la qualit\u00e9 vibratoire de la pi\u00e8ce. Vous pouvez traverser toutes les pi\u00e8ces de votre maison avec votre Palo Santo et insistez sur les zones o\u00f9 vous ressentez une \u00e9nergie stagnante. L&rsquo;ambiance se transforme et procure une sensation de nouveau et de l\u00e9g\u00e8ret\u00e9. Ce rituel est vivement conseill\u00e9 lors de changements de saison, voire apr\u00e8s une dispute. Pour une purification efficace de votre lieu de vie ciblez les entr\u00e9es et les sorties (portes et fen\u00eatres) et certains objets en particulier. Dirigez la fum\u00e9e \u00e0 l\u2019aide de la main. Puis d\u00e9posez le b\u00e2tonnet dans un r\u00e9cipient ignifug\u00e9 et laissez-le s\u2019\u00e9teindre doucement. Ensuite, ouvrez une fen\u00eatre afin d\u2019\u00e9vacuer les \u00e9nergies n\u00e9gatives et la fum\u00e9e. La fumigation au Palo Santo peut favoriser le sommeil. En l\u2019utilisant dans une chambre, elle diffuse une atmosph\u00e8re apaisante pour la nuit (veillez \u00e0 a\u00e9rer la chambre apr\u00e8s et \u00e0 ne pas laisser consumer le b\u00e2tonnet de Palo Santo sans surveillance.). Prix pour un b\u00e2ton d&rsquo;environ 8 cm<\/p>\n","protected":false},"featured_media":10756,"template":"","meta":[],"product_brand":[],"product_cat":[607,612],"product_tag":[394,60],"class_list":{"0":"post-10923","1":"product","2":"type-product","3":"status-publish","4":"has-post-thumbnail","6":"product_cat-lithotherapie","7":"product_cat-rechargement-purification","8":"product_tag-bois","9":"product_tag-purification","11":"first","12":"instock","13":"shipping-taxable","14":"purchasable","15":"product-type-simple"},"yoast_head":"<!-- This site is optimized with the Yoast SEO plugin v27.2 - https:\/\/yoast.com\/product\/yoast-seo-wordpress\/ -->\n<title>B\u00e2ton Palo santo - bijoux lithoth\u00e9rapie et d\u00e9coration \u00e0 rumilly<\/title>\n<meta name=\"description\" content=\"D\u00e9couvrez les \u00e9l\u00e9ments permettant de purifier et recharger vos min\u00e9raux : le b\u00e2ton de Palo Santo minutieusement s\u00e9lectionn\u00e9 par Cocci\" \/>\n<meta name=\"robots\" content=\"index, follow, max-snippet:-1, max-image-preview:large, max-video-preview:-1\" \/>\n<link rel=\"canonical\" href=\"https:\/\/www.creasdecocci.fr\/index.php\/produit\/baton-palo-santo\/\" \/>\n<meta property=\"og:locale\" content=\"fr_FR\" \/>\n<meta property=\"og:type\" content=\"article\" \/>\n<meta property=\"og:title\" content=\"B\u00e2ton Palo santo - bijoux lithoth\u00e9rapie et d\u00e9coration \u00e0 rumilly\" \/>\n<meta property=\"og:description\" content=\"D\u00e9couvrez les \u00e9l\u00e9ments permettant de purifier et recharger vos min\u00e9raux : le b\u00e2ton de Palo Santo minutieusement s\u00e9lectionn\u00e9 par Cocci\" \/>\n<meta property=\"og:url\" content=\"https:\/\/www.creasdecocci.fr\/index.php\/produit\/baton-palo-santo\/\" \/>\n<meta property=\"og:site_name\" content=\"bijoux lithoth\u00e9rapie et d\u00e9coration \u00e0 rumilly\" \/>\n<meta property=\"article:modified_time\" content=\"2026-02-22T19:02:30+00:00\" \/>\n<meta property=\"og:image\" content=\"https:\/\/www.creasdecocci.fr\/wp-content\/uploads\/2026\/02\/Photoroom_20260220_182640-scaled.jpg\" \/>\n\t<meta property=\"og:image:width\" content=\"1920\" \/>\n\t<meta property=\"og:image:height\" content=\"2560\" \/>\n\t<meta property=\"og:image:type\" content=\"image\/jpeg\" \/>\n<meta name=\"twitter:card\" content=\"summary_large_image\" \/>\n<meta name=\"twitter:label1\" content=\"Dur\u00e9e de lecture estim\u00e9e\" \/>\n\t<meta name=\"twitter:data1\" content=\"4 minutes\" \/>\n<script type=\"application\/ld+json\" class=\"yoast-schema-graph\">{\"@context\":\"https:\/\/schema.org\",\"@graph\":[{\"@type\":\"WebPage\",\"@id\":\"https:\/\/www.creasdecocci.fr\/index.php\/produit\/baton-palo-santo\/\",\"url\":\"https:\/\/www.creasdecocci.fr\/index.php\/produit\/baton-palo-santo\/\",\"name\":\"B\u00e2ton Palo santo - bijoux lithoth\u00e9rapie et d\u00e9coration \u00e0 rumilly\",\"isPartOf\":{\"@id\":\"https:\/\/www.creasdecocci.fr\/#website\"},\"primaryImageOfPage\":{\"@id\":\"https:\/\/www.creasdecocci.fr\/index.php\/produit\/baton-palo-santo\/#primaryimage\"},\"image\":{\"@id\":\"https:\/\/www.creasdecocci.fr\/index.php\/produit\/baton-palo-santo\/#primaryimage\"},\"thumbnailUrl\":\"https:\/\/www.creasdecocci.fr\/wp-content\/uploads\/2026\/02\/Photoroom_20260220_182640-scaled.jpg\",\"datePublished\":\"2026-02-22T17:06:41+00:00\",\"dateModified\":\"2026-02-22T19:02:30+00:00\",\"description\":\"D\u00e9couvrez les \u00e9l\u00e9ments permettant de purifier et recharger vos min\u00e9raux : le b\u00e2ton de Palo Santo minutieusement s\u00e9lectionn\u00e9 par Cocci\",\"breadcrumb\":{\"@id\":\"https:\/\/www.creasdecocci.fr\/index.php\/produit\/baton-palo-santo\/#breadcrumb\"},\"inLanguage\":\"fr-FR\",\"potentialAction\":[{\"@type\":\"ReadAction\",\"target\":[\"https:\/\/www.creasdecocci.fr\/index.php\/produit\/baton-palo-santo\/\"]}]},{\"@type\":\"ImageObject\",\"inLanguage\":\"fr-FR\",\"@id\":\"https:\/\/www.creasdecocci.fr\/index.php\/produit\/baton-palo-santo\/#primaryimage\",\"url\":\"https:\/\/www.creasdecocci.fr\/wp-content\/uploads\/2026\/02\/Photoroom_20260220_182640-scaled.jpg\",\"contentUrl\":\"https:\/\/www.creasdecocci.fr\/wp-content\/uploads\/2026\/02\/Photoroom_20260220_182640-scaled.jpg\",\"width\":1920,\"height\":2560,\"caption\":\"b\u00e2ton palo santo\"},{\"@type\":\"BreadcrumbList\",\"@id\":\"https:\/\/www.creasdecocci.fr\/index.php\/produit\/baton-palo-santo\/#breadcrumb\",\"itemListElement\":[{\"@type\":\"ListItem\",\"position\":1,\"name\":\"Accueil\",\"item\":\"https:\/\/www.creasdecocci.fr\/\"},{\"@type\":\"ListItem\",\"position\":2,\"name\":\"Produits\",\"item\":\"https:\/\/www.creasdecocci.fr\/index.php\/shop\/\"},{\"@type\":\"ListItem\",\"position\":3,\"name\":\"B\u00e2ton Palo santo\"}]},{\"@type\":\"WebSite\",\"@id\":\"https:\/\/www.creasdecocci.fr\/#website\",\"url\":\"https:\/\/www.creasdecocci.fr\/\",\"name\":\"bijoux lithoth\u00e9rapie et d\u00e9coration \u00e0 rumilly\",\"description\":\"\",\"publisher\":{\"@id\":\"https:\/\/www.creasdecocci.fr\/#organization\"},\"potentialAction\":[{\"@type\":\"SearchAction\",\"target\":{\"@type\":\"EntryPoint\",\"urlTemplate\":\"https:\/\/www.creasdecocci.fr\/?s={search_term_string}\"},\"query-input\":{\"@type\":\"PropertyValueSpecification\",\"valueRequired\":true,\"valueName\":\"search_term_string\"}}],\"inLanguage\":\"fr-FR\"},{\"@type\":\"Organization\",\"@id\":\"https:\/\/www.creasdecocci.fr\/#organization\",\"name\":\"bijoux lithoth\u00e9rapie et d\u00e9coration \u00e0 rumilly\",\"url\":\"https:\/\/www.creasdecocci.fr\/\",\"logo\":{\"@type\":\"ImageObject\",\"inLanguage\":\"fr-FR\",\"@id\":\"https:\/\/www.creasdecocci.fr\/#\/schema\/logo\/image\/\",\"url\":\"https:\/\/www.creasdecocci.fr\/wp-content\/uploads\/2021\/12\/logo_creas_cocci.png\",\"contentUrl\":\"https:\/\/www.creasdecocci.fr\/wp-content\/uploads\/2021\/12\/logo_creas_cocci.png\",\"width\":2212,\"height\":1060,\"caption\":\"bijoux lithoth\u00e9rapie et d\u00e9coration \u00e0 rumilly\"},\"image\":{\"@id\":\"https:\/\/www.creasdecocci.fr\/#\/schema\/logo\/image\/\"}}]}<\/script>\n<!-- \/ Yoast SEO plugin. -->","yoast_head_json":{"title":"B\u00e2ton Palo santo - bijoux lithoth\u00e9rapie et d\u00e9coration \u00e0 rumilly","description":"D\u00e9couvrez les \u00e9l\u00e9ments permettant de purifier et recharger vos min\u00e9raux : le b\u00e2ton de Palo Santo minutieusement s\u00e9lectionn\u00e9 par Cocci","robots":{"index":"index","follow":"follow","max-snippet":"max-snippet:-1","max-image-preview":"max-image-preview:large","max-video-preview":"max-video-preview:-1"},"canonical":"https:\/\/www.creasdecocci.fr\/index.php\/produit\/baton-palo-santo\/","og_locale":"fr_FR","og_type":"article","og_title":"B\u00e2ton Palo santo - bijoux lithoth\u00e9rapie et d\u00e9coration \u00e0 rumilly","og_description":"D\u00e9couvrez les \u00e9l\u00e9ments permettant de purifier et recharger vos min\u00e9raux : le b\u00e2ton de Palo Santo minutieusement s\u00e9lectionn\u00e9 par Cocci","og_url":"https:\/\/www.creasdecocci.fr\/index.php\/produit\/baton-palo-santo\/","og_site_name":"bijoux lithoth\u00e9rapie et d\u00e9coration \u00e0 rumilly","article_modified_time":"2026-02-22T19:02:30+00:00","og_image":[{"width":1920,"height":2560,"url":"https:\/\/www.creasdecocci.fr\/wp-content\/uploads\/2026\/02\/Photoroom_20260220_182640-scaled.jpg","type":"image\/jpeg"}],"twitter_card":"summary_large_image","twitter_misc":{"Dur\u00e9e de lecture estim\u00e9e":"4 minutes"},"schema":{"@context":"https:\/\/schema.org","@graph":[{"@type":"WebPage","@id":"https:\/\/www.creasdecocci.fr\/index.php\/produit\/baton-palo-santo\/","url":"https:\/\/www.creasdecocci.fr\/index.php\/produit\/baton-palo-santo\/","name":"B\u00e2ton Palo santo - bijoux lithoth\u00e9rapie et d\u00e9coration \u00e0 rumilly","isPartOf":{"@id":"https:\/\/www.creasdecocci.fr\/#website"},"primaryImageOfPage":{"@id":"https:\/\/www.creasdecocci.fr\/index.php\/produit\/baton-palo-santo\/#primaryimage"},"image":{"@id":"https:\/\/www.creasdecocci.fr\/index.php\/produit\/baton-palo-santo\/#primaryimage"},"thumbnailUrl":"https:\/\/www.creasdecocci.fr\/wp-content\/uploads\/2026\/02\/Photoroom_20260220_182640-scaled.jpg","datePublished":"2026-02-22T17:06:41+00:00","dateModified":"2026-02-22T19:02:30+00:00","description":"D\u00e9couvrez les \u00e9l\u00e9ments permettant de purifier et recharger vos min\u00e9raux : le b\u00e2ton de Palo Santo minutieusement s\u00e9lectionn\u00e9 par Cocci","breadcrumb":{"@id":"https:\/\/www.creasdecocci.fr\/index.php\/produit\/baton-palo-santo\/#breadcrumb"},"inLanguage":"fr-FR","potentialAction":[{"@type":"ReadAction","target":["https:\/\/www.creasdecocci.fr\/index.php\/produit\/baton-palo-santo\/"]}]},{"@type":"ImageObject","inLanguage":"fr-FR","@id":"https:\/\/www.creasdecocci.fr\/index.php\/produit\/baton-palo-santo\/#primaryimage","url":"https:\/\/www.creasdecocci.fr\/wp-content\/uploads\/2026\/02\/Photoroom_20260220_182640-scaled.jpg","contentUrl":"https:\/\/www.creasdecocci.fr\/wp-content\/uploads\/2026\/02\/Photoroom_20260220_182640-scaled.jpg","width":1920,"height":2560,"caption":"b\u00e2ton palo santo"},{"@type":"BreadcrumbList","@id":"https:\/\/www.creasdecocci.fr\/index.php\/produit\/baton-palo-santo\/#breadcrumb","itemListElement":[{"@type":"ListItem","position":1,"name":"Accueil","item":"https:\/\/www.creasdecocci.fr\/"},{"@type":"ListItem","position":2,"name":"Produits","item":"https:\/\/www.creasdecocci.fr\/index.php\/shop\/"},{"@type":"ListItem","position":3,"name":"B\u00e2ton Palo santo"}]},{"@type":"WebSite","@id":"https:\/\/www.creasdecocci.fr\/#website","url":"https:\/\/www.creasdecocci.fr\/","name":"bijoux lithoth\u00e9rapie et d\u00e9coration \u00e0 rumilly","description":"","publisher":{"@id":"https:\/\/www.creasdecocci.fr\/#organization"},"potentialAction":[{"@type":"SearchAction","target":{"@type":"EntryPoint","urlTemplate":"https:\/\/www.creasdecocci.fr\/?s={search_term_string}"},"query-input":{"@type":"PropertyValueSpecification","valueRequired":true,"valueName":"search_term_string"}}],"inLanguage":"fr-FR"},{"@type":"Organization","@id":"https:\/\/www.creasdecocci.fr\/#organization","name":"bijoux lithoth\u00e9rapie et d\u00e9coration \u00e0 rumilly","url":"https:\/\/www.creasdecocci.fr\/","logo":{"@type":"ImageObject","inLanguage":"fr-FR","@id":"https:\/\/www.creasdecocci.fr\/#\/schema\/logo\/image\/","url":"https:\/\/www.creasdecocci.fr\/wp-content\/uploads\/2021\/12\/logo_creas_cocci.png","contentUrl":"https:\/\/www.creasdecocci.fr\/wp-content\/uploads\/2021\/12\/logo_creas_cocci.png","width":2212,"height":1060,"caption":"bijoux lithoth\u00e9rapie et d\u00e9coration \u00e0 rumilly"},"image":{"@id":"https:\/\/www.creasdecocci.fr\/#\/schema\/logo\/image\/"}}]}},"jetpack_sharing_enabled":true,"_links":{"self":[{"href":"https:\/\/www.creasdecocci.fr\/index.php\/wp-json\/wp\/v2\/product\/10923","targetHints":{"allow":["GET"]}}],"collection":[{"href":"https:\/\/www.creasdecocci.fr\/index.php\/wp-json\/wp\/v2\/product"}],"about":[{"href":"https:\/\/www.creasdecocci.fr\/index.php\/wp-json\/wp\/v2\/types\/product"}],"version-history":[{"count":4,"href":"https:\/\/www.creasdecocci.fr\/index.php\/wp-json\/wp\/v2\/product\/10923\/revisions"}],"predecessor-version":[{"id":10963,"href":"https:\/\/www.creasdecocci.fr\/index.php\/wp-json\/wp\/v2\/product\/10923\/revisions\/10963"}],"wp:featuredmedia":[{"embeddable":true,"href":"https:\/\/www.creasdecocci.fr\/index.php\/wp-json\/wp\/v2\/media\/10756"}],"wp:attachment":[{"href":"https:\/\/www.creasdecocci.fr\/index.php\/wp-json\/wp\/v2\/media?parent=10923"}],"wp:term":[{"taxonomy":"product_brand","embeddable":true,"href":"https:\/\/www.creasdecocci.fr\/index.php\/wp-json\/wp\/v2\/product_brand?post=10923"},{"taxonomy":"product_cat","embeddable":true,"href":"https:\/\/www.creasdecocci.fr\/index.php\/wp-json\/wp\/v2\/product_cat?post=10923"},{"taxonomy":"product_tag","embeddable":true,"href":"https:\/\/www.creasdecocci.fr\/index.php\/wp-json\/wp\/v2\/product_tag?post=10923"}],"curies":[{"name":"wp","href":"https:\/\/api.w.org\/{rel}","templated":true}]}}