{"id":3797,"date":"2022-02-15T10:38:05","date_gmt":"2022-02-15T09:38:05","guid":{"rendered":"https:\/\/www.creasdecocci.fr\/?post_type=product&#038;p=3797"},"modified":"2026-03-21T15:43:07","modified_gmt":"2026-03-21T14:43:07","slug":"boucles-doreilles-romane","status":"publish","type":"product","link":"https:\/\/www.creasdecocci.fr\/index.php\/produit\/boucles-doreilles-romane\/","title":{"rendered":"Boucles d&rsquo;oreilles Romane"},"content":{"rendered":"<p data-start=\"60\" data-end=\"111\"><strong data-start=\"60\" data-end=\"111\">Boucles d\u2019oreilles Romane \u2013 Cr\u00e9ation artisanale r\u00e9alis\u00e9e \u00e0 la main dans mon atelier \u00e0 Marcellaz-Albanais.<\/strong><\/p>\n<p data-start=\"113\" data-end=\"274\">Laissez-vous s\u00e9duire par les boucles d\u2019oreilles Romane, une cr\u00e9ation \u00e9l\u00e9gante et pleine de caract\u00e8re, m\u00ealant finesse du tissage et beaut\u00e9 des pierres naturelles.<\/p>\n<p data-start=\"276\" data-end=\"524\">Leur design allong\u00e9 met en valeur un d\u00e9licat travail de micro-macram\u00e9 noir, qui vient sublimer trois perles de votre choix. Ce contraste entre l\u2019intensit\u00e9 du fil et l\u2019\u00e9clat des pierres apporte une touche \u00e0 la fois raffin\u00e9e et myst\u00e9rieuse.<\/p>\n<p data-start=\"526\" data-end=\"666\">Le tissage minutieux encadre chaque perle avec pr\u00e9cision, cr\u00e9ant une structure harmonieuse et fluide qui accompagne joliment les mouvements.<\/p>\n<p data-start=\"668\" data-end=\"850\">Leur design associe harmonieusement :<br data-start=\"705\" data-end=\"708\" \/>\u2022 un tissage en micro-macram\u00e9 fin et structur\u00e9<br data-start=\"754\" data-end=\"757\" \/>\u2022 trois perles naturelles de votre choix<br data-start=\"809\" data-end=\"812\" \/>\u2022 une structure \u00e9lanc\u00e9e et \u00e9l\u00e9gante<\/p>\n<p data-start=\"852\" data-end=\"978\">Chaque paire est enti\u00e8rement r\u00e9alis\u00e9e \u00e0 la main, ce qui en fait une pi\u00e8ce unique, empreinte de savoir-faire et d\u2019authenticit\u00e9.<\/p>\n<p data-start=\"980\" data-end=\"981\">\u2e3b<\/p>\n<p data-start=\"983\" data-end=\"1229\"><strong data-start=\"983\" data-end=\"996\">D\u00e9tails :<\/strong><br data-start=\"996\" data-end=\"999\" \/>\u2022 Mod\u00e8le : Boucles d\u2019oreilles Romane<br data-start=\"1035\" data-end=\"1038\" \/>\u2022 Technique : Micro-macram\u00e9<br data-start=\"1065\" data-end=\"1068\" \/>\u2022 Fil : Polyester 0,8 mm<br data-start=\"1149\" data-end=\"1152\" \/>\u2022 Attaches : argent 925 ou argent dor\u00e9 \u00e0 l&rsquo;or fin<br data-start=\"1186\" data-end=\"1189\" \/>\u2022 Fabrication : Artisanale \u2013 fait main dans mon atelier<\/p>\n<p data-start=\"1231\" data-end=\"1232\">\u2e3b<\/p>\n<p data-start=\"1234\" data-end=\"1411\"><strong data-start=\"1234\" data-end=\"1260\">Pourquoi on les aime :<\/strong><br data-start=\"1260\" data-end=\"1263\" \/>\u2022 Contraste \u00e9l\u00e9gant entre noir et bleu<br data-start=\"1301\" data-end=\"1304\" \/>\u2022 Design allong\u00e9 qui affine le port de t\u00eate<br data-start=\"1347\" data-end=\"1350\" \/>\u2022 Bijoux l\u00e9gers et confortables<br data-start=\"1381\" data-end=\"1384\" \/>\u2022 Chaque pi\u00e8ce est unique<\/p>\n<p data-start=\"1413\" data-end=\"1414\">\u2e3b<\/p>\n<p data-start=\"1416\" data-end=\"1575\" data-is-last-node=\"\" data-is-only-node=\"\">Une cr\u00e9ation id\u00e9ale pour celles qui aiment les bijoux artisanaux au style affirm\u00e9, alliant d\u00e9licatesse et caract\u00e8re, pour sublimer une tenue avec originalit\u00e9.<\/p>\n","protected":false},"excerpt":{"rendered":"<p>Boucles d\u2019oreilles Romane \u2013 Cr\u00e9ation artisanale r\u00e9alis\u00e9e \u00e0 la main dans mon atelier \u00e0 Marcellaz-Albanais. Laissez-vous s\u00e9duire par les boucles d\u2019oreilles Romane, une cr\u00e9ation \u00e9l\u00e9gante et pleine de caract\u00e8re, m\u00ealant finesse du tissage et beaut\u00e9 des pierres naturelles. Leur design allong\u00e9 met en valeur un d\u00e9licat travail de micro-macram\u00e9 noir, qui vient sublimer trois perles de votre choix. Ce contraste entre l\u2019intensit\u00e9 du fil et l\u2019\u00e9clat des pierres apporte une touche \u00e0 la fois raffin\u00e9e et myst\u00e9rieuse. Le tissage minutieux encadre chaque perle avec pr\u00e9cision, cr\u00e9ant une structure harmonieuse et fluide qui accompagne joliment les mouvements. Leur design associe harmonieusement :\u2022 un tissage en micro-macram\u00e9 fin et structur\u00e9\u2022 trois perles naturelles de votre choix\u2022 une structure \u00e9lanc\u00e9e et \u00e9l\u00e9gante Chaque paire est enti\u00e8rement r\u00e9alis\u00e9e \u00e0 la main, ce qui en fait une pi\u00e8ce unique, empreinte de savoir-faire et d\u2019authenticit\u00e9. \u2e3b D\u00e9tails :\u2022 Mod\u00e8le : Boucles d\u2019oreilles Romane\u2022 Technique : Micro-macram\u00e9\u2022 Fil : Polyester 0,8 mm\u2022 Attaches : argent 925 ou argent dor\u00e9 \u00e0 l&rsquo;or fin\u2022 Fabrication : Artisanale \u2013 fait main dans mon atelier \u2e3b Pourquoi on les aime :\u2022 Contraste \u00e9l\u00e9gant entre noir et bleu\u2022 Design allong\u00e9 qui affine le port de t\u00eate\u2022 Bijoux l\u00e9gers et confortables\u2022 Chaque pi\u00e8ce est unique \u2e3b Une cr\u00e9ation id\u00e9ale pour celles qui aiment les bijoux artisanaux au style affirm\u00e9, alliant d\u00e9licatesse et caract\u00e8re, pour sublimer une tenue avec originalit\u00e9.<\/p>\n","protected":false},"featured_media":11314,"template":"","meta":[],"product_brand":[],"product_cat":[23,360],"product_tag":[625,87,197],"class_list":{"0":"post-3797","1":"product","2":"type-product","3":"status-publish","4":"has-post-thumbnail","6":"product_cat-bijoux","7":"product_cat-boucles-doreilles","8":"product_tag-boucle","9":"product_tag-perle","10":"product_tag-tissage","11":"pa_perle-agate-arbre","12":"pa_perle-agate-botswana","13":"pa_perle-agate-de-feu","14":"pa_perle-aigue-marine","15":"pa_perle-amazonite","16":"pa_perle-amethyste","17":"pa_perle-angelite","18":"pa_perle-apatite","19":"pa_perle-aventurine","20":"pa_perle-bois-petrifie","21":"pa_perle-bronzite","22":"pa_perle-calcedoine","23":"pa_perle-chrysocolle","24":"pa_perle-citrine","25":"pa_perle-cornaline","26":"pa_perle-cristal-de-roche","27":"pa_perle-fluorine","28":"pa_perle-grenat","29":"pa_perle-hematite","30":"pa_perle-hessonite","31":"pa_perle-howlite","32":"pa_perle-jade","33":"pa_perle-jade-nephrite","34":"pa_perle-jaspe-dalmatien","35":"pa_perle-jaspe-paysage","36":"pa_perle-jaspe-rouge","37":"pa_perle-jaspe-sanguine","38":"pa_perle-kunzite","39":"pa_perle-labradorite","40":"pa_perle-lapis-lazuli","41":"pa_perle-lepidolite","42":"pa_perle-malachite","43":"pa_perle-mokaite","44":"pa_perle-nacre","45":"pa_perle-obsidienne","46":"pa_perle-obsidienne-neige","47":"pa_perle-oeil-de-faucon","48":"pa_perle-oeil-de-taureau","49":"pa_perle-oeil-de-tigre","50":"pa_perle-onyx","51":"pa_perle-opale-verte","52":"pa_perle-pierre-de-lave","53":"pa_perle-pierre-de-lune","54":"pa_perle-pierre-de-soleil","55":"pa_perle-pyrite","56":"pa_perle-quartz-fraise","57":"pa_perle-quartz-fume","58":"pa_perle-quartz-rose","59":"pa_perle-rhodonite","60":"pa_perle-serpentine","61":"pa_perle-sodalite","62":"pa_perle-tourmaline-rose","63":"pa_perle-turquoise","64":"pa_perle-turquoise-afrique","65":"pa_perle-unakite","67":"first","68":"instock","69":"shipping-taxable","70":"purchasable","71":"product-type-variable","72":"has-default-attributes"},"yoast_head":"<!-- This site is optimized with the Yoast SEO plugin v27.2 - https:\/\/yoast.com\/product\/yoast-seo-wordpress\/ -->\n<title>Boucles d&#039;oreilles Romane - bijoux lithoth\u00e9rapie et d\u00e9coration \u00e0 rumilly<\/title>\n<meta name=\"description\" content=\"Cocci vous pr\u00e9sente sa collection de bijoux orn\u00e9s de perles en pierre naturelle fabriqu\u00e9 dans son atelier pr\u00e8s de Rumilly : Boucles d&#039;oreilles Romane\" \/>\n<meta name=\"robots\" content=\"index, follow, max-snippet:-1, max-image-preview:large, max-video-preview:-1\" \/>\n<link rel=\"canonical\" href=\"https:\/\/www.creasdecocci.fr\/index.php\/produit\/boucles-doreilles-romane\/\" \/>\n<meta property=\"og:locale\" content=\"fr_FR\" \/>\n<meta property=\"og:type\" content=\"article\" \/>\n<meta property=\"og:title\" content=\"Boucles d&#039;oreilles Romane - bijoux lithoth\u00e9rapie et d\u00e9coration \u00e0 rumilly\" \/>\n<meta property=\"og:description\" content=\"Cocci vous pr\u00e9sente sa collection de bijoux orn\u00e9s de perles en pierre naturelle fabriqu\u00e9 dans son atelier pr\u00e8s de Rumilly : Boucles d&#039;oreilles Romane\" \/>\n<meta property=\"og:url\" content=\"https:\/\/www.creasdecocci.fr\/index.php\/produit\/boucles-doreilles-romane\/\" \/>\n<meta property=\"og:site_name\" content=\"bijoux lithoth\u00e9rapie et d\u00e9coration \u00e0 rumilly\" \/>\n<meta property=\"article:modified_time\" content=\"2026-03-21T14:43:07+00:00\" \/>\n<meta property=\"og:image\" content=\"https:\/\/www.creasdecocci.fr\/wp-content\/uploads\/2026\/03\/Photoroom_20260318_094754.jpg\" \/>\n\t<meta property=\"og:image:width\" content=\"2400\" \/>\n\t<meta property=\"og:image:height\" content=\"2400\" \/>\n\t<meta property=\"og:image:type\" content=\"image\/jpeg\" \/>\n<meta name=\"twitter:card\" content=\"summary_large_image\" \/>\n<meta name=\"twitter:label1\" content=\"Dur\u00e9e de lecture estim\u00e9e\" \/>\n\t<meta name=\"twitter:data1\" content=\"11 minutes\" \/>\n<script type=\"application\/ld+json\" class=\"yoast-schema-graph\">{\"@context\":\"https:\/\/schema.org\",\"@graph\":[{\"@type\":\"WebPage\",\"@id\":\"https:\/\/www.creasdecocci.fr\/index.php\/produit\/boucles-doreilles-romane\/\",\"url\":\"https:\/\/www.creasdecocci.fr\/index.php\/produit\/boucles-doreilles-romane\/\",\"name\":\"Boucles d'oreilles Romane - bijoux lithoth\u00e9rapie et d\u00e9coration \u00e0 rumilly\",\"isPartOf\":{\"@id\":\"https:\/\/www.creasdecocci.fr\/#website\"},\"primaryImageOfPage\":{\"@id\":\"https:\/\/www.creasdecocci.fr\/index.php\/produit\/boucles-doreilles-romane\/#primaryimage\"},\"image\":{\"@id\":\"https:\/\/www.creasdecocci.fr\/index.php\/produit\/boucles-doreilles-romane\/#primaryimage\"},\"thumbnailUrl\":\"https:\/\/www.creasdecocci.fr\/wp-content\/uploads\/2026\/03\/Photoroom_20260318_094754.jpg\",\"datePublished\":\"2022-02-15T09:38:05+00:00\",\"dateModified\":\"2026-03-21T14:43:07+00:00\",\"description\":\"Cocci vous pr\u00e9sente sa collection de bijoux orn\u00e9s de perles en pierre naturelle fabriqu\u00e9 dans son atelier pr\u00e8s de Rumilly : Boucles d'oreilles Romane\",\"breadcrumb\":{\"@id\":\"https:\/\/www.creasdecocci.fr\/index.php\/produit\/boucles-doreilles-romane\/#breadcrumb\"},\"inLanguage\":\"fr-FR\",\"potentialAction\":[{\"@type\":\"ReadAction\",\"target\":[\"https:\/\/www.creasdecocci.fr\/index.php\/produit\/boucles-doreilles-romane\/\"]}]},{\"@type\":\"ImageObject\",\"inLanguage\":\"fr-FR\",\"@id\":\"https:\/\/www.creasdecocci.fr\/index.php\/produit\/boucles-doreilles-romane\/#primaryimage\",\"url\":\"https:\/\/www.creasdecocci.fr\/wp-content\/uploads\/2026\/03\/Photoroom_20260318_094754.jpg\",\"contentUrl\":\"https:\/\/www.creasdecocci.fr\/wp-content\/uploads\/2026\/03\/Photoroom_20260318_094754.jpg\",\"width\":2400,\"height\":2400,\"caption\":\"Boucles d'oreilles Romane\"},{\"@type\":\"BreadcrumbList\",\"@id\":\"https:\/\/www.creasdecocci.fr\/index.php\/produit\/boucles-doreilles-romane\/#breadcrumb\",\"itemListElement\":[{\"@type\":\"ListItem\",\"position\":1,\"name\":\"Accueil\",\"item\":\"https:\/\/www.creasdecocci.fr\/\"},{\"@type\":\"ListItem\",\"position\":2,\"name\":\"Produits\",\"item\":\"https:\/\/www.creasdecocci.fr\/index.php\/shop\/\"},{\"@type\":\"ListItem\",\"position\":3,\"name\":\"Boucles d&rsquo;oreilles Romane\"}]},{\"@type\":\"WebSite\",\"@id\":\"https:\/\/www.creasdecocci.fr\/#website\",\"url\":\"https:\/\/www.creasdecocci.fr\/\",\"name\":\"bijoux lithoth\u00e9rapie et d\u00e9coration \u00e0 rumilly\",\"description\":\"\",\"publisher\":{\"@id\":\"https:\/\/www.creasdecocci.fr\/#organization\"},\"potentialAction\":[{\"@type\":\"SearchAction\",\"target\":{\"@type\":\"EntryPoint\",\"urlTemplate\":\"https:\/\/www.creasdecocci.fr\/?s={search_term_string}\"},\"query-input\":{\"@type\":\"PropertyValueSpecification\",\"valueRequired\":true,\"valueName\":\"search_term_string\"}}],\"inLanguage\":\"fr-FR\"},{\"@type\":\"Organization\",\"@id\":\"https:\/\/www.creasdecocci.fr\/#organization\",\"name\":\"bijoux lithoth\u00e9rapie et d\u00e9coration \u00e0 rumilly\",\"url\":\"https:\/\/www.creasdecocci.fr\/\",\"logo\":{\"@type\":\"ImageObject\",\"inLanguage\":\"fr-FR\",\"@id\":\"https:\/\/www.creasdecocci.fr\/#\/schema\/logo\/image\/\",\"url\":\"https:\/\/www.creasdecocci.fr\/wp-content\/uploads\/2021\/12\/logo_creas_cocci.png\",\"contentUrl\":\"https:\/\/www.creasdecocci.fr\/wp-content\/uploads\/2021\/12\/logo_creas_cocci.png\",\"width\":2212,\"height\":1060,\"caption\":\"bijoux lithoth\u00e9rapie et d\u00e9coration \u00e0 rumilly\"},\"image\":{\"@id\":\"https:\/\/www.creasdecocci.fr\/#\/schema\/logo\/image\/\"}}]}<\/script>\n<!-- \/ Yoast SEO plugin. -->","yoast_head_json":{"title":"Boucles d'oreilles Romane - bijoux lithoth\u00e9rapie et d\u00e9coration \u00e0 rumilly","description":"Cocci vous pr\u00e9sente sa collection de bijoux orn\u00e9s de perles en pierre naturelle fabriqu\u00e9 dans son atelier pr\u00e8s de Rumilly : Boucles d'oreilles Romane","robots":{"index":"index","follow":"follow","max-snippet":"max-snippet:-1","max-image-preview":"max-image-preview:large","max-video-preview":"max-video-preview:-1"},"canonical":"https:\/\/www.creasdecocci.fr\/index.php\/produit\/boucles-doreilles-romane\/","og_locale":"fr_FR","og_type":"article","og_title":"Boucles d'oreilles Romane - bijoux lithoth\u00e9rapie et d\u00e9coration \u00e0 rumilly","og_description":"Cocci vous pr\u00e9sente sa collection de bijoux orn\u00e9s de perles en pierre naturelle fabriqu\u00e9 dans son atelier pr\u00e8s de Rumilly : Boucles d'oreilles Romane","og_url":"https:\/\/www.creasdecocci.fr\/index.php\/produit\/boucles-doreilles-romane\/","og_site_name":"bijoux lithoth\u00e9rapie et d\u00e9coration \u00e0 rumilly","article_modified_time":"2026-03-21T14:43:07+00:00","og_image":[{"width":2400,"height":2400,"url":"https:\/\/www.creasdecocci.fr\/wp-content\/uploads\/2026\/03\/Photoroom_20260318_094754.jpg","type":"image\/jpeg"}],"twitter_card":"summary_large_image","twitter_misc":{"Dur\u00e9e de lecture estim\u00e9e":"11 minutes"},"schema":{"@context":"https:\/\/schema.org","@graph":[{"@type":"WebPage","@id":"https:\/\/www.creasdecocci.fr\/index.php\/produit\/boucles-doreilles-romane\/","url":"https:\/\/www.creasdecocci.fr\/index.php\/produit\/boucles-doreilles-romane\/","name":"Boucles d'oreilles Romane - bijoux lithoth\u00e9rapie et d\u00e9coration \u00e0 rumilly","isPartOf":{"@id":"https:\/\/www.creasdecocci.fr\/#website"},"primaryImageOfPage":{"@id":"https:\/\/www.creasdecocci.fr\/index.php\/produit\/boucles-doreilles-romane\/#primaryimage"},"image":{"@id":"https:\/\/www.creasdecocci.fr\/index.php\/produit\/boucles-doreilles-romane\/#primaryimage"},"thumbnailUrl":"https:\/\/www.creasdecocci.fr\/wp-content\/uploads\/2026\/03\/Photoroom_20260318_094754.jpg","datePublished":"2022-02-15T09:38:05+00:00","dateModified":"2026-03-21T14:43:07+00:00","description":"Cocci vous pr\u00e9sente sa collection de bijoux orn\u00e9s de perles en pierre naturelle fabriqu\u00e9 dans son atelier pr\u00e8s de Rumilly : Boucles d'oreilles Romane","breadcrumb":{"@id":"https:\/\/www.creasdecocci.fr\/index.php\/produit\/boucles-doreilles-romane\/#breadcrumb"},"inLanguage":"fr-FR","potentialAction":[{"@type":"ReadAction","target":["https:\/\/www.creasdecocci.fr\/index.php\/produit\/boucles-doreilles-romane\/"]}]},{"@type":"ImageObject","inLanguage":"fr-FR","@id":"https:\/\/www.creasdecocci.fr\/index.php\/produit\/boucles-doreilles-romane\/#primaryimage","url":"https:\/\/www.creasdecocci.fr\/wp-content\/uploads\/2026\/03\/Photoroom_20260318_094754.jpg","contentUrl":"https:\/\/www.creasdecocci.fr\/wp-content\/uploads\/2026\/03\/Photoroom_20260318_094754.jpg","width":2400,"height":2400,"caption":"Boucles d'oreilles Romane"},{"@type":"BreadcrumbList","@id":"https:\/\/www.creasdecocci.fr\/index.php\/produit\/boucles-doreilles-romane\/#breadcrumb","itemListElement":[{"@type":"ListItem","position":1,"name":"Accueil","item":"https:\/\/www.creasdecocci.fr\/"},{"@type":"ListItem","position":2,"name":"Produits","item":"https:\/\/www.creasdecocci.fr\/index.php\/shop\/"},{"@type":"ListItem","position":3,"name":"Boucles d&rsquo;oreilles Romane"}]},{"@type":"WebSite","@id":"https:\/\/www.creasdecocci.fr\/#website","url":"https:\/\/www.creasdecocci.fr\/","name":"bijoux lithoth\u00e9rapie et d\u00e9coration \u00e0 rumilly","description":"","publisher":{"@id":"https:\/\/www.creasdecocci.fr\/#organization"},"potentialAction":[{"@type":"SearchAction","target":{"@type":"EntryPoint","urlTemplate":"https:\/\/www.creasdecocci.fr\/?s={search_term_string}"},"query-input":{"@type":"PropertyValueSpecification","valueRequired":true,"valueName":"search_term_string"}}],"inLanguage":"fr-FR"},{"@type":"Organization","@id":"https:\/\/www.creasdecocci.fr\/#organization","name":"bijoux lithoth\u00e9rapie et d\u00e9coration \u00e0 rumilly","url":"https:\/\/www.creasdecocci.fr\/","logo":{"@type":"ImageObject","inLanguage":"fr-FR","@id":"https:\/\/www.creasdecocci.fr\/#\/schema\/logo\/image\/","url":"https:\/\/www.creasdecocci.fr\/wp-content\/uploads\/2021\/12\/logo_creas_cocci.png","contentUrl":"https:\/\/www.creasdecocci.fr\/wp-content\/uploads\/2021\/12\/logo_creas_cocci.png","width":2212,"height":1060,"caption":"bijoux lithoth\u00e9rapie et d\u00e9coration \u00e0 rumilly"},"image":{"@id":"https:\/\/www.creasdecocci.fr\/#\/schema\/logo\/image\/"}}]}},"jetpack_sharing_enabled":true,"_links":{"self":[{"href":"https:\/\/www.creasdecocci.fr\/index.php\/wp-json\/wp\/v2\/product\/3797","targetHints":{"allow":["GET"]}}],"collection":[{"href":"https:\/\/www.creasdecocci.fr\/index.php\/wp-json\/wp\/v2\/product"}],"about":[{"href":"https:\/\/www.creasdecocci.fr\/index.php\/wp-json\/wp\/v2\/types\/product"}],"version-history":[{"count":21,"href":"https:\/\/www.creasdecocci.fr\/index.php\/wp-json\/wp\/v2\/product\/3797\/revisions"}],"predecessor-version":[{"id":11349,"href":"https:\/\/www.creasdecocci.fr\/index.php\/wp-json\/wp\/v2\/product\/3797\/revisions\/11349"}],"wp:featuredmedia":[{"embeddable":true,"href":"https:\/\/www.creasdecocci.fr\/index.php\/wp-json\/wp\/v2\/media\/11314"}],"wp:attachment":[{"href":"https:\/\/www.creasdecocci.fr\/index.php\/wp-json\/wp\/v2\/media?parent=3797"}],"wp:term":[{"taxonomy":"product_brand","embeddable":true,"href":"https:\/\/www.creasdecocci.fr\/index.php\/wp-json\/wp\/v2\/product_brand?post=3797"},{"taxonomy":"product_cat","embeddable":true,"href":"https:\/\/www.creasdecocci.fr\/index.php\/wp-json\/wp\/v2\/product_cat?post=3797"},{"taxonomy":"product_tag","embeddable":true,"href":"https:\/\/www.creasdecocci.fr\/index.php\/wp-json\/wp\/v2\/product_tag?post=3797"}],"curies":[{"name":"wp","href":"https:\/\/api.w.org\/{rel}","templated":true}]}}