{"id":7957,"date":"2023-08-01T16:23:28","date_gmt":"2023-08-01T14:23:28","guid":{"rendered":"https:\/\/www.creasdecocci.fr\/?post_type=product&#038;p=7957"},"modified":"2023-08-01T16:33:05","modified_gmt":"2023-08-01T14:33:05","slug":"bracelet-cheville-tresse","status":"publish","type":"product","link":"https:\/\/www.creasdecocci.fr\/index.php\/produit\/bracelet-cheville-tresse\/","title":{"rendered":"Bracelet cheville tress\u00e9"},"content":{"rendered":"\t\t<div data-elementor-type=\"wp-post\" data-elementor-id=\"7957\" class=\"elementor elementor-7957\">\n\t\t\t\t\t\t<section class=\"elementor-section elementor-top-section elementor-element elementor-element-13ad55b8 elementor-section-boxed elementor-section-height-default elementor-section-height-default\" data-id=\"13ad55b8\" data-element_type=\"section\" data-e-type=\"section\">\n\t\t\t\t\t\t<div class=\"elementor-container elementor-column-gap-default\">\n\t\t\t\t\t<div class=\"elementor-column elementor-col-100 elementor-top-column elementor-element elementor-element-3d814e06\" data-id=\"3d814e06\" data-element_type=\"column\" data-e-type=\"column\">\n\t\t\t<div class=\"elementor-widget-wrap elementor-element-populated\">\n\t\t\t\t\t\t<div class=\"elementor-element elementor-element-2e15317b elementor-widget elementor-widget-text-editor\" data-id=\"2e15317b\" data-element_type=\"widget\" data-e-type=\"widget\" data-widget_type=\"text-editor.default\">\n\t\t\t\t<div class=\"elementor-widget-container\">\n\t\t\t\t\t\t\t\t\t<p>Bracelet de cheville tiss\u00e9 \u00e0 la main avec passion et bienveillance en polyester cir\u00e9 de qualit\u00e9.<\/p><p>A vous de composer votre bracelet, couleur du fil, perles dor\u00e9es ou argent\u00e9es au choix !<\/p><p>La taille correspond \u00e0 votre tour de cheville, Cocci rajoute ensuite 1cm de marge.<\/p><p><img fetchpriority=\"high\" decoding=\"async\" src=\"https:\/\/www.creasdecocci.fr\/wp-content\/uploads\/2022\/01\/cocci_trefle-1024x502.png\" sizes=\"(max-width: 960px) 100vw, 960px\" srcset=\"https:\/\/www.creasdecocci.fr\/wp-content\/uploads\/2022\/01\/cocci_trefle-1024x502.png 1024w, https:\/\/www.creasdecocci.fr\/wp-content\/uploads\/2022\/01\/cocci_trefle-300x147.png 300w, https:\/\/www.creasdecocci.fr\/wp-content\/uploads\/2022\/01\/cocci_trefle-768x376.png 768w, https:\/\/www.creasdecocci.fr\/wp-content\/uploads\/2022\/01\/cocci_trefle-1140x558.png 1140w, https:\/\/www.creasdecocci.fr\/wp-content\/uploads\/2022\/01\/cocci_trefle-600x294.png 600w, https:\/\/www.creasdecocci.fr\/wp-content\/uploads\/2022\/01\/cocci_trefle.png 1282w\" alt=\"les cr\u00e9as de cocci\" width=\"960\" height=\"471\" \/><\/p><h2>Bijoux fabriqu\u00e9s en France par Les Cr\u00e9as de Cocci<\/h2><p>Cocci vous rappelle que chaque cr\u00e9ation est artisanale, il y a donc de l\u00e9g\u00e8res diff\u00e9rences entre les mod\u00e8les du site et votre commande. De plus, les perles utilis\u00e9es par Cocci sont en pierres naturelles et ne sont donc jamais identiques les unes avec les autres.<\/p><p>Cocci vous rappelle que la lithoth\u00e9rapie est une aide au bien-\u00eatre, en compl\u00e9ment d&rsquo;un traitement m\u00e9dical qu&rsquo;elle ne remplace en aucun cas.<\/p><p><a role=\"button\" href=\"https:\/\/www.creasdecocci.fr\/index.php\/lithotherapie-pierres-rumilly\/\"><br \/>Acc\u00e8s lithoth\u00e9rapie<br \/><\/a><\/p><p><style type=\"text\/css\">\t.st0{fill:#F5B16C;stroke:#F5B16C;stroke-width:0.5;stroke-miterlimit:10;}\t.st1{stroke:#000000;stroke-width:0.5;stroke-miterlimit:10;}<\/style><\/p><p><a role=\"button\" href=\"http:\/\/www.creasdecocci.fr\/index.php\/bijoux\/\"><br \/>Acc\u00e8s boutique bijoux<br \/><\/a><\/p><h2>Retrouvez les cr\u00e9as de cocci sur les r\u00e9seaux sociaux<\/h2><p><a href=\"https:\/\/www.facebook.com\/creas.decocci\" target=\"_blank\" rel=\"noopener\"><br \/>Cocci Facebook<br \/><\/a><\/p><p><style type=\"text\/css\">\t.st0{fill:#467585;}<\/style><\/p><p><a href=\"https:\/\/www.instagram.com\/lescreasdecocci\/\" target=\"_blank\" rel=\"noopener\"><br \/>Cocci Insta<br \/><\/a><\/p><p><style type=\"text\/css\">\t.st0{fill:#467585;}<\/style><\/p>\t\t\t\t\t\t\t\t<\/div>\n\t\t\t\t<\/div>\n\t\t\t\t\t<\/div>\n\t\t<\/div>\n\t\t\t\t\t<\/div>\n\t\t<\/section>\n\t\t\t\t<\/div>\n\t\t","protected":false},"excerpt":{"rendered":"<p>Bracelet de cheville tiss\u00e9 \u00e0 la main avec passion et bienveillance en polyester cir\u00e9 de qualit\u00e9. A vous de composer votre bracelet, couleur du fil, perles dor\u00e9es ou argent\u00e9es au choix ! La taille correspond \u00e0 votre tour de cheville, Cocci rajoute ensuite 1cm de marge. Bijoux fabriqu\u00e9s en France par Les Cr\u00e9as de Cocci Cocci vous rappelle que chaque cr\u00e9ation est artisanale, il y a donc de l\u00e9g\u00e8res diff\u00e9rences entre les mod\u00e8les du site et votre commande. De plus, les perles utilis\u00e9es par Cocci sont en pierres naturelles et ne sont donc jamais identiques les unes avec les autres. Cocci vous rappelle que la lithoth\u00e9rapie est une aide au bien-\u00eatre, en compl\u00e9ment d&rsquo;un traitement m\u00e9dical qu&rsquo;elle ne remplace en aucun cas. Acc\u00e8s lithoth\u00e9rapie Acc\u00e8s boutique bijoux Retrouvez les cr\u00e9as de cocci sur les r\u00e9seaux sociaux Cocci Facebook Cocci Insta<\/p>\n","protected":false},"featured_media":7947,"template":"","meta":[],"product_brand":[],"product_cat":[23,499],"product_tag":[64,314,315],"class_list":{"0":"post-7957","1":"product","2":"type-product","3":"status-publish","4":"has-post-thumbnail","6":"product_cat-bijoux","7":"product_cat-bijoux-de-cheville","8":"product_tag-amour","9":"product_tag-cicatrisation","10":"product_tag-reconfort","11":"pa_taille-poignet-20-cm","12":"pa_taille-poignet-21-cm","13":"pa_taille-poignet-22-cm","14":"pa_taille-poignet-23-cm","15":"pa_taille-poignet-24-cm","16":"pa_taille-poignet-25-cm","18":"first","19":"instock","20":"shipping-taxable","21":"purchasable","22":"product-type-variable"},"yoast_head":"<!-- This site is optimized with the Yoast SEO plugin v27.2 - https:\/\/yoast.com\/product\/yoast-seo-wordpress\/ -->\n<title>Bracelet cheville tress\u00e9 - bijoux lithoth\u00e9rapie et d\u00e9coration \u00e0 rumilly<\/title>\n<meta name=\"description\" content=\"Cocci vous pr\u00e9sente sa collection de bijoux en micro-macram\u00e9 fabriqu\u00e9s dans son atelier entre Rumilly et Annecy : le bracelet de cheville tress\u00e9\" \/>\n<meta name=\"robots\" content=\"index, follow, max-snippet:-1, max-image-preview:large, max-video-preview:-1\" \/>\n<link rel=\"canonical\" href=\"https:\/\/www.creasdecocci.fr\/index.php\/produit\/bracelet-cheville-tresse\/\" \/>\n<meta property=\"og:locale\" content=\"fr_FR\" \/>\n<meta property=\"og:type\" content=\"article\" \/>\n<meta property=\"og:title\" content=\"Bracelet cheville tress\u00e9 - bijoux lithoth\u00e9rapie et d\u00e9coration \u00e0 rumilly\" \/>\n<meta property=\"og:description\" content=\"Cocci vous pr\u00e9sente sa collection de bijoux en micro-macram\u00e9 fabriqu\u00e9s dans son atelier entre Rumilly et Annecy : le bracelet de cheville tress\u00e9\" \/>\n<meta property=\"og:url\" content=\"https:\/\/www.creasdecocci.fr\/index.php\/produit\/bracelet-cheville-tresse\/\" \/>\n<meta property=\"og:site_name\" content=\"bijoux lithoth\u00e9rapie et d\u00e9coration \u00e0 rumilly\" \/>\n<meta property=\"article:modified_time\" content=\"2023-08-01T14:33:05+00:00\" \/>\n<meta property=\"og:image\" content=\"https:\/\/www.creasdecocci.fr\/wp-content\/uploads\/2023\/07\/IMG_7573.jpg\" \/>\n\t<meta property=\"og:image:width\" content=\"640\" \/>\n\t<meta property=\"og:image:height\" content=\"640\" \/>\n\t<meta property=\"og:image:type\" content=\"image\/jpeg\" \/>\n<meta name=\"twitter:card\" content=\"summary_large_image\" \/>\n<meta name=\"twitter:label1\" content=\"Dur\u00e9e de lecture estim\u00e9e\" \/>\n\t<meta name=\"twitter:data1\" content=\"1 minute\" \/>\n<script type=\"application\/ld+json\" class=\"yoast-schema-graph\">{\"@context\":\"https:\/\/schema.org\",\"@graph\":[{\"@type\":\"WebPage\",\"@id\":\"https:\/\/www.creasdecocci.fr\/index.php\/produit\/bracelet-cheville-tresse\/\",\"url\":\"https:\/\/www.creasdecocci.fr\/index.php\/produit\/bracelet-cheville-tresse\/\",\"name\":\"Bracelet cheville tress\u00e9 - bijoux lithoth\u00e9rapie et d\u00e9coration \u00e0 rumilly\",\"isPartOf\":{\"@id\":\"https:\/\/www.creasdecocci.fr\/#website\"},\"primaryImageOfPage\":{\"@id\":\"https:\/\/www.creasdecocci.fr\/index.php\/produit\/bracelet-cheville-tresse\/#primaryimage\"},\"image\":{\"@id\":\"https:\/\/www.creasdecocci.fr\/index.php\/produit\/bracelet-cheville-tresse\/#primaryimage\"},\"thumbnailUrl\":\"https:\/\/www.creasdecocci.fr\/wp-content\/uploads\/2023\/07\/IMG_7573.jpg\",\"datePublished\":\"2023-08-01T14:23:28+00:00\",\"dateModified\":\"2023-08-01T14:33:05+00:00\",\"description\":\"Cocci vous pr\u00e9sente sa collection de bijoux en micro-macram\u00e9 fabriqu\u00e9s dans son atelier entre Rumilly et Annecy : le bracelet de cheville tress\u00e9\",\"breadcrumb\":{\"@id\":\"https:\/\/www.creasdecocci.fr\/index.php\/produit\/bracelet-cheville-tresse\/#breadcrumb\"},\"inLanguage\":\"fr-FR\",\"potentialAction\":[{\"@type\":\"ReadAction\",\"target\":[\"https:\/\/www.creasdecocci.fr\/index.php\/produit\/bracelet-cheville-tresse\/\"]}]},{\"@type\":\"ImageObject\",\"inLanguage\":\"fr-FR\",\"@id\":\"https:\/\/www.creasdecocci.fr\/index.php\/produit\/bracelet-cheville-tresse\/#primaryimage\",\"url\":\"https:\/\/www.creasdecocci.fr\/wp-content\/uploads\/2023\/07\/IMG_7573.jpg\",\"contentUrl\":\"https:\/\/www.creasdecocci.fr\/wp-content\/uploads\/2023\/07\/IMG_7573.jpg\",\"width\":640,\"height\":640},{\"@type\":\"BreadcrumbList\",\"@id\":\"https:\/\/www.creasdecocci.fr\/index.php\/produit\/bracelet-cheville-tresse\/#breadcrumb\",\"itemListElement\":[{\"@type\":\"ListItem\",\"position\":1,\"name\":\"Accueil\",\"item\":\"https:\/\/www.creasdecocci.fr\/\"},{\"@type\":\"ListItem\",\"position\":2,\"name\":\"Produits\",\"item\":\"https:\/\/www.creasdecocci.fr\/index.php\/shop\/\"},{\"@type\":\"ListItem\",\"position\":3,\"name\":\"Bracelet cheville tress\u00e9\"}]},{\"@type\":\"WebSite\",\"@id\":\"https:\/\/www.creasdecocci.fr\/#website\",\"url\":\"https:\/\/www.creasdecocci.fr\/\",\"name\":\"bijoux lithoth\u00e9rapie et d\u00e9coration \u00e0 rumilly\",\"description\":\"\",\"publisher\":{\"@id\":\"https:\/\/www.creasdecocci.fr\/#organization\"},\"potentialAction\":[{\"@type\":\"SearchAction\",\"target\":{\"@type\":\"EntryPoint\",\"urlTemplate\":\"https:\/\/www.creasdecocci.fr\/?s={search_term_string}\"},\"query-input\":{\"@type\":\"PropertyValueSpecification\",\"valueRequired\":true,\"valueName\":\"search_term_string\"}}],\"inLanguage\":\"fr-FR\"},{\"@type\":\"Organization\",\"@id\":\"https:\/\/www.creasdecocci.fr\/#organization\",\"name\":\"bijoux lithoth\u00e9rapie et d\u00e9coration \u00e0 rumilly\",\"url\":\"https:\/\/www.creasdecocci.fr\/\",\"logo\":{\"@type\":\"ImageObject\",\"inLanguage\":\"fr-FR\",\"@id\":\"https:\/\/www.creasdecocci.fr\/#\/schema\/logo\/image\/\",\"url\":\"https:\/\/www.creasdecocci.fr\/wp-content\/uploads\/2021\/12\/logo_creas_cocci.png\",\"contentUrl\":\"https:\/\/www.creasdecocci.fr\/wp-content\/uploads\/2021\/12\/logo_creas_cocci.png\",\"width\":2212,\"height\":1060,\"caption\":\"bijoux lithoth\u00e9rapie et d\u00e9coration \u00e0 rumilly\"},\"image\":{\"@id\":\"https:\/\/www.creasdecocci.fr\/#\/schema\/logo\/image\/\"}}]}<\/script>\n<!-- \/ Yoast SEO plugin. -->","yoast_head_json":{"title":"Bracelet cheville tress\u00e9 - bijoux lithoth\u00e9rapie et d\u00e9coration \u00e0 rumilly","description":"Cocci vous pr\u00e9sente sa collection de bijoux en micro-macram\u00e9 fabriqu\u00e9s dans son atelier entre Rumilly et Annecy : le bracelet de cheville tress\u00e9","robots":{"index":"index","follow":"follow","max-snippet":"max-snippet:-1","max-image-preview":"max-image-preview:large","max-video-preview":"max-video-preview:-1"},"canonical":"https:\/\/www.creasdecocci.fr\/index.php\/produit\/bracelet-cheville-tresse\/","og_locale":"fr_FR","og_type":"article","og_title":"Bracelet cheville tress\u00e9 - bijoux lithoth\u00e9rapie et d\u00e9coration \u00e0 rumilly","og_description":"Cocci vous pr\u00e9sente sa collection de bijoux en micro-macram\u00e9 fabriqu\u00e9s dans son atelier entre Rumilly et Annecy : le bracelet de cheville tress\u00e9","og_url":"https:\/\/www.creasdecocci.fr\/index.php\/produit\/bracelet-cheville-tresse\/","og_site_name":"bijoux lithoth\u00e9rapie et d\u00e9coration \u00e0 rumilly","article_modified_time":"2023-08-01T14:33:05+00:00","og_image":[{"width":640,"height":640,"url":"https:\/\/www.creasdecocci.fr\/wp-content\/uploads\/2023\/07\/IMG_7573.jpg","type":"image\/jpeg"}],"twitter_card":"summary_large_image","twitter_misc":{"Dur\u00e9e de lecture estim\u00e9e":"1 minute"},"schema":{"@context":"https:\/\/schema.org","@graph":[{"@type":"WebPage","@id":"https:\/\/www.creasdecocci.fr\/index.php\/produit\/bracelet-cheville-tresse\/","url":"https:\/\/www.creasdecocci.fr\/index.php\/produit\/bracelet-cheville-tresse\/","name":"Bracelet cheville tress\u00e9 - bijoux lithoth\u00e9rapie et d\u00e9coration \u00e0 rumilly","isPartOf":{"@id":"https:\/\/www.creasdecocci.fr\/#website"},"primaryImageOfPage":{"@id":"https:\/\/www.creasdecocci.fr\/index.php\/produit\/bracelet-cheville-tresse\/#primaryimage"},"image":{"@id":"https:\/\/www.creasdecocci.fr\/index.php\/produit\/bracelet-cheville-tresse\/#primaryimage"},"thumbnailUrl":"https:\/\/www.creasdecocci.fr\/wp-content\/uploads\/2023\/07\/IMG_7573.jpg","datePublished":"2023-08-01T14:23:28+00:00","dateModified":"2023-08-01T14:33:05+00:00","description":"Cocci vous pr\u00e9sente sa collection de bijoux en micro-macram\u00e9 fabriqu\u00e9s dans son atelier entre Rumilly et Annecy : le bracelet de cheville tress\u00e9","breadcrumb":{"@id":"https:\/\/www.creasdecocci.fr\/index.php\/produit\/bracelet-cheville-tresse\/#breadcrumb"},"inLanguage":"fr-FR","potentialAction":[{"@type":"ReadAction","target":["https:\/\/www.creasdecocci.fr\/index.php\/produit\/bracelet-cheville-tresse\/"]}]},{"@type":"ImageObject","inLanguage":"fr-FR","@id":"https:\/\/www.creasdecocci.fr\/index.php\/produit\/bracelet-cheville-tresse\/#primaryimage","url":"https:\/\/www.creasdecocci.fr\/wp-content\/uploads\/2023\/07\/IMG_7573.jpg","contentUrl":"https:\/\/www.creasdecocci.fr\/wp-content\/uploads\/2023\/07\/IMG_7573.jpg","width":640,"height":640},{"@type":"BreadcrumbList","@id":"https:\/\/www.creasdecocci.fr\/index.php\/produit\/bracelet-cheville-tresse\/#breadcrumb","itemListElement":[{"@type":"ListItem","position":1,"name":"Accueil","item":"https:\/\/www.creasdecocci.fr\/"},{"@type":"ListItem","position":2,"name":"Produits","item":"https:\/\/www.creasdecocci.fr\/index.php\/shop\/"},{"@type":"ListItem","position":3,"name":"Bracelet cheville tress\u00e9"}]},{"@type":"WebSite","@id":"https:\/\/www.creasdecocci.fr\/#website","url":"https:\/\/www.creasdecocci.fr\/","name":"bijoux lithoth\u00e9rapie et d\u00e9coration \u00e0 rumilly","description":"","publisher":{"@id":"https:\/\/www.creasdecocci.fr\/#organization"},"potentialAction":[{"@type":"SearchAction","target":{"@type":"EntryPoint","urlTemplate":"https:\/\/www.creasdecocci.fr\/?s={search_term_string}"},"query-input":{"@type":"PropertyValueSpecification","valueRequired":true,"valueName":"search_term_string"}}],"inLanguage":"fr-FR"},{"@type":"Organization","@id":"https:\/\/www.creasdecocci.fr\/#organization","name":"bijoux lithoth\u00e9rapie et d\u00e9coration \u00e0 rumilly","url":"https:\/\/www.creasdecocci.fr\/","logo":{"@type":"ImageObject","inLanguage":"fr-FR","@id":"https:\/\/www.creasdecocci.fr\/#\/schema\/logo\/image\/","url":"https:\/\/www.creasdecocci.fr\/wp-content\/uploads\/2021\/12\/logo_creas_cocci.png","contentUrl":"https:\/\/www.creasdecocci.fr\/wp-content\/uploads\/2021\/12\/logo_creas_cocci.png","width":2212,"height":1060,"caption":"bijoux lithoth\u00e9rapie et d\u00e9coration \u00e0 rumilly"},"image":{"@id":"https:\/\/www.creasdecocci.fr\/#\/schema\/logo\/image\/"}}]}},"jetpack_sharing_enabled":true,"_links":{"self":[{"href":"https:\/\/www.creasdecocci.fr\/index.php\/wp-json\/wp\/v2\/product\/7957","targetHints":{"allow":["GET"]}}],"collection":[{"href":"https:\/\/www.creasdecocci.fr\/index.php\/wp-json\/wp\/v2\/product"}],"about":[{"href":"https:\/\/www.creasdecocci.fr\/index.php\/wp-json\/wp\/v2\/types\/product"}],"version-history":[{"count":5,"href":"https:\/\/www.creasdecocci.fr\/index.php\/wp-json\/wp\/v2\/product\/7957\/revisions"}],"predecessor-version":[{"id":7963,"href":"https:\/\/www.creasdecocci.fr\/index.php\/wp-json\/wp\/v2\/product\/7957\/revisions\/7963"}],"wp:featuredmedia":[{"embeddable":true,"href":"https:\/\/www.creasdecocci.fr\/index.php\/wp-json\/wp\/v2\/media\/7947"}],"wp:attachment":[{"href":"https:\/\/www.creasdecocci.fr\/index.php\/wp-json\/wp\/v2\/media?parent=7957"}],"wp:term":[{"taxonomy":"product_brand","embeddable":true,"href":"https:\/\/www.creasdecocci.fr\/index.php\/wp-json\/wp\/v2\/product_brand?post=7957"},{"taxonomy":"product_cat","embeddable":true,"href":"https:\/\/www.creasdecocci.fr\/index.php\/wp-json\/wp\/v2\/product_cat?post=7957"},{"taxonomy":"product_tag","embeddable":true,"href":"https:\/\/www.creasdecocci.fr\/index.php\/wp-json\/wp\/v2\/product_tag?post=7957"}],"curies":[{"name":"wp","href":"https:\/\/api.w.org\/{rel}","templated":true}]}}