{"id":9545,"date":"2025-09-28T11:40:43","date_gmt":"2025-09-28T09:40:43","guid":{"rendered":"https:\/\/www.creasdecocci.fr\/?post_type=product&#038;p=9545"},"modified":"2026-03-22T08:30:13","modified_gmt":"2026-03-22T07:30:13","slug":"boucles-etoiles-vagabondes","status":"publish","type":"product","link":"https:\/\/www.creasdecocci.fr\/index.php\/produit\/boucles-etoiles-vagabondes\/","title":{"rendered":"Boucles d&rsquo;oreilles \u00e9toiles vagabondes"},"content":{"rendered":"<div class=\"flex flex-col text-sm\">\n<section class=\"text-token-text-primary w-full focus:outline-none [--shadow-height:45px] has-data-writing-block:pointer-events-none has-data-writing-block:-mt-(--shadow-height) has-data-writing-block:pt-(--shadow-height) [&amp;:has([data-writing-block])&gt;*]:pointer-events-auto scroll-mt-[calc(var(--header-height)+min(200px,max(70px,20svh)))]\" dir=\"auto\" data-turn-id=\"request-69badbac-8d60-832d-8e85-5e9279196838-2\" data-testid=\"conversation-turn-22\" data-scroll-anchor=\"true\" data-turn=\"assistant\">\n<div class=\"text-base my-auto mx-auto pb-10 [--thread-content-margin:var(--thread-content-margin-xs,calc(var(--spacing)*4))] @w-sm\/main:[--thread-content-margin:var(--thread-content-margin-sm,calc(var(--spacing)*6))] @w-lg\/main:[--thread-content-margin:var(--thread-content-margin-lg,calc(var(--spacing)*16))] px-(--thread-content-margin)\">\n<div class=\"[--thread-content-max-width:40rem] @w-lg\/main:[--thread-content-max-width:48rem] mx-auto max-w-(--thread-content-max-width) flex-1 group\/turn-messages focus-visible:outline-hidden relative flex w-full min-w-0 flex-col agent-turn\">\n<div class=\"flex max-w-full flex-col gap-4 grow\">\n<div class=\"min-h-8 text-message relative flex w-full flex-col items-end gap-2 text-start break-words whitespace-normal outline-none keyboard-focused:focus-ring [.text-message+&amp;]:mt-1\" dir=\"auto\" tabindex=\"0\" data-message-author-role=\"assistant\" data-message-id=\"74eff27b-e005-4066-a0da-e6efbf36c581\" data-message-model-slug=\"gpt-5-3\" data-turn-start-message=\"true\">\n<div class=\"flex w-full flex-col gap-1 empty:hidden\">\n<div class=\"markdown prose dark:prose-invert w-full wrap-break-word dark markdown-new-styling\">\n<p data-start=\"57\" data-end=\"111\"><strong data-start=\"57\" data-end=\"111\">Boucles d\u2019oreilles \u00e9toiles vagabonde \u2013 Cr\u00e9ation artisanale r\u00e9alis\u00e9e \u00e0 la main dans mon atelier \u00e0 Marcellaz-Albanais.<\/strong><\/p>\n<p data-start=\"113\" data-end=\"245\">Laissez-vous s\u00e9duire par les boucles d\u2019oreilles \u00e9toiles Vagabondes, une cr\u00e9ation po\u00e9tique et audacieuse qui invite au voyage et \u00e0 la libert\u00e9.<\/p>\n<p data-start=\"247\" data-end=\"527\">Leur design asym\u00e9trique m\u00eale avec finesse diff\u00e9rentes formes et textures, pour un rendu unique et plein de personnalit\u00e9. Etoiles d\u00e9licates, chaque d\u00e9tail raconte une histoire et cr\u00e9e une composition \u00e0 la fois ludique et \u00e9l\u00e9gante.<\/p>\n<p data-start=\"529\" data-end=\"672\">L\u2019asym\u00e9trie apporte une touche moderne et artistique, parfaite pour celles qui aiment sortir des codes tout en conservant une certaine douceur.<\/p>\n<p data-start=\"674\" data-end=\"870\">Leur design associe harmonieusement :<br data-start=\"711\" data-end=\"714\" \/>\u2022 des \u00e9toiles au style d\u00e9licat<br data-start=\"744\" data-end=\"747\" \/>\u2022 des perles aux nuances d\u00e9licates et naturelles<br data-start=\"777\" data-end=\"780\" \/>\u2022 des \u00e9l\u00e9ments dor\u00e9s ou argent\u00e9s aux formes vari\u00e9es<br data-start=\"819\" data-end=\"822\" \/>\u2022 une composition asym\u00e9trique pleine de charme<\/p>\n<p data-start=\"872\" data-end=\"968\">Chaque paire est assembl\u00e9e avec soin, pour offrir un bijou l\u00e9ger, original et agr\u00e9able \u00e0 porter.<\/p>\n<p data-start=\"970\" data-end=\"971\">\u2e3b<\/p>\n<p data-start=\"973\" data-end=\"1223\"><strong data-start=\"973\" data-end=\"986\">D\u00e9tails :<\/strong><br data-start=\"986\" data-end=\"989\" \/>\u2022 Mod\u00e8le : Boucles d\u2019oreilles \u00e9toiles vagabondes<br data-start=\"1028\" data-end=\"1031\" \/>\u2022 Type : Boucles asym\u00e9triques<br data-start=\"1145\" data-end=\"1148\" \/>\u2022 Attaches : Argent 925 ou argent dor\u00e9 \u00e0 l&rsquo;or fin<br data-start=\"1182\" data-end=\"1185\" \/>\u2022 Fabrication : Assemblage artisanal<\/p>\n<p data-start=\"1228\" data-end=\"1393\"><strong data-start=\"1228\" data-end=\"1254\">Pourquoi on les aime :<\/strong><br data-start=\"1254\" data-end=\"1257\" \/>\u2022 Design asym\u00e9trique tendance<br data-start=\"1286\" data-end=\"1289\" \/>\u2022 Esprit po\u00e9tique et cr\u00e9atif<br data-start=\"1317\" data-end=\"1320\" \/>\u2022 Bijoux l\u00e9gers et confortables<br data-start=\"1351\" data-end=\"1354\" \/>\u2022 Id\u00e9al pour affirmer un style unique<\/p>\n<p data-start=\"1398\" data-end=\"1544\" data-is-last-node=\"\" data-is-only-node=\"\">Une cr\u00e9ation id\u00e9ale pour celles qui aiment les bijoux libres et inspir\u00e9s, parfaits pour apporter une touche de fantaisie \u00e9l\u00e9gante \u00e0 leur tenue.<\/p>\n<\/div>\n<\/div>\n<\/div>\n<\/div>\n<\/div>\n<\/div>\n<\/section>\n<\/div>\n","protected":false},"excerpt":{"rendered":"<p>Boucles d\u2019oreilles \u00e9toiles vagabonde \u2013 Cr\u00e9ation artisanale r\u00e9alis\u00e9e \u00e0 la main dans mon atelier \u00e0 Marcellaz-Albanais. Laissez-vous s\u00e9duire par les boucles d\u2019oreilles \u00e9toiles Vagabondes, une cr\u00e9ation po\u00e9tique et audacieuse qui invite au voyage et \u00e0 la libert\u00e9. Leur design asym\u00e9trique m\u00eale avec finesse diff\u00e9rentes formes et textures, pour un rendu unique et plein de personnalit\u00e9. Etoiles d\u00e9licates, chaque d\u00e9tail raconte une histoire et cr\u00e9e une composition \u00e0 la fois ludique et \u00e9l\u00e9gante. L\u2019asym\u00e9trie apporte une touche moderne et artistique, parfaite pour celles qui aiment sortir des codes tout en conservant une certaine douceur. Leur design associe harmonieusement :\u2022 des \u00e9toiles au style d\u00e9licat\u2022 des perles aux nuances d\u00e9licates et naturelles\u2022 des \u00e9l\u00e9ments dor\u00e9s ou argent\u00e9s aux formes vari\u00e9es\u2022 une composition asym\u00e9trique pleine de charme Chaque paire est assembl\u00e9e avec soin, pour offrir un bijou l\u00e9ger, original et agr\u00e9able \u00e0 porter. \u2e3b D\u00e9tails :\u2022 Mod\u00e8le : Boucles d\u2019oreilles \u00e9toiles vagabondes\u2022 Type : Boucles asym\u00e9triques\u2022 Attaches : Argent 925 ou argent dor\u00e9 \u00e0 l&rsquo;or fin\u2022 Fabrication : Assemblage artisanal Pourquoi on les aime :\u2022 Design asym\u00e9trique tendance\u2022 Esprit po\u00e9tique et cr\u00e9atif\u2022 Bijoux l\u00e9gers et confortables\u2022 Id\u00e9al pour affirmer un style unique Une cr\u00e9ation id\u00e9ale pour celles qui aiment les bijoux libres et inspir\u00e9s, parfaits pour apporter une touche de fantaisie \u00e9l\u00e9gante \u00e0 leur tenue.<\/p>\n","protected":false},"featured_media":11330,"template":"","meta":[],"product_brand":[],"product_cat":[23,360],"product_tag":[622,583,549],"class_list":{"0":"post-9545","1":"product","2":"type-product","3":"status-publish","4":"has-post-thumbnail","6":"product_cat-bijoux","7":"product_cat-boucles-doreilles","8":"product_tag-boucles","9":"product_tag-etoile","10":"product_tag-perles-naturelles","11":"pa_perle-agate-arbre","12":"pa_perle-agate-botswana","13":"pa_perle-agate-de-feu","14":"pa_perle-aigue-marine","15":"pa_perle-amazonite","16":"pa_perle-amethyste","17":"pa_perle-angelite","18":"pa_perle-apatite","19":"pa_perle-aventurine","20":"pa_perle-bois-petrifie","21":"pa_perle-bronzite","22":"pa_perle-calcedoine","23":"pa_perle-chrysocolle","24":"pa_perle-citrine","25":"pa_perle-cornaline","26":"pa_perle-cristal-de-roche","27":"pa_perle-fluorine","28":"pa_perle-grenat","29":"pa_perle-hematite","30":"pa_perle-hessonite","31":"pa_perle-howlite","32":"pa_perle-jade","33":"pa_perle-jade-nephrite","34":"pa_perle-jaspe-dalmatien","35":"pa_perle-jaspe-paysage","36":"pa_perle-jaspe-rouge","37":"pa_perle-jaspe-sanguine","38":"pa_perle-kunzite","39":"pa_perle-labradorite","40":"pa_perle-lapis-lazuli","41":"pa_perle-lepidolite","42":"pa_perle-malachite","43":"pa_perle-mokaite","44":"pa_perle-nacre","45":"pa_perle-obsidienne","46":"pa_perle-obsidienne-neige","47":"pa_perle-oeil-de-faucon","48":"pa_perle-oeil-de-taureau","49":"pa_perle-oeil-de-tigre","50":"pa_perle-onyx","51":"pa_perle-opale-verte","52":"pa_perle-pierre-de-lave","53":"pa_perle-pierre-de-lune","54":"pa_perle-pierre-de-soleil","55":"pa_perle-pyrite","56":"pa_perle-quartz-fraise","57":"pa_perle-quartz-fume","58":"pa_perle-quartz-rose","59":"pa_perle-rhodonite","60":"pa_perle-serpentine","61":"pa_perle-sodalite","62":"pa_perle-tourmaline-rose","63":"pa_perle-turquoise","64":"pa_perle-turquoise-afrique","65":"pa_perle-unakite","67":"first","68":"instock","69":"shipping-taxable","70":"purchasable","71":"product-type-variable"},"yoast_head":"<!-- This site is optimized with the Yoast SEO plugin v27.2 - https:\/\/yoast.com\/product\/yoast-seo-wordpress\/ -->\n<title>Boucles d&#039;oreilles \u00e9toiles vagabondes - bijoux lithoth\u00e9rapie et d\u00e9coration \u00e0 rumilly<\/title>\n<meta name=\"description\" content=\"Cocci vous pr\u00e9sente sa collection de bijoux orn\u00e9s de perles en pierre naturelle fabriqu\u00e9 dans son atelier pr\u00e8s de Rumilly : Boucles \u00e9toiles vagabondes\" \/>\n<meta name=\"robots\" content=\"index, follow, max-snippet:-1, max-image-preview:large, max-video-preview:-1\" \/>\n<link rel=\"canonical\" href=\"https:\/\/www.creasdecocci.fr\/index.php\/produit\/boucles-etoiles-vagabondes\/\" \/>\n<meta property=\"og:locale\" content=\"fr_FR\" \/>\n<meta property=\"og:type\" content=\"article\" \/>\n<meta property=\"og:title\" content=\"Boucles d&#039;oreilles \u00e9toiles vagabondes - bijoux lithoth\u00e9rapie et d\u00e9coration \u00e0 rumilly\" \/>\n<meta property=\"og:description\" content=\"Cocci vous pr\u00e9sente sa collection de bijoux orn\u00e9s de perles en pierre naturelle fabriqu\u00e9 dans son atelier pr\u00e8s de Rumilly : Boucles \u00e9toiles vagabondes\" \/>\n<meta property=\"og:url\" content=\"https:\/\/www.creasdecocci.fr\/index.php\/produit\/boucles-etoiles-vagabondes\/\" \/>\n<meta property=\"og:site_name\" content=\"bijoux lithoth\u00e9rapie et d\u00e9coration \u00e0 rumilly\" \/>\n<meta property=\"article:modified_time\" content=\"2026-03-22T07:30:13+00:00\" \/>\n<meta property=\"og:image\" content=\"https:\/\/www.creasdecocci.fr\/wp-content\/uploads\/2026\/03\/Photoroom_20260225_182611.jpg\" \/>\n\t<meta property=\"og:image:width\" content=\"2400\" \/>\n\t<meta property=\"og:image:height\" content=\"2400\" \/>\n\t<meta property=\"og:image:type\" content=\"image\/jpeg\" \/>\n<meta name=\"twitter:card\" content=\"summary_large_image\" \/>\n<meta name=\"twitter:label1\" content=\"Dur\u00e9e de lecture estim\u00e9e\" \/>\n\t<meta name=\"twitter:data1\" content=\"11 minutes\" \/>\n<script type=\"application\/ld+json\" class=\"yoast-schema-graph\">{\"@context\":\"https:\/\/schema.org\",\"@graph\":[{\"@type\":\"WebPage\",\"@id\":\"https:\/\/www.creasdecocci.fr\/index.php\/produit\/boucles-etoiles-vagabondes\/\",\"url\":\"https:\/\/www.creasdecocci.fr\/index.php\/produit\/boucles-etoiles-vagabondes\/\",\"name\":\"Boucles d'oreilles \u00e9toiles vagabondes - bijoux lithoth\u00e9rapie et d\u00e9coration \u00e0 rumilly\",\"isPartOf\":{\"@id\":\"https:\/\/www.creasdecocci.fr\/#website\"},\"primaryImageOfPage\":{\"@id\":\"https:\/\/www.creasdecocci.fr\/index.php\/produit\/boucles-etoiles-vagabondes\/#primaryimage\"},\"image\":{\"@id\":\"https:\/\/www.creasdecocci.fr\/index.php\/produit\/boucles-etoiles-vagabondes\/#primaryimage\"},\"thumbnailUrl\":\"https:\/\/www.creasdecocci.fr\/wp-content\/uploads\/2026\/03\/Photoroom_20260225_182611.jpg\",\"datePublished\":\"2025-09-28T09:40:43+00:00\",\"dateModified\":\"2026-03-22T07:30:13+00:00\",\"description\":\"Cocci vous pr\u00e9sente sa collection de bijoux orn\u00e9s de perles en pierre naturelle fabriqu\u00e9 dans son atelier pr\u00e8s de Rumilly : Boucles \u00e9toiles vagabondes\",\"breadcrumb\":{\"@id\":\"https:\/\/www.creasdecocci.fr\/index.php\/produit\/boucles-etoiles-vagabondes\/#breadcrumb\"},\"inLanguage\":\"fr-FR\",\"potentialAction\":[{\"@type\":\"ReadAction\",\"target\":[\"https:\/\/www.creasdecocci.fr\/index.php\/produit\/boucles-etoiles-vagabondes\/\"]}]},{\"@type\":\"ImageObject\",\"inLanguage\":\"fr-FR\",\"@id\":\"https:\/\/www.creasdecocci.fr\/index.php\/produit\/boucles-etoiles-vagabondes\/#primaryimage\",\"url\":\"https:\/\/www.creasdecocci.fr\/wp-content\/uploads\/2026\/03\/Photoroom_20260225_182611.jpg\",\"contentUrl\":\"https:\/\/www.creasdecocci.fr\/wp-content\/uploads\/2026\/03\/Photoroom_20260225_182611.jpg\",\"width\":2400,\"height\":2400,\"caption\":\"Boucles \u00e9toiles vagabondes\"},{\"@type\":\"BreadcrumbList\",\"@id\":\"https:\/\/www.creasdecocci.fr\/index.php\/produit\/boucles-etoiles-vagabondes\/#breadcrumb\",\"itemListElement\":[{\"@type\":\"ListItem\",\"position\":1,\"name\":\"Accueil\",\"item\":\"https:\/\/www.creasdecocci.fr\/\"},{\"@type\":\"ListItem\",\"position\":2,\"name\":\"Produits\",\"item\":\"https:\/\/www.creasdecocci.fr\/index.php\/shop\/\"},{\"@type\":\"ListItem\",\"position\":3,\"name\":\"Boucles d&rsquo;oreilles \u00e9toiles vagabondes\"}]},{\"@type\":\"WebSite\",\"@id\":\"https:\/\/www.creasdecocci.fr\/#website\",\"url\":\"https:\/\/www.creasdecocci.fr\/\",\"name\":\"bijoux lithoth\u00e9rapie et d\u00e9coration \u00e0 rumilly\",\"description\":\"\",\"publisher\":{\"@id\":\"https:\/\/www.creasdecocci.fr\/#organization\"},\"potentialAction\":[{\"@type\":\"SearchAction\",\"target\":{\"@type\":\"EntryPoint\",\"urlTemplate\":\"https:\/\/www.creasdecocci.fr\/?s={search_term_string}\"},\"query-input\":{\"@type\":\"PropertyValueSpecification\",\"valueRequired\":true,\"valueName\":\"search_term_string\"}}],\"inLanguage\":\"fr-FR\"},{\"@type\":\"Organization\",\"@id\":\"https:\/\/www.creasdecocci.fr\/#organization\",\"name\":\"bijoux lithoth\u00e9rapie et d\u00e9coration \u00e0 rumilly\",\"url\":\"https:\/\/www.creasdecocci.fr\/\",\"logo\":{\"@type\":\"ImageObject\",\"inLanguage\":\"fr-FR\",\"@id\":\"https:\/\/www.creasdecocci.fr\/#\/schema\/logo\/image\/\",\"url\":\"https:\/\/www.creasdecocci.fr\/wp-content\/uploads\/2021\/12\/logo_creas_cocci.png\",\"contentUrl\":\"https:\/\/www.creasdecocci.fr\/wp-content\/uploads\/2021\/12\/logo_creas_cocci.png\",\"width\":2212,\"height\":1060,\"caption\":\"bijoux lithoth\u00e9rapie et d\u00e9coration \u00e0 rumilly\"},\"image\":{\"@id\":\"https:\/\/www.creasdecocci.fr\/#\/schema\/logo\/image\/\"}}]}<\/script>\n<!-- \/ Yoast SEO plugin. -->","yoast_head_json":{"title":"Boucles d'oreilles \u00e9toiles vagabondes - bijoux lithoth\u00e9rapie et d\u00e9coration \u00e0 rumilly","description":"Cocci vous pr\u00e9sente sa collection de bijoux orn\u00e9s de perles en pierre naturelle fabriqu\u00e9 dans son atelier pr\u00e8s de Rumilly : Boucles \u00e9toiles vagabondes","robots":{"index":"index","follow":"follow","max-snippet":"max-snippet:-1","max-image-preview":"max-image-preview:large","max-video-preview":"max-video-preview:-1"},"canonical":"https:\/\/www.creasdecocci.fr\/index.php\/produit\/boucles-etoiles-vagabondes\/","og_locale":"fr_FR","og_type":"article","og_title":"Boucles d'oreilles \u00e9toiles vagabondes - bijoux lithoth\u00e9rapie et d\u00e9coration \u00e0 rumilly","og_description":"Cocci vous pr\u00e9sente sa collection de bijoux orn\u00e9s de perles en pierre naturelle fabriqu\u00e9 dans son atelier pr\u00e8s de Rumilly : Boucles \u00e9toiles vagabondes","og_url":"https:\/\/www.creasdecocci.fr\/index.php\/produit\/boucles-etoiles-vagabondes\/","og_site_name":"bijoux lithoth\u00e9rapie et d\u00e9coration \u00e0 rumilly","article_modified_time":"2026-03-22T07:30:13+00:00","og_image":[{"width":2400,"height":2400,"url":"https:\/\/www.creasdecocci.fr\/wp-content\/uploads\/2026\/03\/Photoroom_20260225_182611.jpg","type":"image\/jpeg"}],"twitter_card":"summary_large_image","twitter_misc":{"Dur\u00e9e de lecture estim\u00e9e":"11 minutes"},"schema":{"@context":"https:\/\/schema.org","@graph":[{"@type":"WebPage","@id":"https:\/\/www.creasdecocci.fr\/index.php\/produit\/boucles-etoiles-vagabondes\/","url":"https:\/\/www.creasdecocci.fr\/index.php\/produit\/boucles-etoiles-vagabondes\/","name":"Boucles d'oreilles \u00e9toiles vagabondes - bijoux lithoth\u00e9rapie et d\u00e9coration \u00e0 rumilly","isPartOf":{"@id":"https:\/\/www.creasdecocci.fr\/#website"},"primaryImageOfPage":{"@id":"https:\/\/www.creasdecocci.fr\/index.php\/produit\/boucles-etoiles-vagabondes\/#primaryimage"},"image":{"@id":"https:\/\/www.creasdecocci.fr\/index.php\/produit\/boucles-etoiles-vagabondes\/#primaryimage"},"thumbnailUrl":"https:\/\/www.creasdecocci.fr\/wp-content\/uploads\/2026\/03\/Photoroom_20260225_182611.jpg","datePublished":"2025-09-28T09:40:43+00:00","dateModified":"2026-03-22T07:30:13+00:00","description":"Cocci vous pr\u00e9sente sa collection de bijoux orn\u00e9s de perles en pierre naturelle fabriqu\u00e9 dans son atelier pr\u00e8s de Rumilly : Boucles \u00e9toiles vagabondes","breadcrumb":{"@id":"https:\/\/www.creasdecocci.fr\/index.php\/produit\/boucles-etoiles-vagabondes\/#breadcrumb"},"inLanguage":"fr-FR","potentialAction":[{"@type":"ReadAction","target":["https:\/\/www.creasdecocci.fr\/index.php\/produit\/boucles-etoiles-vagabondes\/"]}]},{"@type":"ImageObject","inLanguage":"fr-FR","@id":"https:\/\/www.creasdecocci.fr\/index.php\/produit\/boucles-etoiles-vagabondes\/#primaryimage","url":"https:\/\/www.creasdecocci.fr\/wp-content\/uploads\/2026\/03\/Photoroom_20260225_182611.jpg","contentUrl":"https:\/\/www.creasdecocci.fr\/wp-content\/uploads\/2026\/03\/Photoroom_20260225_182611.jpg","width":2400,"height":2400,"caption":"Boucles \u00e9toiles vagabondes"},{"@type":"BreadcrumbList","@id":"https:\/\/www.creasdecocci.fr\/index.php\/produit\/boucles-etoiles-vagabondes\/#breadcrumb","itemListElement":[{"@type":"ListItem","position":1,"name":"Accueil","item":"https:\/\/www.creasdecocci.fr\/"},{"@type":"ListItem","position":2,"name":"Produits","item":"https:\/\/www.creasdecocci.fr\/index.php\/shop\/"},{"@type":"ListItem","position":3,"name":"Boucles d&rsquo;oreilles \u00e9toiles vagabondes"}]},{"@type":"WebSite","@id":"https:\/\/www.creasdecocci.fr\/#website","url":"https:\/\/www.creasdecocci.fr\/","name":"bijoux lithoth\u00e9rapie et d\u00e9coration \u00e0 rumilly","description":"","publisher":{"@id":"https:\/\/www.creasdecocci.fr\/#organization"},"potentialAction":[{"@type":"SearchAction","target":{"@type":"EntryPoint","urlTemplate":"https:\/\/www.creasdecocci.fr\/?s={search_term_string}"},"query-input":{"@type":"PropertyValueSpecification","valueRequired":true,"valueName":"search_term_string"}}],"inLanguage":"fr-FR"},{"@type":"Organization","@id":"https:\/\/www.creasdecocci.fr\/#organization","name":"bijoux lithoth\u00e9rapie et d\u00e9coration \u00e0 rumilly","url":"https:\/\/www.creasdecocci.fr\/","logo":{"@type":"ImageObject","inLanguage":"fr-FR","@id":"https:\/\/www.creasdecocci.fr\/#\/schema\/logo\/image\/","url":"https:\/\/www.creasdecocci.fr\/wp-content\/uploads\/2021\/12\/logo_creas_cocci.png","contentUrl":"https:\/\/www.creasdecocci.fr\/wp-content\/uploads\/2021\/12\/logo_creas_cocci.png","width":2212,"height":1060,"caption":"bijoux lithoth\u00e9rapie et d\u00e9coration \u00e0 rumilly"},"image":{"@id":"https:\/\/www.creasdecocci.fr\/#\/schema\/logo\/image\/"}}]}},"jetpack_sharing_enabled":true,"_links":{"self":[{"href":"https:\/\/www.creasdecocci.fr\/index.php\/wp-json\/wp\/v2\/product\/9545","targetHints":{"allow":["GET"]}}],"collection":[{"href":"https:\/\/www.creasdecocci.fr\/index.php\/wp-json\/wp\/v2\/product"}],"about":[{"href":"https:\/\/www.creasdecocci.fr\/index.php\/wp-json\/wp\/v2\/types\/product"}],"version-history":[{"count":8,"href":"https:\/\/www.creasdecocci.fr\/index.php\/wp-json\/wp\/v2\/product\/9545\/revisions"}],"predecessor-version":[{"id":11376,"href":"https:\/\/www.creasdecocci.fr\/index.php\/wp-json\/wp\/v2\/product\/9545\/revisions\/11376"}],"wp:featuredmedia":[{"embeddable":true,"href":"https:\/\/www.creasdecocci.fr\/index.php\/wp-json\/wp\/v2\/media\/11330"}],"wp:attachment":[{"href":"https:\/\/www.creasdecocci.fr\/index.php\/wp-json\/wp\/v2\/media?parent=9545"}],"wp:term":[{"taxonomy":"product_brand","embeddable":true,"href":"https:\/\/www.creasdecocci.fr\/index.php\/wp-json\/wp\/v2\/product_brand?post=9545"},{"taxonomy":"product_cat","embeddable":true,"href":"https:\/\/www.creasdecocci.fr\/index.php\/wp-json\/wp\/v2\/product_cat?post=9545"},{"taxonomy":"product_tag","embeddable":true,"href":"https:\/\/www.creasdecocci.fr\/index.php\/wp-json\/wp\/v2\/product_tag?post=9545"}],"curies":[{"name":"wp","href":"https:\/\/api.w.org\/{rel}","templated":true}]}}