{"id":9714,"date":"2026-02-14T21:18:18","date_gmt":"2026-02-14T20:18:18","guid":{"rendered":"https:\/\/www.creasdecocci.fr\/?post_type=product&#038;p=9714"},"modified":"2026-02-15T11:23:04","modified_gmt":"2026-02-15T10:23:04","slug":"carte-cadeau-dematerialisee-2","status":"publish","type":"product","link":"https:\/\/www.creasdecocci.fr\/index.php\/produit\/carte-cadeau-dematerialisee-2\/","title":{"rendered":"Carte cadeau d\u00e9mat\u00e9rialis\u00e9e"},"content":{"rendered":"<section class=\"elementor-section elementor-top-section elementor-element elementor-element-d8f2ab2 elementor-section-boxed elementor-section-height-default elementor-section-height-default\" data-id=\"d8f2ab2\" data-element_type=\"section\">\n<div class=\"elementor-container elementor-column-gap-default\">\n<div class=\"elementor-column elementor-col-100 elementor-top-column elementor-element elementor-element-f9d858c\" data-id=\"f9d858c\" data-element_type=\"column\">\n<div class=\"elementor-widget-wrap elementor-element-populated\">\n<div class=\"elementor-element elementor-element-162123c elementor-widget elementor-widget-text-editor\" data-id=\"162123c\" data-element_type=\"widget\" data-widget_type=\"text-editor.default\">\n<div class=\"elementor-widget-container\">\n<p>Envie de g\u00e2ter vos proches?<\/p>\n<p>Vous avez besoin d\u2019une id\u00e9e cadeau qui plaira \u00e0 tous les coups ou vous cherchez \u00e0 offrir une cr\u00e9ation de Cocci sur mesure\u2026 Ne cherchez plus vous \u00eates au bon endroit.<\/p>\n<p>Voici la carte cadeau avec montant au choix, valable 1 an.<\/p>\n<p>Ainsi vous pouvez respecter votre budget tout en laissant libre la personne de choisir la ou les cr\u00e9ations qui lui feront plaisir !<\/p>\n<\/div>\n<\/div>\n<\/div>\n<\/div>\n<\/div>\n<\/section>\n","protected":false},"excerpt":{"rendered":"<p>Envie de g\u00e2ter vos proches? Vous avez besoin d\u2019une id\u00e9e cadeau qui plaira \u00e0 tous les coups ou vous cherchez \u00e0 offrir une cr\u00e9ation de Cocci sur mesure\u2026 Ne cherchez plus vous \u00eates au bon endroit. Voici la carte cadeau avec montant au choix, valable 1 an. Ainsi vous pouvez respecter votre budget tout en laissant libre la personne de choisir la ou les cr\u00e9ations qui lui feront plaisir !<\/p>\n","protected":false},"featured_media":7340,"template":"","meta":[],"product_brand":[],"product_cat":[494],"product_tag":[88,474,204],"class_list":{"0":"post-9714","1":"product","2":"type-product","3":"status-publish","4":"has-post-thumbnail","6":"product_cat-bon-cadeau","7":"product_tag-bijoux","8":"product_tag-carte-cadeau","9":"product_tag-lithotherapie","11":"first","12":"instock","13":"shipping-taxable","14":"purchasable","15":"product-type-pw-gift-card"},"yoast_head":"<!-- This site is optimized with the Yoast SEO plugin v27.2 - https:\/\/yoast.com\/product\/yoast-seo-wordpress\/ -->\n<title>Carte cadeau d\u00e9mat\u00e9rialis\u00e9e - bijoux lithoth\u00e9rapie et d\u00e9coration \u00e0 rumilly<\/title>\n<meta name=\"robots\" content=\"index, follow, max-snippet:-1, max-image-preview:large, max-video-preview:-1\" \/>\n<link rel=\"canonical\" href=\"https:\/\/www.creasdecocci.fr\/index.php\/produit\/carte-cadeau-dematerialisee-2\/\" \/>\n<meta property=\"og:locale\" content=\"fr_FR\" \/>\n<meta property=\"og:type\" content=\"article\" \/>\n<meta property=\"og:title\" content=\"Carte cadeau d\u00e9mat\u00e9rialis\u00e9e - bijoux lithoth\u00e9rapie et d\u00e9coration \u00e0 rumilly\" \/>\n<meta property=\"og:description\" content=\"Envie de g\u00e2ter vos proches? Vous avez besoin d\u2019une id\u00e9e cadeau qui plaira \u00e0 tous les coups ou vous cherchez \u00e0 offrir une cr\u00e9ation de Cocci sur mesure\u2026 Ne cherchez plus vous \u00eates au bon endroit. Voici la carte cadeau avec montant au choix, valable 1 an. Ainsi vous pouvez respecter votre budget tout en laissant libre la personne de choisir la ou les cr\u00e9ations qui lui feront plaisir !\" \/>\n<meta property=\"og:url\" content=\"https:\/\/www.creasdecocci.fr\/index.php\/produit\/carte-cadeau-dematerialisee-2\/\" \/>\n<meta property=\"og:site_name\" content=\"bijoux lithoth\u00e9rapie et d\u00e9coration \u00e0 rumilly\" \/>\n<meta property=\"article:modified_time\" content=\"2026-02-15T10:23:04+00:00\" \/>\n<meta property=\"og:image\" content=\"https:\/\/www.creasdecocci.fr\/wp-content\/uploads\/2023\/03\/bon-cadeau.jpg\" \/>\n\t<meta property=\"og:image:width\" content=\"1164\" \/>\n\t<meta property=\"og:image:height\" content=\"828\" \/>\n\t<meta property=\"og:image:type\" content=\"image\/jpeg\" \/>\n<meta name=\"twitter:card\" content=\"summary_large_image\" \/>\n<script type=\"application\/ld+json\" class=\"yoast-schema-graph\">{\"@context\":\"https:\/\/schema.org\",\"@graph\":[{\"@type\":\"WebPage\",\"@id\":\"https:\/\/www.creasdecocci.fr\/index.php\/produit\/carte-cadeau-dematerialisee-2\/\",\"url\":\"https:\/\/www.creasdecocci.fr\/index.php\/produit\/carte-cadeau-dematerialisee-2\/\",\"name\":\"Carte cadeau d\u00e9mat\u00e9rialis\u00e9e - bijoux lithoth\u00e9rapie et d\u00e9coration \u00e0 rumilly\",\"isPartOf\":{\"@id\":\"https:\/\/www.creasdecocci.fr\/#website\"},\"primaryImageOfPage\":{\"@id\":\"https:\/\/www.creasdecocci.fr\/index.php\/produit\/carte-cadeau-dematerialisee-2\/#primaryimage\"},\"image\":{\"@id\":\"https:\/\/www.creasdecocci.fr\/index.php\/produit\/carte-cadeau-dematerialisee-2\/#primaryimage\"},\"thumbnailUrl\":\"https:\/\/www.creasdecocci.fr\/wp-content\/uploads\/2023\/03\/bon-cadeau.jpg\",\"datePublished\":\"2026-02-14T20:18:18+00:00\",\"dateModified\":\"2026-02-15T10:23:04+00:00\",\"breadcrumb\":{\"@id\":\"https:\/\/www.creasdecocci.fr\/index.php\/produit\/carte-cadeau-dematerialisee-2\/#breadcrumb\"},\"inLanguage\":\"fr-FR\",\"potentialAction\":[{\"@type\":\"ReadAction\",\"target\":[\"https:\/\/www.creasdecocci.fr\/index.php\/produit\/carte-cadeau-dematerialisee-2\/\"]}]},{\"@type\":\"ImageObject\",\"inLanguage\":\"fr-FR\",\"@id\":\"https:\/\/www.creasdecocci.fr\/index.php\/produit\/carte-cadeau-dematerialisee-2\/#primaryimage\",\"url\":\"https:\/\/www.creasdecocci.fr\/wp-content\/uploads\/2023\/03\/bon-cadeau.jpg\",\"contentUrl\":\"https:\/\/www.creasdecocci.fr\/wp-content\/uploads\/2023\/03\/bon-cadeau.jpg\",\"width\":1164,\"height\":828},{\"@type\":\"BreadcrumbList\",\"@id\":\"https:\/\/www.creasdecocci.fr\/index.php\/produit\/carte-cadeau-dematerialisee-2\/#breadcrumb\",\"itemListElement\":[{\"@type\":\"ListItem\",\"position\":1,\"name\":\"Accueil\",\"item\":\"https:\/\/www.creasdecocci.fr\/\"},{\"@type\":\"ListItem\",\"position\":2,\"name\":\"Produits\",\"item\":\"https:\/\/www.creasdecocci.fr\/index.php\/shop\/\"},{\"@type\":\"ListItem\",\"position\":3,\"name\":\"Carte cadeau d\u00e9mat\u00e9rialis\u00e9e\"}]},{\"@type\":\"WebSite\",\"@id\":\"https:\/\/www.creasdecocci.fr\/#website\",\"url\":\"https:\/\/www.creasdecocci.fr\/\",\"name\":\"bijoux lithoth\u00e9rapie et d\u00e9coration \u00e0 rumilly\",\"description\":\"\",\"publisher\":{\"@id\":\"https:\/\/www.creasdecocci.fr\/#organization\"},\"potentialAction\":[{\"@type\":\"SearchAction\",\"target\":{\"@type\":\"EntryPoint\",\"urlTemplate\":\"https:\/\/www.creasdecocci.fr\/?s={search_term_string}\"},\"query-input\":{\"@type\":\"PropertyValueSpecification\",\"valueRequired\":true,\"valueName\":\"search_term_string\"}}],\"inLanguage\":\"fr-FR\"},{\"@type\":\"Organization\",\"@id\":\"https:\/\/www.creasdecocci.fr\/#organization\",\"name\":\"bijoux lithoth\u00e9rapie et d\u00e9coration \u00e0 rumilly\",\"url\":\"https:\/\/www.creasdecocci.fr\/\",\"logo\":{\"@type\":\"ImageObject\",\"inLanguage\":\"fr-FR\",\"@id\":\"https:\/\/www.creasdecocci.fr\/#\/schema\/logo\/image\/\",\"url\":\"https:\/\/www.creasdecocci.fr\/wp-content\/uploads\/2021\/12\/logo_creas_cocci.png\",\"contentUrl\":\"https:\/\/www.creasdecocci.fr\/wp-content\/uploads\/2021\/12\/logo_creas_cocci.png\",\"width\":2212,\"height\":1060,\"caption\":\"bijoux lithoth\u00e9rapie et d\u00e9coration \u00e0 rumilly\"},\"image\":{\"@id\":\"https:\/\/www.creasdecocci.fr\/#\/schema\/logo\/image\/\"}}]}<\/script>\n<!-- \/ Yoast SEO plugin. -->","yoast_head_json":{"title":"Carte cadeau d\u00e9mat\u00e9rialis\u00e9e - bijoux lithoth\u00e9rapie et d\u00e9coration \u00e0 rumilly","robots":{"index":"index","follow":"follow","max-snippet":"max-snippet:-1","max-image-preview":"max-image-preview:large","max-video-preview":"max-video-preview:-1"},"canonical":"https:\/\/www.creasdecocci.fr\/index.php\/produit\/carte-cadeau-dematerialisee-2\/","og_locale":"fr_FR","og_type":"article","og_title":"Carte cadeau d\u00e9mat\u00e9rialis\u00e9e - bijoux lithoth\u00e9rapie et d\u00e9coration \u00e0 rumilly","og_description":"Envie de g\u00e2ter vos proches? Vous avez besoin d\u2019une id\u00e9e cadeau qui plaira \u00e0 tous les coups ou vous cherchez \u00e0 offrir une cr\u00e9ation de Cocci sur mesure\u2026 Ne cherchez plus vous \u00eates au bon endroit. Voici la carte cadeau avec montant au choix, valable 1 an. Ainsi vous pouvez respecter votre budget tout en laissant libre la personne de choisir la ou les cr\u00e9ations qui lui feront plaisir !","og_url":"https:\/\/www.creasdecocci.fr\/index.php\/produit\/carte-cadeau-dematerialisee-2\/","og_site_name":"bijoux lithoth\u00e9rapie et d\u00e9coration \u00e0 rumilly","article_modified_time":"2026-02-15T10:23:04+00:00","og_image":[{"width":1164,"height":828,"url":"https:\/\/www.creasdecocci.fr\/wp-content\/uploads\/2023\/03\/bon-cadeau.jpg","type":"image\/jpeg"}],"twitter_card":"summary_large_image","schema":{"@context":"https:\/\/schema.org","@graph":[{"@type":"WebPage","@id":"https:\/\/www.creasdecocci.fr\/index.php\/produit\/carte-cadeau-dematerialisee-2\/","url":"https:\/\/www.creasdecocci.fr\/index.php\/produit\/carte-cadeau-dematerialisee-2\/","name":"Carte cadeau d\u00e9mat\u00e9rialis\u00e9e - bijoux lithoth\u00e9rapie et d\u00e9coration \u00e0 rumilly","isPartOf":{"@id":"https:\/\/www.creasdecocci.fr\/#website"},"primaryImageOfPage":{"@id":"https:\/\/www.creasdecocci.fr\/index.php\/produit\/carte-cadeau-dematerialisee-2\/#primaryimage"},"image":{"@id":"https:\/\/www.creasdecocci.fr\/index.php\/produit\/carte-cadeau-dematerialisee-2\/#primaryimage"},"thumbnailUrl":"https:\/\/www.creasdecocci.fr\/wp-content\/uploads\/2023\/03\/bon-cadeau.jpg","datePublished":"2026-02-14T20:18:18+00:00","dateModified":"2026-02-15T10:23:04+00:00","breadcrumb":{"@id":"https:\/\/www.creasdecocci.fr\/index.php\/produit\/carte-cadeau-dematerialisee-2\/#breadcrumb"},"inLanguage":"fr-FR","potentialAction":[{"@type":"ReadAction","target":["https:\/\/www.creasdecocci.fr\/index.php\/produit\/carte-cadeau-dematerialisee-2\/"]}]},{"@type":"ImageObject","inLanguage":"fr-FR","@id":"https:\/\/www.creasdecocci.fr\/index.php\/produit\/carte-cadeau-dematerialisee-2\/#primaryimage","url":"https:\/\/www.creasdecocci.fr\/wp-content\/uploads\/2023\/03\/bon-cadeau.jpg","contentUrl":"https:\/\/www.creasdecocci.fr\/wp-content\/uploads\/2023\/03\/bon-cadeau.jpg","width":1164,"height":828},{"@type":"BreadcrumbList","@id":"https:\/\/www.creasdecocci.fr\/index.php\/produit\/carte-cadeau-dematerialisee-2\/#breadcrumb","itemListElement":[{"@type":"ListItem","position":1,"name":"Accueil","item":"https:\/\/www.creasdecocci.fr\/"},{"@type":"ListItem","position":2,"name":"Produits","item":"https:\/\/www.creasdecocci.fr\/index.php\/shop\/"},{"@type":"ListItem","position":3,"name":"Carte cadeau d\u00e9mat\u00e9rialis\u00e9e"}]},{"@type":"WebSite","@id":"https:\/\/www.creasdecocci.fr\/#website","url":"https:\/\/www.creasdecocci.fr\/","name":"bijoux lithoth\u00e9rapie et d\u00e9coration \u00e0 rumilly","description":"","publisher":{"@id":"https:\/\/www.creasdecocci.fr\/#organization"},"potentialAction":[{"@type":"SearchAction","target":{"@type":"EntryPoint","urlTemplate":"https:\/\/www.creasdecocci.fr\/?s={search_term_string}"},"query-input":{"@type":"PropertyValueSpecification","valueRequired":true,"valueName":"search_term_string"}}],"inLanguage":"fr-FR"},{"@type":"Organization","@id":"https:\/\/www.creasdecocci.fr\/#organization","name":"bijoux lithoth\u00e9rapie et d\u00e9coration \u00e0 rumilly","url":"https:\/\/www.creasdecocci.fr\/","logo":{"@type":"ImageObject","inLanguage":"fr-FR","@id":"https:\/\/www.creasdecocci.fr\/#\/schema\/logo\/image\/","url":"https:\/\/www.creasdecocci.fr\/wp-content\/uploads\/2021\/12\/logo_creas_cocci.png","contentUrl":"https:\/\/www.creasdecocci.fr\/wp-content\/uploads\/2021\/12\/logo_creas_cocci.png","width":2212,"height":1060,"caption":"bijoux lithoth\u00e9rapie et d\u00e9coration \u00e0 rumilly"},"image":{"@id":"https:\/\/www.creasdecocci.fr\/#\/schema\/logo\/image\/"}}]}},"jetpack_sharing_enabled":true,"_links":{"self":[{"href":"https:\/\/www.creasdecocci.fr\/index.php\/wp-json\/wp\/v2\/product\/9714","targetHints":{"allow":["GET"]}}],"collection":[{"href":"https:\/\/www.creasdecocci.fr\/index.php\/wp-json\/wp\/v2\/product"}],"about":[{"href":"https:\/\/www.creasdecocci.fr\/index.php\/wp-json\/wp\/v2\/types\/product"}],"version-history":[{"count":5,"href":"https:\/\/www.creasdecocci.fr\/index.php\/wp-json\/wp\/v2\/product\/9714\/revisions"}],"predecessor-version":[{"id":9736,"href":"https:\/\/www.creasdecocci.fr\/index.php\/wp-json\/wp\/v2\/product\/9714\/revisions\/9736"}],"wp:featuredmedia":[{"embeddable":true,"href":"https:\/\/www.creasdecocci.fr\/index.php\/wp-json\/wp\/v2\/media\/7340"}],"wp:attachment":[{"href":"https:\/\/www.creasdecocci.fr\/index.php\/wp-json\/wp\/v2\/media?parent=9714"}],"wp:term":[{"taxonomy":"product_brand","embeddable":true,"href":"https:\/\/www.creasdecocci.fr\/index.php\/wp-json\/wp\/v2\/product_brand?post=9714"},{"taxonomy":"product_cat","embeddable":true,"href":"https:\/\/www.creasdecocci.fr\/index.php\/wp-json\/wp\/v2\/product_cat?post=9714"},{"taxonomy":"product_tag","embeddable":true,"href":"https:\/\/www.creasdecocci.fr\/index.php\/wp-json\/wp\/v2\/product_tag?post=9714"}],"curies":[{"name":"wp","href":"https:\/\/api.w.org\/{rel}","templated":true}]}}