{"id":9775,"date":"2026-02-15T12:44:00","date_gmt":"2026-02-15T11:44:00","guid":{"rendered":"https:\/\/www.creasdecocci.fr\/?post_type=product&#038;p=9775"},"modified":"2026-02-15T13:08:07","modified_gmt":"2026-02-15T12:08:07","slug":"bon-pour-un-atelier-mala","status":"publish","type":"product","link":"https:\/\/www.creasdecocci.fr\/index.php\/produit\/bon-pour-un-atelier-mala\/","title":{"rendered":"Bon pour un atelier mala"},"content":{"rendered":"<p data-path-to-node=\"3\">Plongez dans l&rsquo;univers sacr\u00e9 du <b data-path-to-node=\"3\" data-index-in-node=\"32\">Mala<\/b>, ce collier traditionnel utilis\u00e9 depuis des mill\u00e9naires pour la m\u00e9ditation et le comptage des mantras. Un moment de calme et de concentration pour cr\u00e9er un objet puissant, personnel et sensoriel.<\/p>\n<h3 data-path-to-node=\"4\">Pourquoi cr\u00e9er son propre Mala ?<\/h3>\n<p data-path-to-node=\"5\">Le Mala est compos\u00e9 de <b data-path-to-node=\"5\" data-index-in-node=\"23\">108 perles<\/b>. Le fabriquer soi-m\u00eame permet d&rsquo;insuffler une intention particuli\u00e8re dans chaque n\u0153ud et chaque pierre. C&rsquo;est un v\u00e9ritable outil d&rsquo;ancrage qui vous accompagnera dans votre pratique spirituelle ou simplement comme un bijou protecteur au quotidien.<\/p>\n<h3 data-path-to-node=\"6\">L&rsquo;alliance des pierres et du bois sacr\u00e9<\/h3>\n<p data-path-to-node=\"7\">Pour cet atelier, chaque cr\u00e9ation int\u00e8gre une <b data-path-to-node=\"7\" data-index-in-node=\"46\">base en bois de Palo Santo<\/b>. Ce \u00ab\u00a0bois sacr\u00e9\u00a0\u00bb permet non seulement d&rsquo;<b data-path-to-node=\"7\" data-index-in-node=\"113\">all\u00e9ger votre collier<\/b> pour un port plus confortable, mais il apporte \u00e9galement une <b data-path-to-node=\"7\" data-index-in-node=\"196\">note bois\u00e9e et apaisante<\/b> qui vous enveloppe tout au long de la journ\u00e9e.<\/p>\n<h3 data-path-to-node=\"8\">Au programme de cet instant sacr\u00e9 :<\/h3>\n<ul data-path-to-node=\"9\">\n<li>\n<p data-path-to-node=\"9,0,0\"><b data-path-to-node=\"9,0,0\" data-index-in-node=\"0\">Choix des pierres :<\/b> S\u00e9lection des min\u00e9raux en fonction de vos besoins \u00e9nerg\u00e9tiques.<\/p>\n<\/li>\n<li>\n<p data-path-to-node=\"9,1,0\"><b data-path-to-node=\"9,1,0\" data-index-in-node=\"0\">Le rythme des 108 perles :<\/b> Apprentissage de la symbolique et du montage traditionnel (enfilage et n\u0153uds).<\/p>\n<\/li>\n<li>\n<p data-path-to-node=\"9,2,0\"><b data-path-to-node=\"9,2,0\" data-index-in-node=\"0\">Assemblage sensoriel :<\/b> Int\u00e9gration des perles de Palo Santo pour la l\u00e9g\u00e8ret\u00e9 et le parfum.<\/p>\n<\/li>\n<li>\n<p data-path-to-node=\"9,3,0\"><b data-path-to-node=\"9,3,0\" data-index-in-node=\"0\">Finalisation :<\/b> Choix et pose de la perle \u00ab\u00a0Gourou\u00a0\u00bb et du pompon (tassel).<\/p>\n<\/li>\n<\/ul>\n<p data-path-to-node=\"10,0\"><b data-path-to-node=\"10,0\" data-index-in-node=\"0\">Le petit plus :<\/b> Plus qu&rsquo;un bijou, vous repartez avec un compagnon de route unique, reflet de votre cheminement int\u00e9rieur et de vos sens.<\/p>\n<hr data-path-to-node=\"11\" \/>\n<h3 data-path-to-node=\"12\">Informations Pratiques<\/h3>\n<ul data-path-to-node=\"13\">\n<li>\n<p data-path-to-node=\"13,0,0\">\u23f3 <b data-path-to-node=\"13,0,0\" data-index-in-node=\"2\">Dur\u00e9e :<\/b> 2 heures minimum<\/p>\n<\/li>\n<li>\n<p data-path-to-node=\"13,1,0\">\ud83d\udcc5 <b data-path-to-node=\"13,1,0\" data-index-in-node=\"3\">Disponibilit\u00e9 :<\/b> Uniquement sur <b data-path-to-node=\"13,1,0\" data-index-in-node=\"34\">rendez-vous<\/b><\/p>\n<\/li>\n<li>\n<p data-path-to-node=\"13,2,0\">\ud83d\udcb0 <b data-path-to-node=\"13,2,0\" data-index-in-node=\"3\">Tarif :<\/b> 85 \u20ac (tout le mat\u00e9riel est inclus : pierres, Palo Santo, fil et appr\u00eats)<\/p>\n<\/li>\n<\/ul>\n","protected":false},"excerpt":{"rendered":"<p>Plongez dans l&rsquo;univers sacr\u00e9 du Mala, ce collier traditionnel utilis\u00e9 depuis des mill\u00e9naires pour la m\u00e9ditation et le comptage des mantras. Un moment de calme et de concentration pour cr\u00e9er un objet puissant, personnel et sensoriel. Pourquoi cr\u00e9er son propre Mala ? Le Mala est compos\u00e9 de 108 perles. Le fabriquer soi-m\u00eame permet d&rsquo;insuffler une intention particuli\u00e8re dans chaque n\u0153ud et chaque pierre. C&rsquo;est un v\u00e9ritable outil d&rsquo;ancrage qui vous accompagnera dans votre pratique spirituelle ou simplement comme un bijou protecteur au quotidien. L&rsquo;alliance des pierres et du bois sacr\u00e9 Pour cet atelier, chaque cr\u00e9ation int\u00e8gre une base en bois de Palo Santo. Ce \u00ab\u00a0bois sacr\u00e9\u00a0\u00bb permet non seulement d&rsquo;all\u00e9ger votre collier pour un port plus confortable, mais il apporte \u00e9galement une note bois\u00e9e et apaisante qui vous enveloppe tout au long de la journ\u00e9e. Au programme de cet instant sacr\u00e9 : Choix des pierres : S\u00e9lection des min\u00e9raux en fonction de vos besoins \u00e9nerg\u00e9tiques. Le rythme des 108 perles : Apprentissage de la symbolique et du montage traditionnel (enfilage et n\u0153uds). Assemblage sensoriel : Int\u00e9gration des perles de Palo Santo pour la l\u00e9g\u00e8ret\u00e9 et le parfum. Finalisation : Choix et pose de la perle \u00ab\u00a0Gourou\u00a0\u00bb et du pompon (tassel). Le petit plus : Plus qu&rsquo;un bijou, vous repartez avec un compagnon de route unique, reflet de votre cheminement int\u00e9rieur et de vos sens. Informations Pratiques \u23f3 Dur\u00e9e : 2 heures minimum \ud83d\udcc5 Disponibilit\u00e9 : Uniquement sur rendez-vous \ud83d\udcb0 Tarif : 85 \u20ac (tout le mat\u00e9riel est inclus : pierres, Palo Santo, fil et appr\u00eats)<\/p>\n","protected":false},"featured_media":9777,"template":"","meta":[],"product_brand":[],"product_cat":[494],"product_tag":[88,474,585],"class_list":{"0":"post-9775","1":"product","2":"type-product","3":"status-publish","4":"has-post-thumbnail","6":"product_cat-bon-cadeau","7":"product_tag-bijoux","8":"product_tag-carte-cadeau","9":"product_tag-lithoterapie","11":"first","12":"instock","13":"shipping-taxable","14":"purchasable","15":"product-type-simple"},"yoast_head":"<!-- This site is optimized with the Yoast SEO plugin v27.2 - https:\/\/yoast.com\/product\/yoast-seo-wordpress\/ -->\n<title>Bon pour un atelier mala - bijoux lithoth\u00e9rapie et d\u00e9coration \u00e0 rumilly<\/title>\n<meta name=\"robots\" content=\"index, follow, max-snippet:-1, max-image-preview:large, max-video-preview:-1\" \/>\n<link rel=\"canonical\" href=\"https:\/\/www.creasdecocci.fr\/index.php\/produit\/bon-pour-un-atelier-mala\/\" \/>\n<meta property=\"og:locale\" content=\"fr_FR\" \/>\n<meta property=\"og:type\" content=\"article\" \/>\n<meta property=\"og:title\" content=\"Bon pour un atelier mala - bijoux lithoth\u00e9rapie et d\u00e9coration \u00e0 rumilly\" \/>\n<meta property=\"og:description\" content=\"Plongez dans l&rsquo;univers sacr\u00e9 du Mala, ce collier traditionnel utilis\u00e9 depuis des mill\u00e9naires pour la m\u00e9ditation et le comptage des mantras. Un moment de calme et de concentration pour cr\u00e9er un objet puissant, personnel et sensoriel. Pourquoi cr\u00e9er son propre Mala ? Le Mala est compos\u00e9 de 108 perles. Le fabriquer soi-m\u00eame permet d&rsquo;insuffler une intention particuli\u00e8re dans chaque n\u0153ud et chaque pierre. C&rsquo;est un v\u00e9ritable outil d&rsquo;ancrage qui vous accompagnera dans votre pratique spirituelle ou simplement comme un bijou protecteur au quotidien. L&rsquo;alliance des pierres et du bois sacr\u00e9 Pour cet atelier, chaque cr\u00e9ation int\u00e8gre une base en bois de Palo Santo. Ce \u00ab\u00a0bois sacr\u00e9\u00a0\u00bb permet non seulement d&rsquo;all\u00e9ger votre collier pour un port plus confortable, mais il apporte \u00e9galement une note bois\u00e9e et apaisante qui vous enveloppe tout au long de la journ\u00e9e. Au programme de cet instant sacr\u00e9 : Choix des pierres : S\u00e9lection des min\u00e9raux en fonction de vos besoins \u00e9nerg\u00e9tiques. Le rythme des 108 perles : Apprentissage de la symbolique et du montage traditionnel (enfilage et n\u0153uds). Assemblage sensoriel : Int\u00e9gration des perles de Palo Santo pour la l\u00e9g\u00e8ret\u00e9 et le parfum. Finalisation : Choix et pose de la perle \u00ab\u00a0Gourou\u00a0\u00bb et du pompon (tassel). Le petit plus : Plus qu&rsquo;un bijou, vous repartez avec un compagnon de route unique, reflet de votre cheminement int\u00e9rieur et de vos sens. Informations Pratiques \u23f3 Dur\u00e9e : 2 heures minimum \ud83d\udcc5 Disponibilit\u00e9 : Uniquement sur rendez-vous \ud83d\udcb0 Tarif : 85 \u20ac (tout le mat\u00e9riel est inclus : pierres, Palo Santo, fil et appr\u00eats)\" \/>\n<meta property=\"og:url\" content=\"https:\/\/www.creasdecocci.fr\/index.php\/produit\/bon-pour-un-atelier-mala\/\" \/>\n<meta property=\"og:site_name\" content=\"bijoux lithoth\u00e9rapie et d\u00e9coration \u00e0 rumilly\" \/>\n<meta property=\"article:modified_time\" content=\"2026-02-15T12:08:07+00:00\" \/>\n<meta property=\"og:image\" content=\"https:\/\/www.creasdecocci.fr\/wp-content\/uploads\/2026\/02\/C231652A-526E-4298-9A12-57CCDBBD8C0F.png\" \/>\n\t<meta property=\"og:image:width\" content=\"853\" \/>\n\t<meta property=\"og:image:height\" content=\"1280\" \/>\n\t<meta property=\"og:image:type\" content=\"image\/png\" \/>\n<meta name=\"twitter:card\" content=\"summary_large_image\" \/>\n<meta name=\"twitter:label1\" content=\"Dur\u00e9e de lecture estim\u00e9e\" \/>\n\t<meta name=\"twitter:data1\" content=\"1 minute\" \/>\n<script type=\"application\/ld+json\" class=\"yoast-schema-graph\">{\"@context\":\"https:\/\/schema.org\",\"@graph\":[{\"@type\":\"WebPage\",\"@id\":\"https:\/\/www.creasdecocci.fr\/index.php\/produit\/bon-pour-un-atelier-mala\/\",\"url\":\"https:\/\/www.creasdecocci.fr\/index.php\/produit\/bon-pour-un-atelier-mala\/\",\"name\":\"Bon pour un atelier mala - bijoux lithoth\u00e9rapie et d\u00e9coration \u00e0 rumilly\",\"isPartOf\":{\"@id\":\"https:\/\/www.creasdecocci.fr\/#website\"},\"primaryImageOfPage\":{\"@id\":\"https:\/\/www.creasdecocci.fr\/index.php\/produit\/bon-pour-un-atelier-mala\/#primaryimage\"},\"image\":{\"@id\":\"https:\/\/www.creasdecocci.fr\/index.php\/produit\/bon-pour-un-atelier-mala\/#primaryimage\"},\"thumbnailUrl\":\"https:\/\/www.creasdecocci.fr\/wp-content\/uploads\/2026\/02\/C231652A-526E-4298-9A12-57CCDBBD8C0F.png\",\"datePublished\":\"2026-02-15T11:44:00+00:00\",\"dateModified\":\"2026-02-15T12:08:07+00:00\",\"breadcrumb\":{\"@id\":\"https:\/\/www.creasdecocci.fr\/index.php\/produit\/bon-pour-un-atelier-mala\/#breadcrumb\"},\"inLanguage\":\"fr-FR\",\"potentialAction\":[{\"@type\":\"ReadAction\",\"target\":[\"https:\/\/www.creasdecocci.fr\/index.php\/produit\/bon-pour-un-atelier-mala\/\"]}]},{\"@type\":\"ImageObject\",\"inLanguage\":\"fr-FR\",\"@id\":\"https:\/\/www.creasdecocci.fr\/index.php\/produit\/bon-pour-un-atelier-mala\/#primaryimage\",\"url\":\"https:\/\/www.creasdecocci.fr\/wp-content\/uploads\/2026\/02\/C231652A-526E-4298-9A12-57CCDBBD8C0F.png\",\"contentUrl\":\"https:\/\/www.creasdecocci.fr\/wp-content\/uploads\/2026\/02\/C231652A-526E-4298-9A12-57CCDBBD8C0F.png\",\"width\":853,\"height\":1280},{\"@type\":\"BreadcrumbList\",\"@id\":\"https:\/\/www.creasdecocci.fr\/index.php\/produit\/bon-pour-un-atelier-mala\/#breadcrumb\",\"itemListElement\":[{\"@type\":\"ListItem\",\"position\":1,\"name\":\"Accueil\",\"item\":\"https:\/\/www.creasdecocci.fr\/\"},{\"@type\":\"ListItem\",\"position\":2,\"name\":\"Produits\",\"item\":\"https:\/\/www.creasdecocci.fr\/index.php\/shop\/\"},{\"@type\":\"ListItem\",\"position\":3,\"name\":\"Bon pour un atelier mala\"}]},{\"@type\":\"WebSite\",\"@id\":\"https:\/\/www.creasdecocci.fr\/#website\",\"url\":\"https:\/\/www.creasdecocci.fr\/\",\"name\":\"bijoux lithoth\u00e9rapie et d\u00e9coration \u00e0 rumilly\",\"description\":\"\",\"publisher\":{\"@id\":\"https:\/\/www.creasdecocci.fr\/#organization\"},\"potentialAction\":[{\"@type\":\"SearchAction\",\"target\":{\"@type\":\"EntryPoint\",\"urlTemplate\":\"https:\/\/www.creasdecocci.fr\/?s={search_term_string}\"},\"query-input\":{\"@type\":\"PropertyValueSpecification\",\"valueRequired\":true,\"valueName\":\"search_term_string\"}}],\"inLanguage\":\"fr-FR\"},{\"@type\":\"Organization\",\"@id\":\"https:\/\/www.creasdecocci.fr\/#organization\",\"name\":\"bijoux lithoth\u00e9rapie et d\u00e9coration \u00e0 rumilly\",\"url\":\"https:\/\/www.creasdecocci.fr\/\",\"logo\":{\"@type\":\"ImageObject\",\"inLanguage\":\"fr-FR\",\"@id\":\"https:\/\/www.creasdecocci.fr\/#\/schema\/logo\/image\/\",\"url\":\"https:\/\/www.creasdecocci.fr\/wp-content\/uploads\/2021\/12\/logo_creas_cocci.png\",\"contentUrl\":\"https:\/\/www.creasdecocci.fr\/wp-content\/uploads\/2021\/12\/logo_creas_cocci.png\",\"width\":2212,\"height\":1060,\"caption\":\"bijoux lithoth\u00e9rapie et d\u00e9coration \u00e0 rumilly\"},\"image\":{\"@id\":\"https:\/\/www.creasdecocci.fr\/#\/schema\/logo\/image\/\"}}]}<\/script>\n<!-- \/ Yoast SEO plugin. -->","yoast_head_json":{"title":"Bon pour un atelier mala - bijoux lithoth\u00e9rapie et d\u00e9coration \u00e0 rumilly","robots":{"index":"index","follow":"follow","max-snippet":"max-snippet:-1","max-image-preview":"max-image-preview:large","max-video-preview":"max-video-preview:-1"},"canonical":"https:\/\/www.creasdecocci.fr\/index.php\/produit\/bon-pour-un-atelier-mala\/","og_locale":"fr_FR","og_type":"article","og_title":"Bon pour un atelier mala - bijoux lithoth\u00e9rapie et d\u00e9coration \u00e0 rumilly","og_description":"Plongez dans l&rsquo;univers sacr\u00e9 du Mala, ce collier traditionnel utilis\u00e9 depuis des mill\u00e9naires pour la m\u00e9ditation et le comptage des mantras. Un moment de calme et de concentration pour cr\u00e9er un objet puissant, personnel et sensoriel. Pourquoi cr\u00e9er son propre Mala ? Le Mala est compos\u00e9 de 108 perles. Le fabriquer soi-m\u00eame permet d&rsquo;insuffler une intention particuli\u00e8re dans chaque n\u0153ud et chaque pierre. C&rsquo;est un v\u00e9ritable outil d&rsquo;ancrage qui vous accompagnera dans votre pratique spirituelle ou simplement comme un bijou protecteur au quotidien. L&rsquo;alliance des pierres et du bois sacr\u00e9 Pour cet atelier, chaque cr\u00e9ation int\u00e8gre une base en bois de Palo Santo. Ce \u00ab\u00a0bois sacr\u00e9\u00a0\u00bb permet non seulement d&rsquo;all\u00e9ger votre collier pour un port plus confortable, mais il apporte \u00e9galement une note bois\u00e9e et apaisante qui vous enveloppe tout au long de la journ\u00e9e. Au programme de cet instant sacr\u00e9 : Choix des pierres : S\u00e9lection des min\u00e9raux en fonction de vos besoins \u00e9nerg\u00e9tiques. Le rythme des 108 perles : Apprentissage de la symbolique et du montage traditionnel (enfilage et n\u0153uds). Assemblage sensoriel : Int\u00e9gration des perles de Palo Santo pour la l\u00e9g\u00e8ret\u00e9 et le parfum. Finalisation : Choix et pose de la perle \u00ab\u00a0Gourou\u00a0\u00bb et du pompon (tassel). Le petit plus : Plus qu&rsquo;un bijou, vous repartez avec un compagnon de route unique, reflet de votre cheminement int\u00e9rieur et de vos sens. Informations Pratiques \u23f3 Dur\u00e9e : 2 heures minimum \ud83d\udcc5 Disponibilit\u00e9 : Uniquement sur rendez-vous \ud83d\udcb0 Tarif : 85 \u20ac (tout le mat\u00e9riel est inclus : pierres, Palo Santo, fil et appr\u00eats)","og_url":"https:\/\/www.creasdecocci.fr\/index.php\/produit\/bon-pour-un-atelier-mala\/","og_site_name":"bijoux lithoth\u00e9rapie et d\u00e9coration \u00e0 rumilly","article_modified_time":"2026-02-15T12:08:07+00:00","og_image":[{"width":853,"height":1280,"url":"https:\/\/www.creasdecocci.fr\/wp-content\/uploads\/2026\/02\/C231652A-526E-4298-9A12-57CCDBBD8C0F.png","type":"image\/png"}],"twitter_card":"summary_large_image","twitter_misc":{"Dur\u00e9e de lecture estim\u00e9e":"1 minute"},"schema":{"@context":"https:\/\/schema.org","@graph":[{"@type":"WebPage","@id":"https:\/\/www.creasdecocci.fr\/index.php\/produit\/bon-pour-un-atelier-mala\/","url":"https:\/\/www.creasdecocci.fr\/index.php\/produit\/bon-pour-un-atelier-mala\/","name":"Bon pour un atelier mala - bijoux lithoth\u00e9rapie et d\u00e9coration \u00e0 rumilly","isPartOf":{"@id":"https:\/\/www.creasdecocci.fr\/#website"},"primaryImageOfPage":{"@id":"https:\/\/www.creasdecocci.fr\/index.php\/produit\/bon-pour-un-atelier-mala\/#primaryimage"},"image":{"@id":"https:\/\/www.creasdecocci.fr\/index.php\/produit\/bon-pour-un-atelier-mala\/#primaryimage"},"thumbnailUrl":"https:\/\/www.creasdecocci.fr\/wp-content\/uploads\/2026\/02\/C231652A-526E-4298-9A12-57CCDBBD8C0F.png","datePublished":"2026-02-15T11:44:00+00:00","dateModified":"2026-02-15T12:08:07+00:00","breadcrumb":{"@id":"https:\/\/www.creasdecocci.fr\/index.php\/produit\/bon-pour-un-atelier-mala\/#breadcrumb"},"inLanguage":"fr-FR","potentialAction":[{"@type":"ReadAction","target":["https:\/\/www.creasdecocci.fr\/index.php\/produit\/bon-pour-un-atelier-mala\/"]}]},{"@type":"ImageObject","inLanguage":"fr-FR","@id":"https:\/\/www.creasdecocci.fr\/index.php\/produit\/bon-pour-un-atelier-mala\/#primaryimage","url":"https:\/\/www.creasdecocci.fr\/wp-content\/uploads\/2026\/02\/C231652A-526E-4298-9A12-57CCDBBD8C0F.png","contentUrl":"https:\/\/www.creasdecocci.fr\/wp-content\/uploads\/2026\/02\/C231652A-526E-4298-9A12-57CCDBBD8C0F.png","width":853,"height":1280},{"@type":"BreadcrumbList","@id":"https:\/\/www.creasdecocci.fr\/index.php\/produit\/bon-pour-un-atelier-mala\/#breadcrumb","itemListElement":[{"@type":"ListItem","position":1,"name":"Accueil","item":"https:\/\/www.creasdecocci.fr\/"},{"@type":"ListItem","position":2,"name":"Produits","item":"https:\/\/www.creasdecocci.fr\/index.php\/shop\/"},{"@type":"ListItem","position":3,"name":"Bon pour un atelier mala"}]},{"@type":"WebSite","@id":"https:\/\/www.creasdecocci.fr\/#website","url":"https:\/\/www.creasdecocci.fr\/","name":"bijoux lithoth\u00e9rapie et d\u00e9coration \u00e0 rumilly","description":"","publisher":{"@id":"https:\/\/www.creasdecocci.fr\/#organization"},"potentialAction":[{"@type":"SearchAction","target":{"@type":"EntryPoint","urlTemplate":"https:\/\/www.creasdecocci.fr\/?s={search_term_string}"},"query-input":{"@type":"PropertyValueSpecification","valueRequired":true,"valueName":"search_term_string"}}],"inLanguage":"fr-FR"},{"@type":"Organization","@id":"https:\/\/www.creasdecocci.fr\/#organization","name":"bijoux lithoth\u00e9rapie et d\u00e9coration \u00e0 rumilly","url":"https:\/\/www.creasdecocci.fr\/","logo":{"@type":"ImageObject","inLanguage":"fr-FR","@id":"https:\/\/www.creasdecocci.fr\/#\/schema\/logo\/image\/","url":"https:\/\/www.creasdecocci.fr\/wp-content\/uploads\/2021\/12\/logo_creas_cocci.png","contentUrl":"https:\/\/www.creasdecocci.fr\/wp-content\/uploads\/2021\/12\/logo_creas_cocci.png","width":2212,"height":1060,"caption":"bijoux lithoth\u00e9rapie et d\u00e9coration \u00e0 rumilly"},"image":{"@id":"https:\/\/www.creasdecocci.fr\/#\/schema\/logo\/image\/"}}]}},"jetpack_sharing_enabled":true,"_links":{"self":[{"href":"https:\/\/www.creasdecocci.fr\/index.php\/wp-json\/wp\/v2\/product\/9775","targetHints":{"allow":["GET"]}}],"collection":[{"href":"https:\/\/www.creasdecocci.fr\/index.php\/wp-json\/wp\/v2\/product"}],"about":[{"href":"https:\/\/www.creasdecocci.fr\/index.php\/wp-json\/wp\/v2\/types\/product"}],"version-history":[{"count":2,"href":"https:\/\/www.creasdecocci.fr\/index.php\/wp-json\/wp\/v2\/product\/9775\/revisions"}],"predecessor-version":[{"id":9783,"href":"https:\/\/www.creasdecocci.fr\/index.php\/wp-json\/wp\/v2\/product\/9775\/revisions\/9783"}],"wp:featuredmedia":[{"embeddable":true,"href":"https:\/\/www.creasdecocci.fr\/index.php\/wp-json\/wp\/v2\/media\/9777"}],"wp:attachment":[{"href":"https:\/\/www.creasdecocci.fr\/index.php\/wp-json\/wp\/v2\/media?parent=9775"}],"wp:term":[{"taxonomy":"product_brand","embeddable":true,"href":"https:\/\/www.creasdecocci.fr\/index.php\/wp-json\/wp\/v2\/product_brand?post=9775"},{"taxonomy":"product_cat","embeddable":true,"href":"https:\/\/www.creasdecocci.fr\/index.php\/wp-json\/wp\/v2\/product_cat?post=9775"},{"taxonomy":"product_tag","embeddable":true,"href":"https:\/\/www.creasdecocci.fr\/index.php\/wp-json\/wp\/v2\/product_tag?post=9775"}],"curies":[{"name":"wp","href":"https:\/\/api.w.org\/{rel}","templated":true}]}}